{"id":5304,"date":"2020-10-22T11:43:58","date_gmt":"2020-10-22T14:43:58","guid":{"rendered":"https:\/\/wp.ufpel.edu.br\/ppgbiotec\/?page_id=5304"},"modified":"2024-07-09T15:38:01","modified_gmt":"2024-07-09T18:38:01","slug":"iv-mostra-academica","status":"publish","type":"page","link":"https:\/\/wp.ufpel.edu.br\/ppgbiotec\/mostra-academica\/iv-mostra-academica\/","title":{"rendered":"IV Mostra Acad\u00eamica"},"content":{"rendered":"<p style=\"text-align: center;\"><span style=\"color: #000000;\"><strong><em>IV Mostra Acad\u00eamica<\/em><\/strong><\/span><\/p>\n<p style=\"text-align: center;\"><span style=\"color: #000000;\"><em>Data: 21 a 26 de setembro de 2020<\/em><\/span><\/p>\n<p style=\"text-align: center;\"><span style=\"color: #000000;\"><em>Local: Formato online e com a tem\u00e1tica \u201cSa\u00fade \u00danica\u201d<\/em><\/span><\/p>\n<p style=\"text-align: justify;\"><span style=\"color: #000000;\">No evento pesquisadores e alunos do Programa da P\u00f3s-Gradua\u00e7\u00e3o em Biotecnologia (PPGBiotec \u2013 UFPel), participam tanto na avalia\u00e7\u00e3o dos resumos submetidos como na submiss\u00e3o de resumos.<\/span><\/p>\n<p>&nbsp;<\/p>\n<p style=\"text-align: justify;\"><strong><span style=\"color: #000000;\">Premiados do PPGBiotec no II Pr\u00eamio Cl\u00e1udia Hartleben<\/span><\/strong><\/p>\n<p style=\"text-align: justify;\"><span style=\"color: #000000;\"><strong>1\u00ba lugar<\/strong> &#8211;\u00a0 Renan Eug\u00eanio Ara\u00fajo Piraine (Doutorando), orientado pelo Prof. Dr. Fabio Pereira Leivas Leite, com o trabalho intitulado Metagenoma de cervejas de fermenta\u00e7\u00e3o mista.\u00a0<\/span><\/p>\n<p style=\"text-align: justify;\"><span style=\"color: #000000;\"><strong>2\u00ba lugar<\/strong> &#8211; Renan Eug\u00eanio Ara\u00fajo Piraine (Doutorando), orientado pelo Prof. Dr. Fabio Pereiar Leivas Leite, com o trabalho intitulado Caracteriza\u00e7\u00e3o do isolado ONP 131 de <em>Moniliella megachiliensis<\/em> para produ\u00e7\u00e3o de cerveja.\u00a0<\/span><\/p>\n<p>&nbsp;<\/p>\n","protected":false},"excerpt":{"rendered":"<p>IV Mostra Acad\u00eamica Data: 21 a 26 de setembro de 2020 Local: Formato online e com a tem\u00e1tica \u201cSa\u00fade \u00danica\u201d No evento pesquisadores e alunos do Programa da P\u00f3s-Gradua\u00e7\u00e3o em Biotecnologia (PPGBiotec \u2013 UFPel), participam tanto na avalia\u00e7\u00e3o dos resumos submetidos como na submiss\u00e3o de resumos. &nbsp; Premiados do PPGBiotec no II Pr\u00eamio Cl\u00e1udia Hartleben [&hellip;]<\/p>\n","protected":false},"author":735,"featured_media":0,"parent":4412,"menu_order":4,"comment_status":"closed","ping_status":"closed","template":"","meta":{"jetpack_post_was_ever_published":false,"footnotes":""},"class_list":["post-5304","page","type-page","status-publish","hentry"],"jetpack_sharing_enabled":true,"_links":{"self":[{"href":"https:\/\/wp.ufpel.edu.br\/ppgbiotec\/wp-json\/wp\/v2\/pages\/5304","targetHints":{"allow":["GET"]}}],"collection":[{"href":"https:\/\/wp.ufpel.edu.br\/ppgbiotec\/wp-json\/wp\/v2\/pages"}],"about":[{"href":"https:\/\/wp.ufpel.edu.br\/ppgbiotec\/wp-json\/wp\/v2\/types\/page"}],"author":[{"embeddable":true,"href":"https:\/\/wp.ufpel.edu.br\/ppgbiotec\/wp-json\/wp\/v2\/users\/735"}],"replies":[{"embeddable":true,"href":"https:\/\/wp.ufpel.edu.br\/ppgbiotec\/wp-json\/wp\/v2\/comments?post=5304"}],"version-history":[{"count":8,"href":"https:\/\/wp.ufpel.edu.br\/ppgbiotec\/wp-json\/wp\/v2\/pages\/5304\/revisions"}],"predecessor-version":[{"id":10081,"href":"https:\/\/wp.ufpel.edu.br\/ppgbiotec\/wp-json\/wp\/v2\/pages\/5304\/revisions\/10081"}],"up":[{"embeddable":true,"href":"https:\/\/wp.ufpel.edu.br\/ppgbiotec\/wp-json\/wp\/v2\/pages\/4412"}],"wp:attachment":[{"href":"https:\/\/wp.ufpel.edu.br\/ppgbiotec\/wp-json\/wp\/v2\/media?parent=5304"}],"curies":[{"name":"wp","href":"https:\/\/api.w.org\/{rel}","templated":true}]}}