{"id":4660,"date":"2019-11-08T09:17:52","date_gmt":"2019-11-08T12:17:52","guid":{"rendered":"https:\/\/wp.ufpel.edu.br\/ppgbiotec\/?page_id=4660"},"modified":"2019-12-04T11:39:51","modified_gmt":"2019-12-04T14:39:51","slug":"processo-seletivo-2019-2020","status":"publish","type":"page","link":"https:\/\/wp.ufpel.edu.br\/ppgbiotec\/processo-seletivo-2\/aluno-regular\/processo-seletivo-2019-2020\/","title":{"rendered":"Processo seletivo 2019\/2020"},"content":{"rendered":"<ul>\n<li><span style=\"color: #000000\"><a style=\"color: #000000\" href=\"https:\/\/wp.ufpel.edu.br\/ppgbiotec\/files\/2019\/11\/Edital-de-sele\u00e7\u00e3o-1502019-PPGBiotecnologia.pdf\">Edital de sele\u00e7\u00e3o 1502019 PPGBiotecnologia<\/a><\/span><\/li>\n<li><span style=\"color: #000000\"><a style=\"color: #000000\" href=\"https:\/\/wp.ufpel.edu.br\/ppgbiotec\/files\/2019\/11\/SEI_UFPel-0778916-Edital-de-Retifica\u00e7\u00e3o-PRPPGI.pdf\">Edital de Retifica\u00e7\u00e3o\u00a0<\/a><\/span><\/li>\n<li><span style=\"color: #000000\"><a style=\"color: #000000\" href=\"https:\/\/docs.google.com\/forms\/d\/e\/1FAIpQLSeGvKhJFCDTj4y8sCmQUC8hIiQKFPOFEQLIwdNXbta8V3dsiA\/viewform\" target=\"_blank\" rel=\"noopener noreferrer\">Formul\u00e1rio de inscri\u00e7\u00e3o<\/a><\/span><\/li>\n<li><span style=\"color: #000000\"><a style=\"color: #000000\" href=\"https:\/\/wp.ufpel.edu.br\/ppgbiotec\/files\/2019\/11\/Formul\u00e1rio-1A-plano-de-trabalho.doc\">Formul\u00e1rio 1A (plano de trabalho)<\/a> <\/span><\/li>\n<li><span style=\"color: #000000\"><a style=\"color: #000000\" href=\"https:\/\/wp.ufpel.edu.br\/ppgbiotec\/files\/2019\/11\/Manual-CV-2020-1.pdf\">Manual CV 2020<\/a><\/span><\/li>\n<li><span style=\"color: #000000\"><a style=\"color: #000000\" href=\"https:\/\/wp.ufpel.edu.br\/ppgbiotec\/files\/2018\/11\/C\u00f3pia-de-Planilha-bloqueada-2018-em-edi\u00e7\u00e3o-6.xls\" target=\"_blank\" rel=\"noopener noreferrer\">Planilha CV 2019<\/a><\/span><\/li>\n<li><span style=\"color: #000000\"><a style=\"color: #000000\" href=\"https:\/\/wp.ufpel.edu.br\/ppgbiotec\/files\/2019\/11\/Declara\u00e7\u00e3o-de-Etnia.docx\">Declara\u00e7\u00e3o de Etnia<\/a> <\/span><\/li>\n<li><span style=\"color: #000000\"><a style=\"color: #000000\" href=\"https:\/\/wp.ufpel.edu.br\/ppgbiotec\/files\/2019\/11\/Mestrado.pdf\" target=\"_blank\" rel=\"noopener noreferrer\">Resultado Preliminar da Homologa\u00e7\u00e3o das inscri\u00e7\u00f5es- Mestrado<\/a><\/span><\/li>\n<li><span style=\"color: #000000\"><a style=\"color: #000000\" href=\"https:\/\/wp.ufpel.edu.br\/ppgbiotec\/files\/2019\/11\/Doutorado.pdf\" target=\"_blank\" rel=\"noopener noreferrer\">Resultado Preliminar da Homologa\u00e7\u00e3o das inscri\u00e7\u00f5es- Doutorado<\/a><\/span><\/li>\n<li><span style=\"color: #000000\"><a style=\"color: #000000\" href=\"https:\/\/wp.ufpel.edu.br\/ppgbiotec\/files\/2019\/11\/Resultado-final-Homologa\u00e7\u00e3o-das-inscri\u00e7\u00f5es-Mestrado.pdf\" target=\"_blank\" rel=\"noopener noreferrer\">Resultado final da Homologa\u00e7\u00e3o das inscri\u00e7\u00f5es &#8211; Mestrado<\/a><\/span><\/li>\n<li><span style=\"color: #000000\"><a style=\"color: #000000\" href=\"https:\/\/wp.ufpel.edu.br\/ppgbiotec\/files\/2019\/11\/Resultado-final-Homologa\u00e7\u00e3o-das-inscri\u00e7\u00f5es-Doutorado.pdf\" target=\"_blank\" rel=\"noopener noreferrer\">Resultado final da Homologa\u00e7\u00e3o das inscri\u00e7\u00f5es &#8211; Doutorado<\/a><\/span><\/li>\n<li><span style=\"color: #000000\"><a style=\"color: #000000\" href=\"https:\/\/wp.ufpel.edu.br\/ppgbiotec\/files\/2019\/12\/Resultado-Preliminar-Primeira-fase-Mestrado.pdf\">Resultado Preliminar Primeira fase Mestrado<\/a><\/span><\/li>\n<li><span style=\"color: #000000\"><a style=\"color: #000000\" href=\"https:\/\/wp.ufpel.edu.br\/ppgbiotec\/files\/2019\/12\/Resultado-Preliminar-Primeira-fase-Doutorado.pdf\">Resultado Preliminar Primeira fase Doutorado<\/a> <\/span><\/li>\n<\/ul>\n","protected":false},"excerpt":{"rendered":"<p>Edital de sele\u00e7\u00e3o 1502019 PPGBiotecnologia Edital de Retifica\u00e7\u00e3o\u00a0 Formul\u00e1rio de inscri\u00e7\u00e3o Formul\u00e1rio 1A (plano de trabalho) Manual CV 2020 Planilha CV 2019 Declara\u00e7\u00e3o de Etnia Resultado Preliminar da Homologa\u00e7\u00e3o das inscri\u00e7\u00f5es- Mestrado Resultado Preliminar da Homologa\u00e7\u00e3o das inscri\u00e7\u00f5es- Doutorado Resultado final da Homologa\u00e7\u00e3o das inscri\u00e7\u00f5es &#8211; Mestrado Resultado final da Homologa\u00e7\u00e3o das inscri\u00e7\u00f5es &#8211; Doutorado [&hellip;]<\/p>\n","protected":false},"author":735,"featured_media":0,"parent":3154,"menu_order":3,"comment_status":"closed","ping_status":"closed","template":"","meta":{"jetpack_post_was_ever_published":false,"footnotes":""},"class_list":["post-4660","page","type-page","status-publish","hentry"],"jetpack_sharing_enabled":true,"_links":{"self":[{"href":"https:\/\/wp.ufpel.edu.br\/ppgbiotec\/wp-json\/wp\/v2\/pages\/4660","targetHints":{"allow":["GET"]}}],"collection":[{"href":"https:\/\/wp.ufpel.edu.br\/ppgbiotec\/wp-json\/wp\/v2\/pages"}],"about":[{"href":"https:\/\/wp.ufpel.edu.br\/ppgbiotec\/wp-json\/wp\/v2\/types\/page"}],"author":[{"embeddable":true,"href":"https:\/\/wp.ufpel.edu.br\/ppgbiotec\/wp-json\/wp\/v2\/users\/735"}],"replies":[{"embeddable":true,"href":"https:\/\/wp.ufpel.edu.br\/ppgbiotec\/wp-json\/wp\/v2\/comments?post=4660"}],"version-history":[{"count":14,"href":"https:\/\/wp.ufpel.edu.br\/ppgbiotec\/wp-json\/wp\/v2\/pages\/4660\/revisions"}],"predecessor-version":[{"id":4710,"href":"https:\/\/wp.ufpel.edu.br\/ppgbiotec\/wp-json\/wp\/v2\/pages\/4660\/revisions\/4710"}],"up":[{"embeddable":true,"href":"https:\/\/wp.ufpel.edu.br\/ppgbiotec\/wp-json\/wp\/v2\/pages\/3154"}],"wp:attachment":[{"href":"https:\/\/wp.ufpel.edu.br\/ppgbiotec\/wp-json\/wp\/v2\/media?parent=4660"}],"curies":[{"name":"wp","href":"https:\/\/api.w.org\/{rel}","templated":true}]}}