{"id":4522,"date":"2019-08-19T17:23:21","date_gmt":"2019-08-19T20:23:21","guid":{"rendered":"https:\/\/wp.ufpel.edu.br\/ppgbiotec\/?page_id=4522"},"modified":"2020-10-23T11:10:59","modified_gmt":"2020-10-23T14:10:59","slug":"v-simposio-de-biotecnologia-o-potencial-da-inovacao-cientifica","status":"publish","type":"page","link":"https:\/\/wp.ufpel.edu.br\/ppgbiotec\/insercao-social\/simposio-de-biotecnologia\/v-simposio-de-biotecnologia-o-potencial-da-inovacao-cientifica\/","title":{"rendered":"V Simp\u00f3sio de Biotecnologia \u2013 O Potencial da Inova\u00e7\u00e3o Cient\u00edfica"},"content":{"rendered":"<p style=\"text-align: center\"><span style=\"color: #000000\"><strong><em>V Simp\u00f3sio de Biotecnologia \u2013 O Potencial da Inova\u00e7\u00e3o Cient\u00edfica<\/em><\/strong><\/span><\/p>\n<p style=\"text-align: center\"><span style=\"color: #000000\"><em>Data: 10 a 14 de julho de 2017<\/em><\/span><\/p>\n<p style=\"text-align: center\"><span style=\"color: #000000\"><em>Local: Audit\u00f3rio da Faculdade de Agronomia Eliseu Maciel (FAEM) \u2013 UFPel<\/em><\/span><\/p>\n<p><span style=\"color: #000000\">M\u00eddias sociais: https:\/\/www.facebook.com\/vbiotec\/<\/span><\/p>\n<p><span style=\"color: #000000\">No evento juntamente com os alunos da gradua\u00e7\u00e3o, docentes, p\u00f3s-doc, egressos e discentes do mestrado e doutorado do PPGB participam ministrando palestras e mini cursos.<\/span><\/p>\n<p><img data-attachment-id=\"5353\" data-permalink=\"https:\/\/wp.ufpel.edu.br\/ppgbiotec\/insercao-social\/simposio-de-biotecnologia\/v-simposio-de-biotecnologia-o-potencial-da-inovacao-cientifica\/simposio-10-400x266\/\" data-orig-file=\"https:\/\/wp.ufpel.edu.br\/ppgbiotec\/files\/2020\/10\/Simposio-10-400x266-1.jpg\" data-orig-size=\"400,266\" data-comments-opened=\"0\" data-image-meta=\"{&quot;aperture&quot;:&quot;0&quot;,&quot;credit&quot;:&quot;&quot;,&quot;camera&quot;:&quot;&quot;,&quot;caption&quot;:&quot;&quot;,&quot;created_timestamp&quot;:&quot;0&quot;,&quot;copyright&quot;:&quot;&quot;,&quot;focal_length&quot;:&quot;0&quot;,&quot;iso&quot;:&quot;0&quot;,&quot;shutter_speed&quot;:&quot;0&quot;,&quot;title&quot;:&quot;&quot;,&quot;orientation&quot;:&quot;0&quot;}\" data-image-title=\"Simp\u00f3sio-10-400&amp;#215;266\" data-image-description=\"\" data-image-caption=\"\" data-medium-file=\"https:\/\/wp.ufpel.edu.br\/ppgbiotec\/files\/2020\/10\/Simposio-10-400x266-1.jpg\" data-large-file=\"https:\/\/wp.ufpel.edu.br\/ppgbiotec\/files\/2020\/10\/Simposio-10-400x266-1.jpg\" class=\"size-medium wp-image-5353 aligncenter\" src=\"https:\/\/wp.ufpel.edu.br\/ppgbiotec\/files\/2020\/10\/Simposio-10-400x266-1.jpg\" alt=\"\" width=\"400\" height=\"266\" \/><\/p>\n<p><img data-attachment-id=\"5354\" data-permalink=\"https:\/\/wp.ufpel.edu.br\/ppgbiotec\/insercao-social\/simposio-de-biotecnologia\/v-simposio-de-biotecnologia-o-potencial-da-inovacao-cientifica\/19958931_305801016492172_4428418578049727194_n\/\" data-orig-file=\"https:\/\/wp.ufpel.edu.br\/ppgbiotec\/files\/2020\/10\/19958931_305801016492172_4428418578049727194_n.jpg\" data-orig-size=\"960,720\" data-comments-opened=\"0\" data-image-meta=\"{&quot;aperture&quot;:&quot;0&quot;,&quot;credit&quot;:&quot;&quot;,&quot;camera&quot;:&quot;&quot;,&quot;caption&quot;:&quot;&quot;,&quot;created_timestamp&quot;:&quot;0&quot;,&quot;copyright&quot;:&quot;&quot;,&quot;focal_length&quot;:&quot;0&quot;,&quot;iso&quot;:&quot;0&quot;,&quot;shutter_speed&quot;:&quot;0&quot;,&quot;title&quot;:&quot;&quot;,&quot;orientation&quot;:&quot;0&quot;}\" data-image-title=\"19958931_305801016492172_4428418578049727194_n\" data-image-description=\"\" data-image-caption=\"\" data-medium-file=\"https:\/\/wp.ufpel.edu.br\/ppgbiotec\/files\/2020\/10\/19958931_305801016492172_4428418578049727194_n-400x300.jpg\" data-large-file=\"https:\/\/wp.ufpel.edu.br\/ppgbiotec\/files\/2020\/10\/19958931_305801016492172_4428418578049727194_n.jpg\" class=\"wp-image-5354 aligncenter\" src=\"https:\/\/wp.ufpel.edu.br\/ppgbiotec\/files\/2020\/10\/19958931_305801016492172_4428418578049727194_n-400x300.jpg\" alt=\"\" width=\"333\" height=\"250\" srcset=\"https:\/\/wp.ufpel.edu.br\/ppgbiotec\/files\/2020\/10\/19958931_305801016492172_4428418578049727194_n-400x300.jpg 400w, https:\/\/wp.ufpel.edu.br\/ppgbiotec\/files\/2020\/10\/19958931_305801016492172_4428418578049727194_n-768x576.jpg 768w, https:\/\/wp.ufpel.edu.br\/ppgbiotec\/files\/2020\/10\/19958931_305801016492172_4428418578049727194_n.jpg 960w\" sizes=\"(max-width: 333px) 100vw, 333px\" \/><\/p>\n<p><img data-attachment-id=\"5355\" data-permalink=\"https:\/\/wp.ufpel.edu.br\/ppgbiotec\/insercao-social\/simposio-de-biotecnologia\/v-simposio-de-biotecnologia-o-potencial-da-inovacao-cientifica\/19961387_305519139853693_5348564510786287294_n\/\" data-orig-file=\"https:\/\/wp.ufpel.edu.br\/ppgbiotec\/files\/2020\/10\/19961387_305519139853693_5348564510786287294_n.jpg\" data-orig-size=\"960,720\" data-comments-opened=\"0\" data-image-meta=\"{&quot;aperture&quot;:&quot;0&quot;,&quot;credit&quot;:&quot;&quot;,&quot;camera&quot;:&quot;&quot;,&quot;caption&quot;:&quot;&quot;,&quot;created_timestamp&quot;:&quot;0&quot;,&quot;copyright&quot;:&quot;&quot;,&quot;focal_length&quot;:&quot;0&quot;,&quot;iso&quot;:&quot;0&quot;,&quot;shutter_speed&quot;:&quot;0&quot;,&quot;title&quot;:&quot;&quot;,&quot;orientation&quot;:&quot;0&quot;}\" data-image-title=\"19961387_305519139853693_5348564510786287294_n\" data-image-description=\"\" data-image-caption=\"\" data-medium-file=\"https:\/\/wp.ufpel.edu.br\/ppgbiotec\/files\/2020\/10\/19961387_305519139853693_5348564510786287294_n-400x300.jpg\" data-large-file=\"https:\/\/wp.ufpel.edu.br\/ppgbiotec\/files\/2020\/10\/19961387_305519139853693_5348564510786287294_n.jpg\" class=\"size-medium wp-image-5355 aligncenter\" src=\"https:\/\/wp.ufpel.edu.br\/ppgbiotec\/files\/2020\/10\/19961387_305519139853693_5348564510786287294_n-400x300.jpg\" alt=\"\" width=\"400\" height=\"300\" srcset=\"https:\/\/wp.ufpel.edu.br\/ppgbiotec\/files\/2020\/10\/19961387_305519139853693_5348564510786287294_n-400x300.jpg 400w, https:\/\/wp.ufpel.edu.br\/ppgbiotec\/files\/2020\/10\/19961387_305519139853693_5348564510786287294_n-768x576.jpg 768w, https:\/\/wp.ufpel.edu.br\/ppgbiotec\/files\/2020\/10\/19961387_305519139853693_5348564510786287294_n.jpg 960w\" sizes=\"(max-width: 400px) 100vw, 400px\" \/><\/p>\n<p><img data-attachment-id=\"5356\" data-permalink=\"https:\/\/wp.ufpel.edu.br\/ppgbiotec\/insercao-social\/simposio-de-biotecnologia\/v-simposio-de-biotecnologia-o-potencial-da-inovacao-cientifica\/19989321_305157729889834_4486101625927178974_n\/\" data-orig-file=\"https:\/\/wp.ufpel.edu.br\/ppgbiotec\/files\/2020\/10\/19989321_305157729889834_4486101625927178974_n.jpg\" data-orig-size=\"720,960\" data-comments-opened=\"0\" data-image-meta=\"{&quot;aperture&quot;:&quot;0&quot;,&quot;credit&quot;:&quot;&quot;,&quot;camera&quot;:&quot;&quot;,&quot;caption&quot;:&quot;&quot;,&quot;created_timestamp&quot;:&quot;0&quot;,&quot;copyright&quot;:&quot;&quot;,&quot;focal_length&quot;:&quot;0&quot;,&quot;iso&quot;:&quot;0&quot;,&quot;shutter_speed&quot;:&quot;0&quot;,&quot;title&quot;:&quot;&quot;,&quot;orientation&quot;:&quot;0&quot;}\" data-image-title=\"19989321_305157729889834_4486101625927178974_n\" data-image-description=\"\" data-image-caption=\"\" data-medium-file=\"https:\/\/wp.ufpel.edu.br\/ppgbiotec\/files\/2020\/10\/19989321_305157729889834_4486101625927178974_n-300x400.jpg\" data-large-file=\"https:\/\/wp.ufpel.edu.br\/ppgbiotec\/files\/2020\/10\/19989321_305157729889834_4486101625927178974_n.jpg\" class=\"size-medium wp-image-5356 aligncenter\" src=\"https:\/\/wp.ufpel.edu.br\/ppgbiotec\/files\/2020\/10\/19989321_305157729889834_4486101625927178974_n-300x400.jpg\" alt=\"\" width=\"300\" height=\"400\" srcset=\"https:\/\/wp.ufpel.edu.br\/ppgbiotec\/files\/2020\/10\/19989321_305157729889834_4486101625927178974_n-300x400.jpg 300w, https:\/\/wp.ufpel.edu.br\/ppgbiotec\/files\/2020\/10\/19989321_305157729889834_4486101625927178974_n.jpg 720w\" sizes=\"(max-width: 300px) 100vw, 300px\" \/><\/p>\n","protected":false},"excerpt":{"rendered":"<p>V Simp\u00f3sio de Biotecnologia \u2013 O Potencial da Inova\u00e7\u00e3o Cient\u00edfica Data: 10 a 14 de julho de 2017 Local: Audit\u00f3rio da Faculdade de Agronomia Eliseu Maciel (FAEM) \u2013 UFPel M\u00eddias sociais: https:\/\/www.facebook.com\/vbiotec\/ No evento juntamente com os alunos da gradua\u00e7\u00e3o, docentes, p\u00f3s-doc, egressos e discentes do mestrado e doutorado do PPGB participam ministrando palestras e [&hellip;]<\/p>\n","protected":false},"author":735,"featured_media":0,"parent":4487,"menu_order":5,"comment_status":"closed","ping_status":"closed","template":"","meta":{"jetpack_post_was_ever_published":false,"footnotes":""},"class_list":["post-4522","page","type-page","status-publish","hentry"],"jetpack_sharing_enabled":true,"_links":{"self":[{"href":"https:\/\/wp.ufpel.edu.br\/ppgbiotec\/wp-json\/wp\/v2\/pages\/4522","targetHints":{"allow":["GET"]}}],"collection":[{"href":"https:\/\/wp.ufpel.edu.br\/ppgbiotec\/wp-json\/wp\/v2\/pages"}],"about":[{"href":"https:\/\/wp.ufpel.edu.br\/ppgbiotec\/wp-json\/wp\/v2\/types\/page"}],"author":[{"embeddable":true,"href":"https:\/\/wp.ufpel.edu.br\/ppgbiotec\/wp-json\/wp\/v2\/users\/735"}],"replies":[{"embeddable":true,"href":"https:\/\/wp.ufpel.edu.br\/ppgbiotec\/wp-json\/wp\/v2\/comments?post=4522"}],"version-history":[{"count":4,"href":"https:\/\/wp.ufpel.edu.br\/ppgbiotec\/wp-json\/wp\/v2\/pages\/4522\/revisions"}],"predecessor-version":[{"id":5357,"href":"https:\/\/wp.ufpel.edu.br\/ppgbiotec\/wp-json\/wp\/v2\/pages\/4522\/revisions\/5357"}],"up":[{"embeddable":true,"href":"https:\/\/wp.ufpel.edu.br\/ppgbiotec\/wp-json\/wp\/v2\/pages\/4487"}],"wp:attachment":[{"href":"https:\/\/wp.ufpel.edu.br\/ppgbiotec\/wp-json\/wp\/v2\/media?parent=4522"}],"curies":[{"name":"wp","href":"https:\/\/api.w.org\/{rel}","templated":true}]}}