{"id":4515,"date":"2019-08-19T17:12:26","date_gmt":"2019-08-19T20:12:26","guid":{"rendered":"https:\/\/wp.ufpel.edu.br\/ppgbiotec\/?page_id=4515"},"modified":"2020-10-23T11:12:37","modified_gmt":"2020-10-23T14:12:37","slug":"iv-simposio-de-biotecnologia-mercado-e-inovacao","status":"publish","type":"page","link":"https:\/\/wp.ufpel.edu.br\/ppgbiotec\/insercao-social\/simposio-de-biotecnologia\/iv-simposio-de-biotecnologia-mercado-e-inovacao\/","title":{"rendered":"IV Simp\u00f3sio de Biotecnologia \u2013 Mercado e Inova\u00e7\u00e3o"},"content":{"rendered":"<p style=\"text-align: center\"><span style=\"color: #000000\"><strong><em>IV Simp\u00f3sio de Biotecnologia \u2013 Mercado e Inova\u00e7\u00e3o<\/em><\/strong><\/span><\/p>\n<p style=\"text-align: center\"><span style=\"color: #000000\"><em>Data: 06 a 10 de junho de 2016<\/em><\/span><\/p>\n<p style=\"text-align: center\"><span style=\"color: #000000\"><em>Local: Audit\u00f3rio da Faculdade de Agronomia Eliseu Maciel (FAEM) \u2013 UFPel<\/em><\/span><\/p>\n<p style=\"text-align: justify\"><span style=\"color: #000000\">No evento juntamente com os alunos da gradua\u00e7\u00e3o, os docentes, p\u00f3s-doc, egressos e discentes do mestrado e doutorado do PPGB participam ministrando palestras e mini cursos.<\/span><\/p>\n<p>&nbsp;<\/p>\n<p><img data-attachment-id=\"4519\" data-permalink=\"https:\/\/wp.ufpel.edu.br\/ppgbiotec\/insercao-social\/simposio-de-biotecnologia\/iv-simposio-de-biotecnologia-mercado-e-inovacao\/iv-simposio-2-400x252\/\" data-orig-file=\"https:\/\/wp.ufpel.edu.br\/ppgbiotec\/files\/2019\/08\/IV-simp\u00f3sio-2-400x252.jpg\" data-orig-size=\"400,252\" data-comments-opened=\"0\" data-image-meta=\"{&quot;aperture&quot;:&quot;0&quot;,&quot;credit&quot;:&quot;&quot;,&quot;camera&quot;:&quot;&quot;,&quot;caption&quot;:&quot;&quot;,&quot;created_timestamp&quot;:&quot;0&quot;,&quot;copyright&quot;:&quot;&quot;,&quot;focal_length&quot;:&quot;0&quot;,&quot;iso&quot;:&quot;0&quot;,&quot;shutter_speed&quot;:&quot;0&quot;,&quot;title&quot;:&quot;&quot;,&quot;orientation&quot;:&quot;0&quot;}\" data-image-title=\"IV-simp\u00f3sio-2-400&amp;#215;252\" data-image-description=\"\" data-image-caption=\"\" data-medium-file=\"https:\/\/wp.ufpel.edu.br\/ppgbiotec\/files\/2019\/08\/IV-simp\u00f3sio-2-400x252-400x252.jpg\" data-large-file=\"https:\/\/wp.ufpel.edu.br\/ppgbiotec\/files\/2019\/08\/IV-simp\u00f3sio-2-400x252.jpg\" class=\"wp-image-4519 size-medium aligncenter\" src=\"https:\/\/wp.ufpel.edu.br\/ppgbiotec\/files\/2019\/08\/IV-simp\u00f3sio-2-400x252-400x252.jpg\" alt=\"\" width=\"400\" height=\"252\" \/><img data-attachment-id=\"4517\" data-permalink=\"https:\/\/wp.ufpel.edu.br\/ppgbiotec\/insercao-social\/simposio-de-biotecnologia\/iv-simposio-de-biotecnologia-mercado-e-inovacao\/2-3-400x264\/\" data-orig-file=\"https:\/\/wp.ufpel.edu.br\/ppgbiotec\/files\/2019\/08\/2-3-400x264.jpg\" data-orig-size=\"400,264\" data-comments-opened=\"0\" data-image-meta=\"{&quot;aperture&quot;:&quot;0&quot;,&quot;credit&quot;:&quot;&quot;,&quot;camera&quot;:&quot;&quot;,&quot;caption&quot;:&quot;&quot;,&quot;created_timestamp&quot;:&quot;0&quot;,&quot;copyright&quot;:&quot;&quot;,&quot;focal_length&quot;:&quot;0&quot;,&quot;iso&quot;:&quot;0&quot;,&quot;shutter_speed&quot;:&quot;0&quot;,&quot;title&quot;:&quot;&quot;,&quot;orientation&quot;:&quot;0&quot;}\" data-image-title=\"2-3-400&amp;#215;264\" data-image-description=\"\" data-image-caption=\"\" data-medium-file=\"https:\/\/wp.ufpel.edu.br\/ppgbiotec\/files\/2019\/08\/2-3-400x264-400x264.jpg\" data-large-file=\"https:\/\/wp.ufpel.edu.br\/ppgbiotec\/files\/2019\/08\/2-3-400x264.jpg\" class=\"wp-image-4517 size-medium aligncenter\" src=\"https:\/\/wp.ufpel.edu.br\/ppgbiotec\/files\/2019\/08\/2-3-400x264-400x264.jpg\" alt=\"\" width=\"400\" height=\"264\" \/> <img data-attachment-id=\"4518\" data-permalink=\"https:\/\/wp.ufpel.edu.br\/ppgbiotec\/insercao-social\/simposio-de-biotecnologia\/iv-simposio-de-biotecnologia-mercado-e-inovacao\/3-3-400x244\/\" data-orig-file=\"https:\/\/wp.ufpel.edu.br\/ppgbiotec\/files\/2019\/08\/3-3-400x244.jpg\" data-orig-size=\"400,244\" data-comments-opened=\"0\" data-image-meta=\"{&quot;aperture&quot;:&quot;0&quot;,&quot;credit&quot;:&quot;&quot;,&quot;camera&quot;:&quot;&quot;,&quot;caption&quot;:&quot;&quot;,&quot;created_timestamp&quot;:&quot;0&quot;,&quot;copyright&quot;:&quot;&quot;,&quot;focal_length&quot;:&quot;0&quot;,&quot;iso&quot;:&quot;0&quot;,&quot;shutter_speed&quot;:&quot;0&quot;,&quot;title&quot;:&quot;&quot;,&quot;orientation&quot;:&quot;0&quot;}\" data-image-title=\"3-3-400&amp;#215;244\" data-image-description=\"\" data-image-caption=\"\" data-medium-file=\"https:\/\/wp.ufpel.edu.br\/ppgbiotec\/files\/2019\/08\/3-3-400x244-400x244.jpg\" data-large-file=\"https:\/\/wp.ufpel.edu.br\/ppgbiotec\/files\/2019\/08\/3-3-400x244.jpg\" class=\"wp-image-4518 aligncenter\" src=\"https:\/\/wp.ufpel.edu.br\/ppgbiotec\/files\/2019\/08\/3-3-400x244-400x244.jpg\" alt=\"\" width=\"399\" height=\"244\" \/><\/p>\n<p><img data-attachment-id=\"4520\" data-permalink=\"https:\/\/wp.ufpel.edu.br\/ppgbiotec\/insercao-social\/simposio-de-biotecnologia\/iv-simposio-de-biotecnologia-mercado-e-inovacao\/iv-simposio-400x256\/\" data-orig-file=\"https:\/\/wp.ufpel.edu.br\/ppgbiotec\/files\/2019\/08\/IV-simp\u00f3sio-400x256.jpg\" data-orig-size=\"400,256\" data-comments-opened=\"0\" data-image-meta=\"{&quot;aperture&quot;:&quot;0&quot;,&quot;credit&quot;:&quot;&quot;,&quot;camera&quot;:&quot;&quot;,&quot;caption&quot;:&quot;&quot;,&quot;created_timestamp&quot;:&quot;0&quot;,&quot;copyright&quot;:&quot;&quot;,&quot;focal_length&quot;:&quot;0&quot;,&quot;iso&quot;:&quot;0&quot;,&quot;shutter_speed&quot;:&quot;0&quot;,&quot;title&quot;:&quot;&quot;,&quot;orientation&quot;:&quot;0&quot;}\" data-image-title=\"IV-simp\u00f3sio-400&amp;#215;256\" data-image-description=\"\" data-image-caption=\"\" data-medium-file=\"https:\/\/wp.ufpel.edu.br\/ppgbiotec\/files\/2019\/08\/IV-simp\u00f3sio-400x256-400x256.jpg\" data-large-file=\"https:\/\/wp.ufpel.edu.br\/ppgbiotec\/files\/2019\/08\/IV-simp\u00f3sio-400x256.jpg\" class=\"wp-image-4520 size-medium aligncenter\" src=\"https:\/\/wp.ufpel.edu.br\/ppgbiotec\/files\/2019\/08\/IV-simp\u00f3sio-400x256-400x256.jpg\" alt=\"\" width=\"400\" height=\"256\" \/><\/p>\n","protected":false},"excerpt":{"rendered":"<p>IV Simp\u00f3sio de Biotecnologia \u2013 Mercado e Inova\u00e7\u00e3o Data: 06 a 10 de junho de 2016 Local: Audit\u00f3rio da Faculdade de Agronomia Eliseu Maciel (FAEM) \u2013 UFPel No evento juntamente com os alunos da gradua\u00e7\u00e3o, os docentes, p\u00f3s-doc, egressos e discentes do mestrado e doutorado do PPGB participam ministrando palestras e mini cursos. &nbsp;<\/p>\n","protected":false},"author":735,"featured_media":0,"parent":4487,"menu_order":4,"comment_status":"closed","ping_status":"closed","template":"","meta":{"jetpack_post_was_ever_published":false,"footnotes":""},"class_list":["post-4515","page","type-page","status-publish","hentry"],"jetpack_sharing_enabled":true,"_links":{"self":[{"href":"https:\/\/wp.ufpel.edu.br\/ppgbiotec\/wp-json\/wp\/v2\/pages\/4515","targetHints":{"allow":["GET"]}}],"collection":[{"href":"https:\/\/wp.ufpel.edu.br\/ppgbiotec\/wp-json\/wp\/v2\/pages"}],"about":[{"href":"https:\/\/wp.ufpel.edu.br\/ppgbiotec\/wp-json\/wp\/v2\/types\/page"}],"author":[{"embeddable":true,"href":"https:\/\/wp.ufpel.edu.br\/ppgbiotec\/wp-json\/wp\/v2\/users\/735"}],"replies":[{"embeddable":true,"href":"https:\/\/wp.ufpel.edu.br\/ppgbiotec\/wp-json\/wp\/v2\/comments?post=4515"}],"version-history":[{"count":7,"href":"https:\/\/wp.ufpel.edu.br\/ppgbiotec\/wp-json\/wp\/v2\/pages\/4515\/revisions"}],"predecessor-version":[{"id":5358,"href":"https:\/\/wp.ufpel.edu.br\/ppgbiotec\/wp-json\/wp\/v2\/pages\/4515\/revisions\/5358"}],"up":[{"embeddable":true,"href":"https:\/\/wp.ufpel.edu.br\/ppgbiotec\/wp-json\/wp\/v2\/pages\/4487"}],"wp:attachment":[{"href":"https:\/\/wp.ufpel.edu.br\/ppgbiotec\/wp-json\/wp\/v2\/media?parent=4515"}],"curies":[{"name":"wp","href":"https:\/\/api.w.org\/{rel}","templated":true}]}}