{"id":4499,"date":"2019-08-19T17:04:09","date_gmt":"2019-08-19T20:04:09","guid":{"rendered":"https:\/\/wp.ufpel.edu.br\/ppgbiotec\/?page_id=4499"},"modified":"2020-10-23T11:13:40","modified_gmt":"2020-10-23T14:13:40","slug":"ii-simposio-de-biotecnologia-informacao-e-tecnologia","status":"publish","type":"page","link":"https:\/\/wp.ufpel.edu.br\/ppgbiotec\/insercao-social\/simposio-de-biotecnologia\/ii-simposio-de-biotecnologia-informacao-e-tecnologia\/","title":{"rendered":"II Simp\u00f3sio de Biotecnologia \u2013 Informa\u00e7\u00e3o e Tecnologia"},"content":{"rendered":"<p style=\"text-align: center\"><span style=\"color: #000000\"><strong><em>II Simp\u00f3sio de Biotecnologia \u2013 Informa\u00e7\u00e3o e Tecnologia<\/em><\/strong><\/span><\/p>\n<p style=\"text-align: center\"><span style=\"color: #000000\"><em>Data: 09 a 12 de junho de 2014<\/em><\/span><\/p>\n<p style=\"text-align: center\"><span style=\"color: #000000\"><em>Local: Audit\u00f3rio da Faculdade de Medicina \u2013 UFPel<\/em><\/span><\/p>\n<p style=\"text-align: justify\"><span style=\"color: #000000\">No evento juntamente com os alunos da gradua\u00e7\u00e3o, os docentes, p\u00f3s-doc, egressos e discentes do mestrado e doutorado do PPGB participam ministrando palestras e mini cursos.<\/span><\/p>\n<p><img data-attachment-id=\"4502\" data-permalink=\"https:\/\/wp.ufpel.edu.br\/ppgbiotec\/insercao-social\/simposio-de-biotecnologia\/ii-simposio-de-biotecnologia-informacao-e-tecnologia\/ii-simposio-2014-2-1-400x228\/\" data-orig-file=\"https:\/\/wp.ufpel.edu.br\/ppgbiotec\/files\/2019\/08\/II-Simp\u00f3sio-2014-2-1-400x228.jpeg\" data-orig-size=\"400,228\" data-comments-opened=\"0\" data-image-meta=\"{&quot;aperture&quot;:&quot;0&quot;,&quot;credit&quot;:&quot;&quot;,&quot;camera&quot;:&quot;&quot;,&quot;caption&quot;:&quot;&quot;,&quot;created_timestamp&quot;:&quot;0&quot;,&quot;copyright&quot;:&quot;&quot;,&quot;focal_length&quot;:&quot;0&quot;,&quot;iso&quot;:&quot;0&quot;,&quot;shutter_speed&quot;:&quot;0&quot;,&quot;title&quot;:&quot;&quot;,&quot;orientation&quot;:&quot;0&quot;}\" data-image-title=\"II-Simp\u00f3sio-2014-2-1-400&amp;#215;228\" data-image-description=\"\" data-image-caption=\"\" data-medium-file=\"https:\/\/wp.ufpel.edu.br\/ppgbiotec\/files\/2019\/08\/II-Simp\u00f3sio-2014-2-1-400x228-400x228.jpeg\" data-large-file=\"https:\/\/wp.ufpel.edu.br\/ppgbiotec\/files\/2019\/08\/II-Simp\u00f3sio-2014-2-1-400x228.jpeg\" class=\"wp-image-4502 aligncenter\" src=\"https:\/\/wp.ufpel.edu.br\/ppgbiotec\/files\/2019\/08\/II-Simp\u00f3sio-2014-2-1-400x228-400x228.jpeg\" alt=\"\" width=\"363\" height=\"207\" \/><\/p>\n<p><img data-attachment-id=\"4501\" data-permalink=\"https:\/\/wp.ufpel.edu.br\/ppgbiotec\/insercao-social\/simposio-de-biotecnologia\/ii-simposio-de-biotecnologia-informacao-e-tecnologia\/ii-simposio-2014-1-400x225\/\" data-orig-file=\"https:\/\/wp.ufpel.edu.br\/ppgbiotec\/files\/2019\/08\/II-Simp\u00f3sio-2014-1-400x225.jpeg\" data-orig-size=\"400,225\" data-comments-opened=\"0\" data-image-meta=\"{&quot;aperture&quot;:&quot;0&quot;,&quot;credit&quot;:&quot;&quot;,&quot;camera&quot;:&quot;&quot;,&quot;caption&quot;:&quot;&quot;,&quot;created_timestamp&quot;:&quot;0&quot;,&quot;copyright&quot;:&quot;&quot;,&quot;focal_length&quot;:&quot;0&quot;,&quot;iso&quot;:&quot;0&quot;,&quot;shutter_speed&quot;:&quot;0&quot;,&quot;title&quot;:&quot;&quot;,&quot;orientation&quot;:&quot;0&quot;}\" data-image-title=\"II-Simp\u00f3sio-2014-1-400&amp;#215;225\" data-image-description=\"\" data-image-caption=\"\" data-medium-file=\"https:\/\/wp.ufpel.edu.br\/ppgbiotec\/files\/2019\/08\/II-Simp\u00f3sio-2014-1-400x225-400x225.jpeg\" data-large-file=\"https:\/\/wp.ufpel.edu.br\/ppgbiotec\/files\/2019\/08\/II-Simp\u00f3sio-2014-1-400x225.jpeg\" class=\"wp-image-4501 aligncenter\" src=\"https:\/\/wp.ufpel.edu.br\/ppgbiotec\/files\/2019\/08\/II-Simp\u00f3sio-2014-1-400x225-400x225.jpeg\" alt=\"\" width=\"362\" height=\"204\" \/><\/p>\n","protected":false},"excerpt":{"rendered":"<p>II Simp\u00f3sio de Biotecnologia \u2013 Informa\u00e7\u00e3o e Tecnologia Data: 09 a 12 de junho de 2014 Local: Audit\u00f3rio da Faculdade de Medicina \u2013 UFPel No evento juntamente com os alunos da gradua\u00e7\u00e3o, os docentes, p\u00f3s-doc, egressos e discentes do mestrado e doutorado do PPGB participam ministrando palestras e mini cursos.<\/p>\n","protected":false},"author":735,"featured_media":0,"parent":4487,"menu_order":2,"comment_status":"closed","ping_status":"closed","template":"","meta":{"jetpack_post_was_ever_published":false,"footnotes":""},"class_list":["post-4499","page","type-page","status-publish","hentry"],"jetpack_sharing_enabled":true,"_links":{"self":[{"href":"https:\/\/wp.ufpel.edu.br\/ppgbiotec\/wp-json\/wp\/v2\/pages\/4499","targetHints":{"allow":["GET"]}}],"collection":[{"href":"https:\/\/wp.ufpel.edu.br\/ppgbiotec\/wp-json\/wp\/v2\/pages"}],"about":[{"href":"https:\/\/wp.ufpel.edu.br\/ppgbiotec\/wp-json\/wp\/v2\/types\/page"}],"author":[{"embeddable":true,"href":"https:\/\/wp.ufpel.edu.br\/ppgbiotec\/wp-json\/wp\/v2\/users\/735"}],"replies":[{"embeddable":true,"href":"https:\/\/wp.ufpel.edu.br\/ppgbiotec\/wp-json\/wp\/v2\/comments?post=4499"}],"version-history":[{"count":6,"href":"https:\/\/wp.ufpel.edu.br\/ppgbiotec\/wp-json\/wp\/v2\/pages\/4499\/revisions"}],"predecessor-version":[{"id":5360,"href":"https:\/\/wp.ufpel.edu.br\/ppgbiotec\/wp-json\/wp\/v2\/pages\/4499\/revisions\/5360"}],"up":[{"embeddable":true,"href":"https:\/\/wp.ufpel.edu.br\/ppgbiotec\/wp-json\/wp\/v2\/pages\/4487"}],"wp:attachment":[{"href":"https:\/\/wp.ufpel.edu.br\/ppgbiotec\/wp-json\/wp\/v2\/media?parent=4499"}],"curies":[{"name":"wp","href":"https:\/\/api.w.org\/{rel}","templated":true}]}}