{"id":4490,"date":"2019-08-19T15:59:50","date_gmt":"2019-08-19T18:59:50","guid":{"rendered":"https:\/\/wp.ufpel.edu.br\/ppgbiotec\/?page_id=4490"},"modified":"2020-10-23T11:14:15","modified_gmt":"2020-10-23T14:14:15","slug":"i-simposio-de-biotecnologia-pesquisa-e-desafios-para-inovacao","status":"publish","type":"page","link":"https:\/\/wp.ufpel.edu.br\/ppgbiotec\/insercao-social\/simposio-de-biotecnologia\/i-simposio-de-biotecnologia-pesquisa-e-desafios-para-inovacao\/","title":{"rendered":"I Simp\u00f3sio de Biotecnologia \u2013 Pesquisa e Desafios para Inova\u00e7\u00e3o"},"content":{"rendered":"<p style=\"text-align: center\"><span style=\"color: #000000\"><strong><em>I Simp\u00f3sio de Biotecnologia \u2013 Pesquisa e Desafios para Inova\u00e7\u00e3o<\/em><\/strong><\/span><\/p>\n<p style=\"text-align: center\"><span style=\"color: #000000\"><em>Data: 12 a 16 agosto de 2013<\/em><\/span><\/p>\n<p style=\"text-align: center\"><span style=\"color: #000000\"><em>Local: Audit\u00f3rio da Faculdade de Agronomia Eliseu Maciel (FAEM) \u2013 UFPel<\/em><\/span><\/p>\n<p style=\"text-align: justify\"><span style=\"color: #000000\">No evento juntamente com os alunos da gradua\u00e7\u00e3o, os docentes, p\u00f3s-doc, egressos e discentes do mestrado e doutorado do PPGB participam ministrando palestras e mini cursos.<\/span><\/p>\n<p><img data-attachment-id=\"4493\" data-permalink=\"https:\/\/wp.ufpel.edu.br\/ppgbiotec\/insercao-social\/simposio-de-biotecnologia\/i-simposio-de-biotecnologia-pesquisa-e-desafios-para-inovacao\/i-simposio-2-400x265\/\" data-orig-file=\"https:\/\/wp.ufpel.edu.br\/ppgbiotec\/files\/2019\/08\/I-Simp\u00f3sio-2-400x265.jpeg\" data-orig-size=\"400,265\" data-comments-opened=\"0\" data-image-meta=\"{&quot;aperture&quot;:&quot;0&quot;,&quot;credit&quot;:&quot;&quot;,&quot;camera&quot;:&quot;&quot;,&quot;caption&quot;:&quot;&quot;,&quot;created_timestamp&quot;:&quot;0&quot;,&quot;copyright&quot;:&quot;&quot;,&quot;focal_length&quot;:&quot;0&quot;,&quot;iso&quot;:&quot;0&quot;,&quot;shutter_speed&quot;:&quot;0&quot;,&quot;title&quot;:&quot;&quot;,&quot;orientation&quot;:&quot;0&quot;}\" data-image-title=\"I-Simp\u00f3sio-2-400&amp;#215;265\" data-image-description=\"\" data-image-caption=\"\" data-medium-file=\"https:\/\/wp.ufpel.edu.br\/ppgbiotec\/files\/2019\/08\/I-Simp\u00f3sio-2-400x265-400x265.jpeg\" data-large-file=\"https:\/\/wp.ufpel.edu.br\/ppgbiotec\/files\/2019\/08\/I-Simp\u00f3sio-2-400x265.jpeg\" class=\"alignleft wp-image-4493 \" src=\"https:\/\/wp.ufpel.edu.br\/ppgbiotec\/files\/2019\/08\/I-Simp\u00f3sio-2-400x265.jpeg\" alt=\"\" width=\"345\" height=\"229\" \/><img data-attachment-id=\"4494\" data-permalink=\"https:\/\/wp.ufpel.edu.br\/ppgbiotec\/insercao-social\/simposio-de-biotecnologia\/i-simposio-de-biotecnologia-pesquisa-e-desafios-para-inovacao\/i-simposio-3-400x265\/\" data-orig-file=\"https:\/\/wp.ufpel.edu.br\/ppgbiotec\/files\/2019\/08\/I-Simp\u00f3sio-3-400x265.jpeg\" data-orig-size=\"400,265\" data-comments-opened=\"0\" data-image-meta=\"{&quot;aperture&quot;:&quot;0&quot;,&quot;credit&quot;:&quot;&quot;,&quot;camera&quot;:&quot;&quot;,&quot;caption&quot;:&quot;&quot;,&quot;created_timestamp&quot;:&quot;0&quot;,&quot;copyright&quot;:&quot;&quot;,&quot;focal_length&quot;:&quot;0&quot;,&quot;iso&quot;:&quot;0&quot;,&quot;shutter_speed&quot;:&quot;0&quot;,&quot;title&quot;:&quot;&quot;,&quot;orientation&quot;:&quot;0&quot;}\" data-image-title=\"I-Simp\u00f3sio-3-400&amp;#215;265\" data-image-description=\"\" data-image-caption=\"\" data-medium-file=\"https:\/\/wp.ufpel.edu.br\/ppgbiotec\/files\/2019\/08\/I-Simp\u00f3sio-3-400x265-400x265.jpeg\" data-large-file=\"https:\/\/wp.ufpel.edu.br\/ppgbiotec\/files\/2019\/08\/I-Simp\u00f3sio-3-400x265.jpeg\" class=\"wp-image-4494 alignnone\" src=\"https:\/\/wp.ufpel.edu.br\/ppgbiotec\/files\/2019\/08\/I-Simp\u00f3sio-3-400x265.jpeg\" alt=\"\" width=\"344\" height=\"228\" \/><\/p>\n<p><img data-attachment-id=\"4492\" data-permalink=\"https:\/\/wp.ufpel.edu.br\/ppgbiotec\/insercao-social\/simposio-de-biotecnologia\/i-simposio-de-biotecnologia-pesquisa-e-desafios-para-inovacao\/i-simposio-1-400x265\/\" data-orig-file=\"https:\/\/wp.ufpel.edu.br\/ppgbiotec\/files\/2019\/08\/I-Simp\u00f3sio-1-400x265.jpeg\" data-orig-size=\"400,265\" data-comments-opened=\"0\" data-image-meta=\"{&quot;aperture&quot;:&quot;0&quot;,&quot;credit&quot;:&quot;&quot;,&quot;camera&quot;:&quot;&quot;,&quot;caption&quot;:&quot;&quot;,&quot;created_timestamp&quot;:&quot;0&quot;,&quot;copyright&quot;:&quot;&quot;,&quot;focal_length&quot;:&quot;0&quot;,&quot;iso&quot;:&quot;0&quot;,&quot;shutter_speed&quot;:&quot;0&quot;,&quot;title&quot;:&quot;&quot;,&quot;orientation&quot;:&quot;0&quot;}\" data-image-title=\"I-Simp\u00f3sio-1-400&amp;#215;265\" data-image-description=\"\" data-image-caption=\"\" data-medium-file=\"https:\/\/wp.ufpel.edu.br\/ppgbiotec\/files\/2019\/08\/I-Simp\u00f3sio-1-400x265-400x265.jpeg\" data-large-file=\"https:\/\/wp.ufpel.edu.br\/ppgbiotec\/files\/2019\/08\/I-Simp\u00f3sio-1-400x265.jpeg\" class=\"wp-image-4492 size-full aligncenter\" src=\"https:\/\/wp.ufpel.edu.br\/ppgbiotec\/files\/2019\/08\/I-Simp\u00f3sio-1-400x265.jpeg\" alt=\"\" width=\"400\" height=\"265\" \/><\/p>\n","protected":false},"excerpt":{"rendered":"<p>I Simp\u00f3sio de Biotecnologia \u2013 Pesquisa e Desafios para Inova\u00e7\u00e3o Data: 12 a 16 agosto de 2013 Local: Audit\u00f3rio da Faculdade de Agronomia Eliseu Maciel (FAEM) \u2013 UFPel No evento juntamente com os alunos da gradua\u00e7\u00e3o, os docentes, p\u00f3s-doc, egressos e discentes do mestrado e doutorado do PPGB participam ministrando palestras e mini cursos.<\/p>\n","protected":false},"author":735,"featured_media":0,"parent":4487,"menu_order":1,"comment_status":"closed","ping_status":"closed","template":"","meta":{"jetpack_post_was_ever_published":false,"footnotes":""},"class_list":["post-4490","page","type-page","status-publish","hentry"],"jetpack_sharing_enabled":true,"_links":{"self":[{"href":"https:\/\/wp.ufpel.edu.br\/ppgbiotec\/wp-json\/wp\/v2\/pages\/4490","targetHints":{"allow":["GET"]}}],"collection":[{"href":"https:\/\/wp.ufpel.edu.br\/ppgbiotec\/wp-json\/wp\/v2\/pages"}],"about":[{"href":"https:\/\/wp.ufpel.edu.br\/ppgbiotec\/wp-json\/wp\/v2\/types\/page"}],"author":[{"embeddable":true,"href":"https:\/\/wp.ufpel.edu.br\/ppgbiotec\/wp-json\/wp\/v2\/users\/735"}],"replies":[{"embeddable":true,"href":"https:\/\/wp.ufpel.edu.br\/ppgbiotec\/wp-json\/wp\/v2\/comments?post=4490"}],"version-history":[{"count":6,"href":"https:\/\/wp.ufpel.edu.br\/ppgbiotec\/wp-json\/wp\/v2\/pages\/4490\/revisions"}],"predecessor-version":[{"id":5361,"href":"https:\/\/wp.ufpel.edu.br\/ppgbiotec\/wp-json\/wp\/v2\/pages\/4490\/revisions\/5361"}],"up":[{"embeddable":true,"href":"https:\/\/wp.ufpel.edu.br\/ppgbiotec\/wp-json\/wp\/v2\/pages\/4487"}],"wp:attachment":[{"href":"https:\/\/wp.ufpel.edu.br\/ppgbiotec\/wp-json\/wp\/v2\/media?parent=4490"}],"curies":[{"name":"wp","href":"https:\/\/api.w.org\/{rel}","templated":true}]}}