{"id":4456,"date":"2019-08-19T14:38:05","date_gmt":"2019-08-19T17:38:05","guid":{"rendered":"https:\/\/wp.ufpel.edu.br\/ppgbiotec\/?page_id=4456"},"modified":"2022-08-05T16:49:02","modified_gmt":"2022-08-05T19:49:02","slug":"iii-mostra-academica","status":"publish","type":"page","link":"https:\/\/wp.ufpel.edu.br\/ppgbiotec\/mostra-academica\/iii-mostra-academica\/","title":{"rendered":"III Mostra Acad\u00eamica"},"content":{"rendered":"<p style=\"text-align: center;\"><span style=\"color: #000000;\"><strong><em>I<span style=\"color: #000000;\">II Mostra Acad\u00eamica<\/span><\/em><\/strong><\/span><\/p>\n<p style=\"text-align: center;\"><span style=\"color: #000000;\"><em>Data: 24 a 28 de junho de 2019<\/em><\/span><\/p>\n<p style=\"text-align: center;\"><span style=\"color: #000000;\"><em>Local: Sagu\u00e3o do Centro de P\u00f3s-Gradua\u00e7\u00e3o e Pesquisas em Ci\u00eancias Humanas, Sociais, Sociais Aplicadas, Artes e Linguagem (CEHUS) \u2013 UFPel<\/em><\/span><\/p>\n<p><span style=\"color: #000000;\">No evento pesquisadores e alunos do Programa da P\u00f3s-Gradua\u00e7\u00e3o em Biotecnologia (PPGBiotec \u2013 UFPel), participam tanto na avalia\u00e7\u00e3o dos resumos submetidos como na submiss\u00e3o de resumos.<\/span><\/p>\n<p><span style=\"color: #000000;\"><a style=\"color: #000000;\" href=\"https:\/\/wp.ufpel.edu.br\/gbiotec\/files\/2020\/01\/MODALIDADE-POSTER.zip\">Anais III Mostra Acad\u00eamica \u2013 Modalidade Poster<\/a><\/span><\/p>\n<p><span style=\"color: #000000;\"><a style=\"color: #000000;\" href=\"https:\/\/wp.ufpel.edu.br\/gbiotec\/files\/2020\/01\/MODALIDADE-ORAL.zip\">Anais III Mostra Acad\u00eamica \u2013 Modalidade Oral<\/a><\/span><\/p>\n<p style=\"text-align: justify;\"><strong><span style=\"color: #000000;\">Destaque do PPGBiotec na III Mostra Acad\u00eamica<\/span><\/strong><\/p>\n<p style=\"text-align: justify;\"><span style=\"font-size: 12pt; font-family: georgia, palatino, serif; color: #000000;\">\u00c1rea de Microbiologia:<\/span><\/p>\n<p style=\"text-align: justify;\"><span style=\"color: #000000;\">Allison Carlos Assun\u00e7\u00e3o Silva (Doutorando), orientado pelo Dr. Claudio Martin Pereira de Pereira, com o trabalho intitulado <\/span><span style=\"color: #000000;\">S\u00edntese e atividade antimicrobiana de 6-metil-2-oxo-4-(p-toluil)-1,2,3,4-Tetrahidropirimidina5-Carboxilato de etila contra <em>Acinetobacter baumanii<\/em> multirresistente.<\/span><\/p>\n<p><span style=\"color: #000000;\"><img data-attachment-id=\"5367\" data-permalink=\"https:\/\/wp.ufpel.edu.br\/ppgbiotec\/mostra-academica\/iii-mostra-academica\/66034277_2164698610303375_5122073835662737408_n\/\" data-orig-file=\"https:\/\/wp.ufpel.edu.br\/ppgbiotec\/files\/2020\/10\/66034277_2164698610303375_5122073835662737408_n.jpg\" data-orig-size=\"720,960\" data-comments-opened=\"0\" data-image-meta=\"{&quot;aperture&quot;:&quot;0&quot;,&quot;credit&quot;:&quot;&quot;,&quot;camera&quot;:&quot;&quot;,&quot;caption&quot;:&quot;&quot;,&quot;created_timestamp&quot;:&quot;0&quot;,&quot;copyright&quot;:&quot;&quot;,&quot;focal_length&quot;:&quot;0&quot;,&quot;iso&quot;:&quot;0&quot;,&quot;shutter_speed&quot;:&quot;0&quot;,&quot;title&quot;:&quot;&quot;,&quot;orientation&quot;:&quot;0&quot;}\" data-image-title=\"66034277_2164698610303375_5122073835662737408_n\" data-image-description=\"\" data-image-caption=\"\" data-medium-file=\"https:\/\/wp.ufpel.edu.br\/ppgbiotec\/files\/2020\/10\/66034277_2164698610303375_5122073835662737408_n-300x400.jpg\" data-large-file=\"https:\/\/wp.ufpel.edu.br\/ppgbiotec\/files\/2020\/10\/66034277_2164698610303375_5122073835662737408_n.jpg\" class=\"wp-image-5367 aligncenter\" src=\"https:\/\/wp.ufpel.edu.br\/ppgbiotec\/files\/2020\/10\/66034277_2164698610303375_5122073835662737408_n-300x400.jpg\" alt=\"\" width=\"152\" height=\"203\" srcset=\"https:\/\/wp.ufpel.edu.br\/ppgbiotec\/files\/2020\/10\/66034277_2164698610303375_5122073835662737408_n-300x400.jpg 300w, https:\/\/wp.ufpel.edu.br\/ppgbiotec\/files\/2020\/10\/66034277_2164698610303375_5122073835662737408_n.jpg 720w\" sizes=\"(max-width: 152px) 100vw, 152px\" \/><\/span><\/p>\n<p><img data-attachment-id=\"4458\" data-permalink=\"https:\/\/wp.ufpel.edu.br\/ppgbiotec\/mostra-academica\/iii-mostra-academica\/whatsapp-image-2019-06-28-at-19-11-10-400x258\/\" data-orig-file=\"https:\/\/wp.ufpel.edu.br\/ppgbiotec\/files\/2019\/08\/WhatsApp-Image-2019-06-28-at-19.11.10-400x258.jpeg\" data-orig-size=\"400,258\" data-comments-opened=\"0\" data-image-meta=\"{&quot;aperture&quot;:&quot;0&quot;,&quot;credit&quot;:&quot;&quot;,&quot;camera&quot;:&quot;&quot;,&quot;caption&quot;:&quot;&quot;,&quot;created_timestamp&quot;:&quot;0&quot;,&quot;copyright&quot;:&quot;&quot;,&quot;focal_length&quot;:&quot;0&quot;,&quot;iso&quot;:&quot;0&quot;,&quot;shutter_speed&quot;:&quot;0&quot;,&quot;title&quot;:&quot;&quot;,&quot;orientation&quot;:&quot;0&quot;}\" data-image-title=\"WhatsApp-Image-2019-06-28-at-19.11.10-400&amp;#215;258\" data-image-description=\"\" data-image-caption=\"\" data-medium-file=\"https:\/\/wp.ufpel.edu.br\/ppgbiotec\/files\/2019\/08\/WhatsApp-Image-2019-06-28-at-19.11.10-400x258-400x258.jpeg\" data-large-file=\"https:\/\/wp.ufpel.edu.br\/ppgbiotec\/files\/2019\/08\/WhatsApp-Image-2019-06-28-at-19.11.10-400x258.jpeg\" class=\"alignleft wp-image-4458\" src=\"https:\/\/wp.ufpel.edu.br\/ppgbiotec\/files\/2019\/08\/WhatsApp-Image-2019-06-28-at-19.11.10-400x258-400x258.jpeg\" alt=\"\" width=\"214\" height=\"138\" \/> <img data-attachment-id=\"4459\" data-permalink=\"https:\/\/wp.ufpel.edu.br\/ppgbiotec\/mostra-academica\/iii-mostra-academica\/whatsapp-image-2019-07-24-at-21-05-56-400x225\/\" data-orig-file=\"https:\/\/wp.ufpel.edu.br\/ppgbiotec\/files\/2019\/08\/WhatsApp-Image-2019-07-24-at-21.05.56-400x225.jpeg\" data-orig-size=\"400,225\" data-comments-opened=\"0\" data-image-meta=\"{&quot;aperture&quot;:&quot;0&quot;,&quot;credit&quot;:&quot;&quot;,&quot;camera&quot;:&quot;&quot;,&quot;caption&quot;:&quot;&quot;,&quot;created_timestamp&quot;:&quot;0&quot;,&quot;copyright&quot;:&quot;&quot;,&quot;focal_length&quot;:&quot;0&quot;,&quot;iso&quot;:&quot;0&quot;,&quot;shutter_speed&quot;:&quot;0&quot;,&quot;title&quot;:&quot;&quot;,&quot;orientation&quot;:&quot;0&quot;}\" data-image-title=\"WhatsApp-Image-2019-07-24-at-21.05.56-400&amp;#215;225\" data-image-description=\"\" data-image-caption=\"\" data-medium-file=\"https:\/\/wp.ufpel.edu.br\/ppgbiotec\/files\/2019\/08\/WhatsApp-Image-2019-07-24-at-21.05.56-400x225-400x225.jpeg\" data-large-file=\"https:\/\/wp.ufpel.edu.br\/ppgbiotec\/files\/2019\/08\/WhatsApp-Image-2019-07-24-at-21.05.56-400x225.jpeg\" class=\"alignleft wp-image-4459\" src=\"https:\/\/wp.ufpel.edu.br\/ppgbiotec\/files\/2019\/08\/WhatsApp-Image-2019-07-24-at-21.05.56-400x225-400x225.jpeg\" alt=\"\" width=\"244\" height=\"137\" \/> <img data-attachment-id=\"4460\" data-permalink=\"https:\/\/wp.ufpel.edu.br\/ppgbiotec\/mostra-academica\/iii-mostra-academica\/whatsapp-image-2019-07-24-at-21-05-57-400x225\/\" data-orig-file=\"https:\/\/wp.ufpel.edu.br\/ppgbiotec\/files\/2019\/08\/WhatsApp-Image-2019-07-24-at-21.05.57-400x225.jpeg\" data-orig-size=\"400,225\" data-comments-opened=\"0\" data-image-meta=\"{&quot;aperture&quot;:&quot;0&quot;,&quot;credit&quot;:&quot;&quot;,&quot;camera&quot;:&quot;&quot;,&quot;caption&quot;:&quot;&quot;,&quot;created_timestamp&quot;:&quot;0&quot;,&quot;copyright&quot;:&quot;&quot;,&quot;focal_length&quot;:&quot;0&quot;,&quot;iso&quot;:&quot;0&quot;,&quot;shutter_speed&quot;:&quot;0&quot;,&quot;title&quot;:&quot;&quot;,&quot;orientation&quot;:&quot;0&quot;}\" data-image-title=\"WhatsApp-Image-2019-07-24-at-21.05.57-400&amp;#215;225\" data-image-description=\"\" data-image-caption=\"\" data-medium-file=\"https:\/\/wp.ufpel.edu.br\/ppgbiotec\/files\/2019\/08\/WhatsApp-Image-2019-07-24-at-21.05.57-400x225-400x225.jpeg\" data-large-file=\"https:\/\/wp.ufpel.edu.br\/ppgbiotec\/files\/2019\/08\/WhatsApp-Image-2019-07-24-at-21.05.57-400x225.jpeg\" class=\"wp-image-4460 alignleft\" src=\"https:\/\/wp.ufpel.edu.br\/ppgbiotec\/files\/2019\/08\/WhatsApp-Image-2019-07-24-at-21.05.57-400x225-400x225.jpeg\" alt=\"\" width=\"242\" height=\"136\" \/><\/p>\n","protected":false},"excerpt":{"rendered":"<p>III Mostra Acad\u00eamica Data: 24 a 28 de junho de 2019 Local: Sagu\u00e3o do Centro de P\u00f3s-Gradua\u00e7\u00e3o e Pesquisas em Ci\u00eancias Humanas, Sociais, Sociais Aplicadas, Artes e Linguagem (CEHUS) \u2013 UFPel No evento pesquisadores e alunos do Programa da P\u00f3s-Gradua\u00e7\u00e3o em Biotecnologia (PPGBiotec \u2013 UFPel), participam tanto na avalia\u00e7\u00e3o dos resumos submetidos como na submiss\u00e3o [&hellip;]<\/p>\n","protected":false},"author":735,"featured_media":0,"parent":4412,"menu_order":3,"comment_status":"closed","ping_status":"closed","template":"","meta":{"jetpack_post_was_ever_published":false,"footnotes":""},"class_list":["post-4456","page","type-page","status-publish","hentry"],"jetpack_sharing_enabled":true,"_links":{"self":[{"href":"https:\/\/wp.ufpel.edu.br\/ppgbiotec\/wp-json\/wp\/v2\/pages\/4456","targetHints":{"allow":["GET"]}}],"collection":[{"href":"https:\/\/wp.ufpel.edu.br\/ppgbiotec\/wp-json\/wp\/v2\/pages"}],"about":[{"href":"https:\/\/wp.ufpel.edu.br\/ppgbiotec\/wp-json\/wp\/v2\/types\/page"}],"author":[{"embeddable":true,"href":"https:\/\/wp.ufpel.edu.br\/ppgbiotec\/wp-json\/wp\/v2\/users\/735"}],"replies":[{"embeddable":true,"href":"https:\/\/wp.ufpel.edu.br\/ppgbiotec\/wp-json\/wp\/v2\/comments?post=4456"}],"version-history":[{"count":15,"href":"https:\/\/wp.ufpel.edu.br\/ppgbiotec\/wp-json\/wp\/v2\/pages\/4456\/revisions"}],"predecessor-version":[{"id":8039,"href":"https:\/\/wp.ufpel.edu.br\/ppgbiotec\/wp-json\/wp\/v2\/pages\/4456\/revisions\/8039"}],"up":[{"embeddable":true,"href":"https:\/\/wp.ufpel.edu.br\/ppgbiotec\/wp-json\/wp\/v2\/pages\/4412"}],"wp:attachment":[{"href":"https:\/\/wp.ufpel.edu.br\/ppgbiotec\/wp-json\/wp\/v2\/media?parent=4456"}],"curies":[{"name":"wp","href":"https:\/\/api.w.org\/{rel}","templated":true}]}}