{"id":4415,"date":"2019-08-19T13:13:56","date_gmt":"2019-08-19T16:13:56","guid":{"rendered":"https:\/\/wp.ufpel.edu.br\/ppgbiotec\/?page_id=4415"},"modified":"2022-08-05T16:47:27","modified_gmt":"2022-08-05T19:47:27","slug":"i-mostra-academica","status":"publish","type":"page","link":"https:\/\/wp.ufpel.edu.br\/ppgbiotec\/mostra-academica\/i-mostra-academica\/","title":{"rendered":"I Mostra Acad\u00eamica"},"content":{"rendered":"<p style=\"text-align: center;\"><span style=\"color: #000000;\"><strong><em>I Mostra Acad\u00eamica<\/em><\/strong><\/span><\/p>\n<p style=\"text-align: center;\"><span style=\"color: #000000;\"><em>Data: 10 a 14 de julho de 2017<\/em><\/span><\/p>\n<p style=\"text-align: center;\"><span style=\"color: #000000;\"><em>Local: Sagu\u00e3o da Faculdade de Agronomia Eliseu Maciel (FAEM) \u2013 UFPel<\/em><\/span><\/p>\n<p style=\"text-align: justify;\"><span style=\"color: #000000;\">No evento pesquisadores e alunos do Programa da P\u00f3s-Gradua\u00e7\u00e3o em Biotecnologia (PPGBiotec \u2013 UFPel), participam tanto na avalia\u00e7\u00e3o dos resumos submetidos como na submiss\u00e3o de resumos.<\/span><\/p>\n<p style=\"text-align: justify;\"><span style=\"color: #000000;\"><a style=\"color: #000000;\" href=\"https:\/\/wp.ufpel.edu.br\/ppgbiotec\/files\/2019\/08\/Anais-I-Mostra-Cientifica.pdf\" target=\"_blank\" rel=\"noopener noreferrer\">Anais 2017 \u2013 I Mostra Cient\u00edfica<\/a>\u00a0<\/span><\/p>\n<p><span style=\"color: #000000;\"><strong>Destaque do PPGBiotec na I Mostra Acad\u00eamica<\/strong><\/span><\/p>\n<p style=\"background: white; margin: 4.5pt 0cm; text-align: justify;\"><span style=\"font-size: 12pt; font-family: georgia, palatino, serif; color: #000000;\">\u00c1rea de Biotecnologia Aplicada \u00c0 Sa\u00fade:<br \/>\nAngela Maria Casaril (Doutoranda) orientada pela Dra. Lucielli Savegnago, com o trabalho intitulado A REDU\u00c7\u00c3O DA FORMA\u00c7\u00c3O DE ESP\u00c9CIES REATIVAS COMO UMA ESTRAT\u00c9GIA TERAPEUTICA PARA O TRATAMENTO DA DEPRESS\u00c3O.<\/span><\/p>\n<p style=\"text-align: justify;\"><img data-attachment-id=\"4418\" data-permalink=\"https:\/\/wp.ufpel.edu.br\/ppgbiotec\/mostra-academica\/i-mostra-academica\/mostra-1-2-400x266\/\" data-orig-file=\"https:\/\/wp.ufpel.edu.br\/ppgbiotec\/files\/2019\/08\/Mostra-1-2-400x266.jpg\" data-orig-size=\"400,266\" data-comments-opened=\"0\" data-image-meta=\"{&quot;aperture&quot;:&quot;0&quot;,&quot;credit&quot;:&quot;&quot;,&quot;camera&quot;:&quot;&quot;,&quot;caption&quot;:&quot;&quot;,&quot;created_timestamp&quot;:&quot;0&quot;,&quot;copyright&quot;:&quot;&quot;,&quot;focal_length&quot;:&quot;0&quot;,&quot;iso&quot;:&quot;0&quot;,&quot;shutter_speed&quot;:&quot;0&quot;,&quot;title&quot;:&quot;&quot;,&quot;orientation&quot;:&quot;0&quot;}\" data-image-title=\"Mostra-1-2-400&amp;#215;266\" data-image-description=\"\" data-image-caption=\"\" data-medium-file=\"https:\/\/wp.ufpel.edu.br\/ppgbiotec\/files\/2019\/08\/Mostra-1-2-400x266-400x266.jpg\" data-large-file=\"https:\/\/wp.ufpel.edu.br\/ppgbiotec\/files\/2019\/08\/Mostra-1-2-400x266.jpg\" class=\"alignleft wp-image-4418\" src=\"https:\/\/wp.ufpel.edu.br\/ppgbiotec\/files\/2019\/08\/Mostra-1-2-400x266-400x266.jpg\" alt=\"\" width=\"237\" height=\"158\" \/><\/p>\n<p style=\"text-align: justify;\"><img data-attachment-id=\"4420\" data-permalink=\"https:\/\/wp.ufpel.edu.br\/ppgbiotec\/mostra-academica\/i-mostra-academica\/mostra-6-400x266\/\" data-orig-file=\"https:\/\/wp.ufpel.edu.br\/ppgbiotec\/files\/2019\/08\/Mostra-6-400x266.jpg\" data-orig-size=\"400,266\" data-comments-opened=\"0\" data-image-meta=\"{&quot;aperture&quot;:&quot;0&quot;,&quot;credit&quot;:&quot;&quot;,&quot;camera&quot;:&quot;&quot;,&quot;caption&quot;:&quot;&quot;,&quot;created_timestamp&quot;:&quot;0&quot;,&quot;copyright&quot;:&quot;&quot;,&quot;focal_length&quot;:&quot;0&quot;,&quot;iso&quot;:&quot;0&quot;,&quot;shutter_speed&quot;:&quot;0&quot;,&quot;title&quot;:&quot;&quot;,&quot;orientation&quot;:&quot;0&quot;}\" data-image-title=\"Mostra-6-400&amp;#215;266\" data-image-description=\"\" data-image-caption=\"\" data-medium-file=\"https:\/\/wp.ufpel.edu.br\/ppgbiotec\/files\/2019\/08\/Mostra-6-400x266-400x266.jpg\" data-large-file=\"https:\/\/wp.ufpel.edu.br\/ppgbiotec\/files\/2019\/08\/Mostra-6-400x266.jpg\" class=\"alignleft wp-image-4420\" src=\"https:\/\/wp.ufpel.edu.br\/ppgbiotec\/files\/2019\/08\/Mostra-6-400x266-400x266.jpg\" alt=\"\" width=\"237\" height=\"158\" \/><img data-attachment-id=\"4419\" data-permalink=\"https:\/\/wp.ufpel.edu.br\/ppgbiotec\/mostra-academica\/i-mostra-academica\/mostra-2-1-400x266\/\" data-orig-file=\"https:\/\/wp.ufpel.edu.br\/ppgbiotec\/files\/2019\/08\/Mostra-2-1-400x266.jpg\" data-orig-size=\"400,266\" data-comments-opened=\"0\" data-image-meta=\"{&quot;aperture&quot;:&quot;0&quot;,&quot;credit&quot;:&quot;&quot;,&quot;camera&quot;:&quot;&quot;,&quot;caption&quot;:&quot;&quot;,&quot;created_timestamp&quot;:&quot;0&quot;,&quot;copyright&quot;:&quot;&quot;,&quot;focal_length&quot;:&quot;0&quot;,&quot;iso&quot;:&quot;0&quot;,&quot;shutter_speed&quot;:&quot;0&quot;,&quot;title&quot;:&quot;&quot;,&quot;orientation&quot;:&quot;0&quot;}\" data-image-title=\"Mostra-2-1-400&amp;#215;266\" data-image-description=\"\" data-image-caption=\"\" data-medium-file=\"https:\/\/wp.ufpel.edu.br\/ppgbiotec\/files\/2019\/08\/Mostra-2-1-400x266-400x266.jpg\" data-large-file=\"https:\/\/wp.ufpel.edu.br\/ppgbiotec\/files\/2019\/08\/Mostra-2-1-400x266.jpg\" class=\"alignleft wp-image-4419\" src=\"https:\/\/wp.ufpel.edu.br\/ppgbiotec\/files\/2019\/08\/Mostra-2-1-400x266-400x266.jpg\" alt=\"\" width=\"237\" height=\"158\" \/><\/p>\n","protected":false},"excerpt":{"rendered":"<p>I Mostra Acad\u00eamica Data: 10 a 14 de julho de 2017 Local: Sagu\u00e3o da Faculdade de Agronomia Eliseu Maciel (FAEM) \u2013 UFPel No evento pesquisadores e alunos do Programa da P\u00f3s-Gradua\u00e7\u00e3o em Biotecnologia (PPGBiotec \u2013 UFPel), participam tanto na avalia\u00e7\u00e3o dos resumos submetidos como na submiss\u00e3o de resumos. Anais 2017 \u2013 I Mostra Cient\u00edfica\u00a0 Destaque [&hellip;]<\/p>\n","protected":false},"author":735,"featured_media":0,"parent":4412,"menu_order":1,"comment_status":"closed","ping_status":"closed","template":"","meta":{"jetpack_post_was_ever_published":false,"footnotes":""},"class_list":["post-4415","page","type-page","status-publish","hentry"],"jetpack_sharing_enabled":true,"_links":{"self":[{"href":"https:\/\/wp.ufpel.edu.br\/ppgbiotec\/wp-json\/wp\/v2\/pages\/4415","targetHints":{"allow":["GET"]}}],"collection":[{"href":"https:\/\/wp.ufpel.edu.br\/ppgbiotec\/wp-json\/wp\/v2\/pages"}],"about":[{"href":"https:\/\/wp.ufpel.edu.br\/ppgbiotec\/wp-json\/wp\/v2\/types\/page"}],"author":[{"embeddable":true,"href":"https:\/\/wp.ufpel.edu.br\/ppgbiotec\/wp-json\/wp\/v2\/users\/735"}],"replies":[{"embeddable":true,"href":"https:\/\/wp.ufpel.edu.br\/ppgbiotec\/wp-json\/wp\/v2\/comments?post=4415"}],"version-history":[{"count":28,"href":"https:\/\/wp.ufpel.edu.br\/ppgbiotec\/wp-json\/wp\/v2\/pages\/4415\/revisions"}],"predecessor-version":[{"id":8037,"href":"https:\/\/wp.ufpel.edu.br\/ppgbiotec\/wp-json\/wp\/v2\/pages\/4415\/revisions\/8037"}],"up":[{"embeddable":true,"href":"https:\/\/wp.ufpel.edu.br\/ppgbiotec\/wp-json\/wp\/v2\/pages\/4412"}],"wp:attachment":[{"href":"https:\/\/wp.ufpel.edu.br\/ppgbiotec\/wp-json\/wp\/v2\/media?parent=4415"}],"curies":[{"name":"wp","href":"https:\/\/api.w.org\/{rel}","templated":true}]}}