{"id":4412,"date":"2019-08-19T13:08:48","date_gmt":"2019-08-19T16:08:48","guid":{"rendered":"https:\/\/wp.ufpel.edu.br\/ppgbiotec\/?page_id=4412"},"modified":"2024-07-09T15:36:25","modified_gmt":"2024-07-09T18:36:25","slug":"mostra-academica","status":"publish","type":"page","link":"https:\/\/wp.ufpel.edu.br\/ppgbiotec\/mostra-academica\/","title":{"rendered":"Mostra Acad\u00eamica"},"content":{"rendered":"<p style=\"text-align: justify;\"><span style=\"color: #000000;\">A Mostra Acad\u00eamica\u00a0tem como objetivo divulgar as pesquisas que est\u00e3o sendo desenvolvidas em diferentes laborat\u00f3rios que incorporam a biotecnologia em suas linhas de pesquisa.<\/span><\/p>\n<p style=\"text-align: justify;\"><span style=\"color: #000000;\"><a style=\"color: #000000;\" href=\"https:\/\/wp.ufpel.edu.br\/ppgbiotec\/insercao-social\/mostra-academica\/i-mostra-academica\" target=\"_blank\" rel=\"noopener noreferrer\">I Mostra Acad\u00eamica<\/a><\/span><\/p>\n<p style=\"text-align: justify;\"><span style=\"color: #000000;\"><a style=\"color: #000000;\" href=\"https:\/\/wp.ufpel.edu.br\/ppgbiotec\/insercao-social\/mostra-academica\/ii-mostra-academica\" target=\"_blank\" rel=\"noopener noreferrer\">II Mostra Acad\u00eamica<\/a><\/span><\/p>\n<p style=\"text-align: justify;\"><span style=\"color: #000000;\"><a style=\"color: #000000;\" href=\"https:\/\/wp.ufpel.edu.br\/ppgbiotec\/insercao-social\/mostra-academica\/iii-mostra-academica\" target=\"_blank\" rel=\"noopener noreferrer\">III Mostra Acad\u00eamica<\/a><\/span><\/p>\n<p><span style=\"color: #000000;\"><a style=\"color: #000000;\" href=\"https:\/\/wp.ufpel.edu.br\/ppgbiotec\/iv-mostra-academica\" target=\"_blank\" rel=\"noopener noreferrer\">IV Mostra Acad\u00eamica<\/a><\/span><\/p>\n<p><a href=\"https:\/\/wp.ufpel.edu.br\/ppgbiotec\/mostra-academica\/v-mostra-academica\/\"><span style=\"color: #000000;\">V Mostra Acad\u00eamica<\/span><\/a><\/p>\n<p><a href=\"https:\/\/wp.ufpel.edu.br\/ppgbiotec\/mostra-academica\/vi-mostra-academica\/\"><span style=\"color: #000000;\">VI Mostra Acad\u00eamica<\/span><\/a><\/p>\n","protected":false},"excerpt":{"rendered":"<p>A Mostra Acad\u00eamica\u00a0tem como objetivo divulgar as pesquisas que est\u00e3o sendo desenvolvidas em diferentes laborat\u00f3rios que incorporam a biotecnologia em suas linhas de pesquisa. I Mostra Acad\u00eamica II Mostra Acad\u00eamica III Mostra Acad\u00eamica IV Mostra Acad\u00eamica V Mostra Acad\u00eamica VI Mostra Acad\u00eamica<\/p>\n","protected":false},"author":735,"featured_media":0,"parent":0,"menu_order":3,"comment_status":"closed","ping_status":"closed","template":"","meta":{"jetpack_post_was_ever_published":false,"footnotes":""},"class_list":["post-4412","page","type-page","status-publish","hentry"],"jetpack_sharing_enabled":true,"_links":{"self":[{"href":"https:\/\/wp.ufpel.edu.br\/ppgbiotec\/wp-json\/wp\/v2\/pages\/4412","targetHints":{"allow":["GET"]}}],"collection":[{"href":"https:\/\/wp.ufpel.edu.br\/ppgbiotec\/wp-json\/wp\/v2\/pages"}],"about":[{"href":"https:\/\/wp.ufpel.edu.br\/ppgbiotec\/wp-json\/wp\/v2\/types\/page"}],"author":[{"embeddable":true,"href":"https:\/\/wp.ufpel.edu.br\/ppgbiotec\/wp-json\/wp\/v2\/users\/735"}],"replies":[{"embeddable":true,"href":"https:\/\/wp.ufpel.edu.br\/ppgbiotec\/wp-json\/wp\/v2\/comments?post=4412"}],"version-history":[{"count":12,"href":"https:\/\/wp.ufpel.edu.br\/ppgbiotec\/wp-json\/wp\/v2\/pages\/4412\/revisions"}],"predecessor-version":[{"id":10080,"href":"https:\/\/wp.ufpel.edu.br\/ppgbiotec\/wp-json\/wp\/v2\/pages\/4412\/revisions\/10080"}],"wp:attachment":[{"href":"https:\/\/wp.ufpel.edu.br\/ppgbiotec\/wp-json\/wp\/v2\/media?parent=4412"}],"curies":[{"name":"wp","href":"https:\/\/api.w.org\/{rel}","templated":true}]}}