{"id":4105,"date":"2019-08-06T13:17:46","date_gmt":"2019-08-06T16:17:46","guid":{"rendered":"https:\/\/wp.ufpel.edu.br\/ppgbiotec\/?page_id=4105"},"modified":"2019-08-06T13:25:36","modified_gmt":"2019-08-06T16:25:36","slug":"novo-projeto-de-pesquisa","status":"publish","type":"page","link":"https:\/\/wp.ufpel.edu.br\/ppgbiotec\/cadastro-de-projeto-de-pesquisa\/novo-projeto-de-pesquisa\/","title":{"rendered":"Novo Projeto de Pesquisa"},"content":{"rendered":"<p style=\"text-align: justify\"><strong><span style=\"color: #000000\">Cadastro de Projetos de Pesquisa, tramita\u00e7\u00e3o e aprova\u00e7\u00e3o:<\/span><\/strong><\/p>\n<p style=\"text-align: justify\"><span style=\"color: #000000\">1\u00ba cadastrar o projeto de pesquisa no\u00a0<a style=\"color: #000000\" href=\"https:\/\/cobalto.ufpel.edu.br\/dashboard\/\" target=\"_blank\" rel=\"noopener noreferrer\">COBALTO<\/a>\u00a0e salvar o pdf gerado;<\/span><\/p>\n<p style=\"text-align: justify\"><span style=\"color: #000000\">(O entendimento atual do COCEPE sobre projetos de pesquisa considera que um projeto\u00a0deve, preferencialmente, incluir um Grupo de Pesquisa cadastrado e certificado no Diret\u00f3rio de Grupos do CNPq e alunx(s) colaborador(xs) em sua equipe).<\/span><\/p>\n<p style=\"text-align: justify\"><span style=\"color: #000000\">2\u00ba abrir um processo do tipo \u201cProjetos de Pesquisa: Proposi\u00e7\u00e3o\u201d no\u00a0<a style=\"color: #000000\" href=\"https:\/\/sei.ufpel.edu.br\/sei\/\" target=\"_blank\" rel=\"noopener noreferrer\">SEI<\/a>\u00a0com CPF e senha do cobalto do(a) coordenador(a) do projeto;<\/span><\/p>\n<p style=\"text-align: justify\"><span style=\"color: #000000\">3\u00ba dentro deste processo, selecionar a op\u00e7\u00e3o \u201cincluir documento\u201d do tipo \u201cexterno\u201d e anexar o pdf gerado pelo cobalto;<\/span><\/p>\n<p style=\"text-align: justify\"><span style=\"color: #000000\">4\u00ba encaminhar o projeto via SEI para concord\u00e2ncia das chefias;<\/span><\/p>\n<p style=\"text-align: justify\"><span style=\"color: #000000\">(Devido a impossibilidade de assinar um documento externo no SEI, deve-se criar um documento do tipo despacho ou memorando onde devem constar as seguintes assinaturas: chefe de departamento e diretor(a) da unidade. Em caso de Centros apenas assinatura do(a) diretor(a) do Centro. Em casos onde o(a) coordenador(a) do projeto n\u00e3o sejam os respons\u00e1veis pela abertura do processo tamb\u00e9m dever\u00e1 constar a sua assinatura neste despacho\/memorando).<\/span><\/p>\n<p style=\"text-align: justify\"><span style=\"color: #000000\">5\u00ba enviar o processo para o NAP (N\u00facleo de Apoio a Projetos);<\/span><\/p>\n<p style=\"text-align: justify\"><span style=\"color: #000000\">6\u00ba estando com todas as informa\u00e7\u00f5es corretas o projeto \u00e9 enviado pelo NAP para an\u00e1lise da CPPG (Comiss\u00e3o de Pesquisa e P\u00f3s-Gradua\u00e7\u00e3o) que poder\u00e1 enviar o processo para aprova\u00e7\u00e3o do COCEPE ou ao coordenador(a) para adequa\u00e7\u00f5es, caso necess\u00e1rio;<\/span><\/p>\n<p style=\"text-align: justify\"><span style=\"color: #000000\">7\u00ba o COCEPE remeter\u00e1 o projeto aprovado para o NAP para aprova\u00e7\u00e3o no COBALTO e encerramento do mesmo no SEI.<\/span><\/p>\n<p style=\"text-align: justify\"><span style=\"color: #000000\">Os documentos\u00a0<strong>N\u00c3O<\/strong>\u00a0dever\u00e3o ser impressos e digitalizados para inser\u00e7\u00e3o no SEI.<\/span><\/p>\n","protected":false},"excerpt":{"rendered":"<p>Cadastro de Projetos de Pesquisa, tramita\u00e7\u00e3o e aprova\u00e7\u00e3o: 1\u00ba cadastrar o projeto de pesquisa no\u00a0COBALTO\u00a0e salvar o pdf gerado; (O entendimento atual do COCEPE sobre projetos de pesquisa considera que um projeto\u00a0deve, preferencialmente, incluir um Grupo de Pesquisa cadastrado e certificado no Diret\u00f3rio de Grupos do CNPq e alunx(s) colaborador(xs) em sua equipe). 2\u00ba abrir [&hellip;]<\/p>\n","protected":false},"author":735,"featured_media":0,"parent":4103,"menu_order":0,"comment_status":"closed","ping_status":"closed","template":"","meta":{"jetpack_post_was_ever_published":false,"footnotes":""},"class_list":["post-4105","page","type-page","status-publish","hentry"],"jetpack_sharing_enabled":true,"_links":{"self":[{"href":"https:\/\/wp.ufpel.edu.br\/ppgbiotec\/wp-json\/wp\/v2\/pages\/4105","targetHints":{"allow":["GET"]}}],"collection":[{"href":"https:\/\/wp.ufpel.edu.br\/ppgbiotec\/wp-json\/wp\/v2\/pages"}],"about":[{"href":"https:\/\/wp.ufpel.edu.br\/ppgbiotec\/wp-json\/wp\/v2\/types\/page"}],"author":[{"embeddable":true,"href":"https:\/\/wp.ufpel.edu.br\/ppgbiotec\/wp-json\/wp\/v2\/users\/735"}],"replies":[{"embeddable":true,"href":"https:\/\/wp.ufpel.edu.br\/ppgbiotec\/wp-json\/wp\/v2\/comments?post=4105"}],"version-history":[{"count":3,"href":"https:\/\/wp.ufpel.edu.br\/ppgbiotec\/wp-json\/wp\/v2\/pages\/4105\/revisions"}],"predecessor-version":[{"id":4114,"href":"https:\/\/wp.ufpel.edu.br\/ppgbiotec\/wp-json\/wp\/v2\/pages\/4105\/revisions\/4114"}],"up":[{"embeddable":true,"href":"https:\/\/wp.ufpel.edu.br\/ppgbiotec\/wp-json\/wp\/v2\/pages\/4103"}],"wp:attachment":[{"href":"https:\/\/wp.ufpel.edu.br\/ppgbiotec\/wp-json\/wp\/v2\/media?parent=4105"}],"curies":[{"name":"wp","href":"https:\/\/api.w.org\/{rel}","templated":true}]}}