{"id":4103,"date":"2019-08-06T13:17:51","date_gmt":"2019-08-06T16:17:51","guid":{"rendered":"https:\/\/wp.ufpel.edu.br\/ppgbiotec\/?page_id=4103"},"modified":"2019-08-16T16:30:44","modified_gmt":"2019-08-16T19:30:44","slug":"cadastro-de-projeto-de-pesquisa","status":"publish","type":"page","link":"https:\/\/wp.ufpel.edu.br\/ppgbiotec\/cadastro-de-projeto-de-pesquisa\/","title":{"rendered":"Cadastro de Projeto de Pesquisa"},"content":{"rendered":"<p style=\"text-align: center\"><strong><span style=\"color: #000000\">Projetos de Pesquisa, tramita\u00e7\u00e3o e aprova\u00e7\u00e3o<\/span><\/strong><\/p>\n<p>&nbsp;<\/p>\n<p><span style=\"color: #000000\"><a style=\"color: #000000\" href=\"https:\/\/wp.ufpel.edu.br\/ppgbiotec\/novo-projeto-de-pesquisa\" target=\"_blank\" rel=\"noopener noreferrer\">Novo Projeto de Pesquisa<\/a><\/span><\/p>\n<p><span style=\"color: #000000\"><a style=\"color: #000000\" href=\"https:\/\/wp.ufpel.edu.br\/ppgbiotec\/prorrogacao-de-projeto-de-pesquisa\" target=\"_blank\" rel=\"noopener noreferrer\">Prorroga\u00e7\u00e3o de Projeto de Pesquisa<\/a><\/span><\/p>\n<p><span style=\"color: #000000\"><a style=\"color: #000000\" href=\"https:\/\/wp.ufpel.edu.br\/ppgbiotec\/projeto-de-pesquisa-sistema-unificado\" target=\"_blank\" rel=\"noopener noreferrer\">Projeto de Pesquisa (Sistema Unificado)<\/a><\/span><\/p>\n<p><em><span style=\"font-size: 10pt\">Fonte: https:\/\/wp.ufpel.edu.br\/prppgi\/cadastro-de-projetos-de-pesquisa\/<\/span><\/em><\/p>\n<p>&nbsp;<\/p>\n<p>&nbsp;<\/p>\n<p>&nbsp;<\/p>\n<p>&nbsp;<\/p>\n<p>&nbsp;<\/p>\n<p>&nbsp;<\/p>\n<p>&nbsp;<\/p>\n<p>&nbsp;<\/p>\n<p>&nbsp;<\/p>\n<p>&nbsp;<\/p>\n<p>&nbsp;<\/p>\n<p>&nbsp;<\/p>\n<p>&nbsp;<\/p>\n<p>&nbsp;<\/p>\n<p>&nbsp;<\/p>\n<p>&nbsp;<\/p>\n<p>&nbsp;<\/p>\n<p>&nbsp;<\/p>\n<p>&nbsp;<\/p>\n<p>&nbsp;<\/p>\n<p>&nbsp;<\/p>\n","protected":false},"excerpt":{"rendered":"<p>Projetos de Pesquisa, tramita\u00e7\u00e3o e aprova\u00e7\u00e3o &nbsp; Novo Projeto de Pesquisa Prorroga\u00e7\u00e3o de Projeto de Pesquisa Projeto de Pesquisa (Sistema Unificado) Fonte: https:\/\/wp.ufpel.edu.br\/prppgi\/cadastro-de-projetos-de-pesquisa\/ &nbsp; &nbsp; &nbsp; &nbsp; &nbsp; &nbsp; &nbsp; &nbsp; &nbsp; &nbsp; &nbsp; &nbsp; &nbsp; &nbsp; &nbsp; &nbsp; &nbsp; &nbsp; &nbsp; &nbsp; &nbsp;<\/p>\n","protected":false},"author":735,"featured_media":0,"parent":0,"menu_order":0,"comment_status":"closed","ping_status":"closed","template":"","meta":{"jetpack_post_was_ever_published":false,"footnotes":""},"class_list":["post-4103","page","type-page","status-publish","hentry"],"jetpack_sharing_enabled":true,"_links":{"self":[{"href":"https:\/\/wp.ufpel.edu.br\/ppgbiotec\/wp-json\/wp\/v2\/pages\/4103","targetHints":{"allow":["GET"]}}],"collection":[{"href":"https:\/\/wp.ufpel.edu.br\/ppgbiotec\/wp-json\/wp\/v2\/pages"}],"about":[{"href":"https:\/\/wp.ufpel.edu.br\/ppgbiotec\/wp-json\/wp\/v2\/types\/page"}],"author":[{"embeddable":true,"href":"https:\/\/wp.ufpel.edu.br\/ppgbiotec\/wp-json\/wp\/v2\/users\/735"}],"replies":[{"embeddable":true,"href":"https:\/\/wp.ufpel.edu.br\/ppgbiotec\/wp-json\/wp\/v2\/comments?post=4103"}],"version-history":[{"count":7,"href":"https:\/\/wp.ufpel.edu.br\/ppgbiotec\/wp-json\/wp\/v2\/pages\/4103\/revisions"}],"predecessor-version":[{"id":4377,"href":"https:\/\/wp.ufpel.edu.br\/ppgbiotec\/wp-json\/wp\/v2\/pages\/4103\/revisions\/4377"}],"wp:attachment":[{"href":"https:\/\/wp.ufpel.edu.br\/ppgbiotec\/wp-json\/wp\/v2\/media?parent=4103"}],"curies":[{"name":"wp","href":"https:\/\/api.w.org\/{rel}","templated":true}]}}