{"id":4064,"date":"2019-08-16T15:39:12","date_gmt":"2019-08-16T18:39:12","guid":{"rendered":"https:\/\/wp.ufpel.edu.br\/ppgbiotec\/?page_id=4064"},"modified":"2022-08-05T16:46:26","modified_gmt":"2022-08-05T19:46:26","slug":"iii-ciclo-de-palestras-de-gestao-e-empreendedorismo","status":"publish","type":"page","link":"https:\/\/wp.ufpel.edu.br\/ppgbiotec\/insercao-social\/ciclo-de-palestras-de-gestao-e-empreendedorismo\/iii-ciclo-de-palestras-de-gestao-e-empreendedorismo\/","title":{"rendered":"III Ciclo de Palestras de Gest\u00e3o e Empreendedorismo"},"content":{"rendered":"<p style=\"text-align: center;\"><span style=\"color: #000000;\"><strong><em>III Ciclo de Palestras de Gest\u00e3o e Empreendedorismo<\/em><\/strong><\/span><\/p>\n<p style=\"text-align: center;\"><span style=\"color: #000000;\"><em>Data: 26 de junho de 2019<\/em><\/span><\/p>\n<p style=\"text-align: center;\"><span style=\"color: #000000;\"><em>Local: Audit\u00f3rio do Centro de P\u00f3s-Gradua\u00e7\u00e3o e Pesquisas em Ci\u00eancias Humanas, Sociais, Sociais Aplicadas, Artes e Linguagem (CEHUS) \u2013 UFPel<\/em><\/span><\/p>\n<p>&nbsp;<\/p>\n<p><img data-attachment-id=\"4357\" data-permalink=\"https:\/\/wp.ufpel.edu.br\/ppgbiotec\/insercao-social\/ciclo-de-palestras-de-gestao-e-empreendedorismo\/iii-ciclo-de-palestras-de-gestao-e-empreendedorismo\/sem-titulo-27\/\" data-orig-file=\"https:\/\/wp.ufpel.edu.br\/ppgbiotec\/files\/2019\/08\/Sem-t\u00edtulo-2.jpg\" data-orig-size=\"498,100\" data-comments-opened=\"0\" data-image-meta=\"{&quot;aperture&quot;:&quot;0&quot;,&quot;credit&quot;:&quot;&quot;,&quot;camera&quot;:&quot;&quot;,&quot;caption&quot;:&quot;&quot;,&quot;created_timestamp&quot;:&quot;0&quot;,&quot;copyright&quot;:&quot;&quot;,&quot;focal_length&quot;:&quot;0&quot;,&quot;iso&quot;:&quot;0&quot;,&quot;shutter_speed&quot;:&quot;0&quot;,&quot;title&quot;:&quot;&quot;,&quot;orientation&quot;:&quot;1&quot;}\" data-image-title=\"Sem t\u00edtulo\" data-image-description=\"\" data-image-caption=\"\" data-medium-file=\"https:\/\/wp.ufpel.edu.br\/ppgbiotec\/files\/2019\/08\/Sem-t\u00edtulo-2-400x80.jpg\" data-large-file=\"https:\/\/wp.ufpel.edu.br\/ppgbiotec\/files\/2019\/08\/Sem-t\u00edtulo-2.jpg\" class=\"wp-image-4357 alignleft\" src=\"https:\/\/wp.ufpel.edu.br\/ppgbiotec\/files\/2019\/08\/Sem-t\u00edtulo-2-400x80.jpg\" alt=\"\" width=\"310\" height=\"62\" srcset=\"https:\/\/wp.ufpel.edu.br\/ppgbiotec\/files\/2019\/08\/Sem-t\u00edtulo-2-400x80.jpg 400w, https:\/\/wp.ufpel.edu.br\/ppgbiotec\/files\/2019\/08\/Sem-t\u00edtulo-2.jpg 498w\" sizes=\"(max-width: 310px) 100vw, 310px\" \/><\/p>\n<p style=\"text-align: justify;\"><span style=\"color: #000000;\">17:30 Credenciamento<\/span><\/p>\n<p style=\"text-align: justify;\"><span style=\"color: #000000;\">18:00 Cerim\u00f4nia de abertura &#8211; Profa. Mariana Remi\u00e3o (Coordenadora do projeto e egressa do doutorado do PPGBiotec), Prof. Vinicius Campos ( docente do PPGBiotec e coordenador de Inova\u00e7\u00e3o Tecnol\u00f3gica\/UFPel) e Prof. Odir Dellagostin (docente do PPGBiotec e diretor presidente da FAPERGS).<\/span><\/p>\n<p style=\"text-align: justify;\"><span style=\"color: #000000;\">18:30 Palestra: &#8220;Como transformar uma startup em uma empresa de sucesso: a vida dura de uma startup&#8221;<\/span><\/p>\n<p style=\"text-align: justify;\"><span style=\"color: #000000;\">19:30 Palestra: &#8220;Novos modelos de empresas na \u00e1rea da sa\u00fade&#8221;<\/span><\/p>\n<p style=\"text-align: justify;\"><span style=\"color: #000000;\">20:30 Palestra: &#8220;Comece pelo fim: a import\u00e2ncia de estrat\u00e9gia no marketing digital&#8221;\u00a0<\/span><\/p>\n<p style=\"text-align: justify;\"><span style=\"color: #000000;\">21:30 Encerramento<\/span><\/p>\n<p style=\"text-align: justify;\"><img data-attachment-id=\"4359\" data-permalink=\"https:\/\/wp.ufpel.edu.br\/ppgbiotec\/insercao-social\/ciclo-de-palestras-de-gestao-e-empreendedorismo\/iii-ciclo-de-palestras-de-gestao-e-empreendedorismo\/dsf0501-400x225\/\" data-orig-file=\"https:\/\/wp.ufpel.edu.br\/ppgbiotec\/files\/2019\/08\/DSF0501-400x225.jpg\" data-orig-size=\"400,225\" data-comments-opened=\"0\" data-image-meta=\"{&quot;aperture&quot;:&quot;0&quot;,&quot;credit&quot;:&quot;&quot;,&quot;camera&quot;:&quot;&quot;,&quot;caption&quot;:&quot;&quot;,&quot;created_timestamp&quot;:&quot;0&quot;,&quot;copyright&quot;:&quot;&quot;,&quot;focal_length&quot;:&quot;0&quot;,&quot;iso&quot;:&quot;0&quot;,&quot;shutter_speed&quot;:&quot;0&quot;,&quot;title&quot;:&quot;&quot;,&quot;orientation&quot;:&quot;0&quot;}\" data-image-title=\"DSF0501-400&amp;#215;225\" data-image-description=\"\" data-image-caption=\"\" data-medium-file=\"https:\/\/wp.ufpel.edu.br\/ppgbiotec\/files\/2019\/08\/DSF0501-400x225-400x225.jpg\" data-large-file=\"https:\/\/wp.ufpel.edu.br\/ppgbiotec\/files\/2019\/08\/DSF0501-400x225.jpg\" class=\"alignleft wp-image-4359 \" src=\"https:\/\/wp.ufpel.edu.br\/ppgbiotec\/files\/2019\/08\/DSF0501-400x225-400x225.jpg\" alt=\"\" width=\"302\" height=\"170\" \/> <img data-attachment-id=\"4360\" data-permalink=\"https:\/\/wp.ufpel.edu.br\/ppgbiotec\/insercao-social\/ciclo-de-palestras-de-gestao-e-empreendedorismo\/iii-ciclo-de-palestras-de-gestao-e-empreendedorismo\/dsf0519-400x225\/\" data-orig-file=\"https:\/\/wp.ufpel.edu.br\/ppgbiotec\/files\/2019\/08\/DSF0519-400x225.jpg\" data-orig-size=\"400,225\" data-comments-opened=\"0\" data-image-meta=\"{&quot;aperture&quot;:&quot;0&quot;,&quot;credit&quot;:&quot;&quot;,&quot;camera&quot;:&quot;&quot;,&quot;caption&quot;:&quot;&quot;,&quot;created_timestamp&quot;:&quot;0&quot;,&quot;copyright&quot;:&quot;&quot;,&quot;focal_length&quot;:&quot;0&quot;,&quot;iso&quot;:&quot;0&quot;,&quot;shutter_speed&quot;:&quot;0&quot;,&quot;title&quot;:&quot;&quot;,&quot;orientation&quot;:&quot;0&quot;}\" data-image-title=\"DSF0519-400&amp;#215;225\" data-image-description=\"\" data-image-caption=\"\" data-medium-file=\"https:\/\/wp.ufpel.edu.br\/ppgbiotec\/files\/2019\/08\/DSF0519-400x225-400x225.jpg\" data-large-file=\"https:\/\/wp.ufpel.edu.br\/ppgbiotec\/files\/2019\/08\/DSF0519-400x225.jpg\" class=\"alignleft wp-image-4360 \" src=\"https:\/\/wp.ufpel.edu.br\/ppgbiotec\/files\/2019\/08\/DSF0519-400x225-400x225.jpg\" alt=\"\" width=\"300\" height=\"169\" \/> <img data-attachment-id=\"4358\" data-permalink=\"https:\/\/wp.ufpel.edu.br\/ppgbiotec\/insercao-social\/ciclo-de-palestras-de-gestao-e-empreendedorismo\/iii-ciclo-de-palestras-de-gestao-e-empreendedorismo\/dsf0496-400x225\/\" data-orig-file=\"https:\/\/wp.ufpel.edu.br\/ppgbiotec\/files\/2019\/08\/DSF0496-400x225.jpg\" data-orig-size=\"400,225\" data-comments-opened=\"0\" data-image-meta=\"{&quot;aperture&quot;:&quot;0&quot;,&quot;credit&quot;:&quot;&quot;,&quot;camera&quot;:&quot;&quot;,&quot;caption&quot;:&quot;&quot;,&quot;created_timestamp&quot;:&quot;0&quot;,&quot;copyright&quot;:&quot;&quot;,&quot;focal_length&quot;:&quot;0&quot;,&quot;iso&quot;:&quot;0&quot;,&quot;shutter_speed&quot;:&quot;0&quot;,&quot;title&quot;:&quot;&quot;,&quot;orientation&quot;:&quot;0&quot;}\" data-image-title=\"DSF0496-400&amp;#215;225\" data-image-description=\"\" data-image-caption=\"\" data-medium-file=\"https:\/\/wp.ufpel.edu.br\/ppgbiotec\/files\/2019\/08\/DSF0496-400x225-400x225.jpg\" data-large-file=\"https:\/\/wp.ufpel.edu.br\/ppgbiotec\/files\/2019\/08\/DSF0496-400x225.jpg\" class=\"wp-image-4358 aligncenter\" src=\"https:\/\/wp.ufpel.edu.br\/ppgbiotec\/files\/2019\/08\/DSF0496-400x225-400x225.jpg\" alt=\"\" width=\"301\" height=\"169\" \/><\/p>\n<p><img data-attachment-id=\"4361\" data-permalink=\"https:\/\/wp.ufpel.edu.br\/ppgbiotec\/insercao-social\/ciclo-de-palestras-de-gestao-e-empreendedorismo\/iii-ciclo-de-palestras-de-gestao-e-empreendedorismo\/dsf0533-400x225\/\" data-orig-file=\"https:\/\/wp.ufpel.edu.br\/ppgbiotec\/files\/2019\/08\/DSF0533-400x225.jpg\" data-orig-size=\"400,225\" data-comments-opened=\"0\" data-image-meta=\"{&quot;aperture&quot;:&quot;0&quot;,&quot;credit&quot;:&quot;&quot;,&quot;camera&quot;:&quot;&quot;,&quot;caption&quot;:&quot;&quot;,&quot;created_timestamp&quot;:&quot;0&quot;,&quot;copyright&quot;:&quot;&quot;,&quot;focal_length&quot;:&quot;0&quot;,&quot;iso&quot;:&quot;0&quot;,&quot;shutter_speed&quot;:&quot;0&quot;,&quot;title&quot;:&quot;&quot;,&quot;orientation&quot;:&quot;0&quot;}\" data-image-title=\"DSF0533-400&amp;#215;225\" data-image-description=\"\" data-image-caption=\"\" data-medium-file=\"https:\/\/wp.ufpel.edu.br\/ppgbiotec\/files\/2019\/08\/DSF0533-400x225-400x225.jpg\" data-large-file=\"https:\/\/wp.ufpel.edu.br\/ppgbiotec\/files\/2019\/08\/DSF0533-400x225.jpg\" class=\"wp-image-4361 alignnone\" src=\"https:\/\/wp.ufpel.edu.br\/ppgbiotec\/files\/2019\/08\/DSF0533-400x225-400x225.jpg\" alt=\"\" width=\"301\" height=\"169\" \/><img data-attachment-id=\"4362\" data-permalink=\"https:\/\/wp.ufpel.edu.br\/ppgbiotec\/insercao-social\/ciclo-de-palestras-de-gestao-e-empreendedorismo\/iii-ciclo-de-palestras-de-gestao-e-empreendedorismo\/dsf0544-400x225\/\" data-orig-file=\"https:\/\/wp.ufpel.edu.br\/ppgbiotec\/files\/2019\/08\/DSF0544-400x225.jpg\" data-orig-size=\"400,225\" data-comments-opened=\"0\" data-image-meta=\"{&quot;aperture&quot;:&quot;0&quot;,&quot;credit&quot;:&quot;&quot;,&quot;camera&quot;:&quot;&quot;,&quot;caption&quot;:&quot;&quot;,&quot;created_timestamp&quot;:&quot;0&quot;,&quot;copyright&quot;:&quot;&quot;,&quot;focal_length&quot;:&quot;0&quot;,&quot;iso&quot;:&quot;0&quot;,&quot;shutter_speed&quot;:&quot;0&quot;,&quot;title&quot;:&quot;&quot;,&quot;orientation&quot;:&quot;0&quot;}\" data-image-title=\"DSF0544-400&amp;#215;225\" data-image-description=\"\" data-image-caption=\"\" data-medium-file=\"https:\/\/wp.ufpel.edu.br\/ppgbiotec\/files\/2019\/08\/DSF0544-400x225-400x225.jpg\" data-large-file=\"https:\/\/wp.ufpel.edu.br\/ppgbiotec\/files\/2019\/08\/DSF0544-400x225.jpg\" class=\"wp-image-4362 alignleft\" src=\"https:\/\/wp.ufpel.edu.br\/ppgbiotec\/files\/2019\/08\/DSF0544-400x225-400x225.jpg\" alt=\"\" width=\"290\" height=\"163\" \/><\/p>\n","protected":false},"excerpt":{"rendered":"<p>III Ciclo de Palestras de Gest\u00e3o e Empreendedorismo Data: 26 de junho de 2019 Local: Audit\u00f3rio do Centro de P\u00f3s-Gradua\u00e7\u00e3o e Pesquisas em Ci\u00eancias Humanas, Sociais, Sociais Aplicadas, Artes e Linguagem (CEHUS) \u2013 UFPel &nbsp; 17:30 Credenciamento 18:00 Cerim\u00f4nia de abertura &#8211; Profa. Mariana Remi\u00e3o (Coordenadora do projeto e egressa do doutorado do PPGBiotec), Prof. [&hellip;]<\/p>\n","protected":false},"author":735,"featured_media":0,"parent":4036,"menu_order":3,"comment_status":"closed","ping_status":"closed","template":"","meta":{"jetpack_post_was_ever_published":false,"footnotes":""},"class_list":["post-4064","page","type-page","status-publish","hentry"],"jetpack_sharing_enabled":true,"_links":{"self":[{"href":"https:\/\/wp.ufpel.edu.br\/ppgbiotec\/wp-json\/wp\/v2\/pages\/4064","targetHints":{"allow":["GET"]}}],"collection":[{"href":"https:\/\/wp.ufpel.edu.br\/ppgbiotec\/wp-json\/wp\/v2\/pages"}],"about":[{"href":"https:\/\/wp.ufpel.edu.br\/ppgbiotec\/wp-json\/wp\/v2\/types\/page"}],"author":[{"embeddable":true,"href":"https:\/\/wp.ufpel.edu.br\/ppgbiotec\/wp-json\/wp\/v2\/users\/735"}],"replies":[{"embeddable":true,"href":"https:\/\/wp.ufpel.edu.br\/ppgbiotec\/wp-json\/wp\/v2\/comments?post=4064"}],"version-history":[{"count":9,"href":"https:\/\/wp.ufpel.edu.br\/ppgbiotec\/wp-json\/wp\/v2\/pages\/4064\/revisions"}],"predecessor-version":[{"id":8036,"href":"https:\/\/wp.ufpel.edu.br\/ppgbiotec\/wp-json\/wp\/v2\/pages\/4064\/revisions\/8036"}],"up":[{"embeddable":true,"href":"https:\/\/wp.ufpel.edu.br\/ppgbiotec\/wp-json\/wp\/v2\/pages\/4036"}],"wp:attachment":[{"href":"https:\/\/wp.ufpel.edu.br\/ppgbiotec\/wp-json\/wp\/v2\/media?parent=4064"}],"curies":[{"name":"wp","href":"https:\/\/api.w.org\/{rel}","templated":true}]}}