{"id":4036,"date":"2019-08-05T16:23:29","date_gmt":"2019-08-05T19:23:29","guid":{"rendered":"https:\/\/wp.ufpel.edu.br\/ppgbiotec\/?page_id=4036"},"modified":"2021-03-26T20:46:18","modified_gmt":"2021-03-26T23:46:18","slug":"ciclo-de-palestras-de-gestao-e-empreendedorismo","status":"publish","type":"page","link":"https:\/\/wp.ufpel.edu.br\/ppgbiotec\/insercao-social\/ciclo-de-palestras-de-gestao-e-empreendedorismo\/","title":{"rendered":"Ciclo de palestras de Gest\u00e3o e Empreendedorismo"},"content":{"rendered":"<p style=\"text-align: justify\"><span style=\"color: #000000\">O Ciclo de Palestras de Gest\u00e3o e Empreendedorismo \u00e9 um projeto do curso de gradua\u00e7\u00e3o em Biotecnologia, executado dentro da disciplina de Gest\u00e3o em Biotecnologia.\u00a0O projeto coordenado pela professora Mariana H\u00e4rter Remi\u00e3o tem como objetivo estimular o empreendedorismo no ambiente acad\u00eamico. Trazendo palestrantes com trajet\u00f3rias de sucesso ou que possuam conhecimento para gest\u00e3o de empresas e conhecimento da legisla\u00e7\u00e3o, o evento visa sanar d\u00favidas e mostrar que esta \u00e9 uma alternativa de carreira profissional poss\u00edvel e que existem institui\u00e7\u00f5es e investidores interessados nos profissionais formados nas universidades.<\/span><\/p>\n<p style=\"text-align: justify\"><span style=\"color: #000000\">O Ciclo de Palestras de Gest\u00e3o e Empreendedorismo \u00e9\u00a0um evento voltado \u00e0 comunidade acad\u00eamica mas aberto a popula\u00e7\u00e3o em geral. Por ser um evento de car\u00e1ter gratuito, conta com a colabora\u00e7\u00e3o de empresas interessadas na dissemina\u00e7\u00e3o do empreendedorismo entre os jovens, bem como com a disponibilidade de palestrantes a dividir seus conhecimentos e experi\u00eancias.<\/span><\/p>\n<p style=\"text-align: justify\"><span style=\"color: #000000\"><a style=\"color: #000000\" href=\"https:\/\/wp.ufpel.edu.br\/ppgbiotec\/i-ciclo-de-palestras-de-gestao-e-empreendedorismo\" target=\"_blank\" rel=\"noopener noreferrer\">I Ciclo de Palestras de Gest\u00e3o e Empreendedorismo<\/a><\/span><\/p>\n<p style=\"text-align: justify\"><span style=\"color: #000000\"><a style=\"color: #000000\" href=\"https:\/\/wp.ufpel.edu.br\/ppgbiotec\/ii-ciclo-de-palestras-de-gestao-e-empreendedorismo\" target=\"_blank\" rel=\"noopener noreferrer\">II Ciclo de Palestras de Gest\u00e3o e Empreendedorismo<\/a><\/span><\/p>\n<p style=\"text-align: justify\"><span style=\"color: #000000\"><a style=\"color: #000000\" href=\"https:\/\/wp.ufpel.edu.br\/ppgbiotec\/insercao-social\/ciclo-de-palestras-de-gestao-e-empreendedorismo\/iii-ciclo-de-palestras-de-gestao-e-empreendedorismo\" target=\"_blank\" rel=\"noopener noreferrer\">III Ciclo de Palestras de Gest\u00e3o e Empreendedorismo<\/a><\/span><\/p>\n","protected":false},"excerpt":{"rendered":"<p>O Ciclo de Palestras de Gest\u00e3o e Empreendedorismo \u00e9 um projeto do curso de gradua\u00e7\u00e3o em Biotecnologia, executado dentro da disciplina de Gest\u00e3o em Biotecnologia.\u00a0O projeto coordenado pela professora Mariana H\u00e4rter Remi\u00e3o tem como objetivo estimular o empreendedorismo no ambiente acad\u00eamico. Trazendo palestrantes com trajet\u00f3rias de sucesso ou que possuam conhecimento para gest\u00e3o de empresas [&hellip;]<\/p>\n","protected":false},"author":735,"featured_media":0,"parent":3874,"menu_order":2,"comment_status":"closed","ping_status":"closed","template":"","meta":{"jetpack_post_was_ever_published":false,"footnotes":""},"class_list":["post-4036","page","type-page","status-publish","hentry"],"jetpack_sharing_enabled":true,"_links":{"self":[{"href":"https:\/\/wp.ufpel.edu.br\/ppgbiotec\/wp-json\/wp\/v2\/pages\/4036","targetHints":{"allow":["GET"]}}],"collection":[{"href":"https:\/\/wp.ufpel.edu.br\/ppgbiotec\/wp-json\/wp\/v2\/pages"}],"about":[{"href":"https:\/\/wp.ufpel.edu.br\/ppgbiotec\/wp-json\/wp\/v2\/types\/page"}],"author":[{"embeddable":true,"href":"https:\/\/wp.ufpel.edu.br\/ppgbiotec\/wp-json\/wp\/v2\/users\/735"}],"replies":[{"embeddable":true,"href":"https:\/\/wp.ufpel.edu.br\/ppgbiotec\/wp-json\/wp\/v2\/comments?post=4036"}],"version-history":[{"count":6,"href":"https:\/\/wp.ufpel.edu.br\/ppgbiotec\/wp-json\/wp\/v2\/pages\/4036\/revisions"}],"predecessor-version":[{"id":5785,"href":"https:\/\/wp.ufpel.edu.br\/ppgbiotec\/wp-json\/wp\/v2\/pages\/4036\/revisions\/5785"}],"up":[{"embeddable":true,"href":"https:\/\/wp.ufpel.edu.br\/ppgbiotec\/wp-json\/wp\/v2\/pages\/3874"}],"wp:attachment":[{"href":"https:\/\/wp.ufpel.edu.br\/ppgbiotec\/wp-json\/wp\/v2\/media?parent=4036"}],"curies":[{"name":"wp","href":"https:\/\/api.w.org\/{rel}","templated":true}]}}