{"id":4022,"date":"2019-08-05T15:55:10","date_gmt":"2019-08-05T18:55:10","guid":{"rendered":"https:\/\/wp.ufpel.edu.br\/ppgbiotec\/?page_id=4022"},"modified":"2020-10-22T15:12:45","modified_gmt":"2020-10-22T18:12:45","slug":"talk-science-crispr-o-photoshop-do-dna","status":"publish","type":"page","link":"https:\/\/wp.ufpel.edu.br\/ppgbiotec\/insercao-social\/talk-science\/talk-science-crispr-o-photoshop-do-dna\/","title":{"rendered":"Talk Science \u2013 CRISPR: o Photoshop\u00ae do DNA"},"content":{"rendered":"<p style=\"text-align: center\"><span style=\"color: #000000\"><strong><em>Talk Science \u2013 CRISPR: o Photoshop\u00ae do DNA<\/em><\/strong><\/span><\/p>\n<p style=\"text-align: center\"><span style=\"color: #000000\"><em>Data: 28 de junho de 2019<\/em><\/span><\/p>\n<p style=\"text-align: center\"><span style=\"color: #000000\"><em>Local: Boteco O Escrit\u00f3rio<\/em><\/span><\/p>\n<p style=\"text-align: justify\"><span style=\"color: #000000\">Na segunda edi\u00e7\u00e3o do evento o assunto permeou a fronteira do conhecimento, \u201cCRISPR: o Photoshop\u00ae do DNA\u201d. Essa ferramenta \u00e9 uma tecnologia revolucion\u00e1ria de edi\u00e7\u00e3o de genoma envolvida desde a fermenta\u00e7\u00e3o da cerveja at\u00e9 a produ\u00e7\u00e3o de transg\u00eanicos.<\/span><\/p>\n<p style=\"text-align: justify\"><span style=\"color: #000000\">No evento teve a participa\u00e7\u00e3o como mediadora da Profa. Tha\u00eds Larr\u00e9, docente da Gradua\u00e7\u00e3o em Biotecnologia e egressa do doutorado em Biotecnologia, na mesa redonda teve a participa\u00e7\u00e3o dos professores Tiago Collares, docente do PPGB e da Gradua\u00e7\u00e3o em Biotecnologia e Mariana Remi\u00e3o, docente da Gradua\u00e7\u00e3o em Biotecnologia, ambos egressos do doutorado do PPGB, a egressa do doutorado em Biotecnologia, Vivian Viana e o discente do doutorado em Biotecnologia William Domingues.<\/span><\/p>\n<p><img data-attachment-id=\"4024\" data-permalink=\"https:\/\/wp.ufpel.edu.br\/ppgbiotec\/insercao-social\/talk-science\/talk-science-crispr-o-photoshop-do-dna\/1-1-400x400\/\" data-orig-file=\"https:\/\/wp.ufpel.edu.br\/ppgbiotec\/files\/2019\/08\/1-1-400x400.jpg\" data-orig-size=\"400,400\" data-comments-opened=\"0\" data-image-meta=\"{&quot;aperture&quot;:&quot;0&quot;,&quot;credit&quot;:&quot;&quot;,&quot;camera&quot;:&quot;&quot;,&quot;caption&quot;:&quot;&quot;,&quot;created_timestamp&quot;:&quot;0&quot;,&quot;copyright&quot;:&quot;&quot;,&quot;focal_length&quot;:&quot;0&quot;,&quot;iso&quot;:&quot;0&quot;,&quot;shutter_speed&quot;:&quot;0&quot;,&quot;title&quot;:&quot;&quot;,&quot;orientation&quot;:&quot;0&quot;}\" data-image-title=\"1-1-400&amp;#215;400\" data-image-description=\"\" data-image-caption=\"\" data-medium-file=\"https:\/\/wp.ufpel.edu.br\/ppgbiotec\/files\/2019\/08\/1-1-400x400.jpg\" data-large-file=\"https:\/\/wp.ufpel.edu.br\/ppgbiotec\/files\/2019\/08\/1-1-400x400.jpg\" class=\"size-thumbnail wp-image-4024 alignleft\" src=\"https:\/\/wp.ufpel.edu.br\/ppgbiotec\/files\/2019\/08\/1-1-400x400-200x200.jpg\" alt=\"\" width=\"200\" height=\"200\" srcset=\"https:\/\/wp.ufpel.edu.br\/ppgbiotec\/files\/2019\/08\/1-1-400x400-200x200.jpg 200w, https:\/\/wp.ufpel.edu.br\/ppgbiotec\/files\/2019\/08\/1-1-400x400.jpg 400w\" sizes=\"(max-width: 200px) 100vw, 200px\" \/>\u00a0 <img data-attachment-id=\"4330\" data-permalink=\"https:\/\/wp.ufpel.edu.br\/ppgbiotec\/insercao-social\/talk-science\/talk-science-crispr-o-photoshop-do-dna\/9-2\/\" data-orig-file=\"https:\/\/wp.ufpel.edu.br\/ppgbiotec\/files\/2019\/08\/9-2.jpg\" data-orig-size=\"1280,1278\" data-comments-opened=\"0\" data-image-meta=\"{&quot;aperture&quot;:&quot;0&quot;,&quot;credit&quot;:&quot;&quot;,&quot;camera&quot;:&quot;&quot;,&quot;caption&quot;:&quot;&quot;,&quot;created_timestamp&quot;:&quot;0&quot;,&quot;copyright&quot;:&quot;&quot;,&quot;focal_length&quot;:&quot;0&quot;,&quot;iso&quot;:&quot;0&quot;,&quot;shutter_speed&quot;:&quot;0&quot;,&quot;title&quot;:&quot;&quot;,&quot;orientation&quot;:&quot;0&quot;}\" data-image-title=\"9 (2)\" data-image-description=\"\" data-image-caption=\"\" data-medium-file=\"https:\/\/wp.ufpel.edu.br\/ppgbiotec\/files\/2019\/08\/9-2-400x400.jpg\" data-large-file=\"https:\/\/wp.ufpel.edu.br\/ppgbiotec\/files\/2019\/08\/9-2-1024x1022.jpg\" class=\"size-thumbnail wp-image-4330 alignleft\" src=\"https:\/\/wp.ufpel.edu.br\/ppgbiotec\/files\/2019\/08\/9-2-200x200.jpg\" alt=\"\" width=\"200\" height=\"200\" srcset=\"https:\/\/wp.ufpel.edu.br\/ppgbiotec\/files\/2019\/08\/9-2-200x200.jpg 200w, https:\/\/wp.ufpel.edu.br\/ppgbiotec\/files\/2019\/08\/9-2-400x400.jpg 400w, https:\/\/wp.ufpel.edu.br\/ppgbiotec\/files\/2019\/08\/9-2-768x767.jpg 768w, https:\/\/wp.ufpel.edu.br\/ppgbiotec\/files\/2019\/08\/9-2-1024x1022.jpg 1024w, https:\/\/wp.ufpel.edu.br\/ppgbiotec\/files\/2019\/08\/9-2.jpg 1280w\" sizes=\"(max-width: 200px) 100vw, 200px\" \/>\u00a0\u00a0<img data-attachment-id=\"4324\" data-permalink=\"https:\/\/wp.ufpel.edu.br\/ppgbiotec\/insercao-social\/talk-science\/talk-science-crispr-o-photoshop-do-dna\/10-1\/\" data-orig-file=\"https:\/\/wp.ufpel.edu.br\/ppgbiotec\/files\/2019\/08\/10-1.jpg\" data-orig-size=\"1773,1772\" data-comments-opened=\"0\" data-image-meta=\"{&quot;aperture&quot;:&quot;0&quot;,&quot;credit&quot;:&quot;&quot;,&quot;camera&quot;:&quot;&quot;,&quot;caption&quot;:&quot;&quot;,&quot;created_timestamp&quot;:&quot;0&quot;,&quot;copyright&quot;:&quot;&quot;,&quot;focal_length&quot;:&quot;0&quot;,&quot;iso&quot;:&quot;0&quot;,&quot;shutter_speed&quot;:&quot;0&quot;,&quot;title&quot;:&quot;&quot;,&quot;orientation&quot;:&quot;0&quot;}\" data-image-title=\"10 (1)\" data-image-description=\"\" data-image-caption=\"\" data-medium-file=\"https:\/\/wp.ufpel.edu.br\/ppgbiotec\/files\/2019\/08\/10-1-400x400.jpg\" data-large-file=\"https:\/\/wp.ufpel.edu.br\/ppgbiotec\/files\/2019\/08\/10-1-1024x1024.jpg\" class=\"size-thumbnail wp-image-4324 alignleft\" src=\"https:\/\/wp.ufpel.edu.br\/ppgbiotec\/files\/2019\/08\/10-1-200x200.jpg\" alt=\"\" width=\"200\" height=\"200\" srcset=\"https:\/\/wp.ufpel.edu.br\/ppgbiotec\/files\/2019\/08\/10-1-200x200.jpg 200w, https:\/\/wp.ufpel.edu.br\/ppgbiotec\/files\/2019\/08\/10-1-400x400.jpg 400w, https:\/\/wp.ufpel.edu.br\/ppgbiotec\/files\/2019\/08\/10-1-768x768.jpg 768w, https:\/\/wp.ufpel.edu.br\/ppgbiotec\/files\/2019\/08\/10-1-1024x1024.jpg 1024w, https:\/\/wp.ufpel.edu.br\/ppgbiotec\/files\/2019\/08\/10-1.jpg 1773w\" sizes=\"(max-width: 200px) 100vw, 200px\" \/>\u00a0 <img data-attachment-id=\"4328\" data-permalink=\"https:\/\/wp.ufpel.edu.br\/ppgbiotec\/insercao-social\/talk-science\/talk-science-crispr-o-photoshop-do-dna\/attachment\/6\/\" data-orig-file=\"https:\/\/wp.ufpel.edu.br\/ppgbiotec\/files\/2019\/08\/6.jpg\" data-orig-size=\"1280,1278\" data-comments-opened=\"0\" data-image-meta=\"{&quot;aperture&quot;:&quot;0&quot;,&quot;credit&quot;:&quot;&quot;,&quot;camera&quot;:&quot;&quot;,&quot;caption&quot;:&quot;&quot;,&quot;created_timestamp&quot;:&quot;0&quot;,&quot;copyright&quot;:&quot;&quot;,&quot;focal_length&quot;:&quot;0&quot;,&quot;iso&quot;:&quot;0&quot;,&quot;shutter_speed&quot;:&quot;0&quot;,&quot;title&quot;:&quot;&quot;,&quot;orientation&quot;:&quot;0&quot;}\" data-image-title=\"6\" data-image-description=\"\" data-image-caption=\"\" data-medium-file=\"https:\/\/wp.ufpel.edu.br\/ppgbiotec\/files\/2019\/08\/6-400x400.jpg\" data-large-file=\"https:\/\/wp.ufpel.edu.br\/ppgbiotec\/files\/2019\/08\/6-1024x1022.jpg\" class=\"size-thumbnail wp-image-4328 alignleft\" src=\"https:\/\/wp.ufpel.edu.br\/ppgbiotec\/files\/2019\/08\/6-200x200.jpg\" alt=\"\" width=\"200\" height=\"200\" srcset=\"https:\/\/wp.ufpel.edu.br\/ppgbiotec\/files\/2019\/08\/6-200x200.jpg 200w, https:\/\/wp.ufpel.edu.br\/ppgbiotec\/files\/2019\/08\/6-400x400.jpg 400w, https:\/\/wp.ufpel.edu.br\/ppgbiotec\/files\/2019\/08\/6-768x767.jpg 768w, https:\/\/wp.ufpel.edu.br\/ppgbiotec\/files\/2019\/08\/6-1024x1022.jpg 1024w, https:\/\/wp.ufpel.edu.br\/ppgbiotec\/files\/2019\/08\/6.jpg 1280w\" sizes=\"(max-width: 200px) 100vw, 200px\" \/> \u00a0<img data-attachment-id=\"4329\" data-permalink=\"https:\/\/wp.ufpel.edu.br\/ppgbiotec\/insercao-social\/talk-science\/talk-science-crispr-o-photoshop-do-dna\/attachment\/7\/\" data-orig-file=\"https:\/\/wp.ufpel.edu.br\/ppgbiotec\/files\/2019\/08\/7.jpg\" data-orig-size=\"1773,1772\" data-comments-opened=\"0\" data-image-meta=\"{&quot;aperture&quot;:&quot;0&quot;,&quot;credit&quot;:&quot;&quot;,&quot;camera&quot;:&quot;&quot;,&quot;caption&quot;:&quot;&quot;,&quot;created_timestamp&quot;:&quot;0&quot;,&quot;copyright&quot;:&quot;&quot;,&quot;focal_length&quot;:&quot;0&quot;,&quot;iso&quot;:&quot;0&quot;,&quot;shutter_speed&quot;:&quot;0&quot;,&quot;title&quot;:&quot;&quot;,&quot;orientation&quot;:&quot;0&quot;}\" data-image-title=\"7\" data-image-description=\"\" data-image-caption=\"\" data-medium-file=\"https:\/\/wp.ufpel.edu.br\/ppgbiotec\/files\/2019\/08\/7-400x400.jpg\" data-large-file=\"https:\/\/wp.ufpel.edu.br\/ppgbiotec\/files\/2019\/08\/7-1024x1024.jpg\" class=\"size-thumbnail wp-image-4329 alignleft\" src=\"https:\/\/wp.ufpel.edu.br\/ppgbiotec\/files\/2019\/08\/7-200x200.jpg\" alt=\"\" width=\"200\" height=\"200\" srcset=\"https:\/\/wp.ufpel.edu.br\/ppgbiotec\/files\/2019\/08\/7-200x200.jpg 200w, https:\/\/wp.ufpel.edu.br\/ppgbiotec\/files\/2019\/08\/7-400x400.jpg 400w, https:\/\/wp.ufpel.edu.br\/ppgbiotec\/files\/2019\/08\/7-768x768.jpg 768w, https:\/\/wp.ufpel.edu.br\/ppgbiotec\/files\/2019\/08\/7-1024x1024.jpg 1024w, https:\/\/wp.ufpel.edu.br\/ppgbiotec\/files\/2019\/08\/7.jpg 1773w\" sizes=\"(max-width: 200px) 100vw, 200px\" \/>\u00a0 <img data-attachment-id=\"4331\" data-permalink=\"https:\/\/wp.ufpel.edu.br\/ppgbiotec\/insercao-social\/talk-science\/talk-science-crispr-o-photoshop-do-dna\/attachment\/8\/\" data-orig-file=\"https:\/\/wp.ufpel.edu.br\/ppgbiotec\/files\/2019\/08\/8.jpg\" data-orig-size=\"1773,1772\" data-comments-opened=\"0\" data-image-meta=\"{&quot;aperture&quot;:&quot;0&quot;,&quot;credit&quot;:&quot;&quot;,&quot;camera&quot;:&quot;&quot;,&quot;caption&quot;:&quot;&quot;,&quot;created_timestamp&quot;:&quot;0&quot;,&quot;copyright&quot;:&quot;&quot;,&quot;focal_length&quot;:&quot;0&quot;,&quot;iso&quot;:&quot;0&quot;,&quot;shutter_speed&quot;:&quot;0&quot;,&quot;title&quot;:&quot;&quot;,&quot;orientation&quot;:&quot;0&quot;}\" data-image-title=\"8\" data-image-description=\"\" data-image-caption=\"\" data-medium-file=\"https:\/\/wp.ufpel.edu.br\/ppgbiotec\/files\/2019\/08\/8-400x400.jpg\" data-large-file=\"https:\/\/wp.ufpel.edu.br\/ppgbiotec\/files\/2019\/08\/8-1024x1024.jpg\" class=\"size-thumbnail wp-image-4331 alignleft\" src=\"https:\/\/wp.ufpel.edu.br\/ppgbiotec\/files\/2019\/08\/8-200x200.jpg\" alt=\"\" width=\"200\" height=\"200\" srcset=\"https:\/\/wp.ufpel.edu.br\/ppgbiotec\/files\/2019\/08\/8-200x200.jpg 200w, https:\/\/wp.ufpel.edu.br\/ppgbiotec\/files\/2019\/08\/8-400x400.jpg 400w, https:\/\/wp.ufpel.edu.br\/ppgbiotec\/files\/2019\/08\/8-768x768.jpg 768w, https:\/\/wp.ufpel.edu.br\/ppgbiotec\/files\/2019\/08\/8-1024x1024.jpg 1024w, https:\/\/wp.ufpel.edu.br\/ppgbiotec\/files\/2019\/08\/8.jpg 1773w\" sizes=\"(max-width: 200px) 100vw, 200px\" \/>\u00a0 \u00a0 \u00a0 \u00a0 \u00a0 \u00a0 \u00a0 \u00a0 \u00a0 \u00a0 \u00a0 \u00a0 \u00a0 \u00a0 \u00a0 \u00a0 \u00a0 \u00a0 \u00a0 \u00a0 \u00a0 \u00a0 \u00a0 \u00a0 \u00a0 \u00a0 \u00a0 \u00a0 \u00a0 \u00a0 \u00a0 \u00a0 \u00a0 \u00a0 \u00a0 \u00a0 \u00a0 \u00a0 \u00a0 \u00a0 \u00a0 \u00a0 \u00a0 \u00a0 \u00a0\u00a0 <img data-attachment-id=\"4325\" data-permalink=\"https:\/\/wp.ufpel.edu.br\/ppgbiotec\/insercao-social\/talk-science\/talk-science-crispr-o-photoshop-do-dna\/2-1\/\" data-orig-file=\"https:\/\/wp.ufpel.edu.br\/ppgbiotec\/files\/2019\/08\/2-1.jpg\" data-orig-size=\"1280,960\" data-comments-opened=\"0\" data-image-meta=\"{&quot;aperture&quot;:&quot;0&quot;,&quot;credit&quot;:&quot;&quot;,&quot;camera&quot;:&quot;&quot;,&quot;caption&quot;:&quot;&quot;,&quot;created_timestamp&quot;:&quot;0&quot;,&quot;copyright&quot;:&quot;&quot;,&quot;focal_length&quot;:&quot;0&quot;,&quot;iso&quot;:&quot;0&quot;,&quot;shutter_speed&quot;:&quot;0&quot;,&quot;title&quot;:&quot;&quot;,&quot;orientation&quot;:&quot;0&quot;}\" data-image-title=\"2 (1)\" data-image-description=\"\" data-image-caption=\"\" data-medium-file=\"https:\/\/wp.ufpel.edu.br\/ppgbiotec\/files\/2019\/08\/2-1-400x300.jpg\" data-large-file=\"https:\/\/wp.ufpel.edu.br\/ppgbiotec\/files\/2019\/08\/2-1-1024x768.jpg\" class=\"size-thumbnail wp-image-4325 alignleft\" src=\"https:\/\/wp.ufpel.edu.br\/ppgbiotec\/files\/2019\/08\/2-1-200x200.jpg\" alt=\"\" width=\"200\" height=\"200\" \/> <img data-attachment-id=\"4326\" data-permalink=\"https:\/\/wp.ufpel.edu.br\/ppgbiotec\/insercao-social\/talk-science\/talk-science-crispr-o-photoshop-do-dna\/attachment\/3\/\" data-orig-file=\"https:\/\/wp.ufpel.edu.br\/ppgbiotec\/files\/2019\/08\/3.jpg\" data-orig-size=\"960,1087\" data-comments-opened=\"0\" data-image-meta=\"{&quot;aperture&quot;:&quot;0&quot;,&quot;credit&quot;:&quot;&quot;,&quot;camera&quot;:&quot;&quot;,&quot;caption&quot;:&quot;&quot;,&quot;created_timestamp&quot;:&quot;0&quot;,&quot;copyright&quot;:&quot;&quot;,&quot;focal_length&quot;:&quot;0&quot;,&quot;iso&quot;:&quot;0&quot;,&quot;shutter_speed&quot;:&quot;0&quot;,&quot;title&quot;:&quot;&quot;,&quot;orientation&quot;:&quot;0&quot;}\" data-image-title=\"3\" data-image-description=\"\" data-image-caption=\"\" data-medium-file=\"https:\/\/wp.ufpel.edu.br\/ppgbiotec\/files\/2019\/08\/3-353x400.jpg\" data-large-file=\"https:\/\/wp.ufpel.edu.br\/ppgbiotec\/files\/2019\/08\/3-904x1024.jpg\" class=\"size-thumbnail wp-image-4326 alignleft\" src=\"https:\/\/wp.ufpel.edu.br\/ppgbiotec\/files\/2019\/08\/3-200x200.jpg\" alt=\"\" width=\"200\" height=\"200\" \/> <img data-attachment-id=\"4327\" data-permalink=\"https:\/\/wp.ufpel.edu.br\/ppgbiotec\/insercao-social\/talk-science\/talk-science-crispr-o-photoshop-do-dna\/attachment\/4\/\" data-orig-file=\"https:\/\/wp.ufpel.edu.br\/ppgbiotec\/files\/2019\/08\/4.jpg\" data-orig-size=\"1280,960\" data-comments-opened=\"0\" data-image-meta=\"{&quot;aperture&quot;:&quot;0&quot;,&quot;credit&quot;:&quot;&quot;,&quot;camera&quot;:&quot;&quot;,&quot;caption&quot;:&quot;&quot;,&quot;created_timestamp&quot;:&quot;0&quot;,&quot;copyright&quot;:&quot;&quot;,&quot;focal_length&quot;:&quot;0&quot;,&quot;iso&quot;:&quot;0&quot;,&quot;shutter_speed&quot;:&quot;0&quot;,&quot;title&quot;:&quot;&quot;,&quot;orientation&quot;:&quot;0&quot;}\" data-image-title=\"4\" data-image-description=\"\" data-image-caption=\"\" data-medium-file=\"https:\/\/wp.ufpel.edu.br\/ppgbiotec\/files\/2019\/08\/4-400x300.jpg\" data-large-file=\"https:\/\/wp.ufpel.edu.br\/ppgbiotec\/files\/2019\/08\/4-1024x768.jpg\" class=\"size-thumbnail wp-image-4327 alignleft\" src=\"https:\/\/wp.ufpel.edu.br\/ppgbiotec\/files\/2019\/08\/4-200x200.jpg\" alt=\"\" width=\"200\" height=\"200\" \/><\/p>\n<p><img data-attachment-id=\"4028\" data-permalink=\"https:\/\/wp.ufpel.edu.br\/ppgbiotec\/insercao-social\/talk-science\/talk-science-crispr-o-photoshop-do-dna\/5-1-400x300\/\" data-orig-file=\"https:\/\/wp.ufpel.edu.br\/ppgbiotec\/files\/2019\/08\/5-1-400x300.jpg\" data-orig-size=\"400,300\" data-comments-opened=\"0\" data-image-meta=\"{&quot;aperture&quot;:&quot;0&quot;,&quot;credit&quot;:&quot;&quot;,&quot;camera&quot;:&quot;&quot;,&quot;caption&quot;:&quot;&quot;,&quot;created_timestamp&quot;:&quot;0&quot;,&quot;copyright&quot;:&quot;&quot;,&quot;focal_length&quot;:&quot;0&quot;,&quot;iso&quot;:&quot;0&quot;,&quot;shutter_speed&quot;:&quot;0&quot;,&quot;title&quot;:&quot;&quot;,&quot;orientation&quot;:&quot;0&quot;}\" data-image-title=\"5-1-400&amp;#215;300\" data-image-description=\"\" data-image-caption=\"\" data-medium-file=\"https:\/\/wp.ufpel.edu.br\/ppgbiotec\/files\/2019\/08\/5-1-400x300-400x300.jpg\" data-large-file=\"https:\/\/wp.ufpel.edu.br\/ppgbiotec\/files\/2019\/08\/5-1-400x300.jpg\" class=\"size-thumbnail wp-image-4028 alignleft\" src=\"https:\/\/wp.ufpel.edu.br\/ppgbiotec\/files\/2019\/08\/5-1-400x300-200x200.jpg\" alt=\"\" width=\"200\" height=\"200\" \/><\/p>\n<p>&nbsp;<\/p>\n<p style=\"text-align: center\">\n","protected":false},"excerpt":{"rendered":"<p>Talk Science \u2013 CRISPR: o Photoshop\u00ae do DNA Data: 28 de junho de 2019 Local: Boteco O Escrit\u00f3rio Na segunda edi\u00e7\u00e3o do evento o assunto permeou a fronteira do conhecimento, \u201cCRISPR: o Photoshop\u00ae do DNA\u201d. Essa ferramenta \u00e9 uma tecnologia revolucion\u00e1ria de edi\u00e7\u00e3o de genoma envolvida desde a fermenta\u00e7\u00e3o da cerveja at\u00e9 a produ\u00e7\u00e3o de [&hellip;]<\/p>\n","protected":false},"author":735,"featured_media":0,"parent":4007,"menu_order":2,"comment_status":"closed","ping_status":"closed","template":"","meta":{"jetpack_post_was_ever_published":false,"footnotes":""},"class_list":["post-4022","page","type-page","status-publish","hentry"],"jetpack_sharing_enabled":true,"_links":{"self":[{"href":"https:\/\/wp.ufpel.edu.br\/ppgbiotec\/wp-json\/wp\/v2\/pages\/4022","targetHints":{"allow":["GET"]}}],"collection":[{"href":"https:\/\/wp.ufpel.edu.br\/ppgbiotec\/wp-json\/wp\/v2\/pages"}],"about":[{"href":"https:\/\/wp.ufpel.edu.br\/ppgbiotec\/wp-json\/wp\/v2\/types\/page"}],"author":[{"embeddable":true,"href":"https:\/\/wp.ufpel.edu.br\/ppgbiotec\/wp-json\/wp\/v2\/users\/735"}],"replies":[{"embeddable":true,"href":"https:\/\/wp.ufpel.edu.br\/ppgbiotec\/wp-json\/wp\/v2\/comments?post=4022"}],"version-history":[{"count":8,"href":"https:\/\/wp.ufpel.edu.br\/ppgbiotec\/wp-json\/wp\/v2\/pages\/4022\/revisions"}],"predecessor-version":[{"id":5316,"href":"https:\/\/wp.ufpel.edu.br\/ppgbiotec\/wp-json\/wp\/v2\/pages\/4022\/revisions\/5316"}],"up":[{"embeddable":true,"href":"https:\/\/wp.ufpel.edu.br\/ppgbiotec\/wp-json\/wp\/v2\/pages\/4007"}],"wp:attachment":[{"href":"https:\/\/wp.ufpel.edu.br\/ppgbiotec\/wp-json\/wp\/v2\/media?parent=4022"}],"curies":[{"name":"wp","href":"https:\/\/api.w.org\/{rel}","templated":true}]}}