{"id":4011,"date":"2019-08-05T15:51:10","date_gmt":"2019-08-05T18:51:10","guid":{"rendered":"https:\/\/wp.ufpel.edu.br\/ppgbiotec\/?page_id=4011"},"modified":"2020-10-22T15:09:48","modified_gmt":"2020-10-22T18:09:48","slug":"talk-science-internacionalizacao-da-ciencia-a-nivel-graduacao-e-pos-graduacao","status":"publish","type":"page","link":"https:\/\/wp.ufpel.edu.br\/ppgbiotec\/insercao-social\/talk-science\/talk-science-internacionalizacao-da-ciencia-a-nivel-graduacao-e-pos-graduacao\/","title":{"rendered":"Talk Science \u2013 Internacionaliza\u00e7\u00e3o da ci\u00eancia a n\u00edvel gradua\u00e7\u00e3o e p\u00f3s-gradua\u00e7\u00e3o"},"content":{"rendered":"<p style=\"text-align: center\"><span style=\"color: #000000\"><strong><em>Talk Science \u2013 Internacionaliza\u00e7\u00e3o da ci\u00eancia<\/em><\/strong><\/span><\/p>\n<p style=\"text-align: center\"><span style=\"color: #000000\"><em>Data: 03 de julho de 2018<\/em><\/span><\/p>\n<p style=\"text-align: center\"><span style=\"color: #000000\"><em>Local: FairPlay Restopub<\/em><\/span><\/p>\n<p style=\"text-align: justify\"><span style=\"color: #000000\">A primeira edi\u00e7\u00e3o desse evento ocorreu na mesma semana do Simp\u00f3sio de Biotecnologia, em um pub da cidade com diversas op\u00e7\u00f5es gastron\u00f4micas e com variedade de cervejas artesanais, al\u00e9m de uma programa\u00e7\u00e3o exclusiva que contou com a presen\u00e7a de diversos palestrantes para debate e exposi\u00e7\u00e3o do tema: \u201cInternacionaliza\u00e7\u00e3o da ci\u00eancia a n\u00edvel gradua\u00e7\u00e3o e p\u00f3s-gradua\u00e7\u00e3o\u201d.<\/span><\/p>\n<p style=\"text-align: justify\"><span style=\"color: #000000\">No evento participaram juntamente com os alunos da gradua\u00e7\u00e3o em Biotecnologia, o Prof. Alan John Alexander McBride, docente do PPGB e da Gradua\u00e7\u00e3o em Biotecnologia, as discentes do doutorado em Biotecnologia Camila Bender, Martha Ruiz e Nat\u00e1lia Segatto, os egressos do doutorado em Biotecnologia Bianca Siedler e Carlos Eduardo Cunha e a egressa do mestrado em Biotecnologia e p\u00f3s- doutoranda do Programa, Carolina F\u00e9lix.<\/span><\/p>\n<p><img data-attachment-id=\"4017\" data-permalink=\"https:\/\/wp.ufpel.edu.br\/ppgbiotec\/insercao-social\/talk-science\/talk-science-internacionalizacao-da-ciencia-a-nivel-graduacao-e-pos-graduacao\/7-1-400x400\/\" data-orig-file=\"https:\/\/wp.ufpel.edu.br\/ppgbiotec\/files\/2019\/08\/7-1-400x400.jpg\" data-orig-size=\"400,400\" data-comments-opened=\"0\" data-image-meta=\"{&quot;aperture&quot;:&quot;0&quot;,&quot;credit&quot;:&quot;&quot;,&quot;camera&quot;:&quot;&quot;,&quot;caption&quot;:&quot;&quot;,&quot;created_timestamp&quot;:&quot;0&quot;,&quot;copyright&quot;:&quot;&quot;,&quot;focal_length&quot;:&quot;0&quot;,&quot;iso&quot;:&quot;0&quot;,&quot;shutter_speed&quot;:&quot;0&quot;,&quot;title&quot;:&quot;&quot;,&quot;orientation&quot;:&quot;0&quot;}\" data-image-title=\"7-1-400&amp;#215;400\" data-image-description=\"\" data-image-caption=\"\" data-medium-file=\"https:\/\/wp.ufpel.edu.br\/ppgbiotec\/files\/2019\/08\/7-1-400x400.jpg\" data-large-file=\"https:\/\/wp.ufpel.edu.br\/ppgbiotec\/files\/2019\/08\/7-1-400x400.jpg\" class=\"size-thumbnail wp-image-4017 alignleft\" src=\"https:\/\/wp.ufpel.edu.br\/ppgbiotec\/files\/2019\/08\/7-1-400x400-200x200.jpg\" alt=\"\" width=\"200\" height=\"200\" srcset=\"https:\/\/wp.ufpel.edu.br\/ppgbiotec\/files\/2019\/08\/7-1-400x400-200x200.jpg 200w, https:\/\/wp.ufpel.edu.br\/ppgbiotec\/files\/2019\/08\/7-1-400x400.jpg 400w\" sizes=\"(max-width: 200px) 100vw, 200px\" \/> \u00a0<img data-attachment-id=\"4315\" data-permalink=\"https:\/\/wp.ufpel.edu.br\/ppgbiotec\/insercao-social\/talk-science\/talk-science-internacionalizacao-da-ciencia-a-nivel-graduacao-e-pos-graduacao\/attachment\/9\/\" data-orig-file=\"https:\/\/wp.ufpel.edu.br\/ppgbiotec\/files\/2019\/08\/9.jpg\" data-orig-size=\"1773,1772\" data-comments-opened=\"0\" data-image-meta=\"{&quot;aperture&quot;:&quot;0&quot;,&quot;credit&quot;:&quot;&quot;,&quot;camera&quot;:&quot;&quot;,&quot;caption&quot;:&quot;&quot;,&quot;created_timestamp&quot;:&quot;0&quot;,&quot;copyright&quot;:&quot;&quot;,&quot;focal_length&quot;:&quot;0&quot;,&quot;iso&quot;:&quot;0&quot;,&quot;shutter_speed&quot;:&quot;0&quot;,&quot;title&quot;:&quot;&quot;,&quot;orientation&quot;:&quot;0&quot;}\" data-image-title=\"9\" data-image-description=\"\" data-image-caption=\"\" data-medium-file=\"https:\/\/wp.ufpel.edu.br\/ppgbiotec\/files\/2019\/08\/9-400x400.jpg\" data-large-file=\"https:\/\/wp.ufpel.edu.br\/ppgbiotec\/files\/2019\/08\/9-1024x1024.jpg\" class=\"size-thumbnail wp-image-4315 alignleft\" src=\"https:\/\/wp.ufpel.edu.br\/ppgbiotec\/files\/2019\/08\/9-200x200.jpg\" alt=\"\" width=\"200\" height=\"200\" srcset=\"https:\/\/wp.ufpel.edu.br\/ppgbiotec\/files\/2019\/08\/9-200x200.jpg 200w, https:\/\/wp.ufpel.edu.br\/ppgbiotec\/files\/2019\/08\/9-400x400.jpg 400w, https:\/\/wp.ufpel.edu.br\/ppgbiotec\/files\/2019\/08\/9-768x768.jpg 768w, https:\/\/wp.ufpel.edu.br\/ppgbiotec\/files\/2019\/08\/9-1024x1024.jpg 1024w, https:\/\/wp.ufpel.edu.br\/ppgbiotec\/files\/2019\/08\/9.jpg 1773w\" sizes=\"(max-width: 200px) 100vw, 200px\" \/>\u00a0<img data-attachment-id=\"4318\" data-permalink=\"https:\/\/wp.ufpel.edu.br\/ppgbiotec\/insercao-social\/talk-science\/talk-science-internacionalizacao-da-ciencia-a-nivel-graduacao-e-pos-graduacao\/12-1\/\" data-orig-file=\"https:\/\/wp.ufpel.edu.br\/ppgbiotec\/files\/2019\/08\/12-1.jpg\" data-orig-size=\"1773,1772\" data-comments-opened=\"0\" data-image-meta=\"{&quot;aperture&quot;:&quot;0&quot;,&quot;credit&quot;:&quot;&quot;,&quot;camera&quot;:&quot;&quot;,&quot;caption&quot;:&quot;&quot;,&quot;created_timestamp&quot;:&quot;0&quot;,&quot;copyright&quot;:&quot;&quot;,&quot;focal_length&quot;:&quot;0&quot;,&quot;iso&quot;:&quot;0&quot;,&quot;shutter_speed&quot;:&quot;0&quot;,&quot;title&quot;:&quot;&quot;,&quot;orientation&quot;:&quot;0&quot;}\" data-image-title=\"12 (1)\" data-image-description=\"\" data-image-caption=\"\" data-medium-file=\"https:\/\/wp.ufpel.edu.br\/ppgbiotec\/files\/2019\/08\/12-1-400x400.jpg\" data-large-file=\"https:\/\/wp.ufpel.edu.br\/ppgbiotec\/files\/2019\/08\/12-1-1024x1024.jpg\" class=\"size-thumbnail wp-image-4318 alignleft\" src=\"https:\/\/wp.ufpel.edu.br\/ppgbiotec\/files\/2019\/08\/12-1-200x200.jpg\" alt=\"\" width=\"200\" height=\"200\" srcset=\"https:\/\/wp.ufpel.edu.br\/ppgbiotec\/files\/2019\/08\/12-1-200x200.jpg 200w, https:\/\/wp.ufpel.edu.br\/ppgbiotec\/files\/2019\/08\/12-1-400x400.jpg 400w, https:\/\/wp.ufpel.edu.br\/ppgbiotec\/files\/2019\/08\/12-1-768x768.jpg 768w, https:\/\/wp.ufpel.edu.br\/ppgbiotec\/files\/2019\/08\/12-1-1024x1024.jpg 1024w, https:\/\/wp.ufpel.edu.br\/ppgbiotec\/files\/2019\/08\/12-1.jpg 1773w\" sizes=\"(max-width: 200px) 100vw, 200px\" \/> \u00a0<img data-attachment-id=\"4317\" data-permalink=\"https:\/\/wp.ufpel.edu.br\/ppgbiotec\/insercao-social\/talk-science\/talk-science-internacionalizacao-da-ciencia-a-nivel-graduacao-e-pos-graduacao\/11-1\/\" data-orig-file=\"https:\/\/wp.ufpel.edu.br\/ppgbiotec\/files\/2019\/08\/11-1.jpg\" data-orig-size=\"1773,1772\" data-comments-opened=\"0\" data-image-meta=\"{&quot;aperture&quot;:&quot;0&quot;,&quot;credit&quot;:&quot;&quot;,&quot;camera&quot;:&quot;&quot;,&quot;caption&quot;:&quot;&quot;,&quot;created_timestamp&quot;:&quot;0&quot;,&quot;copyright&quot;:&quot;&quot;,&quot;focal_length&quot;:&quot;0&quot;,&quot;iso&quot;:&quot;0&quot;,&quot;shutter_speed&quot;:&quot;0&quot;,&quot;title&quot;:&quot;&quot;,&quot;orientation&quot;:&quot;0&quot;}\" data-image-title=\"11 (1)\" data-image-description=\"\" data-image-caption=\"\" data-medium-file=\"https:\/\/wp.ufpel.edu.br\/ppgbiotec\/files\/2019\/08\/11-1-400x400.jpg\" data-large-file=\"https:\/\/wp.ufpel.edu.br\/ppgbiotec\/files\/2019\/08\/11-1-1024x1024.jpg\" class=\"size-thumbnail wp-image-4317 alignleft\" src=\"https:\/\/wp.ufpel.edu.br\/ppgbiotec\/files\/2019\/08\/11-1-200x200.jpg\" alt=\"\" width=\"200\" height=\"200\" srcset=\"https:\/\/wp.ufpel.edu.br\/ppgbiotec\/files\/2019\/08\/11-1-200x200.jpg 200w, https:\/\/wp.ufpel.edu.br\/ppgbiotec\/files\/2019\/08\/11-1-400x400.jpg 400w, https:\/\/wp.ufpel.edu.br\/ppgbiotec\/files\/2019\/08\/11-1-768x768.jpg 768w, https:\/\/wp.ufpel.edu.br\/ppgbiotec\/files\/2019\/08\/11-1-1024x1024.jpg 1024w, https:\/\/wp.ufpel.edu.br\/ppgbiotec\/files\/2019\/08\/11-1.jpg 1773w\" sizes=\"(max-width: 200px) 100vw, 200px\" \/> <img data-attachment-id=\"4316\" data-permalink=\"https:\/\/wp.ufpel.edu.br\/ppgbiotec\/insercao-social\/talk-science\/talk-science-internacionalizacao-da-ciencia-a-nivel-graduacao-e-pos-graduacao\/attachment\/10\/\" data-orig-file=\"https:\/\/wp.ufpel.edu.br\/ppgbiotec\/files\/2019\/08\/10.jpg\" data-orig-size=\"1280,1279\" data-comments-opened=\"0\" data-image-meta=\"{&quot;aperture&quot;:&quot;0&quot;,&quot;credit&quot;:&quot;&quot;,&quot;camera&quot;:&quot;&quot;,&quot;caption&quot;:&quot;&quot;,&quot;created_timestamp&quot;:&quot;0&quot;,&quot;copyright&quot;:&quot;&quot;,&quot;focal_length&quot;:&quot;0&quot;,&quot;iso&quot;:&quot;0&quot;,&quot;shutter_speed&quot;:&quot;0&quot;,&quot;title&quot;:&quot;&quot;,&quot;orientation&quot;:&quot;0&quot;}\" data-image-title=\"10\" data-image-description=\"\" data-image-caption=\"\" data-medium-file=\"https:\/\/wp.ufpel.edu.br\/ppgbiotec\/files\/2019\/08\/10-400x400.jpg\" data-large-file=\"https:\/\/wp.ufpel.edu.br\/ppgbiotec\/files\/2019\/08\/10-1024x1024.jpg\" class=\"size-thumbnail wp-image-4316 alignleft\" src=\"https:\/\/wp.ufpel.edu.br\/ppgbiotec\/files\/2019\/08\/10-200x200.jpg\" alt=\"\" width=\"200\" height=\"200\" srcset=\"https:\/\/wp.ufpel.edu.br\/ppgbiotec\/files\/2019\/08\/10-200x200.jpg 200w, https:\/\/wp.ufpel.edu.br\/ppgbiotec\/files\/2019\/08\/10-400x400.jpg 400w, https:\/\/wp.ufpel.edu.br\/ppgbiotec\/files\/2019\/08\/10-768x767.jpg 768w, https:\/\/wp.ufpel.edu.br\/ppgbiotec\/files\/2019\/08\/10-1024x1024.jpg 1024w, https:\/\/wp.ufpel.edu.br\/ppgbiotec\/files\/2019\/08\/10.jpg 1280w\" sizes=\"(max-width: 200px) 100vw, 200px\" \/>\u00a0<img data-attachment-id=\"4314\" data-permalink=\"https:\/\/wp.ufpel.edu.br\/ppgbiotec\/insercao-social\/talk-science\/talk-science-internacionalizacao-da-ciencia-a-nivel-graduacao-e-pos-graduacao\/alan\/\" data-orig-file=\"https:\/\/wp.ufpel.edu.br\/ppgbiotec\/files\/2019\/08\/Alan.jpg\" data-orig-size=\"645,430\" data-comments-opened=\"0\" data-image-meta=\"{&quot;aperture&quot;:&quot;0&quot;,&quot;credit&quot;:&quot;&quot;,&quot;camera&quot;:&quot;&quot;,&quot;caption&quot;:&quot;&quot;,&quot;created_timestamp&quot;:&quot;0&quot;,&quot;copyright&quot;:&quot;&quot;,&quot;focal_length&quot;:&quot;0&quot;,&quot;iso&quot;:&quot;0&quot;,&quot;shutter_speed&quot;:&quot;0&quot;,&quot;title&quot;:&quot;&quot;,&quot;orientation&quot;:&quot;0&quot;}\" data-image-title=\"Alan\" data-image-description=\"\" data-image-caption=\"\" data-medium-file=\"https:\/\/wp.ufpel.edu.br\/ppgbiotec\/files\/2019\/08\/Alan-400x267.jpg\" data-large-file=\"https:\/\/wp.ufpel.edu.br\/ppgbiotec\/files\/2019\/08\/Alan.jpg\" class=\"size-thumbnail wp-image-4314 alignleft\" src=\"https:\/\/wp.ufpel.edu.br\/ppgbiotec\/files\/2019\/08\/Alan-200x200.jpg\" alt=\"\" width=\"200\" height=\"200\" \/><span style=\"text-align: center\">\u00a0 \u00a0 \u00a0 \u00a0 \u00a0 \u00a0 \u00a0 \u00a0 \u00a0 \u00a0 \u00a0 \u00a0 \u00a0 \u00a0 \u00a0 \u00a0 \u00a0 \u00a0 \u00a0 \u00a0 <\/span><img data-attachment-id=\"4016\" data-permalink=\"https:\/\/wp.ufpel.edu.br\/ppgbiotec\/insercao-social\/talk-science\/talk-science-internacionalizacao-da-ciencia-a-nivel-graduacao-e-pos-graduacao\/6f66e88e65ab461f813e563d1c2cc828-400x267\/\" data-orig-file=\"https:\/\/wp.ufpel.edu.br\/ppgbiotec\/files\/2019\/08\/6F66E88E65AB461F813E563D1C2CC828-400x267.jpg\" data-orig-size=\"400,267\" data-comments-opened=\"0\" data-image-meta=\"{&quot;aperture&quot;:&quot;0&quot;,&quot;credit&quot;:&quot;&quot;,&quot;camera&quot;:&quot;&quot;,&quot;caption&quot;:&quot;&quot;,&quot;created_timestamp&quot;:&quot;0&quot;,&quot;copyright&quot;:&quot;&quot;,&quot;focal_length&quot;:&quot;0&quot;,&quot;iso&quot;:&quot;0&quot;,&quot;shutter_speed&quot;:&quot;0&quot;,&quot;title&quot;:&quot;&quot;,&quot;orientation&quot;:&quot;0&quot;}\" data-image-title=\"6F66E88E65AB461F813E563D1C2CC828-400&amp;#215;267\" data-image-description=\"\" data-image-caption=\"\" data-medium-file=\"https:\/\/wp.ufpel.edu.br\/ppgbiotec\/files\/2019\/08\/6F66E88E65AB461F813E563D1C2CC828-400x267-400x267.jpg\" data-large-file=\"https:\/\/wp.ufpel.edu.br\/ppgbiotec\/files\/2019\/08\/6F66E88E65AB461F813E563D1C2CC828-400x267.jpg\" class=\"size-thumbnail wp-image-4016 alignleft\" src=\"https:\/\/wp.ufpel.edu.br\/ppgbiotec\/files\/2019\/08\/6F66E88E65AB461F813E563D1C2CC828-400x267-200x200.jpg\" alt=\"\" width=\"200\" height=\"200\" \/> <img data-attachment-id=\"4014\" data-permalink=\"https:\/\/wp.ufpel.edu.br\/ppgbiotec\/insercao-social\/talk-science\/talk-science-internacionalizacao-da-ciencia-a-nivel-graduacao-e-pos-graduacao\/4-1-400x267\/\" data-orig-file=\"https:\/\/wp.ufpel.edu.br\/ppgbiotec\/files\/2019\/08\/4-1-400x267.jpg\" data-orig-size=\"400,267\" data-comments-opened=\"0\" data-image-meta=\"{&quot;aperture&quot;:&quot;0&quot;,&quot;credit&quot;:&quot;&quot;,&quot;camera&quot;:&quot;&quot;,&quot;caption&quot;:&quot;&quot;,&quot;created_timestamp&quot;:&quot;0&quot;,&quot;copyright&quot;:&quot;&quot;,&quot;focal_length&quot;:&quot;0&quot;,&quot;iso&quot;:&quot;0&quot;,&quot;shutter_speed&quot;:&quot;0&quot;,&quot;title&quot;:&quot;&quot;,&quot;orientation&quot;:&quot;0&quot;}\" data-image-title=\"4-1-400&amp;#215;267\" data-image-description=\"\" data-image-caption=\"\" data-medium-file=\"https:\/\/wp.ufpel.edu.br\/ppgbiotec\/files\/2019\/08\/4-1-400x267-400x267.jpg\" data-large-file=\"https:\/\/wp.ufpel.edu.br\/ppgbiotec\/files\/2019\/08\/4-1-400x267.jpg\" class=\"size-thumbnail wp-image-4014 alignleft\" style=\"text-align: center\" src=\"https:\/\/wp.ufpel.edu.br\/ppgbiotec\/files\/2019\/08\/4-1-400x267-200x200.jpg\" alt=\"\" width=\"200\" height=\"200\" \/> <img data-attachment-id=\"4015\" data-permalink=\"https:\/\/wp.ufpel.edu.br\/ppgbiotec\/insercao-social\/talk-science\/talk-science-internacionalizacao-da-ciencia-a-nivel-graduacao-e-pos-graduacao\/6-1-254x400\/\" data-orig-file=\"https:\/\/wp.ufpel.edu.br\/ppgbiotec\/files\/2019\/08\/6-1-254x400.jpg\" data-orig-size=\"254,400\" data-comments-opened=\"0\" data-image-meta=\"{&quot;aperture&quot;:&quot;0&quot;,&quot;credit&quot;:&quot;&quot;,&quot;camera&quot;:&quot;&quot;,&quot;caption&quot;:&quot;&quot;,&quot;created_timestamp&quot;:&quot;0&quot;,&quot;copyright&quot;:&quot;&quot;,&quot;focal_length&quot;:&quot;0&quot;,&quot;iso&quot;:&quot;0&quot;,&quot;shutter_speed&quot;:&quot;0&quot;,&quot;title&quot;:&quot;&quot;,&quot;orientation&quot;:&quot;0&quot;}\" data-image-title=\"6-1-254&amp;#215;400\" data-image-description=\"\" data-image-caption=\"\" data-medium-file=\"https:\/\/wp.ufpel.edu.br\/ppgbiotec\/files\/2019\/08\/6-1-254x400-254x400.jpg\" data-large-file=\"https:\/\/wp.ufpel.edu.br\/ppgbiotec\/files\/2019\/08\/6-1-254x400.jpg\" class=\"size-thumbnail wp-image-4015 alignleft\" style=\"text-align: center\" src=\"https:\/\/wp.ufpel.edu.br\/ppgbiotec\/files\/2019\/08\/6-1-254x400-200x200.jpg\" alt=\"\" width=\"200\" height=\"200\" \/> <span style=\"text-align: center\">\u00a0<\/span><\/p>\n","protected":false},"excerpt":{"rendered":"<p>Talk Science \u2013 Internacionaliza\u00e7\u00e3o da ci\u00eancia Data: 03 de julho de 2018 Local: FairPlay Restopub A primeira edi\u00e7\u00e3o desse evento ocorreu na mesma semana do Simp\u00f3sio de Biotecnologia, em um pub da cidade com diversas op\u00e7\u00f5es gastron\u00f4micas e com variedade de cervejas artesanais, al\u00e9m de uma programa\u00e7\u00e3o exclusiva que contou com a presen\u00e7a de diversos [&hellip;]<\/p>\n","protected":false},"author":735,"featured_media":0,"parent":4007,"menu_order":1,"comment_status":"closed","ping_status":"closed","template":"","meta":{"jetpack_post_was_ever_published":false,"footnotes":""},"class_list":["post-4011","page","type-page","status-publish","hentry"],"jetpack_sharing_enabled":true,"_links":{"self":[{"href":"https:\/\/wp.ufpel.edu.br\/ppgbiotec\/wp-json\/wp\/v2\/pages\/4011","targetHints":{"allow":["GET"]}}],"collection":[{"href":"https:\/\/wp.ufpel.edu.br\/ppgbiotec\/wp-json\/wp\/v2\/pages"}],"about":[{"href":"https:\/\/wp.ufpel.edu.br\/ppgbiotec\/wp-json\/wp\/v2\/types\/page"}],"author":[{"embeddable":true,"href":"https:\/\/wp.ufpel.edu.br\/ppgbiotec\/wp-json\/wp\/v2\/users\/735"}],"replies":[{"embeddable":true,"href":"https:\/\/wp.ufpel.edu.br\/ppgbiotec\/wp-json\/wp\/v2\/comments?post=4011"}],"version-history":[{"count":16,"href":"https:\/\/wp.ufpel.edu.br\/ppgbiotec\/wp-json\/wp\/v2\/pages\/4011\/revisions"}],"predecessor-version":[{"id":5315,"href":"https:\/\/wp.ufpel.edu.br\/ppgbiotec\/wp-json\/wp\/v2\/pages\/4011\/revisions\/5315"}],"up":[{"embeddable":true,"href":"https:\/\/wp.ufpel.edu.br\/ppgbiotec\/wp-json\/wp\/v2\/pages\/4007"}],"wp:attachment":[{"href":"https:\/\/wp.ufpel.edu.br\/ppgbiotec\/wp-json\/wp\/v2\/media?parent=4011"}],"curies":[{"name":"wp","href":"https:\/\/api.w.org\/{rel}","templated":true}]}}