{"id":4007,"date":"2019-08-05T15:48:09","date_gmt":"2019-08-05T18:48:09","guid":{"rendered":"https:\/\/wp.ufpel.edu.br\/ppgbiotec\/?page_id=4007"},"modified":"2021-03-26T20:48:06","modified_gmt":"2021-03-26T23:48:06","slug":"talk-science","status":"publish","type":"page","link":"https:\/\/wp.ufpel.edu.br\/ppgbiotec\/insercao-social\/talk-science\/","title":{"rendered":"TALK SCIENCE"},"content":{"rendered":"<p><span style=\"color: #000000\">Talk Science \u00e9 um projeto de divulga\u00e7\u00e3o cient\u00edfica de uma maneira n\u00e3o convencional. Do lado de fora de laborat\u00f3rios e institutos de pesquisa e com uma abordagem inclusiva e interativa, bares, pubs e restaurantes ser\u00e3o o cen\u00e1rio para reuni\u00e3o de estudantes, profissionais e aqueles que t\u00eam interesse em um debate diferenciado. O projeto \u00e9 baseado em uma proposta internacionalmente conhecida de divulga\u00e7\u00e3o, chamada <em>Pint of Science<\/em>, que visa difundir a ci\u00eancia de uma forma acess\u00edvel e inclusiva.<\/span><\/p>\n<p><span style=\"color: #000000\"><a style=\"color: #000000\" href=\"https:\/\/wp.ufpel.edu.br\/ppgbiotec\/talk-science-internacionalizacao-da-ciencia-a-nivel-graduacao-e-pos-graduacao\" target=\"_blank\" rel=\"noopener noreferrer\">Talk Science \u2013 Internacionaliza\u00e7\u00e3o da ci\u00eancia a n\u00edvel gradua\u00e7\u00e3o e p\u00f3s-gradua\u00e7\u00e3o<\/a><\/span><\/p>\n<p><span style=\"color: #000000\"><a style=\"color: #000000\" href=\"https:\/\/wp.ufpel.edu.br\/ppgbiotec\/talk-science-crispr-o-photoshop-do-dna\" target=\"_blank\" rel=\"noopener noreferrer\">Talk Science \u2013 CRISPR: o Photoshop\u00ae do DNA<\/a><\/span><\/p>\n<p><span style=\"color: #000000\"><a style=\"color: #000000\" href=\"https:\/\/wp.ufpel.edu.br\/ppgbiotec\/talk-science-do-laboratorio-para-mesa\" target=\"_blank\" rel=\"noopener noreferrer\">Talk Science \u2013 Do laborat\u00f3rio para mesa<\/a><\/span><\/p>\n<div class=\"sharedaddy sd-sharing-enabled\">\n<div class=\"robots-nocontent sd-block sd-social sd-social-icon-text sd-sharing\">\n<h3 class=\"sd-title\"><\/h3>\n<\/div>\n<\/div>\n","protected":false},"excerpt":{"rendered":"<p>Talk Science \u00e9 um projeto de divulga\u00e7\u00e3o cient\u00edfica de uma maneira n\u00e3o convencional. Do lado de fora de laborat\u00f3rios e institutos de pesquisa e com uma abordagem inclusiva e interativa, bares, pubs e restaurantes ser\u00e3o o cen\u00e1rio para reuni\u00e3o de estudantes, profissionais e aqueles que t\u00eam interesse em um debate diferenciado. O projeto \u00e9 baseado [&hellip;]<\/p>\n","protected":false},"author":735,"featured_media":0,"parent":3874,"menu_order":5,"comment_status":"closed","ping_status":"closed","template":"","meta":{"jetpack_post_was_ever_published":false,"footnotes":""},"class_list":["post-4007","page","type-page","status-publish","hentry"],"jetpack_sharing_enabled":true,"_links":{"self":[{"href":"https:\/\/wp.ufpel.edu.br\/ppgbiotec\/wp-json\/wp\/v2\/pages\/4007","targetHints":{"allow":["GET"]}}],"collection":[{"href":"https:\/\/wp.ufpel.edu.br\/ppgbiotec\/wp-json\/wp\/v2\/pages"}],"about":[{"href":"https:\/\/wp.ufpel.edu.br\/ppgbiotec\/wp-json\/wp\/v2\/types\/page"}],"author":[{"embeddable":true,"href":"https:\/\/wp.ufpel.edu.br\/ppgbiotec\/wp-json\/wp\/v2\/users\/735"}],"replies":[{"embeddable":true,"href":"https:\/\/wp.ufpel.edu.br\/ppgbiotec\/wp-json\/wp\/v2\/comments?post=4007"}],"version-history":[{"count":8,"href":"https:\/\/wp.ufpel.edu.br\/ppgbiotec\/wp-json\/wp\/v2\/pages\/4007\/revisions"}],"predecessor-version":[{"id":5318,"href":"https:\/\/wp.ufpel.edu.br\/ppgbiotec\/wp-json\/wp\/v2\/pages\/4007\/revisions\/5318"}],"up":[{"embeddable":true,"href":"https:\/\/wp.ufpel.edu.br\/ppgbiotec\/wp-json\/wp\/v2\/pages\/3874"}],"wp:attachment":[{"href":"https:\/\/wp.ufpel.edu.br\/ppgbiotec\/wp-json\/wp\/v2\/media?parent=4007"}],"curies":[{"name":"wp","href":"https:\/\/api.w.org\/{rel}","templated":true}]}}