{"id":3950,"date":"2019-08-05T12:24:26","date_gmt":"2019-08-05T15:24:26","guid":{"rendered":"https:\/\/wp.ufpel.edu.br\/ppgbiotec\/?page_id=3950"},"modified":"2019-08-05T13:24:27","modified_gmt":"2019-08-05T16:24:27","slug":"inovacao-tecnologica-deposito-de-patentes","status":"publish","type":"page","link":"https:\/\/wp.ufpel.edu.br\/ppgbiotec\/inovacao-tecnologica-deposito-de-patentes\/","title":{"rendered":"Inova\u00e7\u00e3o Tecnol\u00f3gica &#8211; Dep\u00f3sito de patentes"},"content":{"rendered":"<header class=\"entry-header\">\n<p class=\"entry-title\" style=\"text-align: center\"><span style=\"font-size: 12pt;color: #000000\">Como enviar um pedido de patente (Notifica\u00e7\u00e3o de Inven\u00e7\u00e3o)<\/span><\/p>\n<\/header>\n<div class=\"entry-content\">\n<p><span style=\"font-size: 12pt;color: #000000\">O processo de um pedido de patente na UFPel \u00e9 completamente on-line e sigiloso. Para encaminhar uma\u00a0<b>Notifica\u00e7\u00e3o de Inven\u00e7\u00e3o<\/b>, voc\u00ea dever\u00e1 abrir um processo no Sistema Eletr\u00f4nico de Informa\u00e7\u00f5es (SEI) de acordo com as etapas ilustradas abaixo:<\/span><\/p>\n<p><span style=\"font-size: 12pt;color: #000000\"><a style=\"color: #000000\" href=\"https:\/\/i0.wp.com\/wp.ufpel.edu.br\/cit\/files\/2019\/06\/download-1.png?ssl=1\"><img data-attachment-id=\"1976\" data-permalink=\"https:\/\/wp.ufpel.edu.br\/ppgbiotec\/2017\/07\/21\/docentes-do-ppgbiotec-participam-do-1-workshop-do-projeto-pronex-fapergs-cnpq\/sem-titulo-3\/\" data-orig-file=\"https:\/\/wp.ufpel.edu.br\/ppgbiotec\/files\/2017\/07\/Sem-t\u00edtulo-2.jpg\" data-orig-size=\"208,158\" data-comments-opened=\"0\" data-image-meta=\"{&quot;aperture&quot;:&quot;0&quot;,&quot;credit&quot;:&quot;&quot;,&quot;camera&quot;:&quot;&quot;,&quot;caption&quot;:&quot;&quot;,&quot;created_timestamp&quot;:&quot;0&quot;,&quot;copyright&quot;:&quot;&quot;,&quot;focal_length&quot;:&quot;0&quot;,&quot;iso&quot;:&quot;0&quot;,&quot;shutter_speed&quot;:&quot;0&quot;,&quot;title&quot;:&quot;&quot;,&quot;orientation&quot;:&quot;0&quot;}\" data-image-title=\"Sem t\u00edtulo\" data-image-description=\"\" data-image-caption=\"\" data-medium-file=\"https:\/\/wp.ufpel.edu.br\/ppgbiotec\/files\/2017\/07\/Sem-t\u00edtulo-2.jpg\" data-large-file=\"https:\/\/wp.ufpel.edu.br\/ppgbiotec\/files\/2017\/07\/Sem-t\u00edtulo-2.jpg\" class=\"aligncenter wp-image-1976\" src=\"https:\/\/i0.wp.com\/wp.ufpel.edu.br\/cit\/files\/2019\/06\/download-1.png?resize=569%2C188&amp;ssl=1\" alt=\"\" width=\"569\" height=\"188\" data-recalc-dims=\"1\" \/><\/a><\/span><\/p>\n<p align=\"justify\"><span style=\"font-size: 12pt;color: #000000\">O pesquisador interessado em submeter pedido de registro de patente dever\u00e1, no per\u00edodo de 1\u00ba a 15\u00ba\u00a0de cada m\u00eas, abrir processo p\u00fablico no SEI \u201cPesquisa: Registro de Propriedade Intelectual \u2013 Patente\u201d, preencher os formul\u00e1rios \u201cPRPPGI Formul\u00e1rio de Informa\u00e7\u00e3o Tecnol\u00f3gica\u201d e \u201cPRPPGI Busca de Anterioridade\u201d, assinar e enviar para a SDAP.<\/span><\/p>\n<p align=\"justify\"><span style=\"font-size: 12pt;color: #000000\">Ap\u00f3s receber os formul\u00e1rios, a SDAP abrir\u00e1 Processo de An\u00e1lise relacionado (sigiloso), incluir\u00e1 nele o \u201cPRPPGI Formul\u00e1rio TCI\u201d e dar\u00e1 credencial de acesso ao pesquisador.<\/span><\/p>\n<p align=\"justify\"><span style=\"font-size: 12pt;color: #000000\">O pesquisador incluir\u00e1 a documenta\u00e7\u00e3o da patente em PDF. A SDAP incluir\u00e1 no Processo de An\u00e1lise (Sigiloso) o formul\u00e1rio \u201cPRPPGI Relat\u00f3rio Detalhado SDAP\u201d onde ir\u00e1 inserir a sua an\u00e1lise do aspecto formal da documenta\u00e7\u00e3o num per\u00edodo de 15 dias.<\/span><\/p>\n<p align=\"justify\"><span style=\"font-size: 12pt;color: #000000\">Nesse per\u00edodo poder\u00e1 solicitar ao pesquisador que realize corre\u00e7\u00f5es formais. Estando correto, a SDAP dar\u00e1 credencial de acesso ao Processo de An\u00e1lise (Sigiloso) a um dos membros do Comit\u00ea, que ir\u00e1 atuar como Relator, para que este insira no \u201cPRPPGI Relat\u00f3rio Detalhado SDAP\u201d a sua an\u00e1lise do aspecto material do pedido num per\u00edodo de 15 dias.<\/span><\/p>\n<p align=\"justify\"><span style=\"font-size: 12pt;color: #000000\">Nesse per\u00edodo poder\u00e1 solicitar ao pesquisador que realize corre\u00e7\u00f5es materiais no pedido. Depois de encerrada a an\u00e1lise do Relator a SDAP insere no Processo P\u00fablico \u201cPesquisa: Registro de Propriedade Intelectual \u2013 Patente\u201d o formul\u00e1rio \u201cPRPPGI Relat\u00f3rio Final de An\u00e1lise\u201d, inserindo os dados relativos ao processo de an\u00e1lise detalhada formal e material realizado no Processo de An\u00e1lise (Sigiloso).<\/span><\/p>\n<p align=\"justify\"><span style=\"font-size: 12pt;color: #000000\">A SDAP encaminha o processo p\u00fablico \u201cPesquisa: Registro de Propriedade Intelectual \u2013 Patente\u201d para o Comit\u00ea, que dever\u00e1 deliberar sobre o \u201cPRPPGI Relat\u00f3rio Final de An\u00e1lise\u201d, podendo ratificar ou alterar seu conte\u00fado. Ap\u00f3s delibera\u00e7\u00e3o do Comit\u00ea, a SDAP insere uma via do \u201cPRPPGI Relat\u00f3rio Final de An\u00e1lise\u201d e, feitas as altera\u00e7\u00f5es indicadas pelo Comit\u00ea, encerra o processo de An\u00e1lise (sigiloso). Se aprovado o pedido, o SDAP\u00a0d\u00e1 in\u00edcio ao procedimento para pagamento e dep\u00f3sito no INPI. Depois de protocolado o dep\u00f3sito a SDAP insere uma via do Protocolo de Dep\u00f3sito do INPI no Processo P\u00fablico \u201cPesquisa: Registro de Propriedade Intelectual \u2013 Patente\u201d e passa a realizar o acompanhamento do Pedido junto ao INPI.<\/span><\/p>\n<p><span style=\"font-size: 12pt;color: #000000\">Para melhor visualiza\u00e7\u00e3o do processo,<a style=\"color: #000000\" href=\"https:\/\/wp.ufpel.edu.br\/cit\/files\/2019\/06\/download.png\">clique aqui<\/a>\u00a0para vizualizar o fluxograma detalhado.<\/span><\/p>\n<p><span style=\"font-size: 12pt;color: #000000\"><em>Para maiores esclarecimentos, consulte o\u00a0<u><a style=\"color: #000000\" href=\"https:\/\/wp.ufpel.edu.br\/cit\/files\/2018\/11\/Guia-de-Propriedade-Intelectual_Ver.-4.0_05_11_2018.pdf\">Guia de Propriedade Intelectual_Ver. 4.0_05_11_2018<\/a><\/u> ou utilize o servi\u00e7o do <a style=\"color: #000000\" href=\"https:\/\/docs.google.com\/forms\/d\/e\/1FAIpQLSegKJdTHqO3hRzCkUYKpZSjd1wOFF5qOlzdEdi-hFN-LaHwdw\/viewform\">FALE CONOSCO<\/a><\/em><\/span><\/p>\n<ul>\n<li><span style=\"color: #000000\"><strong>Outros documentos:<\/strong><\/span><\/li>\n<\/ul>\n<p class=\"entry-title\"><span style=\"color: #000000\"><strong>Normas Reguladoras da Propriedade Intelectual &#8211; <\/strong>dispon\u00edvel em: <a style=\"color: #000000\" href=\"https:\/\/wp.ufpel.edu.br\/cit\/propriedade-intelectual\/deposito-de-patentes-e-registro-de-marcas-e-programas-de-computador\/normas-reguladoras\/\" target=\"_blank\" rel=\"noopener noreferrer\">https:\/\/wp.ufpel.edu.br\/cit\/propriedade-intelectual\/deposito-de-patentes-e-registro-de-marcas-e-programas-de-computador\/normas-reguladoras\/<\/a><\/span><\/p>\n<p class=\"entry-title\"><span style=\"color: #000000\"><strong>Guias e Formul\u00e1rios &#8211;<\/strong> dispon\u00edvel em: <a style=\"color: #000000\" href=\"https:\/\/wp.ufpel.edu.br\/cit\/propriedade-intelectual\/deposito-de-patentes-e-registro-de-marcas-e-programas-de-computador\/guias-e-formularios\/\" target=\"_blank\" rel=\"noopener noreferrer\">https:\/\/wp.ufpel.edu.br\/cit\/propriedade-intelectual\/deposito-de-patentes-e-registro-de-marcas-e-programas-de-computador\/guias-e-formularios\/<\/a><\/span><\/p>\n<p class=\"entry-title\"><span style=\"color: #000000\"><strong>Buscas em Bancos de Patentes &#8211;<\/strong> dispon\u00edvel em: <a style=\"color: #000000\" href=\"https:\/\/wp.ufpel.edu.br\/cit\/propriedade-intelectual\/deposito-de-patentes-e-registro-de-marcas-e-programas-de-computador\/buscas-em-bancos-de-patentes\/\" target=\"_blank\" rel=\"noopener noreferrer\">https:\/\/wp.ufpel.edu.br\/cit\/propriedade-intelectual\/deposito-de-patentes-e-registro-de-marcas-e-programas-de-computador\/buscas-em-bancos-de-patentes\/<\/a><\/span><\/p>\n<p><span style=\"font-size: 10pt\"><em>Fonte: https:\/\/wp.ufpel.edu.br\/cit\/propriedade<\/em><\/span><span style=\"color: #ffffff;font-size: 10pt\"><em>-intelectual\/<\/em><\/span><\/p>\n<\/div>\n","protected":false},"excerpt":{"rendered":"<p>Como enviar um pedido de patente (Notifica\u00e7\u00e3o de Inven\u00e7\u00e3o) O processo de um pedido de patente na UFPel \u00e9 completamente on-line e sigiloso. Para encaminhar uma\u00a0Notifica\u00e7\u00e3o de Inven\u00e7\u00e3o, voc\u00ea dever\u00e1 abrir um processo no Sistema Eletr\u00f4nico de Informa\u00e7\u00f5es (SEI) de acordo com as etapas ilustradas abaixo: O pesquisador interessado em submeter pedido de registro de [&hellip;]<\/p>\n","protected":false},"author":735,"featured_media":0,"parent":0,"menu_order":4,"comment_status":"closed","ping_status":"closed","template":"","meta":{"jetpack_post_was_ever_published":false,"footnotes":""},"class_list":["post-3950","page","type-page","status-publish","hentry"],"jetpack_sharing_enabled":true,"_links":{"self":[{"href":"https:\/\/wp.ufpel.edu.br\/ppgbiotec\/wp-json\/wp\/v2\/pages\/3950","targetHints":{"allow":["GET"]}}],"collection":[{"href":"https:\/\/wp.ufpel.edu.br\/ppgbiotec\/wp-json\/wp\/v2\/pages"}],"about":[{"href":"https:\/\/wp.ufpel.edu.br\/ppgbiotec\/wp-json\/wp\/v2\/types\/page"}],"author":[{"embeddable":true,"href":"https:\/\/wp.ufpel.edu.br\/ppgbiotec\/wp-json\/wp\/v2\/users\/735"}],"replies":[{"embeddable":true,"href":"https:\/\/wp.ufpel.edu.br\/ppgbiotec\/wp-json\/wp\/v2\/comments?post=3950"}],"version-history":[{"count":8,"href":"https:\/\/wp.ufpel.edu.br\/ppgbiotec\/wp-json\/wp\/v2\/pages\/3950\/revisions"}],"predecessor-version":[{"id":3979,"href":"https:\/\/wp.ufpel.edu.br\/ppgbiotec\/wp-json\/wp\/v2\/pages\/3950\/revisions\/3979"}],"wp:attachment":[{"href":"https:\/\/wp.ufpel.edu.br\/ppgbiotec\/wp-json\/wp\/v2\/media?parent=3950"}],"curies":[{"name":"wp","href":"https:\/\/api.w.org\/{rel}","templated":true}]}}