{"id":3943,"date":"2019-08-05T12:17:16","date_gmt":"2019-08-05T15:17:16","guid":{"rendered":"https:\/\/wp.ufpel.edu.br\/ppgbiotec\/?page_id=3943"},"modified":"2019-08-05T13:21:35","modified_gmt":"2019-08-05T16:21:35","slug":"comite-de-etica-e-experimentacao-animal-ceea","status":"publish","type":"page","link":"https:\/\/wp.ufpel.edu.br\/ppgbiotec\/comite-de-etica-e-experimentacao-animal-ceea\/","title":{"rendered":"Comit\u00ea de \u00e9tica e experimenta\u00e7\u00e3o animal &#8211; CEEA"},"content":{"rendered":"<p class=\"content_header corFundo\" style=\"text-align: center\"><span style=\"font-size: 12pt;color: #ffffff\"><strong>Como submeter um projeto ao CEEA?<\/strong><\/span><\/p>\n<div><\/div>\n<article id=\"single_post_inside\" class=\"single_post_inside\"><span style=\"color: #000000\">Os pesquisadores devem enviar os processos via SEI!, de acordo com o POP: <a style=\"color: #000000\" href=\"https:\/\/wp.ufpel.edu.br\/ceea\/files\/2018\/07\/POP-CEEA.pdf\">POP CEEA<\/a><\/span><\/article>\n<article><\/article>\n<article class=\"single_post_inside\"><span style=\"color: #000000\">Para esclarecimento de d\u00favidas, dever\u00e1 ser utilizado:<\/span><\/p>\n<ul>\n<li><span style=\"color: #000000\">formul\u00e1rio de contato (Fale conosco), dispon\u00edvel em https:\/\/wp.ufpel.edu.br\/ceea\/fale-conosco\/.<\/span><\/li>\n<li><span style=\"color: #000000\"> e-mail: ceea.ufpel@gmail.com.<\/span><\/li>\n<\/ul>\n<p><em><span style=\"font-size: 10pt\">Fonte: https:\/\/wp.ufpel.edu.br\/ceea\/<\/span><\/em><\/p>\n<\/article>\n","protected":false},"excerpt":{"rendered":"<p>Como submeter um projeto ao CEEA? Os pesquisadores devem enviar os processos via SEI!, de acordo com o POP: POP CEEA Para esclarecimento de d\u00favidas, dever\u00e1 ser utilizado: formul\u00e1rio de contato (Fale conosco), dispon\u00edvel em https:\/\/wp.ufpel.edu.br\/ceea\/fale-conosco\/. e-mail: ceea.ufpel@gmail.com. Fonte: https:\/\/wp.ufpel.edu.br\/ceea\/<\/p>\n","protected":false},"author":735,"featured_media":0,"parent":0,"menu_order":3,"comment_status":"closed","ping_status":"closed","template":"","meta":{"jetpack_post_was_ever_published":false,"footnotes":""},"class_list":["post-3943","page","type-page","status-publish","hentry"],"jetpack_sharing_enabled":true,"_links":{"self":[{"href":"https:\/\/wp.ufpel.edu.br\/ppgbiotec\/wp-json\/wp\/v2\/pages\/3943","targetHints":{"allow":["GET"]}}],"collection":[{"href":"https:\/\/wp.ufpel.edu.br\/ppgbiotec\/wp-json\/wp\/v2\/pages"}],"about":[{"href":"https:\/\/wp.ufpel.edu.br\/ppgbiotec\/wp-json\/wp\/v2\/types\/page"}],"author":[{"embeddable":true,"href":"https:\/\/wp.ufpel.edu.br\/ppgbiotec\/wp-json\/wp\/v2\/users\/735"}],"replies":[{"embeddable":true,"href":"https:\/\/wp.ufpel.edu.br\/ppgbiotec\/wp-json\/wp\/v2\/comments?post=3943"}],"version-history":[{"count":8,"href":"https:\/\/wp.ufpel.edu.br\/ppgbiotec\/wp-json\/wp\/v2\/pages\/3943\/revisions"}],"predecessor-version":[{"id":3977,"href":"https:\/\/wp.ufpel.edu.br\/ppgbiotec\/wp-json\/wp\/v2\/pages\/3943\/revisions\/3977"}],"wp:attachment":[{"href":"https:\/\/wp.ufpel.edu.br\/ppgbiotec\/wp-json\/wp\/v2\/media?parent=3943"}],"curies":[{"name":"wp","href":"https:\/\/api.w.org\/{rel}","templated":true}]}}