{"id":3847,"date":"2019-08-02T22:58:52","date_gmt":"2019-08-03T01:58:52","guid":{"rendered":"https:\/\/wp.ufpel.edu.br\/ppgbiotec\/?page_id=3847"},"modified":"2024-08-30T15:20:40","modified_gmt":"2024-08-30T18:20:40","slug":"premio-futuro-da-terra","status":"publish","type":"page","link":"https:\/\/wp.ufpel.edu.br\/ppgbiotec\/premiacoes\/premio-futuro-da-terra\/","title":{"rendered":"Pr\u00eamio Futuro da Terra"},"content":{"rendered":"<p><strong><span style=\"font-family: georgia, palatino, serif; color: #000000;\">Ano de 2024<\/span><\/strong><\/p>\n<p><span style=\"font-family: georgia, palatino, serif; color: #000000;\"><img data-attachment-id=\"10451\" data-permalink=\"https:\/\/wp.ufpel.edu.br\/ppgbiotec\/2024\/08\/30\/pesquisadora-do-ppgbiotec-prof-a-vanessa-galli-e-agraciada-com-o-premio-o-futuro-da-terra\/prof-a-vanessa-galli\/\" data-orig-file=\"https:\/\/wp.ufpel.edu.br\/ppgbiotec\/files\/2024\/08\/Prof.a-Vanessa-Galli.jpg\" data-orig-size=\"1951,1582\" data-comments-opened=\"0\" data-image-meta=\"{&quot;aperture&quot;:&quot;0&quot;,&quot;credit&quot;:&quot;&quot;,&quot;camera&quot;:&quot;&quot;,&quot;caption&quot;:&quot;&quot;,&quot;created_timestamp&quot;:&quot;0&quot;,&quot;copyright&quot;:&quot;&quot;,&quot;focal_length&quot;:&quot;0&quot;,&quot;iso&quot;:&quot;0&quot;,&quot;shutter_speed&quot;:&quot;0&quot;,&quot;title&quot;:&quot;&quot;,&quot;orientation&quot;:&quot;0&quot;}\" data-image-title=\"Prof.\u00aa Vanessa Galli\" data-image-description=\"\" data-image-caption=\"\" data-medium-file=\"https:\/\/wp.ufpel.edu.br\/ppgbiotec\/files\/2024\/08\/Prof.a-Vanessa-Galli-400x324.jpg\" data-large-file=\"https:\/\/wp.ufpel.edu.br\/ppgbiotec\/files\/2024\/08\/Prof.a-Vanessa-Galli-1024x830.jpg\" class=\"wp-image-10451 alignleft\" src=\"https:\/\/wp.ufpel.edu.br\/ppgbiotec\/files\/2024\/08\/Prof.a-Vanessa-Galli-400x324.jpg\" alt=\"\" width=\"183\" height=\"148\" srcset=\"https:\/\/wp.ufpel.edu.br\/ppgbiotec\/files\/2024\/08\/Prof.a-Vanessa-Galli-400x324.jpg 400w, https:\/\/wp.ufpel.edu.br\/ppgbiotec\/files\/2024\/08\/Prof.a-Vanessa-Galli-1024x830.jpg 1024w, https:\/\/wp.ufpel.edu.br\/ppgbiotec\/files\/2024\/08\/Prof.a-Vanessa-Galli-768x623.jpg 768w, https:\/\/wp.ufpel.edu.br\/ppgbiotec\/files\/2024\/08\/Prof.a-Vanessa-Galli-1536x1245.jpg 1536w, https:\/\/wp.ufpel.edu.br\/ppgbiotec\/files\/2024\/08\/Prof.a-Vanessa-Galli.jpg 1951w\" sizes=\"(max-width: 183px) 100vw, 183px\" \/><\/span><\/p>\n<p>&nbsp;<\/p>\n<p><span style=\"font-family: georgia, palatino, serif; color: #000000;\"><strong>Agraciada:<\/strong> Prof.\u00aa Dr.\u00aa <strong>Vanessa Galli<\/strong><\/span><\/p>\n<p><span style=\"font-family: georgia, palatino, serif; color: #000000;\"><strong>Categoria:<\/strong> Inova\u00e7\u00e3o e Tecnologia Rural<\/span><\/p>\n<p>&nbsp;<\/p>\n<p>&nbsp;<\/p>\n<p><strong><span style=\"font-family: georgia, palatino, serif; color: #000000;\">Ano de 2023<\/span><\/strong><\/p>\n<p><img data-attachment-id=\"9537\" data-permalink=\"https:\/\/wp.ufpel.edu.br\/ppgbiotec\/premiacoes\/premio-futuro-da-terra\/img-20230928-wa0003\/\" data-orig-file=\"https:\/\/wp.ufpel.edu.br\/ppgbiotec\/files\/2023\/11\/IMG-20230928-WA0003.jpg\" data-orig-size=\"1200,1600\" data-comments-opened=\"0\" data-image-meta=\"{&quot;aperture&quot;:&quot;0&quot;,&quot;credit&quot;:&quot;&quot;,&quot;camera&quot;:&quot;&quot;,&quot;caption&quot;:&quot;&quot;,&quot;created_timestamp&quot;:&quot;0&quot;,&quot;copyright&quot;:&quot;&quot;,&quot;focal_length&quot;:&quot;0&quot;,&quot;iso&quot;:&quot;0&quot;,&quot;shutter_speed&quot;:&quot;0&quot;,&quot;title&quot;:&quot;&quot;,&quot;orientation&quot;:&quot;0&quot;}\" data-image-title=\"IMG-20230928-WA0003\" data-image-description=\"\" data-image-caption=\"\" data-medium-file=\"https:\/\/wp.ufpel.edu.br\/ppgbiotec\/files\/2023\/11\/IMG-20230928-WA0003-300x400.jpg\" data-large-file=\"https:\/\/wp.ufpel.edu.br\/ppgbiotec\/files\/2023\/11\/IMG-20230928-WA0003-768x1024.jpg\" class=\" wp-image-9537 alignleft\" src=\"https:\/\/wp.ufpel.edu.br\/ppgbiotec\/files\/2023\/11\/IMG-20230928-WA0003-300x400.jpg\" alt=\"\" width=\"120\" height=\"160\" srcset=\"https:\/\/wp.ufpel.edu.br\/ppgbiotec\/files\/2023\/11\/IMG-20230928-WA0003-300x400.jpg 300w, https:\/\/wp.ufpel.edu.br\/ppgbiotec\/files\/2023\/11\/IMG-20230928-WA0003-768x1024.jpg 768w, https:\/\/wp.ufpel.edu.br\/ppgbiotec\/files\/2023\/11\/IMG-20230928-WA0003-1152x1536.jpg 1152w, https:\/\/wp.ufpel.edu.br\/ppgbiotec\/files\/2023\/11\/IMG-20230928-WA0003.jpg 1200w\" sizes=\"(max-width: 120px) 100vw, 120px\" \/><\/p>\n<p>&nbsp;<\/p>\n<p><span style=\"font-family: georgia, palatino, serif; color: #000000;\"><strong>Agraciada:<\/strong> Prof.\u00aa Dr.\u00aa <strong>Sibele Borsuk<\/strong><\/span><\/p>\n<p><span style=\"font-family: georgia, palatino, serif; color: #000000;\"><strong>Categoria:<\/strong> Inova\u00e7\u00e3o e Tecnologia Rural<\/span><\/p>\n<p>&nbsp;<\/p>\n<p>&nbsp;<\/p>\n<p><span style=\"font-family: georgia, palatino, serif; font-size: 12pt; color: #000000;\"><strong>Ano de 2022<\/strong><\/span><\/p>\n<p><span style=\"font-family: georgia, palatino, serif; font-size: 12pt; color: #000000;\"><img data-attachment-id=\"8982\" data-permalink=\"https:\/\/wp.ufpel.edu.br\/ppgbiotec\/pessoas\/vinicius-farias-campos\/servletrecuperafoto-9-2\/\" data-orig-file=\"https:\/\/wp.ufpel.edu.br\/ppgbiotec\/files\/2020\/07\/servletrecuperafoto-9.jpg\" data-orig-size=\"504,541\" data-comments-opened=\"0\" data-image-meta=\"{&quot;aperture&quot;:&quot;0&quot;,&quot;credit&quot;:&quot;&quot;,&quot;camera&quot;:&quot;&quot;,&quot;caption&quot;:&quot;&quot;,&quot;created_timestamp&quot;:&quot;0&quot;,&quot;copyright&quot;:&quot;&quot;,&quot;focal_length&quot;:&quot;0&quot;,&quot;iso&quot;:&quot;0&quot;,&quot;shutter_speed&quot;:&quot;0&quot;,&quot;title&quot;:&quot;&quot;,&quot;orientation&quot;:&quot;1&quot;}\" data-image-title=\"servletrecuperafoto (9)\" data-image-description=\"\" data-image-caption=\"\" data-medium-file=\"https:\/\/wp.ufpel.edu.br\/ppgbiotec\/files\/2020\/07\/servletrecuperafoto-9-373x400.jpg\" data-large-file=\"https:\/\/wp.ufpel.edu.br\/ppgbiotec\/files\/2020\/07\/servletrecuperafoto-9.jpg\" class=\" wp-image-8982 alignleft\" src=\"https:\/\/wp.ufpel.edu.br\/ppgbiotec\/files\/2020\/07\/servletrecuperafoto-9-373x400.jpg\" alt=\"\" width=\"119\" height=\"127\" srcset=\"https:\/\/wp.ufpel.edu.br\/ppgbiotec\/files\/2020\/07\/servletrecuperafoto-9-373x400.jpg 373w, https:\/\/wp.ufpel.edu.br\/ppgbiotec\/files\/2020\/07\/servletrecuperafoto-9.jpg 504w\" sizes=\"(max-width: 119px) 100vw, 119px\" \/><\/span><\/p>\n<p>&nbsp;<\/p>\n<p><span style=\"color: #000000; font-family: georgia, palatino, serif; font-size: 12pt;\"><strong>Agraciado:<\/strong> Prof. Dr. <strong>Vinicius Farias Campos<\/strong><\/span><\/p>\n<p><span style=\"color: #000000; font-family: georgia, palatino, serif; font-size: 12pt;\"><strong>Categoria:<\/strong> Inova\u00e7\u00e3o e Tecnologia Rural<\/span><\/p>\n<p>&nbsp;<\/p>\n<p style=\"text-align: justify;\"><span style=\"font-family: georgia, palatino, serif; font-size: 12pt; color: #000000;\"><strong>Ano de 2021<\/strong><\/span><\/p>\n<p style=\"text-align: justify;\"><span style=\"font-family: georgia, palatino, serif; font-size: 12pt; color: #000000;\"><img data-attachment-id=\"510\" data-permalink=\"https:\/\/wp.ufpel.edu.br\/ppgbiotec\/premiacoes\/premio-futuro-da-terra\/imagem-do-professor-fabio\/\" data-orig-file=\"https:\/\/wp.ufpel.edu.br\/ppgbiotec\/files\/2016\/12\/imagem-do-professor-Fabio.jpg\" data-orig-size=\"144,144\" data-comments-opened=\"0\" data-image-meta=\"{&quot;aperture&quot;:&quot;0&quot;,&quot;credit&quot;:&quot;&quot;,&quot;camera&quot;:&quot;&quot;,&quot;caption&quot;:&quot;&quot;,&quot;created_timestamp&quot;:&quot;0&quot;,&quot;copyright&quot;:&quot;&quot;,&quot;focal_length&quot;:&quot;0&quot;,&quot;iso&quot;:&quot;0&quot;,&quot;shutter_speed&quot;:&quot;0&quot;,&quot;title&quot;:&quot;&quot;,&quot;orientation&quot;:&quot;0&quot;}\" data-image-title=\"\" data-image-description=\"\" data-image-caption=\"&lt;p&gt;Prof. Dr. F\u00e1bio Pereira Leivas Leite&lt;\/p&gt;\n\" data-medium-file=\"https:\/\/wp.ufpel.edu.br\/ppgbiotec\/files\/2016\/12\/imagem-do-professor-Fabio.jpg\" data-large-file=\"https:\/\/wp.ufpel.edu.br\/ppgbiotec\/files\/2016\/12\/imagem-do-professor-Fabio.jpg\" class=\" wp-image-510 alignleft\" src=\"https:\/\/wp.ufpel.edu.br\/ppgbiotec\/files\/2016\/12\/imagem-do-professor-Fabio.jpg\" alt=\"\" width=\"128\" height=\"128\" \/><\/span><\/p>\n<p>&nbsp;<\/p>\n<p style=\"text-align: justify;\"><span style=\"color: #000000; font-family: georgia, palatino, serif; font-size: 12pt;\"><strong>Agraciado:<\/strong> Prof. Ph.D.<strong> F\u00e1bio Pereira Leivas Leite<\/strong><\/span><\/p>\n<p style=\"text-align: justify;\"><span style=\"color: #000000; font-family: georgia, palatino, serif; font-size: 12pt;\"><strong>Categoria:<\/strong> Inova\u00e7\u00e3o e Tecnologia Rural<\/span><\/p>\n<p>&nbsp;<\/p>\n<p><span style=\"font-family: georgia, palatino, serif; font-size: 12pt; color: #000000;\"><strong>Ano de 2021<\/strong><\/span><\/p>\n<p><span style=\"font-family: georgia, palatino, serif; font-size: 12pt; color: #000000;\"><img data-attachment-id=\"8983\" data-permalink=\"https:\/\/wp.ufpel.edu.br\/ppgbiotec\/pessoas\/wladimir-padilha-da-silva\/servletrecuperafoto-10-2\/\" data-orig-file=\"https:\/\/wp.ufpel.edu.br\/ppgbiotec\/files\/2020\/07\/servletrecuperafoto-10-scaled.jpg\" data-orig-size=\"1440,2560\" data-comments-opened=\"0\" data-image-meta=\"{&quot;aperture&quot;:&quot;2&quot;,&quot;credit&quot;:&quot;&quot;,&quot;camera&quot;:&quot;MotoG3&quot;,&quot;caption&quot;:&quot;&quot;,&quot;created_timestamp&quot;:&quot;1527091590&quot;,&quot;copyright&quot;:&quot;&quot;,&quot;focal_length&quot;:&quot;3.64&quot;,&quot;iso&quot;:&quot;160&quot;,&quot;shutter_speed&quot;:&quot;0.03071&quot;,&quot;title&quot;:&quot;&quot;,&quot;orientation&quot;:&quot;1&quot;}\" data-image-title=\"servletrecuperafoto (10)\" data-image-description=\"\" data-image-caption=\"\" data-medium-file=\"https:\/\/wp.ufpel.edu.br\/ppgbiotec\/files\/2020\/07\/servletrecuperafoto-10-225x400.jpg\" data-large-file=\"https:\/\/wp.ufpel.edu.br\/ppgbiotec\/files\/2020\/07\/servletrecuperafoto-10-576x1024.jpg\" class=\"wp-image-8983 alignleft\" src=\"https:\/\/wp.ufpel.edu.br\/ppgbiotec\/files\/2020\/07\/servletrecuperafoto-10-225x400.jpg\" alt=\"\" width=\"87\" height=\"155\" srcset=\"https:\/\/wp.ufpel.edu.br\/ppgbiotec\/files\/2020\/07\/servletrecuperafoto-10-225x400.jpg 225w, https:\/\/wp.ufpel.edu.br\/ppgbiotec\/files\/2020\/07\/servletrecuperafoto-10-576x1024.jpg 576w, https:\/\/wp.ufpel.edu.br\/ppgbiotec\/files\/2020\/07\/servletrecuperafoto-10-768x1365.jpg 768w, https:\/\/wp.ufpel.edu.br\/ppgbiotec\/files\/2020\/07\/servletrecuperafoto-10-864x1536.jpg 864w, https:\/\/wp.ufpel.edu.br\/ppgbiotec\/files\/2020\/07\/servletrecuperafoto-10-1152x2048.jpg 1152w, https:\/\/wp.ufpel.edu.br\/ppgbiotec\/files\/2020\/07\/servletrecuperafoto-10-scaled.jpg 1440w\" sizes=\"(max-width: 87px) 100vw, 87px\" \/><\/span><\/p>\n<p>&nbsp;<\/p>\n<p><span style=\"color: #000000; font-family: georgia, palatino, serif; font-size: 12pt;\"><strong>Agraciado:<\/strong> Prof. Dr.<strong> Wladimir Padilha da Silva<\/strong><\/span><\/p>\n<p style=\"text-align: justify;\"><span style=\"color: #000000; font-family: georgia, palatino, serif; font-size: 12pt;\"><strong>Categoria:<\/strong> Cadeia de Produ\u00e7\u00e3o e Alternativas Agr\u00edcolas<\/span><\/p>\n<p>&nbsp;<\/p>\n<p>&nbsp;<\/p>\n<p style=\"text-align: left;\"><span style=\"font-family: georgia, palatino, serif; font-size: 12pt; color: #000000;\"><strong>Ano de 2018<\/strong><\/span><\/p>\n<p style=\"text-align: justify;\"><span style=\"color: #000000; font-family: georgia, palatino, serif; font-size: 12pt;\"><img data-attachment-id=\"3849\" data-permalink=\"https:\/\/wp.ufpel.edu.br\/ppgbiotec\/premiacoes\/premio-futuro-da-terra\/attachment\/17695819072128\/\" data-orig-file=\"https:\/\/wp.ufpel.edu.br\/ppgbiotec\/files\/2019\/08\/17695819072128.jpg\" data-orig-size=\"1600,1145\" data-comments-opened=\"0\" data-image-meta=\"{&quot;aperture&quot;:&quot;4&quot;,&quot;credit&quot;:&quot;&quot;,&quot;camera&quot;:&quot;NIKON D610&quot;,&quot;caption&quot;:&quot;&quot;,&quot;created_timestamp&quot;:&quot;1535402798&quot;,&quot;copyright&quot;:&quot;&quot;,&quot;focal_length&quot;:&quot;24&quot;,&quot;iso&quot;:&quot;800&quot;,&quot;shutter_speed&quot;:&quot;0.0125&quot;,&quot;title&quot;:&quot;&quot;,&quot;orientation&quot;:&quot;0&quot;}\" data-image-title=\"17695819072128\" data-image-description=\"\" data-image-caption=\"\" data-medium-file=\"https:\/\/wp.ufpel.edu.br\/ppgbiotec\/files\/2019\/08\/17695819072128-400x286.jpg\" data-large-file=\"https:\/\/wp.ufpel.edu.br\/ppgbiotec\/files\/2019\/08\/17695819072128-1024x733.jpg\" class=\"wp-image-3849 alignleft\" src=\"https:\/\/wp.ufpel.edu.br\/ppgbiotec\/files\/2019\/08\/17695819072128-200x200.jpg\" alt=\"\" width=\"174\" height=\"174\" \/><\/span><\/p>\n<p>&nbsp;<\/p>\n<p><span style=\"color: #000000; font-family: georgia, palatino, serif; font-size: 12pt;\"><strong>Agraciado:<\/strong> Prof. Dr.<strong> Fabr\u00edcio Rochedo Concei\u00e7\u00e3o<\/strong><\/span><\/p>\n<p style=\"text-align: justify;\"><span style=\"color: #000000; font-family: georgia, palatino, serif; font-size: 12pt;\"><strong>Categoria:<\/strong> Inova\u00e7\u00e3o, Tecnologia Rural e Empreendedorismo<\/span><\/p>\n<p style=\"text-align: justify;\"><span style=\"color: #000000; font-family: georgia, palatino, serif; font-size: 12pt;\">Pesquisa sobre desenvolvimento de vacinas para a pecu\u00e1ria.<\/span><\/p>\n<p>&nbsp;<\/p>\n<p><span style=\"font-family: georgia, palatino, serif; font-size: 12pt; color: #000000;\"><strong>Ano de 2014<\/strong><\/span><\/p>\n<p style=\"text-align: justify;\"><span style=\"color: #000000; font-family: georgia, palatino, serif; font-size: 12pt;\"><img data-attachment-id=\"3851\" data-permalink=\"https:\/\/wp.ufpel.edu.br\/ppgbiotec\/premiacoes\/premio-futuro-da-terra\/9982050313028_mini\/\" data-orig-file=\"https:\/\/wp.ufpel.edu.br\/ppgbiotec\/files\/2019\/08\/9982050313028_mini.jpg\" data-orig-size=\"224,150\" data-comments-opened=\"0\" data-image-meta=\"{&quot;aperture&quot;:&quot;0&quot;,&quot;credit&quot;:&quot;&quot;,&quot;camera&quot;:&quot;&quot;,&quot;caption&quot;:&quot;&quot;,&quot;created_timestamp&quot;:&quot;0&quot;,&quot;copyright&quot;:&quot;&quot;,&quot;focal_length&quot;:&quot;0&quot;,&quot;iso&quot;:&quot;0&quot;,&quot;shutter_speed&quot;:&quot;0&quot;,&quot;title&quot;:&quot;&quot;,&quot;orientation&quot;:&quot;0&quot;}\" data-image-title=\"9982050313028_mini\" data-image-description=\"\" data-image-caption=\"\" data-medium-file=\"https:\/\/wp.ufpel.edu.br\/ppgbiotec\/files\/2019\/08\/9982050313028_mini.jpg\" data-large-file=\"https:\/\/wp.ufpel.edu.br\/ppgbiotec\/files\/2019\/08\/9982050313028_mini.jpg\" class=\"wp-image-3851 alignleft\" src=\"https:\/\/wp.ufpel.edu.br\/ppgbiotec\/files\/2019\/08\/9982050313028_mini.jpg\" alt=\"\" width=\"194\" height=\"130\" \/><\/span><\/p>\n<p style=\"text-align: justify;\"><span style=\"font-family: georgia, palatino, serif; font-size: 12pt; color: #000000;\"><strong>Agraciado: <\/strong>Prof. Dr.<strong> Marcio Nunes Corr\u00eaa<\/strong><\/span><\/p>\n<p style=\"text-align: justify;\"><span style=\"color: #000000; font-family: georgia, palatino, serif; font-size: 12pt;\"><strong>Categoria:<\/strong> Cadeias de Produ\u00e7\u00e3o Agr\u00edcola<\/span><\/p>\n<p style=\"text-align: justify;\"><span style=\"color: #000000; font-family: georgia, palatino, serif; font-size: 12pt;\">Pesquisa sobre inova\u00e7\u00e3o em nutri\u00e7\u00e3o, sanidade e reprodu\u00e7\u00e3o animal, principalmente de ruminantes.<\/span><\/p>\n<p>&nbsp;<\/p>\n<p><span style=\"font-family: georgia, palatino, serif; font-size: 12pt; color: #000000;\"><strong>Ano de 2013<\/strong><\/span><\/p>\n<p style=\"text-align: justify;\"><span style=\"color: #000000; font-family: georgia, palatino, serif; font-size: 12pt;\"><img data-attachment-id=\"3850\" data-permalink=\"https:\/\/wp.ufpel.edu.br\/ppgbiotec\/premiacoes\/premio-futuro-da-terra\/132940_eco_27156_thumb_medio-200x133\/\" data-orig-file=\"https:\/\/wp.ufpel.edu.br\/ppgbiotec\/files\/2019\/08\/132940_ECO_27156_thumb_medio-200x133.jpg\" data-orig-size=\"200,133\" data-comments-opened=\"0\" data-image-meta=\"{&quot;aperture&quot;:&quot;0&quot;,&quot;credit&quot;:&quot;&quot;,&quot;camera&quot;:&quot;&quot;,&quot;caption&quot;:&quot;&quot;,&quot;created_timestamp&quot;:&quot;0&quot;,&quot;copyright&quot;:&quot;&quot;,&quot;focal_length&quot;:&quot;0&quot;,&quot;iso&quot;:&quot;0&quot;,&quot;shutter_speed&quot;:&quot;0&quot;,&quot;title&quot;:&quot;&quot;,&quot;orientation&quot;:&quot;0&quot;}\" data-image-title=\"132940_ECO_27156_thumb_medio-200&amp;#215;133\" data-image-description=\"\" data-image-caption=\"\" data-medium-file=\"https:\/\/wp.ufpel.edu.br\/ppgbiotec\/files\/2019\/08\/132940_ECO_27156_thumb_medio-200x133.jpg\" data-large-file=\"https:\/\/wp.ufpel.edu.br\/ppgbiotec\/files\/2019\/08\/132940_ECO_27156_thumb_medio-200x133.jpg\" class=\"wp-image-3850 alignleft\" src=\"https:\/\/wp.ufpel.edu.br\/ppgbiotec\/files\/2019\/08\/132940_ECO_27156_thumb_medio-200x133-200x133.jpg\" alt=\"\" width=\"197\" height=\"131\" \/><\/span><\/p>\n<p style=\"text-align: justify;\"><span style=\"font-family: georgia, palatino, serif; font-size: 12pt; color: #000000;\"><strong>Agraciado: <\/strong>Prof. Ph.D. <strong>Jo\u00e3o Carlos Deschamps<\/strong><\/span><\/p>\n<p style=\"text-align: justify;\"><span style=\"color: #000000; font-family: georgia, palatino, serif; font-size: 12pt;\"><strong>Categoria:<\/strong> Tecnologia Rural<\/span><\/p>\n<p style=\"text-align: justify;\"><span style=\"color: #000000; font-family: georgia, palatino, serif; font-size: 12pt;\">Pesquisa sobre preserva\u00e7\u00e3o de s\u00eamen su\u00edno e fertiliza\u00e7\u00e3o <em>in vitro<\/em>.<\/span><\/p>\n<p>&nbsp;<\/p>\n<p><span style=\"font-family: georgia, palatino, serif; font-size: 12pt; color: #000000;\"><strong>Ano de 2012<\/strong><\/span><\/p>\n<p style=\"text-align: justify;\"><img data-attachment-id=\"8970\" data-permalink=\"https:\/\/wp.ufpel.edu.br\/ppgbiotec\/pessoas\/cesar-valmor-rombaldi\/servletrecuperafoto-4-3\/\" data-orig-file=\"https:\/\/wp.ufpel.edu.br\/ppgbiotec\/files\/2020\/07\/servletrecuperafoto-4.jpg\" data-orig-size=\"1200,1600\" data-comments-opened=\"0\" data-image-meta=\"{&quot;aperture&quot;:&quot;0&quot;,&quot;credit&quot;:&quot;&quot;,&quot;camera&quot;:&quot;&quot;,&quot;caption&quot;:&quot;&quot;,&quot;created_timestamp&quot;:&quot;0&quot;,&quot;copyright&quot;:&quot;&quot;,&quot;focal_length&quot;:&quot;0&quot;,&quot;iso&quot;:&quot;0&quot;,&quot;shutter_speed&quot;:&quot;0&quot;,&quot;title&quot;:&quot;&quot;,&quot;orientation&quot;:&quot;0&quot;}\" data-image-title=\"servletrecuperafoto (4)\" data-image-description=\"\" data-image-caption=\"\" data-medium-file=\"https:\/\/wp.ufpel.edu.br\/ppgbiotec\/files\/2020\/07\/servletrecuperafoto-4-300x400.jpg\" data-large-file=\"https:\/\/wp.ufpel.edu.br\/ppgbiotec\/files\/2020\/07\/servletrecuperafoto-4-768x1024.jpg\" class=\"wp-image-8970 alignleft\" src=\"https:\/\/wp.ufpel.edu.br\/ppgbiotec\/files\/2020\/07\/servletrecuperafoto-4-300x400.jpg\" alt=\"\" width=\"131\" height=\"174\" srcset=\"https:\/\/wp.ufpel.edu.br\/ppgbiotec\/files\/2020\/07\/servletrecuperafoto-4-300x400.jpg 300w, https:\/\/wp.ufpel.edu.br\/ppgbiotec\/files\/2020\/07\/servletrecuperafoto-4-768x1024.jpg 768w, https:\/\/wp.ufpel.edu.br\/ppgbiotec\/files\/2020\/07\/servletrecuperafoto-4-1152x1536.jpg 1152w, https:\/\/wp.ufpel.edu.br\/ppgbiotec\/files\/2020\/07\/servletrecuperafoto-4.jpg 1200w\" sizes=\"(max-width: 131px) 100vw, 131px\" \/><\/p>\n<p>&nbsp;<\/p>\n<p><span style=\"font-family: georgia, palatino, serif; font-size: 12pt; color: #000000;\"><strong>Agraciado: <\/strong>Prof. Ph.D.<strong> C\u00e9sar Valmor Rombaldi<\/strong><\/span><\/p>\n<p style=\"text-align: justify;\"><span style=\"color: #000000; font-family: georgia, palatino, serif; font-size: 12pt;\"><strong>Categoria:<\/strong> Tecnologia Rural<\/span><\/p>\n<p>&nbsp;<\/p>\n<p>&nbsp;<\/p>\n<p><span style=\"font-family: georgia, palatino, serif; font-size: 12pt; color: #000000;\"><strong>Ano de 2011<\/strong><\/span><\/p>\n<p style=\"text-align: justify;\"><span style=\"color: #000000; font-family: georgia, palatino, serif; font-size: 12pt;\"><img data-attachment-id=\"3852\" data-permalink=\"https:\/\/wp.ufpel.edu.br\/ppgbiotec\/premiacoes\/premio-futuro-da-terra\/attachment\/23163317716551\/\" data-orig-file=\"https:\/\/wp.ufpel.edu.br\/ppgbiotec\/files\/2019\/08\/23163317716551.jpg\" data-orig-size=\"2000,1390\" data-comments-opened=\"0\" data-image-meta=\"{&quot;aperture&quot;:&quot;5&quot;,&quot;credit&quot;:&quot;&quot;,&quot;camera&quot;:&quot;NIKON D5000&quot;,&quot;caption&quot;:&quot;&quot;,&quot;created_timestamp&quot;:&quot;1314647363&quot;,&quot;copyright&quot;:&quot;&quot;,&quot;focal_length&quot;:&quot;35&quot;,&quot;iso&quot;:&quot;500&quot;,&quot;shutter_speed&quot;:&quot;0.016666666666667&quot;,&quot;title&quot;:&quot;&quot;,&quot;orientation&quot;:&quot;1&quot;}\" data-image-title=\"23163317716551\" data-image-description=\"\" data-image-caption=\"\" data-medium-file=\"https:\/\/wp.ufpel.edu.br\/ppgbiotec\/files\/2019\/08\/23163317716551-400x278.jpg\" data-large-file=\"https:\/\/wp.ufpel.edu.br\/ppgbiotec\/files\/2019\/08\/23163317716551-1024x712.jpg\" class=\"wp-image-3852 alignleft\" src=\"https:\/\/wp.ufpel.edu.br\/ppgbiotec\/files\/2019\/08\/23163317716551-200x200.jpg\" alt=\"\" width=\"156\" height=\"156\" \/><\/span><\/p>\n<p>&nbsp;<\/p>\n<p><span style=\"font-family: georgia, palatino, serif; font-size: 12pt; color: #000000;\"><strong>Agraciado: <\/strong>Prof. Ph.D.<strong> Odir Ant\u00f4nio Dellagostin<\/strong><\/span><\/p>\n<p style=\"text-align: justify;\"><span style=\"color: #000000; font-family: georgia, palatino, serif; font-size: 12pt;\"><strong>Categoria:<\/strong> Tecnologia Rural<\/span><\/p>\n<p>&nbsp;<\/p>\n<p>&nbsp;<\/p>\n<p><span style=\"font-family: georgia, palatino, serif; font-size: 12pt; color: #000000;\"><strong>Ano de 2011<\/strong><\/span><\/p>\n<p><span style=\"font-family: georgia, palatino, serif; font-size: 12pt; color: #000000;\"><img data-attachment-id=\"2464\" data-permalink=\"https:\/\/wp.ufpel.edu.br\/ppgbiotec\/2018\/01\/26\/revista-nature-publica-trabalho-com-participacao-do-prof-antonio-oliveira-e-o-egresso-do-doutorado-railson-dos-santos-do-ppgb\/img-0870-200x150\/\" data-orig-file=\"https:\/\/wp.ufpel.edu.br\/ppgbiotec\/files\/2018\/01\/IMG-0870-200x150.jpg\" data-orig-size=\"200,150\" data-comments-opened=\"0\" data-image-meta=\"{&quot;aperture&quot;:&quot;0&quot;,&quot;credit&quot;:&quot;&quot;,&quot;camera&quot;:&quot;&quot;,&quot;caption&quot;:&quot;&quot;,&quot;created_timestamp&quot;:&quot;0&quot;,&quot;copyright&quot;:&quot;&quot;,&quot;focal_length&quot;:&quot;0&quot;,&quot;iso&quot;:&quot;0&quot;,&quot;shutter_speed&quot;:&quot;0&quot;,&quot;title&quot;:&quot;&quot;,&quot;orientation&quot;:&quot;0&quot;}\" data-image-title=\"IMG-0870-200&amp;#215;150\" data-image-description=\"\" data-image-caption=\"\" data-medium-file=\"https:\/\/wp.ufpel.edu.br\/ppgbiotec\/files\/2018\/01\/IMG-0870-200x150.jpg\" data-large-file=\"https:\/\/wp.ufpel.edu.br\/ppgbiotec\/files\/2018\/01\/IMG-0870-200x150.jpg\" class=\"wp-image-2464 alignleft\" src=\"https:\/\/wp.ufpel.edu.br\/ppgbiotec\/files\/2018\/01\/IMG-0870-200x150-200x150.jpg\" alt=\"\" width=\"162\" height=\"121\" \/><\/span><\/p>\n<p>&nbsp;<\/p>\n<p style=\"text-align: justify;\"><span style=\"font-family: georgia, palatino, serif; font-size: 12pt; color: #000000;\"><strong>Agraciado: <\/strong>Prof. Ph.D.<strong> Antonio Costa de Oliveira<\/strong><\/span><\/p>\n<p style=\"text-align: justify;\"><span style=\"color: #000000; font-family: georgia, palatino, serif; font-size: 12pt;\"><strong>Categoria:<\/strong> Novas alternativas agr\u00edcolas<\/span><\/p>\n<p>&nbsp;<\/p>\n","protected":false},"excerpt":{"rendered":"<p>Ano de 2024 &nbsp; Agraciada: Prof.\u00aa Dr.\u00aa Vanessa Galli Categoria: Inova\u00e7\u00e3o e Tecnologia Rural &nbsp; &nbsp; Ano de 2023 &nbsp; Agraciada: Prof.\u00aa Dr.\u00aa Sibele Borsuk Categoria: Inova\u00e7\u00e3o e Tecnologia Rural &nbsp; &nbsp; Ano de 2022 &nbsp; Agraciado: Prof. Dr. Vinicius Farias Campos Categoria: Inova\u00e7\u00e3o e Tecnologia Rural &nbsp; Ano de 2021 &nbsp; Agraciado: Prof. Ph.D. [&hellip;]<\/p>\n","protected":false},"author":735,"featured_media":0,"parent":5781,"menu_order":2,"comment_status":"closed","ping_status":"closed","template":"","meta":{"jetpack_post_was_ever_published":false,"footnotes":""},"class_list":["post-3847","page","type-page","status-publish","hentry"],"jetpack_sharing_enabled":true,"_links":{"self":[{"href":"https:\/\/wp.ufpel.edu.br\/ppgbiotec\/wp-json\/wp\/v2\/pages\/3847","targetHints":{"allow":["GET"]}}],"collection":[{"href":"https:\/\/wp.ufpel.edu.br\/ppgbiotec\/wp-json\/wp\/v2\/pages"}],"about":[{"href":"https:\/\/wp.ufpel.edu.br\/ppgbiotec\/wp-json\/wp\/v2\/types\/page"}],"author":[{"embeddable":true,"href":"https:\/\/wp.ufpel.edu.br\/ppgbiotec\/wp-json\/wp\/v2\/users\/735"}],"replies":[{"embeddable":true,"href":"https:\/\/wp.ufpel.edu.br\/ppgbiotec\/wp-json\/wp\/v2\/comments?post=3847"}],"version-history":[{"count":33,"href":"https:\/\/wp.ufpel.edu.br\/ppgbiotec\/wp-json\/wp\/v2\/pages\/3847\/revisions"}],"predecessor-version":[{"id":10454,"href":"https:\/\/wp.ufpel.edu.br\/ppgbiotec\/wp-json\/wp\/v2\/pages\/3847\/revisions\/10454"}],"up":[{"embeddable":true,"href":"https:\/\/wp.ufpel.edu.br\/ppgbiotec\/wp-json\/wp\/v2\/pages\/5781"}],"wp:attachment":[{"href":"https:\/\/wp.ufpel.edu.br\/ppgbiotec\/wp-json\/wp\/v2\/media?parent=3847"}],"curies":[{"name":"wp","href":"https:\/\/api.w.org\/{rel}","templated":true}]}}