{"id":3843,"date":"2019-08-02T22:29:16","date_gmt":"2019-08-03T01:29:16","guid":{"rendered":"https:\/\/wp.ufpel.edu.br\/ppgbiotec\/?page_id=3843"},"modified":"2023-08-02T16:41:04","modified_gmt":"2023-08-02T19:41:04","slug":"premio-pesquisador-gaucho","status":"publish","type":"page","link":"https:\/\/wp.ufpel.edu.br\/ppgbiotec\/premiacoes\/premio-pesquisador-gaucho\/","title":{"rendered":"Pr\u00eamio Pesquisador Ga\u00facho"},"content":{"rendered":"<p><span style=\"font-family: georgia, palatino, serif; font-size: 12pt;\"><strong><span style=\"color: #000000;\">Ano de 2021<\/span><\/strong><\/span><\/p>\n<ul>\n<li><span style=\"color: #000000; font-family: georgia, palatino, serif; font-size: 12pt;\">Categoria Pesquisador Destaque<\/span><\/li>\n<\/ul>\n<p><span style=\"color: #000000; font-family: georgia, palatino, serif; font-size: 12pt;\"><strong><img data-attachment-id=\"2197\" data-permalink=\"https:\/\/wp.ufpel.edu.br\/ppgbiotec\/2017\/09\/28\/docente-do-ppgbiotec-participa-de-encontro-na-coreia-do-sul\/unnamed-3\/\" data-orig-file=\"https:\/\/wp.ufpel.edu.br\/ppgbiotec\/files\/2017\/09\/unnamed.jpg\" data-orig-size=\"640,480\" data-comments-opened=\"0\" data-image-meta=\"{&quot;aperture&quot;:&quot;0&quot;,&quot;credit&quot;:&quot;&quot;,&quot;camera&quot;:&quot;&quot;,&quot;caption&quot;:&quot;&quot;,&quot;created_timestamp&quot;:&quot;0&quot;,&quot;copyright&quot;:&quot;&quot;,&quot;focal_length&quot;:&quot;0&quot;,&quot;iso&quot;:&quot;0&quot;,&quot;shutter_speed&quot;:&quot;0&quot;,&quot;title&quot;:&quot;&quot;,&quot;orientation&quot;:&quot;0&quot;}\" data-image-title=\"unnamed\" data-image-description=\"\" data-image-caption=\"\" data-medium-file=\"https:\/\/wp.ufpel.edu.br\/ppgbiotec\/files\/2017\/09\/unnamed-400x300.jpg\" data-large-file=\"https:\/\/wp.ufpel.edu.br\/ppgbiotec\/files\/2017\/09\/unnamed.jpg\" class=\" wp-image-2197 alignleft\" src=\"https:\/\/wp.ufpel.edu.br\/ppgbiotec\/files\/2017\/09\/unnamed-400x300.jpg\" alt=\"\" width=\"176\" height=\"132\" srcset=\"https:\/\/wp.ufpel.edu.br\/ppgbiotec\/files\/2017\/09\/unnamed-400x300.jpg 400w, https:\/\/wp.ufpel.edu.br\/ppgbiotec\/files\/2017\/09\/unnamed.jpg 640w\" sizes=\"(max-width: 176px) 100vw, 176px\" \/><\/strong><\/span><\/p>\n<p>&nbsp;<\/p>\n<p><span style=\"color: #000000; font-family: georgia, palatino, serif; font-size: 12pt;\"><strong>Agraciado:<\/strong> Prof. Ph.D. <strong>Antonio Costa de Oliveira<\/strong><\/span><\/p>\n<p><span style=\"color: #000000; font-family: georgia, palatino, serif; font-size: 12pt;\">\u00c1rea de Ci\u00eancias Agr\u00e1rias<\/span><\/p>\n<p>&nbsp;<\/p>\n<hr \/>\n<p><span style=\"font-family: georgia, palatino, serif; font-size: 12pt;\"><strong><span style=\"color: #000000;\">Ano de 2021<\/span><\/strong><\/span><\/p>\n<ul>\n<li><span style=\"color: #000000; font-family: georgia, palatino, serif; font-size: 12pt;\">Categoria Pesquisador na Ind\u00fastria<\/span><\/li>\n<\/ul>\n<p><span style=\"font-family: georgia, palatino, serif; font-size: 12pt;\"><img data-attachment-id=\"428\" data-permalink=\"https:\/\/wp.ufpel.edu.br\/ppgbiotec\/premiacoes\/premio-pesquisador-gaucho\/servletrecuperafoto-4-2\/\" data-orig-file=\"https:\/\/wp.ufpel.edu.br\/ppgbiotec\/files\/2016\/12\/servletrecuperafoto-4-1.jpg\" data-orig-size=\"196,197\" data-comments-opened=\"0\" data-image-meta=\"{&quot;aperture&quot;:&quot;0&quot;,&quot;credit&quot;:&quot;&quot;,&quot;camera&quot;:&quot;&quot;,&quot;caption&quot;:&quot;&quot;,&quot;created_timestamp&quot;:&quot;0&quot;,&quot;copyright&quot;:&quot;&quot;,&quot;focal_length&quot;:&quot;0&quot;,&quot;iso&quot;:&quot;0&quot;,&quot;shutter_speed&quot;:&quot;0&quot;,&quot;title&quot;:&quot;&quot;,&quot;orientation&quot;:&quot;1&quot;}\" data-image-title=\"servletrecuperafoto-4\" data-image-description=\"\" data-image-caption=\"&lt;p&gt;Prof. Dr. Fabricio Rochedo Concei\u00e7\u00e3o&lt;\/p&gt;\n\" data-medium-file=\"https:\/\/wp.ufpel.edu.br\/ppgbiotec\/files\/2016\/12\/servletrecuperafoto-4-1.jpg\" data-large-file=\"https:\/\/wp.ufpel.edu.br\/ppgbiotec\/files\/2016\/12\/servletrecuperafoto-4-1.jpg\" class=\"alignleft wp-image-428\" src=\"https:\/\/wp.ufpel.edu.br\/ppgbiotec\/files\/2016\/12\/servletrecuperafoto-4-1.jpg\" alt=\"\" width=\"143\" height=\"144\" srcset=\"https:\/\/wp.ufpel.edu.br\/ppgbiotec\/files\/2016\/12\/servletrecuperafoto-4-1.jpg 196w, https:\/\/wp.ufpel.edu.br\/ppgbiotec\/files\/2016\/12\/servletrecuperafoto-4-1-158x159.jpg 158w\" sizes=\"(max-width: 143px) 100vw, 143px\" \/><\/span><\/p>\n<p>&nbsp;<\/p>\n<p><span style=\"color: #000000; font-family: georgia, palatino, serif; font-size: 12pt;\"><strong>Agraciado:<\/strong> Prof. Dr. <strong>Fabr\u00edcio Rochedo Concei\u00e7\u00e3o<\/strong><\/span><\/p>\n<p>&nbsp;<\/p>\n<p>&nbsp;<\/p>\n<p>&nbsp;<\/p>\n<hr \/>\n<p><span style=\"font-family: georgia, palatino, serif; font-size: 12pt;\"><strong><span style=\"color: #000000;\">Ano de 2011<\/span><\/strong><\/span><\/p>\n<ul>\n<li><span style=\"color: #000000; font-family: georgia, palatino, serif; font-size: 12pt;\">Categoria Pesquisador Destaque<\/span><\/li>\n<\/ul>\n<p><span style=\"font-family: georgia, palatino, serif; font-size: 12pt;\"><img data-attachment-id=\"3845\" data-permalink=\"https:\/\/wp.ufpel.edu.br\/ppgbiotec\/premiacoes\/premio-pesquisador-gaucho\/_mg_7415\/\" data-orig-file=\"https:\/\/wp.ufpel.edu.br\/ppgbiotec\/files\/2019\/08\/MG_7415.jpg\" data-orig-size=\"800,1200\" data-comments-opened=\"0\" data-image-meta=\"{&quot;aperture&quot;:&quot;4&quot;,&quot;credit&quot;:&quot;&quot;,&quot;camera&quot;:&quot;Canon EOS 30D&quot;,&quot;caption&quot;:&quot;&quot;,&quot;created_timestamp&quot;:&quot;1321550490&quot;,&quot;copyright&quot;:&quot;&quot;,&quot;focal_length&quot;:&quot;70&quot;,&quot;iso&quot;:&quot;800&quot;,&quot;shutter_speed&quot;:&quot;0.016666666666667&quot;,&quot;title&quot;:&quot;&quot;,&quot;orientation&quot;:&quot;1&quot;}\" data-image-title=\"_MG_7415\" data-image-description=\"\" data-image-caption=\"\" data-medium-file=\"https:\/\/wp.ufpel.edu.br\/ppgbiotec\/files\/2019\/08\/MG_7415-267x400.jpg\" data-large-file=\"https:\/\/wp.ufpel.edu.br\/ppgbiotec\/files\/2019\/08\/MG_7415-683x1024.jpg\" class=\"alignleft wp-image-3845\" src=\"https:\/\/wp.ufpel.edu.br\/ppgbiotec\/files\/2019\/08\/MG_7415-267x400.jpg\" alt=\"\" width=\"172\" height=\"258\" srcset=\"https:\/\/wp.ufpel.edu.br\/ppgbiotec\/files\/2019\/08\/MG_7415-267x400.jpg 267w, https:\/\/wp.ufpel.edu.br\/ppgbiotec\/files\/2019\/08\/MG_7415-768x1152.jpg 768w, https:\/\/wp.ufpel.edu.br\/ppgbiotec\/files\/2019\/08\/MG_7415-683x1024.jpg 683w, https:\/\/wp.ufpel.edu.br\/ppgbiotec\/files\/2019\/08\/MG_7415.jpg 800w\" sizes=\"(max-width: 172px) 100vw, 172px\" \/><\/span><\/p>\n<p>&nbsp;<\/p>\n<p><span style=\"color: #000000; font-family: georgia, palatino, serif; font-size: 12pt;\"><strong>Agraciado:<\/strong> Prof. Ph.D. <strong>Odir Ant\u00f4nio Dellagostin<\/strong><\/span><\/p>\n<p><span style=\"color: #000000; font-family: georgia, palatino, serif; font-size: 12pt;\">\u00c1rea de Ci\u00eancias Agr\u00e1rias<\/span><\/p>\n<p><span style=\"color: #000000; font-family: georgia, palatino, serif; font-size: 12pt;\">Desenvolvimento de vacinas especiais para animais.\u00a0<\/span><\/p>\n","protected":false},"excerpt":{"rendered":"<p>Ano de 2021 Categoria Pesquisador Destaque &nbsp; Agraciado: Prof. Ph.D. Antonio Costa de Oliveira \u00c1rea de Ci\u00eancias Agr\u00e1rias &nbsp; Ano de 2021 Categoria Pesquisador na Ind\u00fastria &nbsp; Agraciado: Prof. Dr. Fabr\u00edcio Rochedo Concei\u00e7\u00e3o &nbsp; &nbsp; &nbsp; Ano de 2011 Categoria Pesquisador Destaque &nbsp; Agraciado: Prof. Ph.D. Odir Ant\u00f4nio Dellagostin \u00c1rea de Ci\u00eancias Agr\u00e1rias Desenvolvimento de [&hellip;]<\/p>\n","protected":false},"author":735,"featured_media":0,"parent":5781,"menu_order":3,"comment_status":"closed","ping_status":"closed","template":"","meta":{"jetpack_post_was_ever_published":false,"footnotes":""},"class_list":["post-3843","page","type-page","status-publish","hentry"],"jetpack_sharing_enabled":true,"_links":{"self":[{"href":"https:\/\/wp.ufpel.edu.br\/ppgbiotec\/wp-json\/wp\/v2\/pages\/3843","targetHints":{"allow":["GET"]}}],"collection":[{"href":"https:\/\/wp.ufpel.edu.br\/ppgbiotec\/wp-json\/wp\/v2\/pages"}],"about":[{"href":"https:\/\/wp.ufpel.edu.br\/ppgbiotec\/wp-json\/wp\/v2\/types\/page"}],"author":[{"embeddable":true,"href":"https:\/\/wp.ufpel.edu.br\/ppgbiotec\/wp-json\/wp\/v2\/users\/735"}],"replies":[{"embeddable":true,"href":"https:\/\/wp.ufpel.edu.br\/ppgbiotec\/wp-json\/wp\/v2\/comments?post=3843"}],"version-history":[{"count":7,"href":"https:\/\/wp.ufpel.edu.br\/ppgbiotec\/wp-json\/wp\/v2\/pages\/3843\/revisions"}],"predecessor-version":[{"id":9314,"href":"https:\/\/wp.ufpel.edu.br\/ppgbiotec\/wp-json\/wp\/v2\/pages\/3843\/revisions\/9314"}],"up":[{"embeddable":true,"href":"https:\/\/wp.ufpel.edu.br\/ppgbiotec\/wp-json\/wp\/v2\/pages\/5781"}],"wp:attachment":[{"href":"https:\/\/wp.ufpel.edu.br\/ppgbiotec\/wp-json\/wp\/v2\/media?parent=3843"}],"curies":[{"name":"wp","href":"https:\/\/api.w.org\/{rel}","templated":true}]}}