{"id":3748,"date":"2019-08-02T11:07:01","date_gmt":"2019-08-02T14:07:01","guid":{"rendered":"https:\/\/wp.ufpel.edu.br\/ppgbiotec\/?page_id=3748"},"modified":"2024-07-22T09:01:55","modified_gmt":"2024-07-22T12:01:55","slug":"sala-de-equipamentos","status":"publish","type":"page","link":"https:\/\/wp.ufpel.edu.br\/ppgbiotec\/infraestrutura\/apoio-suporte\/sala-de-equipamentos\/","title":{"rendered":"Sala de equipamentos"},"content":{"rendered":"<p><strong>Sala de equipamentos<\/strong><\/p>\n<p style=\"text-align: justify;\"><span style=\"color: #000000;\"><strong style=\"text-align: justify;\">Unidade:<\/strong><span style=\"text-align: justify;\">\u00a0Centro de Desenvolvimento Tecnol\u00f3gico (CDTec)<\/span><\/span><\/p>\n<p style=\"text-align: justify;\"><span style=\"color: #000000;\"><strong>Descri\u00e7\u00e3o: <\/strong><\/span><\/p>\n<p style=\"text-align: justify;\"><span style=\"color: #000000;\">Na sala est\u00e3o dispon\u00edveis equipamentos compartilhados pelos grupos de pesquisa do Programa de P\u00f3s-Gradua\u00e7\u00e3o em Biotecnologia e Gradua\u00e7\u00e3o em Biotecnologia.<\/span><\/p>\n<p><span style=\"color: #000000;\"><strong>Localiza\u00e7\u00e3o<\/strong><\/span><br \/>\n<span style=\"color: #000000;\"><strong>Campus:<\/strong>\u00a0Cap\u00e3o do Le\u00e3o<\/span><br \/>\n<span style=\"color: #000000;\"><strong>Pr\u00e9dio\/Bloco:<\/strong>\u00a019<\/span><\/p>\n<p style=\"text-align: justify;\"><span style=\"color: #000000;\"><img data-attachment-id=\"3753\" data-permalink=\"https:\/\/wp.ufpel.edu.br\/ppgbiotec\/infraestrutura\/apoio-suporte\/sala-de-equipamentos\/20190731_103458\/\" data-orig-file=\"https:\/\/wp.ufpel.edu.br\/ppgbiotec\/files\/2019\/08\/20190731_103458.jpg\" data-orig-size=\"4128,2322\" data-comments-opened=\"0\" data-image-meta=\"{&quot;aperture&quot;:&quot;1.9&quot;,&quot;credit&quot;:&quot;&quot;,&quot;camera&quot;:&quot;SM-J500M&quot;,&quot;caption&quot;:&quot;?&quot;,&quot;created_timestamp&quot;:&quot;1564569298&quot;,&quot;copyright&quot;:&quot;&quot;,&quot;focal_length&quot;:&quot;3.7&quot;,&quot;iso&quot;:&quot;200&quot;,&quot;shutter_speed&quot;:&quot;0.058823529411765&quot;,&quot;title&quot;:&quot;&quot;,&quot;orientation&quot;:&quot;1&quot;}\" data-image-title=\"20190731_103458\" data-image-description=\"\" data-image-caption=\"&lt;p&gt;?&lt;\/p&gt;\n\" data-medium-file=\"https:\/\/wp.ufpel.edu.br\/ppgbiotec\/files\/2019\/08\/20190731_103458-400x225.jpg\" data-large-file=\"https:\/\/wp.ufpel.edu.br\/ppgbiotec\/files\/2019\/08\/20190731_103458-1024x576.jpg\" class=\"wp-image-3753 alignleft\" src=\"https:\/\/wp.ufpel.edu.br\/ppgbiotec\/files\/2019\/08\/20190731_103458-200x200.jpg\" alt=\"\" width=\"248\" height=\"248\" \/><\/span><\/p>\n<p style=\"text-align: justify;\"><span style=\"color: #000000;\"><img data-attachment-id=\"3752\" data-permalink=\"https:\/\/wp.ufpel.edu.br\/ppgbiotec\/infraestrutura\/apoio-suporte\/sala-de-equipamentos\/20181026_085604\/\" data-orig-file=\"https:\/\/wp.ufpel.edu.br\/ppgbiotec\/files\/2019\/08\/20181026_085604.jpg\" data-orig-size=\"4128,2322\" data-comments-opened=\"0\" data-image-meta=\"{&quot;aperture&quot;:&quot;1.9&quot;,&quot;credit&quot;:&quot;&quot;,&quot;camera&quot;:&quot;SM-J500M&quot;,&quot;caption&quot;:&quot;&quot;,&quot;created_timestamp&quot;:&quot;1540544164&quot;,&quot;copyright&quot;:&quot;&quot;,&quot;focal_length&quot;:&quot;3.7&quot;,&quot;iso&quot;:&quot;160&quot;,&quot;shutter_speed&quot;:&quot;0.058823529411765&quot;,&quot;title&quot;:&quot;&quot;,&quot;orientation&quot;:&quot;1&quot;}\" data-image-title=\"20181026_085604\" data-image-description=\"\" data-image-caption=\"\" data-medium-file=\"https:\/\/wp.ufpel.edu.br\/ppgbiotec\/files\/2019\/08\/20181026_085604-400x225.jpg\" data-large-file=\"https:\/\/wp.ufpel.edu.br\/ppgbiotec\/files\/2019\/08\/20181026_085604-1024x576.jpg\" class=\"wp-image-3752 alignnone\" src=\"https:\/\/wp.ufpel.edu.br\/ppgbiotec\/files\/2019\/08\/20181026_085604-200x200.jpg\" alt=\"\" width=\"258\" height=\"258\" \/><\/span><\/p>\n","protected":false},"excerpt":{"rendered":"<p>Sala de equipamentos Unidade:\u00a0Centro de Desenvolvimento Tecnol\u00f3gico (CDTec) Descri\u00e7\u00e3o: Na sala est\u00e3o dispon\u00edveis equipamentos compartilhados pelos grupos de pesquisa do Programa de P\u00f3s-Gradua\u00e7\u00e3o em Biotecnologia e Gradua\u00e7\u00e3o em Biotecnologia. Localiza\u00e7\u00e3o Campus:\u00a0Cap\u00e3o do Le\u00e3o Pr\u00e9dio\/Bloco:\u00a019<\/p>\n","protected":false},"author":735,"featured_media":0,"parent":5709,"menu_order":2,"comment_status":"closed","ping_status":"closed","template":"","meta":{"jetpack_post_was_ever_published":false,"footnotes":""},"class_list":["post-3748","page","type-page","status-publish","hentry"],"jetpack_sharing_enabled":true,"_links":{"self":[{"href":"https:\/\/wp.ufpel.edu.br\/ppgbiotec\/wp-json\/wp\/v2\/pages\/3748","targetHints":{"allow":["GET"]}}],"collection":[{"href":"https:\/\/wp.ufpel.edu.br\/ppgbiotec\/wp-json\/wp\/v2\/pages"}],"about":[{"href":"https:\/\/wp.ufpel.edu.br\/ppgbiotec\/wp-json\/wp\/v2\/types\/page"}],"author":[{"embeddable":true,"href":"https:\/\/wp.ufpel.edu.br\/ppgbiotec\/wp-json\/wp\/v2\/users\/735"}],"replies":[{"embeddable":true,"href":"https:\/\/wp.ufpel.edu.br\/ppgbiotec\/wp-json\/wp\/v2\/comments?post=3748"}],"version-history":[{"count":6,"href":"https:\/\/wp.ufpel.edu.br\/ppgbiotec\/wp-json\/wp\/v2\/pages\/3748\/revisions"}],"predecessor-version":[{"id":10220,"href":"https:\/\/wp.ufpel.edu.br\/ppgbiotec\/wp-json\/wp\/v2\/pages\/3748\/revisions\/10220"}],"up":[{"embeddable":true,"href":"https:\/\/wp.ufpel.edu.br\/ppgbiotec\/wp-json\/wp\/v2\/pages\/5709"}],"wp:attachment":[{"href":"https:\/\/wp.ufpel.edu.br\/ppgbiotec\/wp-json\/wp\/v2\/media?parent=3748"}],"curies":[{"name":"wp","href":"https:\/\/api.w.org\/{rel}","templated":true}]}}