{"id":3736,"date":"2019-08-02T10:52:50","date_gmt":"2019-08-02T13:52:50","guid":{"rendered":"https:\/\/wp.ufpel.edu.br\/ppgbiotec\/?page_id=3736"},"modified":"2021-03-26T20:14:48","modified_gmt":"2021-03-26T23:14:48","slug":"sala-de-estudos-reuniao","status":"publish","type":"page","link":"https:\/\/wp.ufpel.edu.br\/ppgbiotec\/infraestrutura\/ensino\/sala-de-estudos-reuniao\/","title":{"rendered":"Sala de Estudos\/Reuni\u00e3o"},"content":{"rendered":"<p><span style=\"color: #000000\"><strong>Sala de Estudos e Reuni\u00f5es<\/strong><\/span><\/p>\n<p><img data-attachment-id=\"3744\" data-permalink=\"https:\/\/wp.ufpel.edu.br\/ppgbiotec\/infraestrutura\/ensino\/sala-de-estudos-reuniao\/20181026_085408\/\" data-orig-file=\"https:\/\/wp.ufpel.edu.br\/ppgbiotec\/files\/2019\/08\/20181026_085408.jpg\" data-orig-size=\"4128,2322\" data-comments-opened=\"0\" data-image-meta=\"{&quot;aperture&quot;:&quot;1.9&quot;,&quot;credit&quot;:&quot;&quot;,&quot;camera&quot;:&quot;SM-J500M&quot;,&quot;caption&quot;:&quot;&quot;,&quot;created_timestamp&quot;:&quot;1540544047&quot;,&quot;copyright&quot;:&quot;&quot;,&quot;focal_length&quot;:&quot;3.7&quot;,&quot;iso&quot;:&quot;100&quot;,&quot;shutter_speed&quot;:&quot;0.033333333333333&quot;,&quot;title&quot;:&quot;&quot;,&quot;orientation&quot;:&quot;1&quot;}\" data-image-title=\"20181026_085408\" data-image-description=\"\" data-image-caption=\"\" data-medium-file=\"https:\/\/wp.ufpel.edu.br\/ppgbiotec\/files\/2019\/08\/20181026_085408-400x225.jpg\" data-large-file=\"https:\/\/wp.ufpel.edu.br\/ppgbiotec\/files\/2019\/08\/20181026_085408-1024x576.jpg\" class=\"wp-image-3744 alignleft\" src=\"https:\/\/wp.ufpel.edu.br\/ppgbiotec\/files\/2019\/08\/20181026_085408-200x200.jpg\" alt=\"\" width=\"261\" height=\"261\" \/><\/p>\n<p>&nbsp;<\/p>\n<p><span style=\"color: #000000\"><strong>Unidade:<\/strong>\u00a0Centro de Desenvolvimento Tecnol\u00f3gico (CDTec)<\/span><\/p>\n<p style=\"text-align: justify\"><span style=\"color: #000000\"><strong>Descri\u00e7\u00e3o:<\/strong><\/span><\/p>\n<p style=\"text-align: justify\"><span style=\"color: #000000\">A sala \u00e9 destinada para reuni\u00f5es de colegiado e de grupos de pesquisa e para estudos de discentes do Programa de P\u00f3s-Gradua\u00e7\u00e3o em Biotecnologia e Gradua\u00e7\u00e3o em Biotecnologia.<\/span><\/p>\n<p>&nbsp;<\/p>\n<p>&nbsp;<\/p>\n<p>&nbsp;<\/p>\n<p><span style=\"color: #000000\"><strong>Localiza\u00e7\u00e3o<\/strong><\/span><br \/>\n<span style=\"color: #000000\"><strong>Campus:<\/strong>\u00a0Cap\u00e3o do Le\u00e3o<\/span><br \/>\n<span style=\"color: #000000\"><strong>Pr\u00e9dio\/Bloco:<\/strong>\u00a019<\/span><\/p>\n<p><img data-attachment-id=\"3745\" data-permalink=\"https:\/\/wp.ufpel.edu.br\/ppgbiotec\/infraestrutura\/ensino\/sala-de-estudos-reuniao\/20181026_085501\/\" data-orig-file=\"https:\/\/wp.ufpel.edu.br\/ppgbiotec\/files\/2019\/08\/20181026_085501.jpg\" data-orig-size=\"4128,2322\" data-comments-opened=\"0\" data-image-meta=\"{&quot;aperture&quot;:&quot;1.9&quot;,&quot;credit&quot;:&quot;&quot;,&quot;camera&quot;:&quot;SM-J500M&quot;,&quot;caption&quot;:&quot;&quot;,&quot;created_timestamp&quot;:&quot;1540544100&quot;,&quot;copyright&quot;:&quot;&quot;,&quot;focal_length&quot;:&quot;3.7&quot;,&quot;iso&quot;:&quot;160&quot;,&quot;shutter_speed&quot;:&quot;0.033333333333333&quot;,&quot;title&quot;:&quot;&quot;,&quot;orientation&quot;:&quot;1&quot;}\" data-image-title=\"20181026_085501\" data-image-description=\"\" data-image-caption=\"\" data-medium-file=\"https:\/\/wp.ufpel.edu.br\/ppgbiotec\/files\/2019\/08\/20181026_085501-400x225.jpg\" data-large-file=\"https:\/\/wp.ufpel.edu.br\/ppgbiotec\/files\/2019\/08\/20181026_085501-1024x576.jpg\" class=\"wp-image-3745 alignleft\" src=\"https:\/\/wp.ufpel.edu.br\/ppgbiotec\/files\/2019\/08\/20181026_085501-200x200.jpg\" alt=\"\" width=\"254\" height=\"254\" \/><\/p>\n<p>&nbsp;<\/p>\n<p><strong><span style=\"color: #000000\">Equipamentos<\/span><\/strong><\/p>\n<p><span style=\"color: #000000\">Ar condicionado<\/span><\/p>\n<p><span style=\"color: #000000\">Quadro branco<\/span><\/p>\n<p><span style=\"color: #000000\">TV<\/span><\/p>\n<p>&nbsp;<\/p>\n<p>&nbsp;<\/p>\n","protected":false},"excerpt":{"rendered":"<p>Sala de Estudos e Reuni\u00f5es &nbsp; Unidade:\u00a0Centro de Desenvolvimento Tecnol\u00f3gico (CDTec) Descri\u00e7\u00e3o: A sala \u00e9 destinada para reuni\u00f5es de colegiado e de grupos de pesquisa e para estudos de discentes do Programa de P\u00f3s-Gradua\u00e7\u00e3o em Biotecnologia e Gradua\u00e7\u00e3o em Biotecnologia. &nbsp; &nbsp; &nbsp; Localiza\u00e7\u00e3o Campus:\u00a0Cap\u00e3o do Le\u00e3o Pr\u00e9dio\/Bloco:\u00a019 &nbsp; Equipamentos Ar condicionado Quadro branco TV [&hellip;]<\/p>\n","protected":false},"author":735,"featured_media":0,"parent":5702,"menu_order":4,"comment_status":"closed","ping_status":"closed","template":"","meta":{"jetpack_post_was_ever_published":false,"footnotes":""},"class_list":["post-3736","page","type-page","status-publish","hentry"],"jetpack_sharing_enabled":true,"_links":{"self":[{"href":"https:\/\/wp.ufpel.edu.br\/ppgbiotec\/wp-json\/wp\/v2\/pages\/3736","targetHints":{"allow":["GET"]}}],"collection":[{"href":"https:\/\/wp.ufpel.edu.br\/ppgbiotec\/wp-json\/wp\/v2\/pages"}],"about":[{"href":"https:\/\/wp.ufpel.edu.br\/ppgbiotec\/wp-json\/wp\/v2\/types\/page"}],"author":[{"embeddable":true,"href":"https:\/\/wp.ufpel.edu.br\/ppgbiotec\/wp-json\/wp\/v2\/users\/735"}],"replies":[{"embeddable":true,"href":"https:\/\/wp.ufpel.edu.br\/ppgbiotec\/wp-json\/wp\/v2\/comments?post=3736"}],"version-history":[{"count":14,"href":"https:\/\/wp.ufpel.edu.br\/ppgbiotec\/wp-json\/wp\/v2\/pages\/3736\/revisions"}],"predecessor-version":[{"id":5766,"href":"https:\/\/wp.ufpel.edu.br\/ppgbiotec\/wp-json\/wp\/v2\/pages\/3736\/revisions\/5766"}],"up":[{"embeddable":true,"href":"https:\/\/wp.ufpel.edu.br\/ppgbiotec\/wp-json\/wp\/v2\/pages\/5702"}],"wp:attachment":[{"href":"https:\/\/wp.ufpel.edu.br\/ppgbiotec\/wp-json\/wp\/v2\/media?parent=3736"}],"curies":[{"name":"wp","href":"https:\/\/api.w.org\/{rel}","templated":true}]}}