{"id":37,"date":"2016-12-28T12:21:39","date_gmt":"2016-12-28T14:21:39","guid":{"rendered":"https:\/\/wp.ufpel.edu.br\/ppgbiotec\/?page_id=37"},"modified":"2025-06-26T19:18:06","modified_gmt":"2025-06-26T22:18:06","slug":"contato","status":"publish","type":"page","link":"https:\/\/wp.ufpel.edu.br\/ppgbiotec\/contato\/","title":{"rendered":"Contato"},"content":{"rendered":"\n<div class=\"wpcf7 no-js\" id=\"wpcf7-f40-o1\" lang=\"pt-BR\" dir=\"ltr\" data-wpcf7-id=\"40\">\n<div class=\"screen-reader-response\"><p role=\"status\" aria-live=\"polite\" aria-atomic=\"true\"><\/p> <ul><\/ul><\/div>\n<form action=\"\/ppgbiotec\/wp-json\/wp\/v2\/pages\/37#wpcf7-f40-o1\" method=\"post\" class=\"wpcf7-form init\" aria-label=\"Formul\u00e1rios de contato\" novalidate=\"novalidate\" data-status=\"init\">\n<fieldset class=\"hidden-fields-container\"><input type=\"hidden\" name=\"_wpcf7\" value=\"40\" \/><input type=\"hidden\" name=\"_wpcf7_version\" value=\"6.1.4\" \/><input type=\"hidden\" name=\"_wpcf7_locale\" value=\"pt_BR\" \/><input type=\"hidden\" name=\"_wpcf7_unit_tag\" value=\"wpcf7-f40-o1\" \/><input type=\"hidden\" name=\"_wpcf7_container_post\" value=\"0\" \/><input type=\"hidden\" name=\"_wpcf7_posted_data_hash\" value=\"\" \/>\n<\/fieldset>\n<p><label> Seu nome (obrigat\u00f3rio)<br \/>\n<span class=\"wpcf7-form-control-wrap\" data-name=\"your-name\"><input size=\"40\" maxlength=\"400\" class=\"wpcf7-form-control wpcf7-text wpcf7-validates-as-required\" aria-required=\"true\" aria-invalid=\"false\" value=\"\" type=\"text\" name=\"your-name\" \/><\/span> <\/label>\n<\/p>\n<p><label> Seu e-mail (obrigat\u00f3rio)<br \/>\n<span class=\"wpcf7-form-control-wrap\" data-name=\"your-email\"><input size=\"40\" maxlength=\"400\" class=\"wpcf7-form-control wpcf7-email wpcf7-validates-as-required wpcf7-text wpcf7-validates-as-email\" aria-required=\"true\" aria-invalid=\"false\" value=\"\" type=\"email\" name=\"your-email\" \/><\/span> <\/label>\n<\/p>\n<p><label> Cidade<br \/>\n<span class=\"wpcf7-form-control-wrap\" data-name=\"your-city\"><input size=\"40\" maxlength=\"400\" class=\"wpcf7-form-control wpcf7-text\" aria-invalid=\"false\" value=\"\" type=\"text\" name=\"your-city\" \/><\/span> <\/label>\n<\/p>\n<p><label> Assunto<br \/>\n<span class=\"wpcf7-form-control-wrap\" data-name=\"your-subject\"><input size=\"40\" maxlength=\"400\" class=\"wpcf7-form-control wpcf7-text\" aria-invalid=\"false\" value=\"\" type=\"text\" name=\"your-subject\" \/><\/span> <\/label>\n<\/p>\n<p><label> Sua mensagem<br \/>\n<span class=\"wpcf7-form-control-wrap\" data-name=\"your-message\"><textarea cols=\"40\" rows=\"10\" maxlength=\"2000\" class=\"wpcf7-form-control wpcf7-textarea\" aria-invalid=\"false\" name=\"your-message\"><\/textarea><\/span> <\/label>\n<\/p>\n<p><input class=\"wpcf7-form-control wpcf7-submit has-spinner\" type=\"submit\" value=\"Enviar\" \/>\n<\/p><p style=\"display: none !important;\" class=\"akismet-fields-container\" data-prefix=\"_wpcf7_ak_\"><label>&#916;<textarea name=\"_wpcf7_ak_hp_textarea\" cols=\"45\" rows=\"8\" maxlength=\"100\"><\/textarea><\/label><input type=\"hidden\" id=\"ak_js_1\" name=\"_wpcf7_ak_js\" value=\"176\"\/><script>document.getElementById( \"ak_js_1\" ).setAttribute( \"value\", ( new Date() ).getTime() );<\/script><\/p><div class=\"wpcf7-response-output\" aria-hidden=\"true\"><\/div>\n<\/form>\n<\/div>\n\n<p style=\"text-align: left;\"><span style=\"color: #000000; font-family: georgia, palatino, serif; font-size: 12pt;\"><strong>FALE COM O CURSO<\/strong><\/span><\/p>\n<p style=\"text-align: left;\"><span style=\"color: #000000; font-family: georgia, palatino, serif; font-size: 12pt;\"><strong>Secretaria do PPGBiotecnologia<\/strong><\/span><br \/>\n<span style=\"color: #000000; font-family: georgia, palatino, serif; font-size: 12pt;\">Universidade Federal de Pelotas &#8211; UFPel<\/span><br \/>\n<span style=\"color: #000000; font-family: georgia, palatino, serif; font-size: 12pt;\">Centro de Desenvolvimento Tecnol\u00f3gico &#8211; CDTec<\/span><br \/>\n<span style=\"color: #000000; font-family: georgia, palatino, serif; font-size: 12pt;\">Programa de P\u00f3s-Gradua\u00e7\u00e3o em Biotecnologia &#8211; PPGBiotec<\/span><br \/>\n<span style=\"color: #000000; font-family: georgia, palatino, serif; font-size: 12pt;\">Avenida Eliseu Maciel, Campus Universit\u00e1rio, s\/n\u00ba &#8211; Pr\u00e9dio 19<\/span><br \/>\n<span style=\"color: #000000; font-family: georgia, palatino, serif; font-size: 12pt;\">96160-000, Cap\u00e3o do Le\u00e3o, RS, Brasil<\/span><br \/>\n<span style=\"color: #000000; font-family: georgia, palatino, serif; font-size: 12pt;\">Fone: +55 (53) 3275 7350<\/span><br \/>\n<span style=\"color: #000000; font-family: georgia, palatino, serif; font-size: 12pt;\">E-mail: <span style=\"color: #0000ff;\"><a class=\"Yh1nIb asUmFb AL18ce\" style=\"color: #0000ff;\" href=\"mailto:biotecnologiaufpel@gmail.com\" target=\"_blank\" rel=\"noopener noreferrer\" data-tooltip=\"Do Contatos do Google\" data-tooltip-position=\"top\">biotecnologiaufpel@gmail.com<\/a><\/span><\/span><\/p>\n<p style=\"text-align: left;\"><span style=\"font-family: georgia, palatino, serif; font-size: 12pt;\"><span style=\"color: #000000;\">Instagram:<\/span> <span style=\"color: #0000ff;\"><a style=\"color: #0000ff;\" href=\"https:\/\/www.instagram.com\/ppgbiotec.ufpel\/\">https:\/\/www.instagram.com\/ppgbiotec.ufpel\/<\/a><\/span><\/span><\/p>\n<p style=\"text-align: left;\"><span style=\"color: #000000; font-family: georgia, palatino, serif; font-size: 12pt;\"><strong>FALE COM A COORDENA\u00c7\u00c3O<\/strong><\/span><\/p>\n<p style=\"text-align: left;\"><span style=\"color: #000000; font-family: georgia, palatino, serif; font-size: 12pt;\"><strong>Coordenadora<\/strong><\/span><br \/>\n<span style=\"color: #000000; font-family: georgia, palatino, serif; font-size: 12pt;\">Prof.\u00aa Dr.\u00aa Sibele Borsuk<\/span><br \/>\n<span style=\"color: #000000; font-family: georgia, palatino, serif; font-size: 12pt;\">E-mail: <span style=\"color: #0000ff;\"><a class=\"Yh1nIb asUmFb AL18ce\" style=\"color: #0000ff;\" href=\"mailto:sibeleborsuk@gmail.com\" target=\"_blank\" rel=\"noopener noreferrer\" data-tooltip=\"Do perfil do usu\u00e1rio do Google\" data-tooltip-position=\"top\">sibeleborsuk@gmail.com<\/a><\/span><\/span><\/p>\n<p style=\"text-align: left;\"><span style=\"color: #000000; font-family: georgia, palatino, serif; font-size: 12pt;\"><strong>Coordenador Adjunto<\/strong><\/span><br \/>\n<span style=\"color: #000000; font-family: georgia, palatino, serif; font-size: 12pt;\">Prof. Dr. Frederico Schmitt Kremer<\/span><br \/>\n<span style=\"color: #000000; font-family: georgia, palatino, serif; font-size: 12pt;\">E-mail:<span style=\"color: #0000ff;\">\u00a0<a style=\"color: #0000ff;\" href=\"fred.s.kremer@gmail.com\">fred.s.kremer@gmail.com<\/a><\/span><\/span><\/p>\n<p>&nbsp;<\/p>\n<p>&nbsp;<\/p>\n","protected":false},"excerpt":{"rendered":"<p>FALE COM O CURSO Secretaria do PPGBiotecnologia Universidade Federal de Pelotas &#8211; UFPel Centro de Desenvolvimento Tecnol\u00f3gico &#8211; CDTec Programa de P\u00f3s-Gradua\u00e7\u00e3o em Biotecnologia &#8211; PPGBiotec Avenida Eliseu Maciel, Campus Universit\u00e1rio, s\/n\u00ba &#8211; Pr\u00e9dio 19 96160-000, Cap\u00e3o do Le\u00e3o, RS, Brasil Fone: +55 (53) 3275 7350 E-mail: biotecnologiaufpel@gmail.com Instagram: https:\/\/www.instagram.com\/ppgbiotec.ufpel\/ FALE COM A COORDENA\u00c7\u00c3O Coordenadora [&hellip;]<\/p>\n","protected":false},"author":296,"featured_media":0,"parent":0,"menu_order":1,"comment_status":"closed","ping_status":"closed","template":"","meta":{"jetpack_post_was_ever_published":false,"footnotes":""},"class_list":["post-37","page","type-page","status-publish","hentry"],"jetpack_sharing_enabled":true,"_links":{"self":[{"href":"https:\/\/wp.ufpel.edu.br\/ppgbiotec\/wp-json\/wp\/v2\/pages\/37","targetHints":{"allow":["GET"]}}],"collection":[{"href":"https:\/\/wp.ufpel.edu.br\/ppgbiotec\/wp-json\/wp\/v2\/pages"}],"about":[{"href":"https:\/\/wp.ufpel.edu.br\/ppgbiotec\/wp-json\/wp\/v2\/types\/page"}],"author":[{"embeddable":true,"href":"https:\/\/wp.ufpel.edu.br\/ppgbiotec\/wp-json\/wp\/v2\/users\/296"}],"replies":[{"embeddable":true,"href":"https:\/\/wp.ufpel.edu.br\/ppgbiotec\/wp-json\/wp\/v2\/comments?post=37"}],"version-history":[{"count":37,"href":"https:\/\/wp.ufpel.edu.br\/ppgbiotec\/wp-json\/wp\/v2\/pages\/37\/revisions"}],"predecessor-version":[{"id":11341,"href":"https:\/\/wp.ufpel.edu.br\/ppgbiotec\/wp-json\/wp\/v2\/pages\/37\/revisions\/11341"}],"wp:attachment":[{"href":"https:\/\/wp.ufpel.edu.br\/ppgbiotec\/wp-json\/wp\/v2\/media?parent=37"}],"curies":[{"name":"wp","href":"https:\/\/api.w.org\/{rel}","templated":true}]}}