{"id":3607,"date":"2019-07-29T16:16:08","date_gmt":"2019-07-29T19:16:08","guid":{"rendered":"https:\/\/wp.ufpel.edu.br\/ppgbiotec\/?page_id=3607"},"modified":"2021-03-26T19:37:15","modified_gmt":"2021-03-26T22:37:15","slug":"laboratorio-profa-dra-claudia-hartleben","status":"publish","type":"page","link":"https:\/\/wp.ufpel.edu.br\/ppgbiotec\/infraestrutura\/pesquisa\/laboratorio-profa-dra-claudia-hartleben\/","title":{"rendered":"Laborat\u00f3rio Profa. Dra. Claudia Hartleben"},"content":{"rendered":"<p><span style=\"color: #000000\"><strong>Laborat\u00f3rio Profa. Dra. Claudia Hartleben<\/strong><\/span><\/p>\n<p><img data-attachment-id=\"3721\" data-permalink=\"https:\/\/wp.ufpel.edu.br\/ppgbiotec\/infraestrutura\/pesquisa\/laboratorio-profa-dra-claudia-hartleben\/20190731_101736\/\" data-orig-file=\"https:\/\/wp.ufpel.edu.br\/ppgbiotec\/files\/2019\/08\/20190731_101736.jpg\" data-orig-size=\"4128,2322\" data-comments-opened=\"0\" data-image-meta=\"{&quot;aperture&quot;:&quot;1.9&quot;,&quot;credit&quot;:&quot;&quot;,&quot;camera&quot;:&quot;SM-J500M&quot;,&quot;caption&quot;:&quot;?&quot;,&quot;created_timestamp&quot;:&quot;1564568256&quot;,&quot;copyright&quot;:&quot;&quot;,&quot;focal_length&quot;:&quot;3.7&quot;,&quot;iso&quot;:&quot;160&quot;,&quot;shutter_speed&quot;:&quot;0.041666666666667&quot;,&quot;title&quot;:&quot;&quot;,&quot;orientation&quot;:&quot;1&quot;}\" data-image-title=\"20190731_101736\" data-image-description=\"\" data-image-caption=\"&lt;p&gt;?&lt;\/p&gt;\n\" data-medium-file=\"https:\/\/wp.ufpel.edu.br\/ppgbiotec\/files\/2019\/08\/20190731_101736-400x225.jpg\" data-large-file=\"https:\/\/wp.ufpel.edu.br\/ppgbiotec\/files\/2019\/08\/20190731_101736-1024x576.jpg\" class=\"wp-image-3721 alignleft\" src=\"https:\/\/wp.ufpel.edu.br\/ppgbiotec\/files\/2019\/08\/20190731_101736-200x200.jpg\" alt=\"\" width=\"251\" height=\"251\" \/><\/p>\n<p>&nbsp;<\/p>\n<p>&nbsp;<\/p>\n<p><span style=\"color: #000000\"><strong>Unidade:<\/strong>\u00a0Centro de Desenvolvimento Tecnol\u00f3gico (CDTec)<\/span><br \/>\n<span style=\"color: #000000\"><strong>Curso:<\/strong>\u00a0Biotecnologia<\/span><br \/>\n<span style=\"color: #000000\"><strong>Website:<\/strong>\u00a0\u2013<\/span><br \/>\n<span style=\"color: #000000\"><strong>C\u00f3digo NULAB:<\/strong>\u00a090392<\/span><\/p>\n<p>&nbsp;<\/p>\n<p>&nbsp;<\/p>\n<p><img data-attachment-id=\"3722\" data-permalink=\"https:\/\/wp.ufpel.edu.br\/ppgbiotec\/infraestrutura\/pesquisa\/laboratorio-profa-dra-claudia-hartleben\/20190731_101811\/\" data-orig-file=\"https:\/\/wp.ufpel.edu.br\/ppgbiotec\/files\/2019\/08\/20190731_101811.jpg\" data-orig-size=\"4128,2322\" data-comments-opened=\"0\" data-image-meta=\"{&quot;aperture&quot;:&quot;1.9&quot;,&quot;credit&quot;:&quot;&quot;,&quot;camera&quot;:&quot;SM-J500M&quot;,&quot;caption&quot;:&quot;&quot;,&quot;created_timestamp&quot;:&quot;1564568291&quot;,&quot;copyright&quot;:&quot;&quot;,&quot;focal_length&quot;:&quot;3.7&quot;,&quot;iso&quot;:&quot;160&quot;,&quot;shutter_speed&quot;:&quot;0.058823529411765&quot;,&quot;title&quot;:&quot;&quot;,&quot;orientation&quot;:&quot;1&quot;}\" data-image-title=\"20190731_101811\" data-image-description=\"\" data-image-caption=\"\" data-medium-file=\"https:\/\/wp.ufpel.edu.br\/ppgbiotec\/files\/2019\/08\/20190731_101811-400x225.jpg\" data-large-file=\"https:\/\/wp.ufpel.edu.br\/ppgbiotec\/files\/2019\/08\/20190731_101811-1024x576.jpg\" class=\"wp-image-3722 alignleft\" src=\"https:\/\/wp.ufpel.edu.br\/ppgbiotec\/files\/2019\/08\/20190731_101811-200x200.jpg\" alt=\"\" width=\"245\" height=\"245\" \/><\/p>\n<p>&nbsp;<\/p>\n<p><span style=\"color: #000000\"><strong>Localiza\u00e7\u00e3o<\/strong><\/span><br \/>\n<span style=\"color: #000000\"><strong>Campus:<\/strong>\u00a0Cap\u00e3o do Le\u00e3o<\/span><br \/>\n<span style=\"color: #000000\"><strong>Pr\u00e9dio\/Bloco:<\/strong>\u00a020<\/span><br \/>\n<span style=\"color: #000000\"><strong>Sala:<\/strong>\u00a010<\/span><\/p>\n<p><span style=\"color: #000000\"><strong>Contato<\/strong><\/span><br \/>\n<span style=\"color: #000000\"><strong>Nome:<\/strong> Profa. Dra. Priscila Marques Moura de Leon, Profa. Dra. Mariana H\u00e4rter Remi\u00e3o, Profa. Dra. Marta Amaral<\/span><br \/>\n<span style=\"color: #000000\"><strong>E-mail<\/strong>:\u00a0\u2013<\/span><\/p>\n<p>&nbsp;<\/p>\n<p><img data-attachment-id=\"3723\" data-permalink=\"https:\/\/wp.ufpel.edu.br\/ppgbiotec\/infraestrutura\/pesquisa\/laboratorio-profa-dra-claudia-hartleben\/20190731_101949\/\" data-orig-file=\"https:\/\/wp.ufpel.edu.br\/ppgbiotec\/files\/2019\/08\/20190731_101949.jpg\" data-orig-size=\"4128,2181\" data-comments-opened=\"0\" data-image-meta=\"{&quot;aperture&quot;:&quot;1.9&quot;,&quot;credit&quot;:&quot;&quot;,&quot;camera&quot;:&quot;SM-J500M&quot;,&quot;caption&quot;:&quot;?&quot;,&quot;created_timestamp&quot;:&quot;1564568389&quot;,&quot;copyright&quot;:&quot;&quot;,&quot;focal_length&quot;:&quot;3.7&quot;,&quot;iso&quot;:&quot;160&quot;,&quot;shutter_speed&quot;:&quot;0.041666666666667&quot;,&quot;title&quot;:&quot;&quot;,&quot;orientation&quot;:&quot;1&quot;}\" data-image-title=\"20190731_101949\" data-image-description=\"\" data-image-caption=\"&lt;p&gt;?&lt;\/p&gt;\n\" data-medium-file=\"https:\/\/wp.ufpel.edu.br\/ppgbiotec\/files\/2019\/08\/20190731_101949-400x211.jpg\" data-large-file=\"https:\/\/wp.ufpel.edu.br\/ppgbiotec\/files\/2019\/08\/20190731_101949-1024x541.jpg\" class=\"wp-image-3723 alignleft\" src=\"https:\/\/wp.ufpel.edu.br\/ppgbiotec\/files\/2019\/08\/20190731_101949-200x200.jpg\" alt=\"\" width=\"242\" height=\"242\" \/><\/p>\n<p>&nbsp;<\/p>\n<p><span style=\"color: #000000\"><strong>Equipamentos<br \/>\n<\/strong>Microscopia de Fluoresc\u00eancia<\/span><br \/>\n<span style=\"color: #000000\">Sistema de Purifica\u00e7\u00e3o De \u00c1gua<\/span><br \/>\n<span style=\"color: #000000\">AKTA<\/span><br \/>\n<span style=\"color: #000000\">Purificador 2D de prote\u00edna<\/span><br \/>\n<span style=\"color: #000000\">Ultrafreezer<\/span><\/p>\n","protected":false},"excerpt":{"rendered":"<p>Laborat\u00f3rio Profa. Dra. Claudia Hartleben &nbsp; &nbsp; Unidade:\u00a0Centro de Desenvolvimento Tecnol\u00f3gico (CDTec) Curso:\u00a0Biotecnologia Website:\u00a0\u2013 C\u00f3digo NULAB:\u00a090392 &nbsp; &nbsp; &nbsp; Localiza\u00e7\u00e3o Campus:\u00a0Cap\u00e3o do Le\u00e3o Pr\u00e9dio\/Bloco:\u00a020 Sala:\u00a010 Contato Nome: Profa. Dra. Priscila Marques Moura de Leon, Profa. Dra. Mariana H\u00e4rter Remi\u00e3o, Profa. Dra. Marta Amaral E-mail:\u00a0\u2013 &nbsp; &nbsp; Equipamentos Microscopia de Fluoresc\u00eancia Sistema de Purifica\u00e7\u00e3o De \u00c1gua [&hellip;]<\/p>\n","protected":false},"author":735,"featured_media":0,"parent":5706,"menu_order":11,"comment_status":"closed","ping_status":"closed","template":"","meta":{"jetpack_post_was_ever_published":false,"footnotes":""},"class_list":["post-3607","page","type-page","status-publish","hentry"],"jetpack_sharing_enabled":true,"_links":{"self":[{"href":"https:\/\/wp.ufpel.edu.br\/ppgbiotec\/wp-json\/wp\/v2\/pages\/3607","targetHints":{"allow":["GET"]}}],"collection":[{"href":"https:\/\/wp.ufpel.edu.br\/ppgbiotec\/wp-json\/wp\/v2\/pages"}],"about":[{"href":"https:\/\/wp.ufpel.edu.br\/ppgbiotec\/wp-json\/wp\/v2\/types\/page"}],"author":[{"embeddable":true,"href":"https:\/\/wp.ufpel.edu.br\/ppgbiotec\/wp-json\/wp\/v2\/users\/735"}],"replies":[{"embeddable":true,"href":"https:\/\/wp.ufpel.edu.br\/ppgbiotec\/wp-json\/wp\/v2\/comments?post=3607"}],"version-history":[{"count":10,"href":"https:\/\/wp.ufpel.edu.br\/ppgbiotec\/wp-json\/wp\/v2\/pages\/3607\/revisions"}],"predecessor-version":[{"id":5745,"href":"https:\/\/wp.ufpel.edu.br\/ppgbiotec\/wp-json\/wp\/v2\/pages\/3607\/revisions\/5745"}],"up":[{"embeddable":true,"href":"https:\/\/wp.ufpel.edu.br\/ppgbiotec\/wp-json\/wp\/v2\/pages\/5706"}],"wp:attachment":[{"href":"https:\/\/wp.ufpel.edu.br\/ppgbiotec\/wp-json\/wp\/v2\/media?parent=3607"}],"curies":[{"name":"wp","href":"https:\/\/api.w.org\/{rel}","templated":true}]}}