{"id":3591,"date":"2019-07-29T15:21:01","date_gmt":"2019-07-29T18:21:01","guid":{"rendered":"https:\/\/wp.ufpel.edu.br\/ppgbiotec\/?page_id=3591"},"modified":"2021-10-13T16:20:30","modified_gmt":"2021-10-13T19:20:30","slug":"laboratorio-de-neurobiotecnologia","status":"publish","type":"page","link":"https:\/\/wp.ufpel.edu.br\/ppgbiotec\/infraestrutura\/pesquisa\/laboratorio-de-neurobiotecnologia\/","title":{"rendered":"Laborat\u00f3rio de Neurobiotecnologia"},"content":{"rendered":"<p><strong><span style=\"color: #000000\">Laborat\u00f3rio de Neurobiotecnologia<\/span><\/strong><\/p>\n<p><span style=\"color: #000000\"><strong><img class=\"alignleft\" src=\"https:\/\/wp.ufpel.edu.br\/nulab\/files\/2016\/12\/P1010902-212x159.jpg\" alt=\"p1010902\" \/>Unidade:<\/strong>\u00a0Centro de Desenvolvimento Tecnol\u00f3gico (CDTec)<\/span><br \/>\n<span style=\"color: #000000\"><strong>Curso:<\/strong>\u00a0Biotecnologia<\/span><br \/>\n<span style=\"color: #000000\"><strong>Website:<\/strong>\u00a0\u2013<\/span><br \/>\n<span style=\"color: #000000\"><strong>C\u00f3digo NULAB:<\/strong>\u00a090156<\/span><\/p>\n<p><span style=\"color: #000000\"><strong>Descri\u00e7\u00e3o \u2013<br \/>\n<\/strong><\/span><\/p>\n<p>&nbsp;<\/p>\n<p><span style=\"color: #000000\"><strong>Localiza\u00e7\u00e3o<\/strong><\/span><br \/>\n<span style=\"color: #000000\"><strong>Campus:<\/strong>\u00a0Cap\u00e3o do Le\u00e3o<\/span><br \/>\n<span style=\"color: #000000\"><strong>Pr\u00e9dio\/Bloco:<\/strong>\u00a020<\/span><br \/>\n<span style=\"color: #000000\"><strong>Sala:<\/strong>\u00a012<\/span><\/p>\n<p><span style=\"color: #000000\"><strong><img class=\"alignleft\" src=\"https:\/\/wp.ufpel.edu.br\/nulab\/files\/2016\/12\/P1010905-212x159.jpg\" alt=\"p1010905\" \/><\/strong><\/span><\/p>\n<p>&nbsp;<\/p>\n<p><span style=\"color: #000000\"><strong>Contato<\/strong><\/span><br \/>\n<span style=\"color: #000000\"><strong>Nome:<\/strong> Prof.\u00aa Dr.\u00aa Lucielli Savegnago<\/span><br \/>\n<span style=\"color: #000000\"><strong>E-mail<\/strong>: luciellisavegnago@yahoo.com.br<\/span><\/p>\n<p>&nbsp;<\/p>\n<p>&nbsp;<\/p>\n<p><span style=\"color: #000000\"><strong>Equipamentos<br \/>\n<\/strong>Centrifugas<\/span><br \/>\n<span style=\"color: #000000\">Espectrofot\u00f4metro<\/span><br \/>\n<span style=\"color: #000000\">Agitadores Magn\u00e9ticos<\/span><br \/>\n<span style=\"color: #000000\">Banho-Maria<\/span><br \/>\n<span style=\"color: #000000\">Homogeneizador De Tecidos<\/span><br \/>\n<span style=\"color: #000000\">Phm\u00eatro<\/span><\/p>\n","protected":false},"excerpt":{"rendered":"<p>Laborat\u00f3rio de Neurobiotecnologia Unidade:\u00a0Centro de Desenvolvimento Tecnol\u00f3gico (CDTec) Curso:\u00a0Biotecnologia Website:\u00a0\u2013 C\u00f3digo NULAB:\u00a090156 Descri\u00e7\u00e3o \u2013 &nbsp; Localiza\u00e7\u00e3o Campus:\u00a0Cap\u00e3o do Le\u00e3o Pr\u00e9dio\/Bloco:\u00a020 Sala:\u00a012 &nbsp; Contato Nome: Prof.\u00aa Dr.\u00aa Lucielli Savegnago E-mail: luciellisavegnago@yahoo.com.br &nbsp; &nbsp; Equipamentos Centrifugas Espectrofot\u00f4metro Agitadores Magn\u00e9ticos Banho-Maria Homogeneizador De Tecidos Phm\u00eatro<\/p>\n","protected":false},"author":735,"featured_media":0,"parent":5706,"menu_order":10,"comment_status":"closed","ping_status":"closed","template":"","meta":{"jetpack_post_was_ever_published":false,"footnotes":""},"class_list":["post-3591","page","type-page","status-publish","hentry"],"jetpack_sharing_enabled":true,"_links":{"self":[{"href":"https:\/\/wp.ufpel.edu.br\/ppgbiotec\/wp-json\/wp\/v2\/pages\/3591","targetHints":{"allow":["GET"]}}],"collection":[{"href":"https:\/\/wp.ufpel.edu.br\/ppgbiotec\/wp-json\/wp\/v2\/pages"}],"about":[{"href":"https:\/\/wp.ufpel.edu.br\/ppgbiotec\/wp-json\/wp\/v2\/types\/page"}],"author":[{"embeddable":true,"href":"https:\/\/wp.ufpel.edu.br\/ppgbiotec\/wp-json\/wp\/v2\/users\/735"}],"replies":[{"embeddable":true,"href":"https:\/\/wp.ufpel.edu.br\/ppgbiotec\/wp-json\/wp\/v2\/comments?post=3591"}],"version-history":[{"count":3,"href":"https:\/\/wp.ufpel.edu.br\/ppgbiotec\/wp-json\/wp\/v2\/pages\/3591\/revisions"}],"predecessor-version":[{"id":7358,"href":"https:\/\/wp.ufpel.edu.br\/ppgbiotec\/wp-json\/wp\/v2\/pages\/3591\/revisions\/7358"}],"up":[{"embeddable":true,"href":"https:\/\/wp.ufpel.edu.br\/ppgbiotec\/wp-json\/wp\/v2\/pages\/5706"}],"wp:attachment":[{"href":"https:\/\/wp.ufpel.edu.br\/ppgbiotec\/wp-json\/wp\/v2\/media?parent=3591"}],"curies":[{"name":"wp","href":"https:\/\/api.w.org\/{rel}","templated":true}]}}