{"id":3584,"date":"2019-07-29T15:16:05","date_gmt":"2019-07-29T18:16:05","guid":{"rendered":"https:\/\/wp.ufpel.edu.br\/ppgbiotec\/?page_id=3584"},"modified":"2026-03-27T16:23:30","modified_gmt":"2026-03-27T19:23:30","slug":"laboratorio-de-vacinologia","status":"publish","type":"page","link":"https:\/\/wp.ufpel.edu.br\/ppgbiotec\/infraestrutura\/pesquisa\/laboratorio-de-vacinologia\/","title":{"rendered":"Laborat\u00f3rio de Vacinologia"},"content":{"rendered":"<p><span style=\"color: #000000;\"><strong>Laborat\u00f3rio de Vacinologia<\/strong><\/span><\/p>\n<p style=\"text-align: justify;\"><span style=\"color: #000000;\"><strong>Unidade:<\/strong> Centro de Desenvolvimento Tecnol\u00f3gico (CDTec)<\/span><br \/>\n<span style=\"color: #000000;\"><strong>C\u00f3digo NULAB:<\/strong>\u00a090160<\/span><\/p>\n<p style=\"text-align: justify;\"><span style=\"color: #000000;\"><strong>Descri\u00e7\u00e3o<br \/>\n<\/strong><\/span><\/p>\n<p style=\"text-align: justify;\"><span style=\"color: #000000;\">O Laborat\u00f3rio de Vacinologia, coordenado pelos professores Odir Ant\u00f4nio Dellagostin e Tha\u00eds Larr\u00e9 Oliveira, est\u00e1 localizado junto ao N\u00facleo de Biotecnologia do Centro de Desenvolvimento Tecnol\u00f3gico. O laborat\u00f3rio conta com acad\u00eamicos de gradua\u00e7\u00e3o, mestrado e doutorado, que realizam suas atividades na \u00e1rea de desenvolvimento de vacinas recombinantes, a partir da predi\u00e7\u00e3o in silico de potenciais ant\u00edgenos vacinais, seguido de produ\u00e7\u00e3o destes ant\u00edgenos em diferentes sistemas de express\u00e3o, e avalia\u00e7\u00e3o de seu potencial imunoprotetor em modelo animal. Ainda, as atividades do laborat\u00f3rio tamb\u00e9m incluem o desenvolvimento de testes de diagn\u00f3stico molecular e imuno-ensaios para avalia\u00e7\u00e3o da resposta imunol\u00f3gica em hamsters, a caracteriza\u00e7\u00e3o molecular de novos isolados bacterianos e o emprego de\u00a0<i>Mycobacterium bovis<\/i>\u00a0Bacilo Calmette-Gu\u00e9rin (BCG) como vetor vacinal. O laborat\u00f3rio possui N\u00edvel de Biosseguran\u00e7a II, com sistema de acesso de entrada controlado e conta com equipamentos como termociclador em tempo real, cabines de seguran\u00e7a biol\u00f3gica, incubadoras com sistema de agita\u00e7\u00e3o orbital, sistemas de eletroforese e fotodocumenta\u00e7\u00e3o, eletroporadores, estufas, microsc\u00f3pio de campo escuro e centr\u00edfuga refrigerada.<\/span><\/p>\n<p style=\"text-align: justify;\"><span style=\"color: #000000;\"><strong>Localiza\u00e7\u00e3o<\/strong><\/span><\/p>\n<p style=\"text-align: justify;\"><span style=\"color: #000000;\"><strong>Campus:<\/strong>\u00a0Cap\u00e3o do Le\u00e3o<\/span><br \/>\n<span style=\"color: #000000;\"><strong>Pr\u00e9dio\/Bloco:<\/strong>\u00a019<\/span><br \/>\n<span style=\"color: #000000;\"><strong>Sala:<\/strong>\u00a007<\/span><\/p>\n<p><span style=\"color: #000000;\"><strong>Docentes<\/strong><\/span><\/p>\n<p><span style=\"color: #000000;\">Prof. Ph.D. Odir Ant\u00f4nio Dellagostin &#8211; <strong>E-mail: <\/strong>(odirad@gmail.com)<\/span><\/p>\n<p><span style=\"color: #000000;\">Prof.\u00aa Dr.\u00aa Tha\u00eds Larr\u00e9 Oliveira Bohn &#8211; <strong>E-mail: <\/strong>(thais.larreoliveira@gmail.com)<\/span><\/p>\n<p style=\"text-align: center;\"><img data-attachment-id=\"3711\" data-permalink=\"https:\/\/wp.ufpel.edu.br\/ppgbiotec\/infraestrutura\/pesquisa\/laboratorio-de-vacinologia\/img-20190801-wa0001-1-1\/\" data-orig-file=\"https:\/\/wp.ufpel.edu.br\/ppgbiotec\/files\/2019\/08\/IMG-20190801-WA0001-1-1.jpg\" data-orig-size=\"833,912\" data-comments-opened=\"0\" data-image-meta=\"{&quot;aperture&quot;:&quot;0&quot;,&quot;credit&quot;:&quot;&quot;,&quot;camera&quot;:&quot;&quot;,&quot;caption&quot;:&quot;&quot;,&quot;created_timestamp&quot;:&quot;0&quot;,&quot;copyright&quot;:&quot;&quot;,&quot;focal_length&quot;:&quot;0&quot;,&quot;iso&quot;:&quot;0&quot;,&quot;shutter_speed&quot;:&quot;0&quot;,&quot;title&quot;:&quot;&quot;,&quot;orientation&quot;:&quot;0&quot;}\" data-image-title=\"IMG-20190801-WA0001-1-1\" data-image-description=\"\" data-image-caption=\"\" data-medium-file=\"https:\/\/wp.ufpel.edu.br\/ppgbiotec\/files\/2019\/08\/IMG-20190801-WA0001-1-1-365x400.jpg\" data-large-file=\"https:\/\/wp.ufpel.edu.br\/ppgbiotec\/files\/2019\/08\/IMG-20190801-WA0001-1-1.jpg\" class=\"alignnone wp-image-3711\" src=\"https:\/\/wp.ufpel.edu.br\/ppgbiotec\/files\/2019\/08\/IMG-20190801-WA0001-1-1-365x400.jpg\" alt=\"\" width=\"186\" height=\"204\" srcset=\"https:\/\/wp.ufpel.edu.br\/ppgbiotec\/files\/2019\/08\/IMG-20190801-WA0001-1-1-365x400.jpg 365w, https:\/\/wp.ufpel.edu.br\/ppgbiotec\/files\/2019\/08\/IMG-20190801-WA0001-1-1-768x841.jpg 768w, https:\/\/wp.ufpel.edu.br\/ppgbiotec\/files\/2019\/08\/IMG-20190801-WA0001-1-1.jpg 833w\" sizes=\"(max-width: 186px) 100vw, 186px\" \/> <img data-attachment-id=\"3709\" data-permalink=\"https:\/\/wp.ufpel.edu.br\/ppgbiotec\/infraestrutura\/pesquisa\/laboratorio-de-vacinologia\/img-20190731-wa0019-2\/\" data-orig-file=\"https:\/\/wp.ufpel.edu.br\/ppgbiotec\/files\/2019\/08\/IMG-20190731-WA0019-2.jpg\" data-orig-size=\"630,887\" data-comments-opened=\"0\" data-image-meta=\"{&quot;aperture&quot;:&quot;0&quot;,&quot;credit&quot;:&quot;&quot;,&quot;camera&quot;:&quot;&quot;,&quot;caption&quot;:&quot;&quot;,&quot;created_timestamp&quot;:&quot;1564578530&quot;,&quot;copyright&quot;:&quot;&quot;,&quot;focal_length&quot;:&quot;0&quot;,&quot;iso&quot;:&quot;0&quot;,&quot;shutter_speed&quot;:&quot;0&quot;,&quot;title&quot;:&quot;&quot;,&quot;orientation&quot;:&quot;1&quot;}\" data-image-title=\"IMG-20190731-WA0019 2\" data-image-description=\"\" data-image-caption=\"\" data-medium-file=\"https:\/\/wp.ufpel.edu.br\/ppgbiotec\/files\/2019\/08\/IMG-20190731-WA0019-2-284x400.jpg\" data-large-file=\"https:\/\/wp.ufpel.edu.br\/ppgbiotec\/files\/2019\/08\/IMG-20190731-WA0019-2.jpg\" class=\"alignnone wp-image-3709\" src=\"https:\/\/wp.ufpel.edu.br\/ppgbiotec\/files\/2019\/08\/IMG-20190731-WA0019-2-284x400.jpg\" alt=\"\" width=\"145\" height=\"204\" srcset=\"https:\/\/wp.ufpel.edu.br\/ppgbiotec\/files\/2019\/08\/IMG-20190731-WA0019-2-284x400.jpg 284w, https:\/\/wp.ufpel.edu.br\/ppgbiotec\/files\/2019\/08\/IMG-20190731-WA0019-2.jpg 630w\" sizes=\"(max-width: 145px) 100vw, 145px\" \/> <img data-attachment-id=\"3707\" data-permalink=\"https:\/\/wp.ufpel.edu.br\/ppgbiotec\/infraestrutura\/pesquisa\/laboratorio-de-vacinologia\/img-20190731-wa0011\/\" data-orig-file=\"https:\/\/wp.ufpel.edu.br\/ppgbiotec\/files\/2019\/08\/IMG-20190731-WA0011.jpg\" data-orig-size=\"960,1280\" data-comments-opened=\"0\" data-image-meta=\"{&quot;aperture&quot;:&quot;0&quot;,&quot;credit&quot;:&quot;&quot;,&quot;camera&quot;:&quot;&quot;,&quot;caption&quot;:&quot;&quot;,&quot;created_timestamp&quot;:&quot;0&quot;,&quot;copyright&quot;:&quot;&quot;,&quot;focal_length&quot;:&quot;0&quot;,&quot;iso&quot;:&quot;0&quot;,&quot;shutter_speed&quot;:&quot;0&quot;,&quot;title&quot;:&quot;&quot;,&quot;orientation&quot;:&quot;0&quot;}\" data-image-title=\"IMG-20190731-WA0011\" data-image-description=\"\" data-image-caption=\"\" data-medium-file=\"https:\/\/wp.ufpel.edu.br\/ppgbiotec\/files\/2019\/08\/IMG-20190731-WA0011-300x400.jpg\" data-large-file=\"https:\/\/wp.ufpel.edu.br\/ppgbiotec\/files\/2019\/08\/IMG-20190731-WA0011-768x1024.jpg\" class=\"alignnone wp-image-3707\" src=\"https:\/\/wp.ufpel.edu.br\/ppgbiotec\/files\/2019\/08\/IMG-20190731-WA0011-300x400.jpg\" alt=\"\" width=\"152\" height=\"202\" srcset=\"https:\/\/wp.ufpel.edu.br\/ppgbiotec\/files\/2019\/08\/IMG-20190731-WA0011-300x400.jpg 300w, https:\/\/wp.ufpel.edu.br\/ppgbiotec\/files\/2019\/08\/IMG-20190731-WA0011-768x1024.jpg 768w, https:\/\/wp.ufpel.edu.br\/ppgbiotec\/files\/2019\/08\/IMG-20190731-WA0011.jpg 960w\" sizes=\"(max-width: 152px) 100vw, 152px\" \/> <img data-attachment-id=\"3708\" data-permalink=\"https:\/\/wp.ufpel.edu.br\/ppgbiotec\/infraestrutura\/pesquisa\/laboratorio-de-vacinologia\/img-20190731-wa0013-1\/\" data-orig-file=\"https:\/\/wp.ufpel.edu.br\/ppgbiotec\/files\/2019\/08\/IMG-20190731-WA0013-1.jpg\" data-orig-size=\"1280,960\" data-comments-opened=\"0\" data-image-meta=\"{&quot;aperture&quot;:&quot;0&quot;,&quot;credit&quot;:&quot;&quot;,&quot;camera&quot;:&quot;&quot;,&quot;caption&quot;:&quot;&quot;,&quot;created_timestamp&quot;:&quot;0&quot;,&quot;copyright&quot;:&quot;&quot;,&quot;focal_length&quot;:&quot;0&quot;,&quot;iso&quot;:&quot;0&quot;,&quot;shutter_speed&quot;:&quot;0&quot;,&quot;title&quot;:&quot;&quot;,&quot;orientation&quot;:&quot;0&quot;}\" data-image-title=\"IMG-20190731-WA0013 (1)\" data-image-description=\"\" data-image-caption=\"\" data-medium-file=\"https:\/\/wp.ufpel.edu.br\/ppgbiotec\/files\/2019\/08\/IMG-20190731-WA0013-1-400x300.jpg\" data-large-file=\"https:\/\/wp.ufpel.edu.br\/ppgbiotec\/files\/2019\/08\/IMG-20190731-WA0013-1-1024x768.jpg\" class=\"alignnone wp-image-3708\" src=\"https:\/\/wp.ufpel.edu.br\/ppgbiotec\/files\/2019\/08\/IMG-20190731-WA0013-1-400x300.jpg\" alt=\"\" width=\"264\" height=\"198\" srcset=\"https:\/\/wp.ufpel.edu.br\/ppgbiotec\/files\/2019\/08\/IMG-20190731-WA0013-1-400x300.jpg 400w, https:\/\/wp.ufpel.edu.br\/ppgbiotec\/files\/2019\/08\/IMG-20190731-WA0013-1-768x576.jpg 768w, https:\/\/wp.ufpel.edu.br\/ppgbiotec\/files\/2019\/08\/IMG-20190731-WA0013-1-1024x768.jpg 1024w, https:\/\/wp.ufpel.edu.br\/ppgbiotec\/files\/2019\/08\/IMG-20190731-WA0013-1.jpg 1280w\" sizes=\"(max-width: 264px) 100vw, 264px\" \/> <img data-attachment-id=\"3710\" data-permalink=\"https:\/\/wp.ufpel.edu.br\/ppgbiotec\/infraestrutura\/pesquisa\/laboratorio-de-vacinologia\/img-20190731-wa0021\/\" data-orig-file=\"https:\/\/wp.ufpel.edu.br\/ppgbiotec\/files\/2019\/08\/IMG-20190731-WA0021.jpg\" data-orig-size=\"1280,960\" data-comments-opened=\"0\" data-image-meta=\"{&quot;aperture&quot;:&quot;0&quot;,&quot;credit&quot;:&quot;&quot;,&quot;camera&quot;:&quot;&quot;,&quot;caption&quot;:&quot;&quot;,&quot;created_timestamp&quot;:&quot;0&quot;,&quot;copyright&quot;:&quot;&quot;,&quot;focal_length&quot;:&quot;0&quot;,&quot;iso&quot;:&quot;0&quot;,&quot;shutter_speed&quot;:&quot;0&quot;,&quot;title&quot;:&quot;&quot;,&quot;orientation&quot;:&quot;0&quot;}\" data-image-title=\"IMG-20190731-WA0021\" data-image-description=\"\" data-image-caption=\"\" data-medium-file=\"https:\/\/wp.ufpel.edu.br\/ppgbiotec\/files\/2019\/08\/IMG-20190731-WA0021-400x300.jpg\" data-large-file=\"https:\/\/wp.ufpel.edu.br\/ppgbiotec\/files\/2019\/08\/IMG-20190731-WA0021-1024x768.jpg\" class=\"alignnone wp-image-3710\" src=\"https:\/\/wp.ufpel.edu.br\/ppgbiotec\/files\/2019\/08\/IMG-20190731-WA0021-400x300.jpg\" alt=\"\" width=\"264\" height=\"198\" srcset=\"https:\/\/wp.ufpel.edu.br\/ppgbiotec\/files\/2019\/08\/IMG-20190731-WA0021-400x300.jpg 400w, https:\/\/wp.ufpel.edu.br\/ppgbiotec\/files\/2019\/08\/IMG-20190731-WA0021-768x576.jpg 768w, https:\/\/wp.ufpel.edu.br\/ppgbiotec\/files\/2019\/08\/IMG-20190731-WA0021-1024x768.jpg 1024w, https:\/\/wp.ufpel.edu.br\/ppgbiotec\/files\/2019\/08\/IMG-20190731-WA0021.jpg 1280w\" sizes=\"(max-width: 264px) 100vw, 264px\" \/><\/p>\n<p>&nbsp;<\/p>\n<p>&nbsp;<\/p>\n<p style=\"text-align: justify;\">\n","protected":false},"excerpt":{"rendered":"<p>Laborat\u00f3rio de Vacinologia Unidade: Centro de Desenvolvimento Tecnol\u00f3gico (CDTec) C\u00f3digo NULAB:\u00a090160 Descri\u00e7\u00e3o O Laborat\u00f3rio de Vacinologia, coordenado pelos professores Odir Ant\u00f4nio Dellagostin e Tha\u00eds Larr\u00e9 Oliveira, est\u00e1 localizado junto ao N\u00facleo de Biotecnologia do Centro de Desenvolvimento Tecnol\u00f3gico. O laborat\u00f3rio conta com acad\u00eamicos de gradua\u00e7\u00e3o, mestrado e doutorado, que realizam suas atividades na \u00e1rea de [&hellip;]<\/p>\n","protected":false},"author":735,"featured_media":0,"parent":5706,"menu_order":5,"comment_status":"closed","ping_status":"closed","template":"","meta":{"jetpack_post_was_ever_published":false,"footnotes":""},"class_list":["post-3584","page","type-page","status-publish","hentry"],"jetpack_sharing_enabled":true,"_links":{"self":[{"href":"https:\/\/wp.ufpel.edu.br\/ppgbiotec\/wp-json\/wp\/v2\/pages\/3584","targetHints":{"allow":["GET"]}}],"collection":[{"href":"https:\/\/wp.ufpel.edu.br\/ppgbiotec\/wp-json\/wp\/v2\/pages"}],"about":[{"href":"https:\/\/wp.ufpel.edu.br\/ppgbiotec\/wp-json\/wp\/v2\/types\/page"}],"author":[{"embeddable":true,"href":"https:\/\/wp.ufpel.edu.br\/ppgbiotec\/wp-json\/wp\/v2\/users\/735"}],"replies":[{"embeddable":true,"href":"https:\/\/wp.ufpel.edu.br\/ppgbiotec\/wp-json\/wp\/v2\/comments?post=3584"}],"version-history":[{"count":4,"href":"https:\/\/wp.ufpel.edu.br\/ppgbiotec\/wp-json\/wp\/v2\/pages\/3584\/revisions"}],"predecessor-version":[{"id":11968,"href":"https:\/\/wp.ufpel.edu.br\/ppgbiotec\/wp-json\/wp\/v2\/pages\/3584\/revisions\/11968"}],"up":[{"embeddable":true,"href":"https:\/\/wp.ufpel.edu.br\/ppgbiotec\/wp-json\/wp\/v2\/pages\/5706"}],"wp:attachment":[{"href":"https:\/\/wp.ufpel.edu.br\/ppgbiotec\/wp-json\/wp\/v2\/media?parent=3584"}],"curies":[{"name":"wp","href":"https:\/\/api.w.org\/{rel}","templated":true}]}}