{"id":3581,"date":"2019-07-29T15:14:11","date_gmt":"2019-07-29T18:14:11","guid":{"rendered":"https:\/\/wp.ufpel.edu.br\/ppgbiotec\/?page_id=3581"},"modified":"2026-03-27T16:41:34","modified_gmt":"2026-03-27T19:41:34","slug":"laboratorio-de-imunologia-aplicada","status":"publish","type":"page","link":"https:\/\/wp.ufpel.edu.br\/ppgbiotec\/infraestrutura\/pesquisa\/laboratorio-de-imunologia-aplicada\/","title":{"rendered":"Laborat\u00f3rio de Imunologia Aplicada"},"content":{"rendered":"<p style=\"text-align: justify;\"><span style=\"color: #000000;\"><strong>Laborat\u00f3rio de Imunologia Aplicada<\/strong><\/span><\/p>\n<p style=\"text-align: justify;\"><span style=\"color: #000000;\"><strong>Unidade:<\/strong>\u00a0Centro de Desenvolvimento Tecnol\u00f3gico (CDTec)<\/span><br \/>\n<span style=\"color: #000000;\"><strong>C\u00f3digo NULAB:<\/strong>\u00a090393<\/span><\/p>\n<p style=\"text-align: justify;\"><span style=\"color: #000000;\"><strong>Descri\u00e7\u00e3o<br \/>\n<\/strong><\/span><\/p>\n<p style=\"text-align: justify;\"><span style=\"color: #000000;\">Descri\u00e7\u00e3o resumida das atividades: desenvolvimento de vacinas veterin\u00e1rias e testes para imunodiagn\u00f3stico de doen\u00e7as infectoparasit\u00e1rias; avalia\u00e7\u00e3o de imunomoduladores e probi\u00f3ticos para animais.\u00a0\u00a0<\/span><\/p>\n<p style=\"text-align: justify;\"><span style=\"color: #000000;\"><strong>Localiza\u00e7\u00e3o<\/strong><\/span><br \/>\n<span style=\"color: #000000;\"><strong>Campus:<\/strong>\u00a0Cap\u00e3o do Le\u00e3o<\/span><br \/>\n<span style=\"color: #000000;\"><strong>Pr\u00e9dio:<\/strong>\u00a019<\/span><br \/>\n<span style=\"color: #000000;\"><strong>Sala:<\/strong>\u00a006<\/span><\/p>\n<p style=\"text-align: justify;\"><span style=\"color: #000000;\"><strong>Docente<\/strong><\/span><br \/>\n<span style=\"color: #000000;\">Prof. Dr. Fabricio Rochedo Concei\u00e7\u00e3o &#8211;\u00a0 <strong>E-mail:<\/strong> fabricio.rochedo@ufpel.edu.br<\/span><\/p>\n<p><span style=\"color: #000000;\"> <img data-attachment-id=\"9878\" data-permalink=\"https:\/\/wp.ufpel.edu.br\/ppgbiotec\/infraestrutura\/pesquisa\/laboratorio-de-imunologia-aplicada\/20201007_124356\/\" data-orig-file=\"https:\/\/wp.ufpel.edu.br\/ppgbiotec\/files\/2024\/04\/20201007_124356-scaled.jpg\" data-orig-size=\"2560,1920\" data-comments-opened=\"0\" data-image-meta=\"{&quot;aperture&quot;:&quot;2.2&quot;,&quot;credit&quot;:&quot;&quot;,&quot;camera&quot;:&quot;SM-A205G&quot;,&quot;caption&quot;:&quot;&quot;,&quot;created_timestamp&quot;:&quot;1602074636&quot;,&quot;copyright&quot;:&quot;&quot;,&quot;focal_length&quot;:&quot;1.13&quot;,&quot;iso&quot;:&quot;80&quot;,&quot;shutter_speed&quot;:&quot;0.025&quot;,&quot;title&quot;:&quot;&quot;,&quot;orientation&quot;:&quot;1&quot;}\" data-image-title=\"20201007_124356\" data-image-description=\"\" data-image-caption=\"\" data-medium-file=\"https:\/\/wp.ufpel.edu.br\/ppgbiotec\/files\/2024\/04\/20201007_124356-400x300.jpg\" data-large-file=\"https:\/\/wp.ufpel.edu.br\/ppgbiotec\/files\/2024\/04\/20201007_124356-1024x768.jpg\" class=\" wp-image-9878 alignleft\" src=\"https:\/\/wp.ufpel.edu.br\/ppgbiotec\/files\/2024\/04\/20201007_124356-400x300.jpg\" alt=\"\" width=\"207\" height=\"155\" srcset=\"https:\/\/wp.ufpel.edu.br\/ppgbiotec\/files\/2024\/04\/20201007_124356-400x300.jpg 400w, https:\/\/wp.ufpel.edu.br\/ppgbiotec\/files\/2024\/04\/20201007_124356-1024x768.jpg 1024w, https:\/\/wp.ufpel.edu.br\/ppgbiotec\/files\/2024\/04\/20201007_124356-768x576.jpg 768w, https:\/\/wp.ufpel.edu.br\/ppgbiotec\/files\/2024\/04\/20201007_124356-1536x1152.jpg 1536w, https:\/\/wp.ufpel.edu.br\/ppgbiotec\/files\/2024\/04\/20201007_124356-2048x1536.jpg 2048w\" sizes=\"(max-width: 207px) 100vw, 207px\" \/> <img data-attachment-id=\"9879\" data-permalink=\"https:\/\/wp.ufpel.edu.br\/ppgbiotec\/infraestrutura\/pesquisa\/laboratorio-de-imunologia-aplicada\/20201007_124417\/\" data-orig-file=\"https:\/\/wp.ufpel.edu.br\/ppgbiotec\/files\/2024\/04\/20201007_124417-scaled.jpg\" data-orig-size=\"2560,1920\" data-comments-opened=\"0\" data-image-meta=\"{&quot;aperture&quot;:&quot;2.2&quot;,&quot;credit&quot;:&quot;&quot;,&quot;camera&quot;:&quot;SM-A205G&quot;,&quot;caption&quot;:&quot;&quot;,&quot;created_timestamp&quot;:&quot;1602074656&quot;,&quot;copyright&quot;:&quot;&quot;,&quot;focal_length&quot;:&quot;1.13&quot;,&quot;iso&quot;:&quot;50&quot;,&quot;shutter_speed&quot;:&quot;0.025&quot;,&quot;title&quot;:&quot;&quot;,&quot;orientation&quot;:&quot;1&quot;}\" data-image-title=\"20201007_124417\" data-image-description=\"\" data-image-caption=\"\" data-medium-file=\"https:\/\/wp.ufpel.edu.br\/ppgbiotec\/files\/2024\/04\/20201007_124417-400x300.jpg\" data-large-file=\"https:\/\/wp.ufpel.edu.br\/ppgbiotec\/files\/2024\/04\/20201007_124417-1024x768.jpg\" class=\"wp-image-9879 alignleft\" src=\"https:\/\/wp.ufpel.edu.br\/ppgbiotec\/files\/2024\/04\/20201007_124417-400x300.jpg\" alt=\"\" width=\"209\" height=\"157\" srcset=\"https:\/\/wp.ufpel.edu.br\/ppgbiotec\/files\/2024\/04\/20201007_124417-400x300.jpg 400w, https:\/\/wp.ufpel.edu.br\/ppgbiotec\/files\/2024\/04\/20201007_124417-1024x768.jpg 1024w, https:\/\/wp.ufpel.edu.br\/ppgbiotec\/files\/2024\/04\/20201007_124417-768x576.jpg 768w, https:\/\/wp.ufpel.edu.br\/ppgbiotec\/files\/2024\/04\/20201007_124417-1536x1152.jpg 1536w, https:\/\/wp.ufpel.edu.br\/ppgbiotec\/files\/2024\/04\/20201007_124417-2048x1536.jpg 2048w\" sizes=\"(max-width: 209px) 100vw, 209px\" \/> <img data-attachment-id=\"9881\" data-permalink=\"https:\/\/wp.ufpel.edu.br\/ppgbiotec\/infraestrutura\/pesquisa\/laboratorio-de-imunologia-aplicada\/20201007_124538\/\" data-orig-file=\"https:\/\/wp.ufpel.edu.br\/ppgbiotec\/files\/2024\/04\/20201007_124538-scaled.jpg\" data-orig-size=\"2560,1920\" data-comments-opened=\"0\" data-image-meta=\"{&quot;aperture&quot;:&quot;2.2&quot;,&quot;credit&quot;:&quot;&quot;,&quot;camera&quot;:&quot;SM-A205G&quot;,&quot;caption&quot;:&quot;&quot;,&quot;created_timestamp&quot;:&quot;1602074736&quot;,&quot;copyright&quot;:&quot;&quot;,&quot;focal_length&quot;:&quot;1.13&quot;,&quot;iso&quot;:&quot;64&quot;,&quot;shutter_speed&quot;:&quot;0.0083333333333333&quot;,&quot;title&quot;:&quot;&quot;,&quot;orientation&quot;:&quot;1&quot;}\" data-image-title=\"20201007_124538\" data-image-description=\"\" data-image-caption=\"\" data-medium-file=\"https:\/\/wp.ufpel.edu.br\/ppgbiotec\/files\/2024\/04\/20201007_124538-400x300.jpg\" data-large-file=\"https:\/\/wp.ufpel.edu.br\/ppgbiotec\/files\/2024\/04\/20201007_124538-1024x768.jpg\" class=\"wp-image-9881 alignleft\" src=\"https:\/\/wp.ufpel.edu.br\/ppgbiotec\/files\/2024\/04\/20201007_124538-400x300.jpg\" alt=\"\" width=\"212\" height=\"159\" srcset=\"https:\/\/wp.ufpel.edu.br\/ppgbiotec\/files\/2024\/04\/20201007_124538-400x300.jpg 400w, https:\/\/wp.ufpel.edu.br\/ppgbiotec\/files\/2024\/04\/20201007_124538-1024x768.jpg 1024w, https:\/\/wp.ufpel.edu.br\/ppgbiotec\/files\/2024\/04\/20201007_124538-768x576.jpg 768w, https:\/\/wp.ufpel.edu.br\/ppgbiotec\/files\/2024\/04\/20201007_124538-1536x1152.jpg 1536w, https:\/\/wp.ufpel.edu.br\/ppgbiotec\/files\/2024\/04\/20201007_124538-2048x1536.jpg 2048w\" sizes=\"(max-width: 212px) 100vw, 212px\" \/><br \/>\n<\/span><\/p>\n","protected":false},"excerpt":{"rendered":"<p>Laborat\u00f3rio de Imunologia Aplicada Unidade:\u00a0Centro de Desenvolvimento Tecnol\u00f3gico (CDTec) C\u00f3digo NULAB:\u00a090393 Descri\u00e7\u00e3o Descri\u00e7\u00e3o resumida das atividades: desenvolvimento de vacinas veterin\u00e1rias e testes para imunodiagn\u00f3stico de doen\u00e7as infectoparasit\u00e1rias; avalia\u00e7\u00e3o de imunomoduladores e probi\u00f3ticos para animais.\u00a0\u00a0 Localiza\u00e7\u00e3o Campus:\u00a0Cap\u00e3o do Le\u00e3o Pr\u00e9dio:\u00a019 Sala:\u00a006 Docente Prof. Dr. Fabricio Rochedo Concei\u00e7\u00e3o &#8211;\u00a0 E-mail: fabricio.rochedo@ufpel.edu.br<\/p>\n","protected":false},"author":735,"featured_media":0,"parent":5706,"menu_order":4,"comment_status":"closed","ping_status":"closed","template":"","meta":{"jetpack_post_was_ever_published":false,"footnotes":""},"class_list":["post-3581","page","type-page","status-publish","hentry"],"jetpack_sharing_enabled":true,"_links":{"self":[{"href":"https:\/\/wp.ufpel.edu.br\/ppgbiotec\/wp-json\/wp\/v2\/pages\/3581","targetHints":{"allow":["GET"]}}],"collection":[{"href":"https:\/\/wp.ufpel.edu.br\/ppgbiotec\/wp-json\/wp\/v2\/pages"}],"about":[{"href":"https:\/\/wp.ufpel.edu.br\/ppgbiotec\/wp-json\/wp\/v2\/types\/page"}],"author":[{"embeddable":true,"href":"https:\/\/wp.ufpel.edu.br\/ppgbiotec\/wp-json\/wp\/v2\/users\/735"}],"replies":[{"embeddable":true,"href":"https:\/\/wp.ufpel.edu.br\/ppgbiotec\/wp-json\/wp\/v2\/comments?post=3581"}],"version-history":[{"count":3,"href":"https:\/\/wp.ufpel.edu.br\/ppgbiotec\/wp-json\/wp\/v2\/pages\/3581\/revisions"}],"predecessor-version":[{"id":11983,"href":"https:\/\/wp.ufpel.edu.br\/ppgbiotec\/wp-json\/wp\/v2\/pages\/3581\/revisions\/11983"}],"up":[{"embeddable":true,"href":"https:\/\/wp.ufpel.edu.br\/ppgbiotec\/wp-json\/wp\/v2\/pages\/5706"}],"wp:attachment":[{"href":"https:\/\/wp.ufpel.edu.br\/ppgbiotec\/wp-json\/wp\/v2\/media?parent=3581"}],"curies":[{"name":"wp","href":"https:\/\/api.w.org\/{rel}","templated":true}]}}