{"id":3578,"date":"2019-07-29T15:10:59","date_gmt":"2019-07-29T18:10:59","guid":{"rendered":"https:\/\/wp.ufpel.edu.br\/ppgbiotec\/?page_id=3578"},"modified":"2022-01-31T10:33:30","modified_gmt":"2022-01-31T13:33:30","slug":"laboratorio-de-doencas-infecto-parasitaria","status":"publish","type":"page","link":"https:\/\/wp.ufpel.edu.br\/ppgbiotec\/infraestrutura\/pesquisa\/laboratorio-de-doencas-infecto-parasitaria\/","title":{"rendered":"Laborat\u00f3rio de Doen\u00e7as Infecto-Parasit\u00e1ria"},"content":{"rendered":"<p><span style=\"color: #000000\"><strong>Laborat\u00f3rio de Biotecnologia Infecto-Parasit\u00e1ria<\/strong><\/span><\/p>\n<p><img data-attachment-id=\"4134\" data-permalink=\"https:\/\/wp.ufpel.edu.br\/ppgbiotec\/infraestrutura\/pesquisa\/laboratorio-de-doencas-infecto-parasitaria\/lab-3-1\/\" data-orig-file=\"https:\/\/wp.ufpel.edu.br\/ppgbiotec\/files\/2019\/08\/Lab-3-1.jpg\" data-orig-size=\"3024,4032\" data-comments-opened=\"0\" data-image-meta=\"{&quot;aperture&quot;:&quot;2.4&quot;,&quot;credit&quot;:&quot;&quot;,&quot;camera&quot;:&quot;SM-G9600&quot;,&quot;caption&quot;:&quot;&quot;,&quot;created_timestamp&quot;:&quot;0&quot;,&quot;copyright&quot;:&quot;&quot;,&quot;focal_length&quot;:&quot;4.3&quot;,&quot;iso&quot;:&quot;100&quot;,&quot;shutter_speed&quot;:&quot;0.016666666666667&quot;,&quot;title&quot;:&quot;&quot;,&quot;orientation&quot;:&quot;0&quot;}\" data-image-title=\"Lab 3 1\" data-image-description=\"\" data-image-caption=\"\" data-medium-file=\"https:\/\/wp.ufpel.edu.br\/ppgbiotec\/files\/2019\/08\/Lab-3-1-300x400.jpg\" data-large-file=\"https:\/\/wp.ufpel.edu.br\/ppgbiotec\/files\/2019\/08\/Lab-3-1-768x1024.jpg\" class=\"wp-image-4134 alignleft\" src=\"https:\/\/wp.ufpel.edu.br\/ppgbiotec\/files\/2019\/08\/Lab-3-1-200x200.jpg\" alt=\"\" width=\"215\" height=\"215\" \/><\/p>\n<p>&nbsp;<\/p>\n<p><span style=\"color: #000000\"><strong>Unidade:<\/strong> Centro de Desenvolvimento Tecnol\u00f3gico (CDTec)<\/span><br \/>\n<span style=\"color: #000000\"><strong>Curso:<\/strong> Biotecnologia<\/span><br \/>\n<span style=\"color: #000000\"><strong>Website:<\/strong><\/span><br \/>\n<span style=\"color: #000000\"><strong>C\u00f3digo NULAB: <\/strong>&#8211;<\/span><\/p>\n<p>&nbsp;<\/p>\n<p>&nbsp;<\/p>\n<p>&nbsp;<\/p>\n<p><img data-attachment-id=\"4135\" data-permalink=\"https:\/\/wp.ufpel.edu.br\/ppgbiotec\/infraestrutura\/pesquisa\/laboratorio-de-doencas-infecto-parasitaria\/lab-3-2\/\" data-orig-file=\"https:\/\/wp.ufpel.edu.br\/ppgbiotec\/files\/2019\/08\/Lab-3-2.jpg\" data-orig-size=\"5316,2367\" data-comments-opened=\"0\" data-image-meta=\"{&quot;aperture&quot;:&quot;0&quot;,&quot;credit&quot;:&quot;&quot;,&quot;camera&quot;:&quot;SM-G9600&quot;,&quot;caption&quot;:&quot;&quot;,&quot;created_timestamp&quot;:&quot;1556806779&quot;,&quot;copyright&quot;:&quot;&quot;,&quot;focal_length&quot;:&quot;4.3&quot;,&quot;iso&quot;:&quot;0&quot;,&quot;shutter_speed&quot;:&quot;0&quot;,&quot;title&quot;:&quot;&quot;,&quot;orientation&quot;:&quot;0&quot;}\" data-image-title=\"Lab 3 2\" data-image-description=\"\" data-image-caption=\"\" data-medium-file=\"https:\/\/wp.ufpel.edu.br\/ppgbiotec\/files\/2019\/08\/Lab-3-2-400x178.jpg\" data-large-file=\"https:\/\/wp.ufpel.edu.br\/ppgbiotec\/files\/2019\/08\/Lab-3-2-1024x456.jpg\" class=\"wp-image-4135 alignleft\" src=\"https:\/\/wp.ufpel.edu.br\/ppgbiotec\/files\/2019\/08\/Lab-3-2-200x200.jpg\" alt=\"\" width=\"246\" height=\"246\" \/><\/p>\n<p><span style=\"color: #000000\"><strong>Descri\u00e7\u00e3o<\/strong>\u00a0<\/span><\/p>\n<p style=\"text-align: justify\"><span style=\"color: #000000\">O grupo de pesquisa do Laborat\u00f3rio de Biotecnologia Infecto-Parasit\u00e1ria atua, juntamente com seus colaboradores, em duas linhas de pesquisa principais: \u201cDesenvolvimento de vacinas recombinantes e Parasitologia Molecular. Na \u00e1rea de Desenvolvimento de vacinas recombinantes, ant\u00edgenos recombinantes s\u00e3o produzidos para utiliza\u00e7\u00e3o como alvos em imunodiagn\u00f3sticos e vacinas abordando diferentes estrat\u00e9gias vacinais, entre elas vacinas de subunidade e bacterinas recombinantes; vacinas vetorizadas e de DNA principalmente para linfadenite caseosa, doen\u00e7a que comete ovinos e caprinos. Na \u00e1rea de parasitologia molecular, s\u00e3o realizadas a bioprospec\u00e7\u00e3o de extratos de fontes naturais e a avalia\u00e7\u00e3o de compostos sint\u00e9ticos quanto ao seu potencial antiparasit\u00e1rio, e mecanismos de a\u00e7\u00e3o, sobre culturas de isolados cl\u00ednicos e comerciais (ATCC) de <em>Trichomonas vaginalis<\/em>.<\/span><\/p>\n<p><img data-attachment-id=\"4136\" data-permalink=\"https:\/\/wp.ufpel.edu.br\/ppgbiotec\/infraestrutura\/pesquisa\/laboratorio-de-doencas-infecto-parasitaria\/lab-3-5\/\" data-orig-file=\"https:\/\/wp.ufpel.edu.br\/ppgbiotec\/files\/2019\/08\/Lab-3-5.jpg\" data-orig-size=\"3024,4032\" data-comments-opened=\"0\" data-image-meta=\"{&quot;aperture&quot;:&quot;2.4&quot;,&quot;credit&quot;:&quot;&quot;,&quot;camera&quot;:&quot;SM-G9600&quot;,&quot;caption&quot;:&quot;&quot;,&quot;created_timestamp&quot;:&quot;0&quot;,&quot;copyright&quot;:&quot;&quot;,&quot;focal_length&quot;:&quot;4.3&quot;,&quot;iso&quot;:&quot;100&quot;,&quot;shutter_speed&quot;:&quot;0.016666666666667&quot;,&quot;title&quot;:&quot;&quot;,&quot;orientation&quot;:&quot;0&quot;}\" data-image-title=\"Lab 3 5\" data-image-description=\"\" data-image-caption=\"\" data-medium-file=\"https:\/\/wp.ufpel.edu.br\/ppgbiotec\/files\/2019\/08\/Lab-3-5-300x400.jpg\" data-large-file=\"https:\/\/wp.ufpel.edu.br\/ppgbiotec\/files\/2019\/08\/Lab-3-5-768x1024.jpg\" class=\"wp-image-4136 alignleft\" src=\"https:\/\/wp.ufpel.edu.br\/ppgbiotec\/files\/2019\/08\/Lab-3-5-200x200.jpg\" alt=\"\" width=\"253\" height=\"253\" \/><\/p>\n<p>&nbsp;<\/p>\n<p style=\"text-align: justify\"><span style=\"color: #000000\"><strong>Localiza\u00e7\u00e3o<\/strong><\/span><br \/>\n<span style=\"color: #000000\"><strong>Campus:<\/strong> Cap\u00e3o do Le\u00e3o<\/span><br \/>\n<span style=\"color: #000000\"><strong>Pr\u00e9dio\/Bloco:<\/strong> 19<\/span><br \/>\n<span style=\"color: #000000\"><strong>Sala:<\/strong> 03<\/span><\/p>\n<p style=\"text-align: justify\"><span style=\"color: #000000\"><strong>Contato<\/strong><\/span><br \/>\n<span style=\"color: #000000\"><strong>Nome:<\/strong> Profa. Dra. Sibele Borsuk<\/span><br \/>\n<span style=\"color: #000000\"><strong>E-mail:<\/strong> sibeleborsuk@gmail.com<\/span><\/p>\n<p>&nbsp;<\/p>\n<p style=\"text-align: justify\"><strong><span style=\"color: #000000\">Equipamentos<\/span><\/strong><\/p>\n<ul>\n<li><span style=\"color: #000000\">Estufas B.O.D 27 \u00baC e 37 \u00baC<\/span><\/li>\n<li><span style=\"color: #000000\">Freezers -20\u00baC<\/span><\/li>\n<li><span style=\"color: #000000\">Cabines de fluxo laminar<\/span><\/li>\n<li><span style=\"color: #000000\">Geladeiras<\/span><\/li>\n<li><span style=\"color: #000000\">Micro-ondas<\/span><\/li>\n<li><span style=\"color: #000000\">Incubadora orbital com temperatura controlada<\/span><\/li>\n<li><span style=\"color: #000000\">Termociclador<\/span><\/li>\n<li><span style=\"color: #000000\">Balan\u00e7a semianal\u00edtica<\/span><\/li>\n<li><span style=\"color: #000000\">Cubas e fontes para eletroforese<\/span><\/li>\n<li><span style=\"color: #000000\">pHm\u00eatro<\/span><\/li>\n<li><span style=\"color: #000000\">V\u00f3rtex<\/span><\/li>\n<li><span style=\"color: #000000\">Centr\u00edfuga para microtubos<\/span><\/li>\n<li><span style=\"color: #000000\">Agitador orbital<\/span><\/li>\n<li><span style=\"color: #000000\">Agitador magn\u00e9tico<\/span><\/li>\n<\/ul>\n<p>&nbsp;<\/p>\n<p>&nbsp;<\/p>\n","protected":false},"excerpt":{"rendered":"<p>Laborat\u00f3rio de Biotecnologia Infecto-Parasit\u00e1ria &nbsp; Unidade: Centro de Desenvolvimento Tecnol\u00f3gico (CDTec) Curso: Biotecnologia Website: C\u00f3digo NULAB: &#8211; &nbsp; &nbsp; &nbsp; Descri\u00e7\u00e3o\u00a0 O grupo de pesquisa do Laborat\u00f3rio de Biotecnologia Infecto-Parasit\u00e1ria atua, juntamente com seus colaboradores, em duas linhas de pesquisa principais: \u201cDesenvolvimento de vacinas recombinantes e Parasitologia Molecular. Na \u00e1rea de Desenvolvimento de vacinas recombinantes, [&hellip;]<\/p>\n","protected":false},"author":735,"featured_media":0,"parent":5706,"menu_order":2,"comment_status":"closed","ping_status":"closed","template":"","meta":{"jetpack_post_was_ever_published":false,"footnotes":""},"class_list":["post-3578","page","type-page","status-publish","hentry"],"jetpack_sharing_enabled":true,"_links":{"self":[{"href":"https:\/\/wp.ufpel.edu.br\/ppgbiotec\/wp-json\/wp\/v2\/pages\/3578","targetHints":{"allow":["GET"]}}],"collection":[{"href":"https:\/\/wp.ufpel.edu.br\/ppgbiotec\/wp-json\/wp\/v2\/pages"}],"about":[{"href":"https:\/\/wp.ufpel.edu.br\/ppgbiotec\/wp-json\/wp\/v2\/types\/page"}],"author":[{"embeddable":true,"href":"https:\/\/wp.ufpel.edu.br\/ppgbiotec\/wp-json\/wp\/v2\/users\/735"}],"replies":[{"embeddable":true,"href":"https:\/\/wp.ufpel.edu.br\/ppgbiotec\/wp-json\/wp\/v2\/comments?post=3578"}],"version-history":[{"count":15,"href":"https:\/\/wp.ufpel.edu.br\/ppgbiotec\/wp-json\/wp\/v2\/pages\/3578\/revisions"}],"predecessor-version":[{"id":7546,"href":"https:\/\/wp.ufpel.edu.br\/ppgbiotec\/wp-json\/wp\/v2\/pages\/3578\/revisions\/7546"}],"up":[{"embeddable":true,"href":"https:\/\/wp.ufpel.edu.br\/ppgbiotec\/wp-json\/wp\/v2\/pages\/5706"}],"wp:attachment":[{"href":"https:\/\/wp.ufpel.edu.br\/ppgbiotec\/wp-json\/wp\/v2\/media?parent=3578"}],"curies":[{"name":"wp","href":"https:\/\/api.w.org\/{rel}","templated":true}]}}