{"id":3551,"date":"2019-07-26T16:35:56","date_gmt":"2019-07-26T19:35:56","guid":{"rendered":"https:\/\/wp.ufpel.edu.br\/ppgbiotec\/?page_id=3551"},"modified":"2020-09-05T13:49:14","modified_gmt":"2020-09-05T16:49:14","slug":"infraestrutura","status":"publish","type":"page","link":"https:\/\/wp.ufpel.edu.br\/ppgbiotec\/infraestrutura\/","title":{"rendered":"Infraestrutura"},"content":{"rendered":"<p style=\"text-align: center\"><span style=\"color: #000000\">O Programa de P\u00f3s-Gradua\u00e7\u00e3o em Biotecnologia apresenta a seguinte infraestrutura:\u00a0<\/span><\/p>\n<ul>\n<li><span style=\"color: #000000\"><strong>Laborat\u00f3rios de Pesquisa<\/strong><\/span><\/li>\n<\/ul>\n<p><span style=\"color: #000000\"><a style=\"color: #000000\" href=\"https:\/\/wp.ufpel.edu.br\/ppgbiotec\/infraestrutura\/laboratorio-de-biopolimeros\" target=\"_blank\" rel=\"noopener noreferrer\">Laborat\u00f3rio de Biopol\u00edmeros<\/a><\/span><\/p>\n<p><span style=\"color: #000000\"><a style=\"color: #000000\" href=\"https:\/\/wp.ufpel.edu.br\/ppgbiotec\/infraestrutura\/laboratorio-de-doencas-infecto-parasitaria\" target=\"_blank\" rel=\"noopener noreferrer\">Laborat\u00f3rio de Doen\u00e7as Infecto-Parasit\u00e1ria<\/a><\/span><\/p>\n<p><span style=\"color: #000000\"><a style=\"color: #000000\" href=\"https:\/\/wp.ufpel.edu.br\/ppgbiotec\/infraestrutura\/laboratorio-de-microbiologia\" target=\"_blank\" rel=\"noopener noreferrer\">Laborat\u00f3rio de Microbiologia<\/a><\/span><\/p>\n<p><span style=\"color: #000000\"><a style=\"color: #000000\" href=\"https:\/\/wp.ufpel.edu.br\/ppgbiotec\/infraestrutura\/laboratorio-de-imunologia-aplicada\" target=\"_blank\" rel=\"noopener noreferrer\">Laborat\u00f3rio de Imunologia Aplicada<\/a><\/span><\/p>\n<p><span style=\"color: #000000\"><a style=\"color: #000000\" href=\"https:\/\/wp.ufpel.edu.br\/ppgbiotec\/infraestrutura\/laboratorio-de-vacinologia\" target=\"_blank\" rel=\"noopener noreferrer\">Laborat\u00f3rio de Vacinologia<\/a><\/span><\/p>\n<p><span style=\"color: #000000\"><a style=\"color: #000000\" href=\"https:\/\/wp.ufpel.edu.br\/ppgbiotec\/infraestrutura\/laboratorio-biotecnologia-do-cancer\" target=\"_blank\" rel=\"noopener noreferrer\">Laborat\u00f3rio Biotecnologia do C\u00e2ncer<\/a><\/span><\/p>\n<p><span style=\"color: #000000\"><a style=\"color: #000000\" href=\"https:\/\/wp.ufpel.edu.br\/ppgbiotec\/infraestrutura\/laboratorio-de-genomica-estrutural\" target=\"_blank\" rel=\"noopener noreferrer\">Laborat\u00f3rio de Gen\u00f4mica Estrutural<\/a><\/span><\/p>\n<p><span style=\"color: #000000\"><a style=\"color: #000000\" href=\"https:\/\/wp.ufpel.edu.br\/ppgbiotec\/infraestrutura\/laboratorio-de-pesquisa-em-doencas-infecciosas\" target=\"_blank\" rel=\"noopener noreferrer\">Laborat\u00f3rio de Pesquisa em Doen\u00e7as Infecciosas<\/a><\/span><\/p>\n<p><span style=\"color: #000000\"><a style=\"color: #000000\" href=\"https:\/\/wp.ufpel.edu.br\/ppgbiotec\/infraestrutura\/laboratorio-de-bioinformatica-e-proteomica-biopro\" target=\"_blank\" rel=\"noopener noreferrer\">Laborat\u00f3rio de Bioinform\u00e1tica e Prote\u00f4mica<\/a><\/span><\/p>\n<p><span style=\"color: #000000\"><a style=\"color: #000000\" href=\"https:\/\/wp.ufpel.edu.br\/ppgbiotec\/infraestrutura\/laboratorio-de-neurobiotecnologia\" target=\"_blank\" rel=\"noopener noreferrer\">Laborat\u00f3rio de Neurobiotecnologia<\/a><\/span><\/p>\n<p><span style=\"color: #000000\"><a style=\"color: #000000\" href=\"https:\/\/wp.ufpel.edu.br\/ppgbiotec\/infraestrutura\/laboratorio-profa-dra-claudia-hartleben\" target=\"_blank\" rel=\"noopener noreferrer\">Laborat\u00f3rio Profa. Dra. Claudia Hartleben<\/a><\/span><\/p>\n<p><span style=\"color: #000000\"><a style=\"color: #000000\" href=\"https:\/\/wp.ufpel.edu.br\/ppgbiotec\/infraestrutura\/centro-de-genomica-e-fitomelhoramento-cgf\" target=\"_blank\" rel=\"noopener noreferrer\">Laborat\u00f3rio do Centro de Gen\u00f4mica e Fitomelhoramento\u00a0<\/a><\/span><\/p>\n<p><span style=\"color: #000000\"><a style=\"color: #000000\" href=\"https:\/\/wp.ufpel.edu.br\/ppgbiotec\/infraestrutura\/laboratorio-de-bacteriologia-e-bioensaios\" target=\"_blank\" rel=\"noopener noreferrer\">Laborat\u00f3rio de Bacteriologia e Bioensaios\u00a0<\/a><\/span><\/p>\n<p><span style=\"color: #000000\"><a style=\"color: #000000\" href=\"https:\/\/wp.ufpel.edu.br\/ppgbiotec\/infraestrutura\/laboratorio-de-biotecnologia-de-graos-frutosas-e-hortalicas\" target=\"_blank\" rel=\"noopener noreferrer\">Laborat\u00f3rio de Biotecnologia de gr\u00e3os, frutos(as) e hortali\u00e7as<\/a><\/span><\/p>\n<p><span style=\"color: #000000\"><a style=\"color: #000000\" href=\"https:\/\/wp.ufpel.edu.br\/ppgbiotec\/infraestrutura\/laboratorio-de-sintese-organica-limpa\" target=\"_blank\" rel=\"noopener noreferrer\">Laborat\u00f3rio de S\u00edntese Org\u00e2nica Limpa<\/a><\/span><\/p>\n<p><span style=\"color: #000000\"><a style=\"color: #000000\" href=\"https:\/\/wp.ufpel.edu.br\/ppgbiotec\/infraestrutura\/laboratorios-nucleo-de-pesquisa-ensino-extensao-em-pecuaria\" target=\"_blank\" rel=\"noopener noreferrer\">Laborat\u00f3rios N\u00facleo de Pesquisa, Ensino, Extens\u00e3o em Pecu\u00e1ria<\/a><\/span><\/p>\n<p><span style=\"color: #000000\"><a style=\"color: #000000\" href=\"https:\/\/wp.ufpel.edu.br\/ppgbiotec\/infraestrutura\/nucleo-de-ensino-e-pesquisa-em-reproducao-animal\" target=\"_blank\" rel=\"noopener noreferrer\"><span style=\"font-size: 12pt\">Laborat\u00f3rios do N\u00facleo de Ensino e Pesquisa em Reprodu\u00e7\u00e3o Animal<\/span><\/a><\/span><\/p>\n<p>&nbsp;<\/p>\n<ul>\n<li><span style=\"color: #000000\"><strong>Espa\u00e7o did\u00e1tico<\/strong><\/span><\/li>\n<\/ul>\n<p><span style=\"color: #000000\"><a style=\"color: #000000\" href=\"https:\/\/wp.ufpel.edu.br\/ppgbiotec\/infraestrutura\/laboratorio-de-bioinformatica\/\" target=\"_blank\" rel=\"noopener noreferrer\">Laborat\u00f3rio de Bioinform\u00e1tica<\/a><\/span><\/p>\n<p><span style=\"color: #000000\"><a style=\"color: #000000\" href=\"https:\/\/wp.ufpel.edu.br\/ppgbiotec\/infraestrutura\/sala-watson-crick\" target=\"_blank\" rel=\"noopener noreferrer\">Laborat\u00f3rio Watson &amp; Crick<\/a><\/span><\/p>\n<p><span style=\"color: #000000\"><a style=\"color: #000000\" href=\"https:\/\/wp.ufpel.edu.br\/ppgbiotec\/infraestrutura\/sala-de-aula-do-ppgb\" target=\"_blank\" rel=\"noopener noreferrer\">Sala do PPGB<\/a><\/span><\/p>\n<p><span style=\"color: #000000\"><a style=\"color: #000000\" href=\"https:\/\/wp.ufpel.edu.br\/ppgbiotec\/infraestrutura\/sala-de-estudos-reuniao\" target=\"_blank\" rel=\"noopener noreferrer\">Sala de Estudos\/Reuni\u00e3o<\/a><\/span><\/p>\n<p>&nbsp;<\/p>\n<ul>\n<li><span style=\"color: #000000\"><strong>Salas de equipamentos e esteriliza\u00e7\u00e3o<\/strong><\/span><\/li>\n<\/ul>\n<p><span style=\"color: #000000\"><a style=\"color: #000000\" href=\"https:\/\/wp.ufpel.edu.br\/ppgbiotec\/infraestrutura\/sala-do-ultrafreezer\" target=\"_blank\" rel=\"noopener noreferrer\">Sala do Ultrafreezer<\/a><\/span><\/p>\n<p><span style=\"color: #000000\"><a style=\"color: #000000\" href=\"https:\/\/wp.ufpel.edu.br\/ppgbiotec\/infraestrutura\/sala-de-equipamentos\" target=\"_blank\" rel=\"noopener noreferrer\">Sala de Equipamentos<\/a><\/span><\/p>\n<p style=\"text-align: justify\"><span style=\"color: #000000\"><a style=\"color: #000000\" href=\"https:\/\/wp.ufpel.edu.br\/ppgbiotec\/infraestrutura\/sala-de-esterilizacao-predio-19\" target=\"_blank\" rel=\"noopener noreferrer\">Sala de Esteriliza\u00e7\u00e3o pr\u00e9dio 19<\/a><\/span><\/p>\n<p><span style=\"color: #000000\"><a style=\"color: #000000\" href=\"https:\/\/wp.ufpel.edu.br\/ppgbiotec\/infraestrutura\/sala-de-esterilizacao-predio-20\" target=\"_blank\" rel=\"noopener noreferrer\">Sala de Esteriliza\u00e7\u00e3o pr\u00e9dio 20<\/a><\/span><\/p>\n<p>&nbsp;<\/p>\n<p><span style=\"color: #000000\"><strong>Documentos relacionados:<\/strong><\/span><\/p>\n<p><span style=\"color: #000000\"><a style=\"color: #000000\" href=\"https:\/\/wp.ufpel.edu.br\/ppgbiotec\/files\/2019\/07\/Regimento-Geral-dos-Laboart\u00f3rios-de-Ensino_-Pesquisa-e-Extens\u00e3o-da-UFPel.pdf\">Regimento Geral dos Laborat\u00f3rios de Ensino, Pesquisa e Extens\u00e3o da UFPel<\/a><\/span><\/p>\n<p><span style=\"color: #000000\"><a style=\"color: #000000\" href=\"https:\/\/wp.ufpel.edu.br\/ppgbiotec\/files\/2019\/07\/Seguran\u00e7a-laboratorial.pdf\">Seguran\u00e7a laboratorial<\/a><\/span><\/p>\n<p><span style=\"color: #000000\"><a style=\"color: #000000\" href=\"https:\/\/wp.ufpel.edu.br\/ppgbiotec\/files\/2019\/07\/Plano-de-Gerenciamento-de-Res\u00edduos-Perigosos-da-Biotecnologia-2019-2020.pdf\">Plano de Gerenciamento de Res\u00edduos Perigosos da Biotecnologia 2019-2020<\/a><\/span><\/p>\n<p><span style=\"color: #000000\"><a style=\"color: #000000\" href=\"https:\/\/wp.ufpel.edu.br\/ppgbiotec\/files\/2019\/07\/Cadastro-bolsistas-e-estagi\u00e1rios.pdf\">Cadastro-bolsistas-e-estagi\u00e1rios<\/a><\/span><\/p>\n<p>&nbsp;<\/p>\n","protected":false},"excerpt":{"rendered":"<p>O Programa de P\u00f3s-Gradua\u00e7\u00e3o em Biotecnologia apresenta a seguinte infraestrutura:\u00a0 Laborat\u00f3rios de Pesquisa Laborat\u00f3rio de Biopol\u00edmeros Laborat\u00f3rio de Doen\u00e7as Infecto-Parasit\u00e1ria Laborat\u00f3rio de Microbiologia Laborat\u00f3rio de Imunologia Aplicada Laborat\u00f3rio de Vacinologia Laborat\u00f3rio Biotecnologia do C\u00e2ncer Laborat\u00f3rio de Gen\u00f4mica Estrutural Laborat\u00f3rio de Pesquisa em Doen\u00e7as Infecciosas Laborat\u00f3rio de Bioinform\u00e1tica e Prote\u00f4mica Laborat\u00f3rio de Neurobiotecnologia Laborat\u00f3rio Profa. Dra. [&hellip;]<\/p>\n","protected":false},"author":735,"featured_media":0,"parent":0,"menu_order":0,"comment_status":"closed","ping_status":"closed","template":"","meta":{"jetpack_post_was_ever_published":false,"footnotes":""},"class_list":["post-3551","page","type-page","status-publish","hentry"],"jetpack_sharing_enabled":true,"_links":{"self":[{"href":"https:\/\/wp.ufpel.edu.br\/ppgbiotec\/wp-json\/wp\/v2\/pages\/3551","targetHints":{"allow":["GET"]}}],"collection":[{"href":"https:\/\/wp.ufpel.edu.br\/ppgbiotec\/wp-json\/wp\/v2\/pages"}],"about":[{"href":"https:\/\/wp.ufpel.edu.br\/ppgbiotec\/wp-json\/wp\/v2\/types\/page"}],"author":[{"embeddable":true,"href":"https:\/\/wp.ufpel.edu.br\/ppgbiotec\/wp-json\/wp\/v2\/users\/735"}],"replies":[{"embeddable":true,"href":"https:\/\/wp.ufpel.edu.br\/ppgbiotec\/wp-json\/wp\/v2\/comments?post=3551"}],"version-history":[{"count":15,"href":"https:\/\/wp.ufpel.edu.br\/ppgbiotec\/wp-json\/wp\/v2\/pages\/3551\/revisions"}],"predecessor-version":[{"id":5239,"href":"https:\/\/wp.ufpel.edu.br\/ppgbiotec\/wp-json\/wp\/v2\/pages\/3551\/revisions\/5239"}],"wp:attachment":[{"href":"https:\/\/wp.ufpel.edu.br\/ppgbiotec\/wp-json\/wp\/v2\/media?parent=3551"}],"curies":[{"name":"wp","href":"https:\/\/api.w.org\/{rel}","templated":true}]}}