{"id":3516,"date":"2019-07-26T15:48:00","date_gmt":"2019-07-26T18:48:00","guid":{"rendered":"https:\/\/wp.ufpel.edu.br\/ppgbiotec\/?page_id=3516"},"modified":"2022-01-31T15:59:18","modified_gmt":"2022-01-31T18:59:18","slug":"centro-de-genomica-e-fitomelhoramento","status":"publish","type":"page","link":"https:\/\/wp.ufpel.edu.br\/ppgbiotec\/infraestrutura\/pesquisa\/centro-de-genomica-e-fitomelhoramento\/","title":{"rendered":"Centro de Gen\u00f4mica e Fitomelhoramento"},"content":{"rendered":"<p><span style=\"color: #000000\"><strong>Centro de Gen\u00f4mica e Fitomelhoramento &#8211; CGF<\/strong><\/span><\/p>\n<p><img data-attachment-id=\"3518\" data-permalink=\"https:\/\/wp.ufpel.edu.br\/ppgbiotec\/infraestrutura\/pesquisa\/centro-de-genomica-e-fitomelhoramento\/p1010431\/\" data-orig-file=\"https:\/\/wp.ufpel.edu.br\/ppgbiotec\/files\/2019\/07\/P1010431.jpg\" data-orig-size=\"4000,3000\" data-comments-opened=\"0\" data-image-meta=\"{&quot;aperture&quot;:&quot;2.8&quot;,&quot;credit&quot;:&quot;&quot;,&quot;camera&quot;:&quot;DMC-FZ150&quot;,&quot;caption&quot;:&quot;&quot;,&quot;created_timestamp&quot;:&quot;1479466622&quot;,&quot;copyright&quot;:&quot;&quot;,&quot;focal_length&quot;:&quot;4.5&quot;,&quot;iso&quot;:&quot;400&quot;,&quot;shutter_speed&quot;:&quot;0.02&quot;,&quot;title&quot;:&quot;&quot;,&quot;orientation&quot;:&quot;1&quot;}\" data-image-title=\"P1010431\" data-image-description=\"\" data-image-caption=\"\" data-medium-file=\"https:\/\/wp.ufpel.edu.br\/ppgbiotec\/files\/2019\/07\/P1010431-400x300.jpg\" data-large-file=\"https:\/\/wp.ufpel.edu.br\/ppgbiotec\/files\/2019\/07\/P1010431-1024x768.jpg\" class=\"wp-image-3518 alignleft\" style=\"text-align: justify\" src=\"https:\/\/wp.ufpel.edu.br\/ppgbiotec\/files\/2019\/07\/P1010431-200x200.jpg\" alt=\"\" width=\"208\" height=\"208\" \/><\/p>\n<p>&nbsp;<\/p>\n<p style=\"text-align: left\"><span style=\"color: #000000\"><strong>Unidade:<\/strong>\u00a0Faculdade de Agronomia (FAEM)<\/span><br \/>\n<span style=\"color: #000000\"><strong>Curso:<\/strong> Agronomia<\/span><br \/>\n<span style=\"color: #000000\"><strong>Website:<\/strong>\u00a0<a style=\"color: #000000\" href=\"http:\/\/cgfufpel.org\/\" target=\"_blank\" rel=\"noopener noreferrer\">http:\/\/cgfufpel.org\/<\/a><\/span><\/p>\n<p style=\"text-align: left\"><span style=\"color: #000000\"><strong>C\u00f3digo NULAB:<\/strong>\u00a090516<\/span><\/p>\n<p>&nbsp;<\/p>\n<p>&nbsp;<\/p>\n<p><span style=\"color: #000000\"><strong>Descri\u00e7\u00e3o<br \/>\n<\/strong><\/span><\/p>\n<p style=\"text-align: justify\"><span style=\"color: #000000\">O Centro de Gen\u00f4mica e Fitomelhoramento (CGF) foi criado em 1999, visando integrar equipes de gen\u00e9tica quantitativa, lideradas pelo Prof. Fernando Iraj\u00e1\u00a0<\/span><span style=\"color: #000000\">F\u00e9lix de <\/span><span style=\"color: #000000;text-align: justify\">Carvalho, e de gen\u00e9tica molecular, lideradas pelo Prof. Antonio Costa de Oliveira, em cereais de Clima Temperado. Desde sua cria\u00e7\u00e3o, o CGF recebeu e organizou 5 reuni\u00f5es da Comiss\u00e3o Brasileira <\/span><span style=\"color: #000000;text-align: justify\">de Pesquisa de Aveia (2000, 2004, 2008, 2013 e 2016). Os pesquisadores do CGF foram respons\u00e1veis pela participa\u00e7\u00e3o brasileira no sequenciamento do genoma do arroz (International Rice Genome Sequencing Project, IRGSP) e IOMAP (International Oryza Alignment Map), apresentando interc\u00e2mbios cient\u00edficos e de estudantes com v\u00e1rias Universidades do Brasil (UFRGS, UFRJ, UF<\/span><span style=\"color: #000000;text-align: justify\">SM, UNIJU\u00cd, UFV e UPF) e do exterior (UGA, University of Arizona, CINVESTAV-M\u00e9xico, Universidad Politecnica de Madrid, Universita di Milano, Universit\u00e9 de Perpignan Via Domitia e Unive<\/span><span style=\"color: #000000;text-align: justify\">rsity of Nottingham). Salientamos por fim, que o primeiro grupo de pesquisa foi criado em 1995, com o nome de Melhoramento de Cereais de Esta\u00e7\u00e3o Fria, em 2009, recebeu o nome de Melhorame<\/span><span style=\"color: #000000;text-align: justify\">nto e Gen\u00f4mica de Cereais de Clima Temperado. Em 2016, o nome do grupo passou a se chamar Centro de Gen\u00f4mica e Fitomelhoramento.<\/span><\/p>\n<p><strong style=\"color: #000000;text-align: justify\"><a href=\"https:\/\/wp.ufpel.edu.br\/ppgbiotec\/infraestrutura\/centro-de-genomica-e-fitomelhoramento-cgf\/p1010432\/\"><img data-attachment-id=\"3519\" data-permalink=\"https:\/\/wp.ufpel.edu.br\/ppgbiotec\/infraestrutura\/pesquisa\/centro-de-genomica-e-fitomelhoramento\/p1010432\/\" data-orig-file=\"https:\/\/wp.ufpel.edu.br\/ppgbiotec\/files\/2019\/07\/P1010432.jpg\" data-orig-size=\"4000,3000\" data-comments-opened=\"0\" data-image-meta=\"{&quot;aperture&quot;:&quot;2.8&quot;,&quot;credit&quot;:&quot;&quot;,&quot;camera&quot;:&quot;DMC-FZ150&quot;,&quot;caption&quot;:&quot;&quot;,&quot;created_timestamp&quot;:&quot;1479466635&quot;,&quot;copyright&quot;:&quot;&quot;,&quot;focal_length&quot;:&quot;4.5&quot;,&quot;iso&quot;:&quot;400&quot;,&quot;shutter_speed&quot;:&quot;0.025&quot;,&quot;title&quot;:&quot;&quot;,&quot;orientation&quot;:&quot;1&quot;}\" data-image-title=\"P1010432\" data-image-description=\"\" data-image-caption=\"\" data-medium-file=\"https:\/\/wp.ufpel.edu.br\/ppgbiotec\/files\/2019\/07\/P1010432-400x300.jpg\" data-large-file=\"https:\/\/wp.ufpel.edu.br\/ppgbiotec\/files\/2019\/07\/P1010432-1024x768.jpg\" class=\"wp-image-3519 alignleft\" src=\"https:\/\/wp.ufpel.edu.br\/ppgbiotec\/files\/2019\/07\/P1010432-200x200.jpg\" alt=\"\" width=\"212\" height=\"212\" \/><\/a>Localiza\u00e7\u00e3o<\/strong><\/p>\n<p><span style=\"color: #000000\"><strong>Campus:<\/strong>\u00a0Cap\u00e3o do Le\u00e3o<\/span><br \/>\n<span style=\"color: #000000\"><strong>Pr\u00e9dio\/Bloco:<\/strong>\u00a0FAEM\/Departamento de Fitotecnia<\/span><br \/>\n<span style=\"color: #000000\"><strong>Sala:<\/strong> 3\u00ba andar<\/span><\/p>\n<p><span style=\"color: #000000\"><strong>Contato<\/strong><\/span><br \/>\n<span style=\"color: #000000\"><strong>Nome:<\/strong> Prof. Ph.D Ant\u00f4nio Costa de Oliveira<\/span><br \/>\n<span style=\"color: #000000\"><strong>E-mail<\/strong>: \u00a0acostol@cgfufpel.org,\u00a0acostol@terra.com.br<\/span><\/p>\n<p>&nbsp;<\/p>\n<p><strong><span style=\"color: #000000\">Equipamentos<\/span><\/strong><\/p>\n<ul>\n<li><span style=\"color: #000000\">Agitadores<\/span><\/li>\n<li><span style=\"color: #000000\">Aparatos para Eletroforese em geis de Agarose e Acrilamida<\/span><\/li>\n<li><span style=\"color: #000000\">Centr\u00edfuga Refrigerada<\/span><\/li>\n<li><span style=\"color: #000000\">Eletroporador<\/span><\/li>\n<li><span style=\"color: #000000\">Espectrofot\u00f4metro<\/span><\/li>\n<li><span style=\"color: #000000\">Estufas para Secagem e Esteriliza\u00e7\u00e3o<\/span><\/li>\n<li><span style=\"color: #000000\">Medidor de Densidade \u00d3tica<\/span><\/li>\n<li><span style=\"color: #000000\">Microcentr\u00edfuga<\/span><\/li>\n<li><span style=\"color: #000000\">pHmetro<\/span><\/li>\n<li><span style=\"color: #000000\">Shaker<\/span><\/li>\n<li><span style=\"color: #000000\">Sistema de Fotodocumenta\u00e7\u00e3o<\/span><\/li>\n<li><span style=\"color: #000000\">Thermomixer<\/span><\/li>\n<li><span style=\"color: #000000\">Ultrafreezer<\/span><\/li>\n<li><span style=\"color: #000000\">V\u00f3rtex<\/span><\/li>\n<\/ul>\n<p>&nbsp;<\/p>\n","protected":false},"excerpt":{"rendered":"<p>Centro de Gen\u00f4mica e Fitomelhoramento &#8211; CGF &nbsp; Unidade:\u00a0Faculdade de Agronomia (FAEM) Curso: Agronomia Website:\u00a0http:\/\/cgfufpel.org\/ C\u00f3digo NULAB:\u00a090516 &nbsp; &nbsp; Descri\u00e7\u00e3o O Centro de Gen\u00f4mica e Fitomelhoramento (CGF) foi criado em 1999, visando integrar equipes de gen\u00e9tica quantitativa, lideradas pelo Prof. Fernando Iraj\u00e1\u00a0F\u00e9lix de Carvalho, e de gen\u00e9tica molecular, lideradas pelo Prof. Antonio Costa de Oliveira, [&hellip;]<\/p>\n","protected":false},"author":735,"featured_media":0,"parent":5706,"menu_order":12,"comment_status":"closed","ping_status":"closed","template":"","meta":{"jetpack_post_was_ever_published":false,"footnotes":""},"class_list":["post-3516","page","type-page","status-publish","hentry"],"jetpack_sharing_enabled":true,"_links":{"self":[{"href":"https:\/\/wp.ufpel.edu.br\/ppgbiotec\/wp-json\/wp\/v2\/pages\/3516","targetHints":{"allow":["GET"]}}],"collection":[{"href":"https:\/\/wp.ufpel.edu.br\/ppgbiotec\/wp-json\/wp\/v2\/pages"}],"about":[{"href":"https:\/\/wp.ufpel.edu.br\/ppgbiotec\/wp-json\/wp\/v2\/types\/page"}],"author":[{"embeddable":true,"href":"https:\/\/wp.ufpel.edu.br\/ppgbiotec\/wp-json\/wp\/v2\/users\/735"}],"replies":[{"embeddable":true,"href":"https:\/\/wp.ufpel.edu.br\/ppgbiotec\/wp-json\/wp\/v2\/comments?post=3516"}],"version-history":[{"count":11,"href":"https:\/\/wp.ufpel.edu.br\/ppgbiotec\/wp-json\/wp\/v2\/pages\/3516\/revisions"}],"predecessor-version":[{"id":7556,"href":"https:\/\/wp.ufpel.edu.br\/ppgbiotec\/wp-json\/wp\/v2\/pages\/3516\/revisions\/7556"}],"up":[{"embeddable":true,"href":"https:\/\/wp.ufpel.edu.br\/ppgbiotec\/wp-json\/wp\/v2\/pages\/5706"}],"wp:attachment":[{"href":"https:\/\/wp.ufpel.edu.br\/ppgbiotec\/wp-json\/wp\/v2\/media?parent=3516"}],"curies":[{"name":"wp","href":"https:\/\/api.w.org\/{rel}","templated":true}]}}