{"id":3498,"date":"2019-07-26T14:53:58","date_gmt":"2019-07-26T17:53:58","guid":{"rendered":"https:\/\/wp.ufpel.edu.br\/ppgbiotec\/?page_id=3498"},"modified":"2024-07-22T09:17:27","modified_gmt":"2024-07-22T12:17:27","slug":"laboratorio-de-bioinformatica","status":"publish","type":"page","link":"https:\/\/wp.ufpel.edu.br\/ppgbiotec\/infraestrutura\/ensino\/laboratorio-de-bioinformatica\/","title":{"rendered":"Laborat\u00f3rio de Bioinform\u00e1tica"},"content":{"rendered":"<p class=\"corTexto\"><span style=\"color: #000000;\"><strong><span style=\"font-size: 12pt;\">Laborat\u00f3rio de Bioinform\u00e1tica<\/span><\/strong><\/span><\/p>\n<p><span style=\"color: #000000;\"><span style=\"font-size: 12pt;\"><strong>Unida<\/strong><\/span><strong style=\"font-size: 12pt;\">de:<\/strong><span style=\"font-size: 12pt;\"> Centro de Desenvolvimento Tecnol\u00f3gico (CDTec)<\/span><\/span><\/p>\n<p><span style=\"font-size: 12pt; color: #000000;\"><strong>C\u00f3digo NULAB:<\/strong>\u00a090153<\/span><\/p>\n<p><span style=\"font-size: 12pt; color: #000000;\"><strong>Descri\u00e7\u00e3o: <\/strong>Laborat\u00f3rio destinado as disciplinas da Gradua\u00e7\u00e3o e da P\u00f3s-gradua\u00e7\u00e3o em Biotecnologia, entre elas: Bioinform\u00e1tica, Bioinform\u00e1tica Avan\u00e7ada, Engenharia de software para bioinform\u00e1tica e aprendizagem de m\u00e1quina, Bioinform\u00e1tica aplicada \u00e0 Gen\u00f4mica Microbiana, Aprendizagem de M\u00e1quina e Big Data para Biotecnologia e Bioinform\u00e1tica Estrutural e Quimioinform\u00e1tica.<\/span><\/p>\n<p>&nbsp;<\/p>\n<p><span style=\"font-size: 12pt; color: #000000;\"><strong>Localiza\u00e7\u00e3o\u00a0 \u00a0 \u00a0 \u00a0 \u00a0 \u00a0 \u00a0 \u00a0 \u00a0 \u00a0 \u00a0\u00a0<\/strong><\/span><br \/>\n<span style=\"font-size: 12pt; color: #000000;\"><strong>Campus:<\/strong>\u00a0Cap\u00e3o do Le\u00e3o<\/span><br \/>\n<span style=\"font-size: 12pt; color: #000000;\"><strong>Pr\u00e9dio\/Bloco:<\/strong>\u00a019<\/span><\/p>\n<p><span style=\"font-size: 12pt; color: #000000;\"><strong>Docentes<\/strong><\/span><\/p>\n<p><span style=\"color: #000000;\">Prof. Dr. Frederico Schmitt Kremer &#8211; (fred.s.kremer@gmail.com)<\/span><\/p>\n<p><span style=\"color: #000000;\">Prof. Dr. Luciano da Silva Pinto &#8211; (ls_pinto@hotmail.com)<\/span><\/p>\n<p>&nbsp;<\/p>\n<p><img data-attachment-id=\"3511\" data-permalink=\"https:\/\/wp.ufpel.edu.br\/ppgbiotec\/infraestrutura\/ensino\/laboratorio-de-bioinformatica\/img_bioinformatica_2-424x318\/\" data-orig-file=\"https:\/\/wp.ufpel.edu.br\/ppgbiotec\/files\/2019\/07\/img_bioinformatica_2-424x318.jpg\" data-orig-size=\"424,318\" data-comments-opened=\"0\" data-image-meta=\"{&quot;aperture&quot;:&quot;0&quot;,&quot;credit&quot;:&quot;&quot;,&quot;camera&quot;:&quot;&quot;,&quot;caption&quot;:&quot;&quot;,&quot;created_timestamp&quot;:&quot;0&quot;,&quot;copyright&quot;:&quot;&quot;,&quot;focal_length&quot;:&quot;0&quot;,&quot;iso&quot;:&quot;0&quot;,&quot;shutter_speed&quot;:&quot;0&quot;,&quot;title&quot;:&quot;&quot;,&quot;orientation&quot;:&quot;0&quot;}\" data-image-title=\"img_bioinformatica_2-424&amp;#215;318\" data-image-description=\"\" data-image-caption=\"\" data-medium-file=\"https:\/\/wp.ufpel.edu.br\/ppgbiotec\/files\/2019\/07\/img_bioinformatica_2-424x318-400x300.jpg\" data-large-file=\"https:\/\/wp.ufpel.edu.br\/ppgbiotec\/files\/2019\/07\/img_bioinformatica_2-424x318.jpg\" class=\"wp-image-3511 alignnone\" style=\"color: var(--cor-texto); font-family: var(--fonte-corpo);\" src=\"https:\/\/wp.ufpel.edu.br\/ppgbiotec\/files\/2019\/07\/img_bioinformatica_2-424x318-200x200.jpg\" alt=\"\" width=\"301\" height=\"301\" \/>\u00a0 \u00a0 <img data-attachment-id=\"3510\" data-permalink=\"https:\/\/wp.ufpel.edu.br\/ppgbiotec\/infraestrutura\/ensino\/laboratorio-de-bioinformatica\/img_bioinformatica_1-424x318\/\" data-orig-file=\"https:\/\/wp.ufpel.edu.br\/ppgbiotec\/files\/2019\/07\/img_bioinformatica_1-424x318.jpg\" data-orig-size=\"424,318\" data-comments-opened=\"0\" data-image-meta=\"{&quot;aperture&quot;:&quot;0&quot;,&quot;credit&quot;:&quot;&quot;,&quot;camera&quot;:&quot;&quot;,&quot;caption&quot;:&quot;&quot;,&quot;created_timestamp&quot;:&quot;0&quot;,&quot;copyright&quot;:&quot;&quot;,&quot;focal_length&quot;:&quot;0&quot;,&quot;iso&quot;:&quot;0&quot;,&quot;shutter_speed&quot;:&quot;0&quot;,&quot;title&quot;:&quot;&quot;,&quot;orientation&quot;:&quot;0&quot;}\" data-image-title=\"img_bioinformatica_1-424&amp;#215;318\" data-image-description=\"\" data-image-caption=\"\" data-medium-file=\"https:\/\/wp.ufpel.edu.br\/ppgbiotec\/files\/2019\/07\/img_bioinformatica_1-424x318-400x300.jpg\" data-large-file=\"https:\/\/wp.ufpel.edu.br\/ppgbiotec\/files\/2019\/07\/img_bioinformatica_1-424x318.jpg\" class=\"wp-image-3510 alignnone\" src=\"https:\/\/wp.ufpel.edu.br\/ppgbiotec\/files\/2019\/07\/img_bioinformatica_1-424x318-200x200.jpg\" alt=\"\" width=\"300\" height=\"300\" \/><\/p>\n<p>&nbsp;<\/p>\n<p>&nbsp;<\/p>\n<p>&nbsp;<\/p>\n<p>&nbsp;<\/p>\n<div class=\"limpa\"><\/div>\n<p>&nbsp;<\/p>\n","protected":false},"excerpt":{"rendered":"<p>Laborat\u00f3rio de Bioinform\u00e1tica Unidade: Centro de Desenvolvimento Tecnol\u00f3gico (CDTec) C\u00f3digo NULAB:\u00a090153 Descri\u00e7\u00e3o: Laborat\u00f3rio destinado as disciplinas da Gradua\u00e7\u00e3o e da P\u00f3s-gradua\u00e7\u00e3o em Biotecnologia, entre elas: Bioinform\u00e1tica, Bioinform\u00e1tica Avan\u00e7ada, Engenharia de software para bioinform\u00e1tica e aprendizagem de m\u00e1quina, Bioinform\u00e1tica aplicada \u00e0 Gen\u00f4mica Microbiana, Aprendizagem de M\u00e1quina e Big Data para Biotecnologia e Bioinform\u00e1tica Estrutural e Quimioinform\u00e1tica. [&hellip;]<\/p>\n","protected":false},"author":735,"featured_media":0,"parent":5702,"menu_order":1,"comment_status":"closed","ping_status":"closed","template":"","meta":{"jetpack_post_was_ever_published":false,"footnotes":""},"class_list":["post-3498","page","type-page","status-publish","hentry"],"jetpack_sharing_enabled":true,"_links":{"self":[{"href":"https:\/\/wp.ufpel.edu.br\/ppgbiotec\/wp-json\/wp\/v2\/pages\/3498","targetHints":{"allow":["GET"]}}],"collection":[{"href":"https:\/\/wp.ufpel.edu.br\/ppgbiotec\/wp-json\/wp\/v2\/pages"}],"about":[{"href":"https:\/\/wp.ufpel.edu.br\/ppgbiotec\/wp-json\/wp\/v2\/types\/page"}],"author":[{"embeddable":true,"href":"https:\/\/wp.ufpel.edu.br\/ppgbiotec\/wp-json\/wp\/v2\/users\/735"}],"replies":[{"embeddable":true,"href":"https:\/\/wp.ufpel.edu.br\/ppgbiotec\/wp-json\/wp\/v2\/comments?post=3498"}],"version-history":[{"count":11,"href":"https:\/\/wp.ufpel.edu.br\/ppgbiotec\/wp-json\/wp\/v2\/pages\/3498\/revisions"}],"predecessor-version":[{"id":10225,"href":"https:\/\/wp.ufpel.edu.br\/ppgbiotec\/wp-json\/wp\/v2\/pages\/3498\/revisions\/10225"}],"up":[{"embeddable":true,"href":"https:\/\/wp.ufpel.edu.br\/ppgbiotec\/wp-json\/wp\/v2\/pages\/5702"}],"wp:attachment":[{"href":"https:\/\/wp.ufpel.edu.br\/ppgbiotec\/wp-json\/wp\/v2\/media?parent=3498"}],"curies":[{"name":"wp","href":"https:\/\/api.w.org\/{rel}","templated":true}]}}