{"id":3491,"date":"2019-07-26T14:11:32","date_gmt":"2019-07-26T17:11:32","guid":{"rendered":"https:\/\/wp.ufpel.edu.br\/ppgbiotec\/?page_id=3491"},"modified":"2021-10-13T16:16:41","modified_gmt":"2021-10-13T19:16:41","slug":"laboratorio-de-microbiologia","status":"publish","type":"page","link":"https:\/\/wp.ufpel.edu.br\/ppgbiotec\/infraestrutura\/pesquisa\/laboratorio-de-microbiologia\/","title":{"rendered":"Laborat\u00f3rio de Microbiologia"},"content":{"rendered":"<p><span style=\"color: #000000\"><strong>Laborat\u00f3rio de Microbiologia<\/strong><\/span><\/p>\n<p><img data-attachment-id=\"3493\" data-permalink=\"https:\/\/wp.ufpel.edu.br\/ppgbiotec\/infraestrutura\/pesquisa\/laboratorio-de-microbiologia\/whatsapp-image-2019-04-26-at-14-06-49-300x400\/\" data-orig-file=\"https:\/\/wp.ufpel.edu.br\/ppgbiotec\/files\/2019\/07\/WhatsApp-Image-2019-04-26-at-14.06.49-300x400.jpeg\" data-orig-size=\"300,400\" data-comments-opened=\"0\" data-image-meta=\"{&quot;aperture&quot;:&quot;0&quot;,&quot;credit&quot;:&quot;&quot;,&quot;camera&quot;:&quot;&quot;,&quot;caption&quot;:&quot;&quot;,&quot;created_timestamp&quot;:&quot;0&quot;,&quot;copyright&quot;:&quot;&quot;,&quot;focal_length&quot;:&quot;0&quot;,&quot;iso&quot;:&quot;0&quot;,&quot;shutter_speed&quot;:&quot;0&quot;,&quot;title&quot;:&quot;&quot;,&quot;orientation&quot;:&quot;0&quot;}\" data-image-title=\"WhatsApp-Image-2019-04-26-at-14.06.49-300&amp;#215;400\" data-image-description=\"\" data-image-caption=\"\" data-medium-file=\"https:\/\/wp.ufpel.edu.br\/ppgbiotec\/files\/2019\/07\/WhatsApp-Image-2019-04-26-at-14.06.49-300x400-300x400.jpeg\" data-large-file=\"https:\/\/wp.ufpel.edu.br\/ppgbiotec\/files\/2019\/07\/WhatsApp-Image-2019-04-26-at-14.06.49-300x400.jpeg\" class=\"wp-image-3493 alignleft\" src=\"https:\/\/wp.ufpel.edu.br\/ppgbiotec\/files\/2019\/07\/WhatsApp-Image-2019-04-26-at-14.06.49-300x400-200x200.jpeg\" alt=\"\" width=\"212\" height=\"212\" \/><\/p>\n<p><span style=\"color: #000000\"><strong>Unidade:<\/strong> Centro de Desenvolvimento Tecnol\u00f3gico (CDTec)<\/span><br \/>\n<span style=\"color: #000000\"><strong>Curso:<\/strong>\u00a0Biotecnologia<\/span><span style=\"color: #000000\"><strong><br \/>\nWebsite: <\/strong><a style=\"color: #000000\" href=\"https:\/\/wp.ufpel.edu.br\/microbiologia\/\" target=\"_blank\" rel=\"noopener noreferrer\">https:\/\/wp.ufpel.edu.br\/microbiologia\/<\/a><\/span><br \/>\n<span style=\"color: #000000\"><strong>C\u00f3digo NU<\/strong><\/span><span style=\"color: #000000\"><strong>LAB:<\/strong>\u00a090413<\/span><\/p>\n<p><strong style=\"color: #000000\">Descri\u00e7\u00e3o<\/strong><\/p>\n<p style=\"text-align: justify\"><span style=\"color: #000000\">O Laborat\u00f3rio de Microbiologia, tamb\u00e9m conhecido como Laborat\u00f3rio 4, est\u00e1 sediado no n\u00facleo de Biotecnologia do Centro de Desenvolvimento Tecnol\u00f3gico, onde desenvolvem-se aulas-pr\u00e1ticas e trabalhos de pesquisa e inova\u00e7\u00e3o em n\u00edveis de inicia\u00e7\u00e3o cient\u00edfica, mestrado e doutorado. O laborat\u00f3rio \u00e9 coordenado pelo M\u00e9dico Veterin\u00e1rio PhD. F\u00e1bio Pereira Leivas Leite, o qual \u00e9 professor do curso de gradua\u00e7\u00e3o em Biotecnologia e professor e orientador dos Programas de P\u00f3s-Gradua\u00e7\u00e3o em Biotecnologia (PPGB), Parasitologia (PPGP) e Veterin\u00e1ria (PPGV).<\/span><\/p>\n<p style=\"text-align: justify\"><span style=\"color: #000000\">O Laborat\u00f3rio de Microbiologia tem como principais atividades o desenvolvimento de vacinas veterin\u00e1rias, kits de diagn\u00f3stico, probi\u00f3ticos, controle biol\u00f3gico e processos fermentativos, possuindo linhas de pesquisas nestas \u00e1reas.<\/span><\/p>\n<p><img data-attachment-id=\"3494\" data-permalink=\"https:\/\/wp.ufpel.edu.br\/ppgbiotec\/infraestrutura\/pesquisa\/laboratorio-de-microbiologia\/imagem1-300x400\/\" data-orig-file=\"https:\/\/wp.ufpel.edu.br\/ppgbiotec\/files\/2019\/07\/Imagem1-300x400.jpg\" data-orig-size=\"300,400\" data-comments-opened=\"0\" data-image-meta=\"{&quot;aperture&quot;:&quot;0&quot;,&quot;credit&quot;:&quot;&quot;,&quot;camera&quot;:&quot;&quot;,&quot;caption&quot;:&quot;&quot;,&quot;created_timestamp&quot;:&quot;0&quot;,&quot;copyright&quot;:&quot;&quot;,&quot;focal_length&quot;:&quot;0&quot;,&quot;iso&quot;:&quot;0&quot;,&quot;shutter_speed&quot;:&quot;0&quot;,&quot;title&quot;:&quot;&quot;,&quot;orientation&quot;:&quot;0&quot;}\" data-image-title=\"Imagem1-300&amp;#215;400\" data-image-description=\"\" data-image-caption=\"\" data-medium-file=\"https:\/\/wp.ufpel.edu.br\/ppgbiotec\/files\/2019\/07\/Imagem1-300x400-300x400.jpg\" data-large-file=\"https:\/\/wp.ufpel.edu.br\/ppgbiotec\/files\/2019\/07\/Imagem1-300x400.jpg\" class=\" wp-image-3494 alignleft\" src=\"https:\/\/wp.ufpel.edu.br\/ppgbiotec\/files\/2019\/07\/Imagem1-300x400-200x200.jpg\" alt=\"\" width=\"152\" height=\"152\" \/><\/p>\n<p><span style=\"color: #000000\"><strong>Localiza\u00e7\u00e3o<\/strong><\/span><\/p>\n<p><span style=\"color: #000000\"><strong>Campus:<\/strong> Cap\u00e3o do Le\u00e3o<\/span><\/p>\n<p><span style=\"color: #000000\"><strong>Pr\u00e9dio\/Bloco:<\/strong> 19<\/span><\/p>\n<p><span style=\"color: #000000\"><strong>Sala:<\/strong>\u00a004<\/span><\/p>\n<p>&nbsp;<\/p>\n<p><span style=\"color: #000000\"><strong><img class=\"alignleft\" src=\"https:\/\/wp.ufpel.edu.br\/nulab\/files\/2016\/12\/P1010932-212x159.jpg\" alt=\"p1010932\" \/><\/strong><\/span><\/p>\n<p>&nbsp;<\/p>\n<p><span style=\"color: #000000\"><strong>Contato<\/strong><\/span><br \/>\n<span style=\"color: #000000\"><strong>Nome:<\/strong> Prof. Dr. F\u00e1bio Pereira Leivas Leite<\/span><br \/>\n<span style=\"color: #000000\"><strong>E-mail<\/strong>: fleivasleite@gmail.com<\/span><\/p>\n<p>&nbsp;<\/p>\n<p>&nbsp;<\/p>\n<p><strong><span style=\"color: #000000\">Equipamentos<\/span><\/strong><\/p>\n<ul>\n<li><span style=\"color: #000000\">Centr\u00edfuga<\/span><\/li>\n<li><span style=\"color: #000000\">Banco de Fluxo<\/span><\/li>\n<li><span style=\"color: #000000\">Shaker<\/span><\/li>\n<li><span style=\"color: #000000\">Cuba eletroforese<\/span><\/li>\n<li><span style=\"color: #000000\">Fermentadores<\/span><\/li>\n<li><span style=\"color: #000000\">Estufas<\/span><\/li>\n<\/ul>\n<p>&nbsp;<\/p>\n","protected":false},"excerpt":{"rendered":"<p>Laborat\u00f3rio de Microbiologia Unidade: Centro de Desenvolvimento Tecnol\u00f3gico (CDTec) Curso:\u00a0Biotecnologia Website: https:\/\/wp.ufpel.edu.br\/microbiologia\/ C\u00f3digo NULAB:\u00a090413 Descri\u00e7\u00e3o O Laborat\u00f3rio de Microbiologia, tamb\u00e9m conhecido como Laborat\u00f3rio 4, est\u00e1 sediado no n\u00facleo de Biotecnologia do Centro de Desenvolvimento Tecnol\u00f3gico, onde desenvolvem-se aulas-pr\u00e1ticas e trabalhos de pesquisa e inova\u00e7\u00e3o em n\u00edveis de inicia\u00e7\u00e3o cient\u00edfica, mestrado e doutorado. O laborat\u00f3rio \u00e9 [&hellip;]<\/p>\n","protected":false},"author":735,"featured_media":0,"parent":5706,"menu_order":3,"comment_status":"closed","ping_status":"closed","template":"","meta":{"jetpack_post_was_ever_published":false,"footnotes":""},"class_list":["post-3491","page","type-page","status-publish","hentry"],"jetpack_sharing_enabled":true,"_links":{"self":[{"href":"https:\/\/wp.ufpel.edu.br\/ppgbiotec\/wp-json\/wp\/v2\/pages\/3491","targetHints":{"allow":["GET"]}}],"collection":[{"href":"https:\/\/wp.ufpel.edu.br\/ppgbiotec\/wp-json\/wp\/v2\/pages"}],"about":[{"href":"https:\/\/wp.ufpel.edu.br\/ppgbiotec\/wp-json\/wp\/v2\/types\/page"}],"author":[{"embeddable":true,"href":"https:\/\/wp.ufpel.edu.br\/ppgbiotec\/wp-json\/wp\/v2\/users\/735"}],"replies":[{"embeddable":true,"href":"https:\/\/wp.ufpel.edu.br\/ppgbiotec\/wp-json\/wp\/v2\/comments?post=3491"}],"version-history":[{"count":10,"href":"https:\/\/wp.ufpel.edu.br\/ppgbiotec\/wp-json\/wp\/v2\/pages\/3491\/revisions"}],"predecessor-version":[{"id":7356,"href":"https:\/\/wp.ufpel.edu.br\/ppgbiotec\/wp-json\/wp\/v2\/pages\/3491\/revisions\/7356"}],"up":[{"embeddable":true,"href":"https:\/\/wp.ufpel.edu.br\/ppgbiotec\/wp-json\/wp\/v2\/pages\/5706"}],"wp:attachment":[{"href":"https:\/\/wp.ufpel.edu.br\/ppgbiotec\/wp-json\/wp\/v2\/media?parent=3491"}],"curies":[{"name":"wp","href":"https:\/\/api.w.org\/{rel}","templated":true}]}}