{"id":3483,"date":"2019-07-26T13:48:23","date_gmt":"2019-07-26T16:48:23","guid":{"rendered":"https:\/\/wp.ufpel.edu.br\/ppgbiotec\/?page_id=3483"},"modified":"2026-03-27T16:14:52","modified_gmt":"2026-03-27T19:14:52","slug":"laboratorio-de-bacteriologia-e-bioensaios","status":"publish","type":"page","link":"https:\/\/wp.ufpel.edu.br\/ppgbiotec\/infraestrutura\/pesquisa\/laboratorio-de-bacteriologia-e-bioensaios\/","title":{"rendered":"Laborat\u00f3rio de Bacteriologia e Bioensaios"},"content":{"rendered":"<p><span style=\"color: #000000;\"><strong>Laborat\u00f3rio de Bacteriologia e Bioensaios &#8211; LaBBio<\/strong><\/span><\/p>\n<p style=\"text-align: justify;\"><span style=\"color: #000000;\"><strong>Unidade:<\/strong>\u00a0Instituto de Biologia (IB)<\/span><br \/>\n<span style=\"color: #000000;\"><strong>C\u00f3digo N<\/strong><strong>ULAB:<\/strong>\u00a090534<\/span><\/p>\n<p><span style=\"color: #000000;\"><strong>Descri\u00e7\u00e3o<\/strong><\/span><\/p>\n<p style=\"text-align: justify;\"><span style=\"color: #000000;\">As linhas de pesquisa do Laborat\u00f3rio de Bacteriologia e Bioensaios (LaBBio) envolvem o estudo da resist\u00eancia bacteriana \u00e0 m\u00faltiplas drogas, genotipagem molecular, fatores de patogenicidade, forma\u00e7\u00e3o de biofilme e bioensaios para prospec\u00e7\u00e3o e reposicionamento de f\u00e1rmacos antibacterianos, uso de nanotecnologia, al\u00e9m do desenvolvimento de vacinas e testes de diagn\u00f3stico.<\/span><\/p>\n<p><span style=\"color: #000000;\"><strong>Localiza\u00e7\u00e3o<\/strong><\/span><br \/>\n<span style=\"color: #000000;\"><strong>Campus:<\/strong>\u00a0Cap\u00e3o do Le\u00e3o<\/span><br \/>\n<span style=\"color: #000000;\"><strong>Pr\u00e9dio:<\/strong> 18<\/span><br \/>\n<span style=\"color: #000000;\"><strong>Sala:<\/strong> 15<\/span><\/p>\n<p><span style=\"color: #000000;\"><strong>Docente: <\/strong>Prof.\u00aa Dr.\u00aa Daiane Drawanz Hartwig &#8211; <strong>E-mail:\u00a0<\/strong>daianehartwig@gmail.com<\/span><\/p>\n<p><img data-attachment-id=\"3485\" data-permalink=\"https:\/\/wp.ufpel.edu.br\/ppgbiotec\/infraestrutura\/pesquisa\/laboratorio-de-bacteriologia-e-bioensaios\/stitched-panorama\/\" data-orig-file=\"https:\/\/wp.ufpel.edu.br\/ppgbiotec\/files\/2019\/07\/Group-3-DSC01700_DSC01708-9-images.jpg\" data-orig-size=\"3946,2899\" data-comments-opened=\"0\" data-image-meta=\"{&quot;aperture&quot;:&quot;3.5&quot;,&quot;credit&quot;:&quot;&quot;,&quot;camera&quot;:&quot;DSC-H70&quot;,&quot;caption&quot;:&quot;ASCII   Kolor stitching | 9 pictures | Size: 3946 x 2899 | FOV: 121.23 x 89.08 ~ -14.46 | RMS: 6.29 | Lens: Standard | Projection: Spherical | Color: LDR |&quot;,&quot;created_timestamp&quot;:&quot;1426255384&quot;,&quot;copyright&quot;:&quot;&quot;,&quot;focal_length&quot;:&quot;4.25&quot;,&quot;iso&quot;:&quot;250&quot;,&quot;shutter_speed&quot;:&quot;0.033333333333333&quot;,&quot;title&quot;:&quot;Stitched Panorama&quot;,&quot;orientation&quot;:&quot;1&quot;}\" data-image-title=\"Stitched Panorama\" data-image-description=\"\" data-image-caption=\"&lt;p&gt;ASCII   Kolor stitching | 9 pictures | Size: 3946 x 2899 | FOV: 121.23 x 89.08 ~ -14.46 | RMS: 6.29 | Lens: Standard | Projection: Spherical | Color: LDR |&lt;\/p&gt;\n\" data-medium-file=\"https:\/\/wp.ufpel.edu.br\/ppgbiotec\/files\/2019\/07\/Group-3-DSC01700_DSC01708-9-images-400x294.jpg\" data-large-file=\"https:\/\/wp.ufpel.edu.br\/ppgbiotec\/files\/2019\/07\/Group-3-DSC01700_DSC01708-9-images-1024x752.jpg\" class=\"size-thumbnail wp-image-3485 alignleft\" style=\"color: #000000;\" src=\"https:\/\/wp.ufpel.edu.br\/ppgbiotec\/files\/2019\/07\/Group-3-DSC01700_DSC01708-9-images-200x200.jpg\" alt=\"\" width=\"200\" height=\"200\" \/><\/p>\n<p style=\"text-align: center;\"><span style=\"color: #000000;\"><img data-attachment-id=\"3488\" data-permalink=\"https:\/\/wp.ufpel.edu.br\/ppgbiotec\/infraestrutura\/pesquisa\/laboratorio-de-bacteriologia-e-bioensaios\/stitched-panorama-3\/\" data-orig-file=\"https:\/\/wp.ufpel.edu.br\/ppgbiotec\/files\/2019\/07\/Group-1-DSC01656_DSC01673-18-images.jpg\" data-orig-size=\"3599,2634\" data-comments-opened=\"0\" data-image-meta=\"{&quot;aperture&quot;:&quot;3.5&quot;,&quot;credit&quot;:&quot;&quot;,&quot;camera&quot;:&quot;DSC-H70&quot;,&quot;caption&quot;:&quot;ASCII   Kolor stitching | 18 pictures | Size: 3599 x 2634 | FOV: 107.18 x 78.46 ~ -18.60 | RMS: 4.35 | Lens: Standard | Projection: Spherical | Color: LDR |&quot;,&quot;created_timestamp&quot;:&quot;1426254818&quot;,&quot;copyright&quot;:&quot;&quot;,&quot;focal_length&quot;:&quot;4.25&quot;,&quot;iso&quot;:&quot;80&quot;,&quot;shutter_speed&quot;:&quot;0.016666666666667&quot;,&quot;title&quot;:&quot;Stitched Panorama&quot;,&quot;orientation&quot;:&quot;1&quot;}\" data-image-title=\"Stitched Panorama\" data-image-description=\"\" data-image-caption=\"\" data-medium-file=\"https:\/\/wp.ufpel.edu.br\/ppgbiotec\/files\/2019\/07\/Group-1-DSC01656_DSC01673-18-images-400x293.jpg\" data-large-file=\"https:\/\/wp.ufpel.edu.br\/ppgbiotec\/files\/2019\/07\/Group-1-DSC01656_DSC01673-18-images-1024x749.jpg\" class=\"wp-image-3488 alignleft\" src=\"https:\/\/wp.ufpel.edu.br\/ppgbiotec\/files\/2019\/07\/Group-1-DSC01656_DSC01673-18-images-200x200.jpg\" alt=\"\" width=\"203\" height=\"203\" \/><\/span><\/p>\n<p style=\"text-align: center;\"><span style=\"color: #000000;\"><img data-attachment-id=\"3486\" data-permalink=\"https:\/\/wp.ufpel.edu.br\/ppgbiotec\/infraestrutura\/pesquisa\/laboratorio-de-bacteriologia-e-bioensaios\/stitched-panorama-2\/\" data-orig-file=\"https:\/\/wp.ufpel.edu.br\/ppgbiotec\/files\/2019\/07\/Group-2-DSC01678_DSC01686-9-images.jpg\" data-orig-size=\"3658,2541\" data-comments-opened=\"0\" data-image-meta=\"{&quot;aperture&quot;:&quot;3.5&quot;,&quot;credit&quot;:&quot;&quot;,&quot;camera&quot;:&quot;DSC-H70&quot;,&quot;caption&quot;:&quot;ASCII   Kolor stitching | 9 pictures | Size: 3658 x 2541 | FOV: 110.35 x 76.66 ~ -19.64 | RMS: 5.52 | Lens: Standard | Projection: Spherical | Color: LDR |&quot;,&quot;created_timestamp&quot;:&quot;1426255134&quot;,&quot;copyright&quot;:&quot;&quot;,&quot;focal_length&quot;:&quot;4.25&quot;,&quot;iso&quot;:&quot;320&quot;,&quot;shutter_speed&quot;:&quot;0.033333333333333&quot;,&quot;title&quot;:&quot;Stitched Panorama&quot;,&quot;orientation&quot;:&quot;1&quot;}\" data-image-title=\"Stitched Panorama\" data-image-description=\"\" data-image-caption=\"\" data-medium-file=\"https:\/\/wp.ufpel.edu.br\/ppgbiotec\/files\/2019\/07\/Group-2-DSC01678_DSC01686-9-images-400x278.jpg\" data-large-file=\"https:\/\/wp.ufpel.edu.br\/ppgbiotec\/files\/2019\/07\/Group-2-DSC01678_DSC01686-9-images-1024x711.jpg\" class=\" wp-image-3486 alignleft\" src=\"https:\/\/wp.ufpel.edu.br\/ppgbiotec\/files\/2019\/07\/Group-2-DSC01678_DSC01686-9-images-200x200.jpg\" alt=\"\" width=\"205\" height=\"205\" \/><br \/>\n<\/span><\/p>\n<p>&nbsp;<\/p>\n<p>&nbsp;<\/p>\n<p>&nbsp;<\/p>\n<p style=\"text-align: left;\">\n","protected":false},"excerpt":{"rendered":"<p>Laborat\u00f3rio de Bacteriologia e Bioensaios &#8211; LaBBio Unidade:\u00a0Instituto de Biologia (IB) C\u00f3digo NULAB:\u00a090534 Descri\u00e7\u00e3o As linhas de pesquisa do Laborat\u00f3rio de Bacteriologia e Bioensaios (LaBBio) envolvem o estudo da resist\u00eancia bacteriana \u00e0 m\u00faltiplas drogas, genotipagem molecular, fatores de patogenicidade, forma\u00e7\u00e3o de biofilme e bioensaios para prospec\u00e7\u00e3o e reposicionamento de f\u00e1rmacos antibacterianos, uso de nanotecnologia, al\u00e9m [&hellip;]<\/p>\n","protected":false},"author":735,"featured_media":0,"parent":5706,"menu_order":13,"comment_status":"closed","ping_status":"closed","template":"","meta":{"jetpack_post_was_ever_published":false,"footnotes":""},"class_list":["post-3483","page","type-page","status-publish","hentry"],"jetpack_sharing_enabled":true,"_links":{"self":[{"href":"https:\/\/wp.ufpel.edu.br\/ppgbiotec\/wp-json\/wp\/v2\/pages\/3483","targetHints":{"allow":["GET"]}}],"collection":[{"href":"https:\/\/wp.ufpel.edu.br\/ppgbiotec\/wp-json\/wp\/v2\/pages"}],"about":[{"href":"https:\/\/wp.ufpel.edu.br\/ppgbiotec\/wp-json\/wp\/v2\/types\/page"}],"author":[{"embeddable":true,"href":"https:\/\/wp.ufpel.edu.br\/ppgbiotec\/wp-json\/wp\/v2\/users\/735"}],"replies":[{"embeddable":true,"href":"https:\/\/wp.ufpel.edu.br\/ppgbiotec\/wp-json\/wp\/v2\/comments?post=3483"}],"version-history":[{"count":4,"href":"https:\/\/wp.ufpel.edu.br\/ppgbiotec\/wp-json\/wp\/v2\/pages\/3483\/revisions"}],"predecessor-version":[{"id":11963,"href":"https:\/\/wp.ufpel.edu.br\/ppgbiotec\/wp-json\/wp\/v2\/pages\/3483\/revisions\/11963"}],"up":[{"embeddable":true,"href":"https:\/\/wp.ufpel.edu.br\/ppgbiotec\/wp-json\/wp\/v2\/pages\/5706"}],"wp:attachment":[{"href":"https:\/\/wp.ufpel.edu.br\/ppgbiotec\/wp-json\/wp\/v2\/media?parent=3483"}],"curies":[{"name":"wp","href":"https:\/\/api.w.org\/{rel}","templated":true}]}}