{"id":3476,"date":"2019-07-26T12:08:12","date_gmt":"2019-07-26T15:08:12","guid":{"rendered":"https:\/\/wp.ufpel.edu.br\/ppgbiotec\/?page_id=3476"},"modified":"2022-01-31T16:14:29","modified_gmt":"2022-01-31T19:14:29","slug":"nucleo-de-ensino-e-pesquisa-em-reproducao-animal","status":"publish","type":"page","link":"https:\/\/wp.ufpel.edu.br\/ppgbiotec\/infraestrutura\/pesquisa\/nucleo-de-ensino-e-pesquisa-em-reproducao-animal\/","title":{"rendered":"N\u00facleo de Ensino e Pesquisa em Reprodu\u00e7\u00e3o Animal"},"content":{"rendered":"<p style=\"text-align: justify\"><span style=\"color: #000000\"><strong><span style=\"font-size: 12pt\">N\u00facleo de Ensino e Pesquisa em Reprodu\u00e7\u00e3o Animal &#8211; ReproPel<\/span><\/strong><\/span><\/p>\n<p><img data-attachment-id=\"3479\" data-permalink=\"https:\/\/wp.ufpel.edu.br\/ppgbiotec\/infraestrutura\/pesquisa\/nucleo-de-ensino-e-pesquisa-em-reproducao-animal\/imagem2\/\" data-orig-file=\"https:\/\/wp.ufpel.edu.br\/ppgbiotec\/files\/2019\/07\/Imagem2.jpg\" data-orig-size=\"797,496\" data-comments-opened=\"0\" data-image-meta=\"{&quot;aperture&quot;:&quot;0&quot;,&quot;credit&quot;:&quot;&quot;,&quot;camera&quot;:&quot;&quot;,&quot;caption&quot;:&quot;&quot;,&quot;created_timestamp&quot;:&quot;0&quot;,&quot;copyright&quot;:&quot;&quot;,&quot;focal_length&quot;:&quot;0&quot;,&quot;iso&quot;:&quot;0&quot;,&quot;shutter_speed&quot;:&quot;0&quot;,&quot;title&quot;:&quot;&quot;,&quot;orientation&quot;:&quot;0&quot;}\" data-image-title=\"Imagem2\" data-image-description=\"\" data-image-caption=\"\" data-medium-file=\"https:\/\/wp.ufpel.edu.br\/ppgbiotec\/files\/2019\/07\/Imagem2-400x249.jpg\" data-large-file=\"https:\/\/wp.ufpel.edu.br\/ppgbiotec\/files\/2019\/07\/Imagem2.jpg\" class=\" wp-image-3479 alignleft\" src=\"https:\/\/wp.ufpel.edu.br\/ppgbiotec\/files\/2019\/07\/Imagem2-200x200.jpg\" alt=\"\" width=\"241\" height=\"241\" \/><\/p>\n<p style=\"text-align: justify\"><span style=\"font-size: 12pt;color: #000000\"><strong>Unidade:<\/strong>\u00a0Faculdade de Veterin\u00e1ria\u00a0(FVet)<\/span><br \/>\n<span style=\"font-size: 12pt;color: #000000\"><strong>Curso:<\/strong>\u00a0Medicina Veterin\u00e1ria<\/span><br \/>\n<span style=\"font-size: 12pt;color: #000000\"><strong>Website:<\/strong>\u00a0<a style=\"color: #000000\" href=\"https:\/\/wp.ufpel.edu.br\/repropel\/\" target=\"_blank\" rel=\"noopener noreferrer\">https:\/\/wp.ufpel.edu.br\/repropel\/<\/a><\/span><br \/>\n<span style=\"font-size: 12pt;color: #000000\"><strong>C\u00f3digo NULAB:<\/strong>\u00a090429<\/span><\/p>\n<p style=\"text-align: justify\"><span style=\"font-size: 12pt;color: #000000\"><strong>Descri\u00e7\u00e3o<br \/>\n<\/strong>Os prin<\/span><span style=\"color: #000000;font-size: 12pt;text-align: justify\">c\u00edpios do ReproPEL foram desenvolvidos a partir da cria\u00e7\u00e3o do PigPEL, grupo de pesquisa pioneiro na Faculdade de Veterin\u00e1ria da UFPel, no in\u00edcio dos anos 2000, focado em reprodu\u00e7\u00e3o de su\u00ednos. <\/span><span style=\"font-size: 12pt;color: #000000\">A partir do ingresso de novos pesquisadores, as atividades do n\u00facleo se diversificaram formando o ReproPEL, em 2009, com abrang\u00eancia de outras esp\u00e9cies animais.<\/span><\/p>\n<p style=\"text-align: justify\"><span style=\"font-size: 12pt;color: #000000\">Objetivos:<\/span><br \/>\n<span style=\"font-size: 12pt;color: #000000\">\u2013 Auxiliar na forma\u00e7\u00e3o profissional (t\u00e9cnica e humanista) na \u00e1rea de reprodu\u00e7\u00e3o animal;<\/span><br \/>\n<span style=\"font-size: 12pt;color: #000000\">\u2013 Desenvolver pesquisa, com enfoque b\u00e1sico e\/ou aplicado, na \u00e1rea de reprodu\u00e7\u00e3o animal, com foco em diversas esp\u00e9cies;<\/span><br \/>\n<span style=\"font-size: 12pt;color: #000000\">\u2013 Desenvolver e aprimorar biot\u00e9cnicas aplicadas \u00e0 reprodu\u00e7\u00e3o animal;<\/span><br \/>\n<span style=\"font-size: 12pt;color: #000000\">\u2013 Fomentar o conhecimento t\u00e9cnico-cient\u00edfico por meio de cursos, treinamentos, palestras e simp\u00f3sios sobre temas de interesse na \u00e1rea de reprodu\u00e7\u00e3o animal;<\/span><br \/>\n<span style=\"font-size: 12pt;color: #000000\">\u2013 Proporcionar interc\u00e2mbio entre Universidade e iniciativa privada.<\/span><br \/>\n<span style=\"font-size: 12pt;color: #000000\">Fazem parte da estrutura do Repropel:<\/span><br \/>\n<span style=\"font-size: 12pt;color: #000000\">\u2013 Laborat\u00f3rio de Andrologia;<\/span><br \/>\n<span style=\"font-size: 12pt;color: #000000\">\u2013 Laborat\u00f3rio de Biologia Molecular;<\/span><br \/>\n<span style=\"font-size: 12pt;color: #000000\">\u2013 Laborat\u00f3rio de Embriologia;<\/span><br \/>\n<span style=\"font-size: 12pt;color: #000000\">\u2013 Laborat\u00f3rio de Preparo de Meios;<\/span><br \/>\n<span style=\"font-size: 12pt;color: #000000\">\u2013 Sala de Limpeza e Esteriliza\u00e7\u00e3o;<\/span><\/p>\n<p><img data-attachment-id=\"3480\" data-permalink=\"https:\/\/wp.ufpel.edu.br\/ppgbiotec\/infraestrutura\/pesquisa\/nucleo-de-ensino-e-pesquisa-em-reproducao-animal\/imagem1\/\" data-orig-file=\"https:\/\/wp.ufpel.edu.br\/ppgbiotec\/files\/2019\/07\/Imagem1.jpg\" data-orig-size=\"532,835\" data-comments-opened=\"0\" data-image-meta=\"{&quot;aperture&quot;:&quot;0&quot;,&quot;credit&quot;:&quot;&quot;,&quot;camera&quot;:&quot;&quot;,&quot;caption&quot;:&quot;&quot;,&quot;created_timestamp&quot;:&quot;0&quot;,&quot;copyright&quot;:&quot;&quot;,&quot;focal_length&quot;:&quot;0&quot;,&quot;iso&quot;:&quot;0&quot;,&quot;shutter_speed&quot;:&quot;0&quot;,&quot;title&quot;:&quot;&quot;,&quot;orientation&quot;:&quot;0&quot;}\" data-image-title=\"Imagem1\" data-image-description=\"\" data-image-caption=\"\" data-medium-file=\"https:\/\/wp.ufpel.edu.br\/ppgbiotec\/files\/2019\/07\/Imagem1-255x400.jpg\" data-large-file=\"https:\/\/wp.ufpel.edu.br\/ppgbiotec\/files\/2019\/07\/Imagem1.jpg\" class=\" wp-image-3480 alignleft\" src=\"https:\/\/wp.ufpel.edu.br\/ppgbiotec\/files\/2019\/07\/Imagem1-200x200.jpg\" alt=\"\" width=\"220\" height=\"220\" \/><\/p>\n<p style=\"text-align: justify\"><span style=\"font-size: 12pt;color: #000000\"><strong>Localiza\u00e7\u00e3o<\/strong><\/span><br \/>\n<span style=\"font-size: 12pt;color: #000000\"><strong>Campus:<\/strong>\u00a0Cap\u00e3o do Le\u00e3o<\/span><br \/>\n<span style=\"font-size: 12pt;color: #000000\"><strong>Pr\u00e9dio\/<\/strong><\/span><span style=\"font-size: 12pt;color: #000000\"><strong>Bloco:<\/strong>\u00a0Faculdade de Veterin\u00e1ria<\/span><br \/>\n<span style=\"font-size: 12pt;color: #000000\"><strong>Sala:<\/strong>\u00a0\u2013<\/span><\/p>\n<p style=\"text-align: justify\"><span style=\"font-size: 12pt;color: #000000\"><strong>Contato<\/strong><\/span><\/p>\n<p style=\"text-align: justify\"><span style=\"font-size: 12pt;color: #000000\"><strong>Nome:<\/strong>\u00a0Prof. PhD. Thomaz Lucia Jr.<\/span><\/p>\n<p><span style=\"font-size: 12pt;color: #000000\"><strong>E-mail<\/strong>: tluciajr@gmail.com<\/span><\/p>\n<p>&nbsp;<\/p>\n<p><span style=\"font-size: 12pt;color: #000000\"><strong>Equipamentos<\/strong><\/span><\/p>\n<ul>\n<li><span style=\"font-size: 12pt;color: #000000\">Cit\u00f4metro de fluxo Attune com Computador Optiplex 9010 Dell<\/span><\/li>\n<li><span style=\"font-size: 12pt;color: #000000\">Deionizador Permution CO \u2013O2<\/span><\/li>\n<li><span style=\"font-size: 12pt;color: #000000\">Estufa CO2 Thermo 3110<\/span><\/li>\n<li><span style=\"font-size: 12pt;color: #000000\">Fluxo Laminar Horizontal Filtracom<\/span><\/li>\n<li><span style=\"font-size: 12pt;color: #000000\">Microsc\u00f3pio 80i Eclipse Nikon<\/span><\/li>\n<li><span style=\"font-size: 12pt;color: #000000\">Osm\u00f4metro LK 1000 Laktron<\/span><\/li>\n<li><span style=\"font-size: 12pt;color: #000000\">Sistema de Eletroforese Horizontal<\/span><\/li>\n<li><span style=\"font-size: 12pt;color: #000000\">Termociclador Biocicler<\/span><\/li>\n<li><span style=\"font-size: 12pt;color: #000000\">Transilluminador Loccus<\/span><\/li>\n<\/ul>\n<p>&nbsp;<\/p>\n<p style=\"font-weight: 400;text-align: center\">\n","protected":false},"excerpt":{"rendered":"<p>N\u00facleo de Ensino e Pesquisa em Reprodu\u00e7\u00e3o Animal &#8211; ReproPel Unidade:\u00a0Faculdade de Veterin\u00e1ria\u00a0(FVet) Curso:\u00a0Medicina Veterin\u00e1ria Website:\u00a0https:\/\/wp.ufpel.edu.br\/repropel\/ C\u00f3digo NULAB:\u00a090429 Descri\u00e7\u00e3o Os princ\u00edpios do ReproPEL foram desenvolvidos a partir da cria\u00e7\u00e3o do PigPEL, grupo de pesquisa pioneiro na Faculdade de Veterin\u00e1ria da UFPel, no in\u00edcio dos anos 2000, focado em reprodu\u00e7\u00e3o de su\u00ednos. A partir do ingresso [&hellip;]<\/p>\n","protected":false},"author":735,"featured_media":0,"parent":5706,"menu_order":17,"comment_status":"closed","ping_status":"closed","template":"","meta":{"jetpack_post_was_ever_published":false,"footnotes":""},"class_list":["post-3476","page","type-page","status-publish","hentry"],"jetpack_sharing_enabled":true,"_links":{"self":[{"href":"https:\/\/wp.ufpel.edu.br\/ppgbiotec\/wp-json\/wp\/v2\/pages\/3476","targetHints":{"allow":["GET"]}}],"collection":[{"href":"https:\/\/wp.ufpel.edu.br\/ppgbiotec\/wp-json\/wp\/v2\/pages"}],"about":[{"href":"https:\/\/wp.ufpel.edu.br\/ppgbiotec\/wp-json\/wp\/v2\/types\/page"}],"author":[{"embeddable":true,"href":"https:\/\/wp.ufpel.edu.br\/ppgbiotec\/wp-json\/wp\/v2\/users\/735"}],"replies":[{"embeddable":true,"href":"https:\/\/wp.ufpel.edu.br\/ppgbiotec\/wp-json\/wp\/v2\/comments?post=3476"}],"version-history":[{"count":10,"href":"https:\/\/wp.ufpel.edu.br\/ppgbiotec\/wp-json\/wp\/v2\/pages\/3476\/revisions"}],"predecessor-version":[{"id":7560,"href":"https:\/\/wp.ufpel.edu.br\/ppgbiotec\/wp-json\/wp\/v2\/pages\/3476\/revisions\/7560"}],"up":[{"embeddable":true,"href":"https:\/\/wp.ufpel.edu.br\/ppgbiotec\/wp-json\/wp\/v2\/pages\/5706"}],"wp:attachment":[{"href":"https:\/\/wp.ufpel.edu.br\/ppgbiotec\/wp-json\/wp\/v2\/media?parent=3476"}],"curies":[{"name":"wp","href":"https:\/\/api.w.org\/{rel}","templated":true}]}}