{"id":3473,"date":"2019-07-26T12:04:32","date_gmt":"2019-07-26T15:04:32","guid":{"rendered":"https:\/\/wp.ufpel.edu.br\/ppgbiotec\/?page_id=3473"},"modified":"2021-10-13T15:22:11","modified_gmt":"2021-10-13T18:22:11","slug":"laboratorio-de-biotecnologia-de-graos-frutosas-e-hortalicas","status":"publish","type":"page","link":"https:\/\/wp.ufpel.edu.br\/ppgbiotec\/infraestrutura\/pesquisa\/laboratorio-de-biotecnologia-de-graos-frutosas-e-hortalicas\/","title":{"rendered":"Laborat\u00f3rio de Biotecnologia de gr\u00e3os, frutos(as) e hortali\u00e7as"},"content":{"rendered":"<p style=\"text-align: justify\"><strong><span style=\"color: #000000\">Laborat\u00f3rio de biotecnologia de gr\u00e3os, frutos(as) e hortali\u00e7as<\/span><\/strong><\/p>\n<p style=\"text-align: justify\"><span style=\"color: #000000\"><strong>Unidade:<\/strong>\u00a0<\/span><br \/>\n<span style=\"color: #000000\"><strong>Curso:<\/strong>\u00a0<\/span><br \/>\n<span style=\"color: #000000\"><strong>Website:<\/strong>\u00a0<\/span><br \/>\n<span style=\"color: #000000\"><strong>C\u00f3digo NULAB:<\/strong>\u00a0<\/span><\/p>\n<p style=\"text-align: justify\"><span style=\"color: #000000\"><strong>Descri\u00e7\u00e3o<br \/>\n<\/strong><\/span><\/p>\n<p style=\"text-align: justify\"><span style=\"color: #000000\">Atua\u00e7\u00e3o na compreens\u00e3o de mecanismos bioqu\u00edmico-moleculares da aquisi\u00e7\u00e3o de atributos de qualidade em gr\u00e3os, frutos(as) e hortali\u00e7as. Biofortifica\u00e7\u00e3o de vegetais. Valora\u00e7\u00e3o de agentes estressores bi\u00f3ticos e abi\u00f3ticos como meio de biofortifica\u00e7\u00e3o.<\/span><\/p>\n<p style=\"text-align: justify\"><span style=\"color: #000000\"><strong>Localiza\u00e7\u00e3o<\/strong><\/span><br \/>\n<span style=\"color: #000000\"><strong>Campus:<\/strong>\u00a0Cap\u00e3o do Le\u00e3o<\/span><br \/>\n<span style=\"color: #000000\"><strong>Pr\u00e9dio\/Bloco:<\/strong>\u00a0<\/span><br \/>\n<span style=\"color: #000000\"><strong>Sala:<\/strong>\u00a0<\/span><\/p>\n<p style=\"text-align: justify\"><span style=\"color: #000000\"><strong>Contato<\/strong><\/span><br \/>\n<span style=\"color: #000000\"><strong>Nome:<\/strong> Prof. Ph.D Cesar Valmor Rombaldi<\/span><br \/>\n<span style=\"color: #000000\"><strong>E-mail<\/strong>: <a class=\"Yh1nIb asUmFb AL18ce\" style=\"color: #000000\" href=\"mailto:cesarvrf@ufpel.edu.br\" target=\"_blank\" rel=\"noopener noreferrer\" data-tooltip=\"Do perfil do usu\u00e1rio do Google\" data-tooltip-position=\"top\">cesarvrf@ufpel.edu.br<\/a><\/span><\/p>\n<p style=\"text-align: justify\"><strong><span style=\"color: #000000\">Equipamentos<\/span><br \/>\n<\/strong><\/p>\n<p>&nbsp;<\/p>\n<p>&nbsp;<\/p>\n","protected":false},"excerpt":{"rendered":"<p>Laborat\u00f3rio de biotecnologia de gr\u00e3os, frutos(as) e hortali\u00e7as Unidade:\u00a0 Curso:\u00a0 Website:\u00a0 C\u00f3digo NULAB:\u00a0 Descri\u00e7\u00e3o Atua\u00e7\u00e3o na compreens\u00e3o de mecanismos bioqu\u00edmico-moleculares da aquisi\u00e7\u00e3o de atributos de qualidade em gr\u00e3os, frutos(as) e hortali\u00e7as. Biofortifica\u00e7\u00e3o de vegetais. Valora\u00e7\u00e3o de agentes estressores bi\u00f3ticos e abi\u00f3ticos como meio de biofortifica\u00e7\u00e3o. Localiza\u00e7\u00e3o Campus:\u00a0Cap\u00e3o do Le\u00e3o Pr\u00e9dio\/Bloco:\u00a0 Sala:\u00a0 Contato Nome: Prof. Ph.D [&hellip;]<\/p>\n","protected":false},"author":735,"featured_media":0,"parent":5706,"menu_order":14,"comment_status":"closed","ping_status":"closed","template":"","meta":{"jetpack_post_was_ever_published":false,"footnotes":""},"class_list":["post-3473","page","type-page","status-publish","hentry"],"jetpack_sharing_enabled":true,"_links":{"self":[{"href":"https:\/\/wp.ufpel.edu.br\/ppgbiotec\/wp-json\/wp\/v2\/pages\/3473","targetHints":{"allow":["GET"]}}],"collection":[{"href":"https:\/\/wp.ufpel.edu.br\/ppgbiotec\/wp-json\/wp\/v2\/pages"}],"about":[{"href":"https:\/\/wp.ufpel.edu.br\/ppgbiotec\/wp-json\/wp\/v2\/types\/page"}],"author":[{"embeddable":true,"href":"https:\/\/wp.ufpel.edu.br\/ppgbiotec\/wp-json\/wp\/v2\/users\/735"}],"replies":[{"embeddable":true,"href":"https:\/\/wp.ufpel.edu.br\/ppgbiotec\/wp-json\/wp\/v2\/comments?post=3473"}],"version-history":[{"count":7,"href":"https:\/\/wp.ufpel.edu.br\/ppgbiotec\/wp-json\/wp\/v2\/pages\/3473\/revisions"}],"predecessor-version":[{"id":7343,"href":"https:\/\/wp.ufpel.edu.br\/ppgbiotec\/wp-json\/wp\/v2\/pages\/3473\/revisions\/7343"}],"up":[{"embeddable":true,"href":"https:\/\/wp.ufpel.edu.br\/ppgbiotec\/wp-json\/wp\/v2\/pages\/5706"}],"wp:attachment":[{"href":"https:\/\/wp.ufpel.edu.br\/ppgbiotec\/wp-json\/wp\/v2\/media?parent=3473"}],"curies":[{"name":"wp","href":"https:\/\/api.w.org\/{rel}","templated":true}]}}