{"id":3463,"date":"2019-07-26T11:08:18","date_gmt":"2019-07-26T14:08:18","guid":{"rendered":"https:\/\/wp.ufpel.edu.br\/ppgbiotec\/?page_id=3463"},"modified":"2026-03-27T16:25:01","modified_gmt":"2026-03-27T19:25:01","slug":"laboratorio-de-bioinformatica-e-proteomica","status":"publish","type":"page","link":"https:\/\/wp.ufpel.edu.br\/ppgbiotec\/infraestrutura\/pesquisa\/laboratorio-de-bioinformatica-e-proteomica\/","title":{"rendered":"Laborat\u00f3rio de Bioinform\u00e1tica e Prote\u00f4mica"},"content":{"rendered":"<p style=\"text-align: left;\"><span style=\"color: #000000;\"><strong>Laborat\u00f3rio de Bioinform\u00e1tica e Prote\u00f4mica &#8211; BIOPRO<\/strong><\/span><\/p>\n<p><strong style=\"color: #000000;\">Unidade:<\/strong><span style=\"color: #000000;\"> Centro de Desenvolvimento Tecnol\u00f3gico (CDTec)<\/span><span style=\"color: #000000;\"><strong><br \/>\n<\/strong><\/span><span style=\"color: #000000;\"><strong>Website:<\/strong> <a style=\"color: #000000;\" href=\"https:\/\/wp.ufpel.edu.br\/bioprolab\/\" target=\"_blank\" rel=\"noopener noreferrer\">https:\/\/wp.ufpel.edu.br\/bioprolab\/ <\/a><\/span><br \/>\n<span style=\"color: #000000;\"><strong>C\u00f3digo NULAB:<\/strong>\u00a090154<\/span><\/p>\n<p style=\"text-align: justify;\"><span style=\"color: #000000;\"><strong>Descri\u00e7\u00e3o<br \/>\n<\/strong><\/span><\/p>\n<p style=\"text-align: justify;\"><span style=\"color: #000000;\">O grupo desenvolve pesquisas em diferentes \u00e1reas da biotecnologia, bioinform\u00e1tica, gen\u00f4mica e prote\u00f4mica, incluindo: produ\u00e7\u00e3o de prote\u00ednas recombinantes, isolamento e caracteriza\u00e7\u00e3o de lectinas de plantas, gen\u00f4mica microbiana e desenvolvimento de programas para bioinform\u00e1tica.<\/span><\/p>\n<p><span style=\"color: #000000;\"><strong>Localiza\u00e7\u00e3o<\/strong><\/span><br \/>\n<span style=\"color: #000000;\"><strong>Campus:<\/strong>\u00a0Cap\u00e3o do Le\u00e3o<\/span><br \/>\n<span style=\"color: #000000;\"><strong>Pr\u00e9dio:<\/strong>\u00a020<\/span><br \/>\n<span style=\"color: #000000;\"><strong>Sala:<\/strong> 11<\/span><\/p>\n<p><span style=\"color: #000000;\"><strong>Docente:<\/strong> Prof. Dr. Luciano da Silva Pinto &#8211; <strong>E-mail<\/strong>: <a class=\"Yh1nIb asUmFb AL18ce\" style=\"color: #000000;\" href=\"mailto:ls_pinto@hotmail.com\" target=\"_blank\" rel=\"noopener noreferrer\" data-tooltip=\"Do perfil do usu\u00e1rio do Google\" data-tooltip-position=\"top\">ls_pinto@hotmail.com<\/a><\/span><\/p>\n<p><img data-attachment-id=\"4390\" data-permalink=\"https:\/\/wp.ufpel.edu.br\/ppgbiotec\/infraestrutura\/pesquisa\/laboratorio-de-bioinformatica-e-proteomica\/img_20190807_115801273\/\" data-orig-file=\"https:\/\/wp.ufpel.edu.br\/ppgbiotec\/files\/2019\/08\/IMG_20190807_115801273.jpg\" data-orig-size=\"4160,3120\" data-comments-opened=\"0\" data-image-meta=\"{&quot;aperture&quot;:&quot;2&quot;,&quot;credit&quot;:&quot;&quot;,&quot;camera&quot;:&quot;Moto G (5)&quot;,&quot;caption&quot;:&quot;&quot;,&quot;created_timestamp&quot;:&quot;1565179081&quot;,&quot;copyright&quot;:&quot;&quot;,&quot;focal_length&quot;:&quot;3.59&quot;,&quot;iso&quot;:&quot;200&quot;,&quot;shutter_speed&quot;:&quot;0.016666666666667&quot;,&quot;title&quot;:&quot;&quot;,&quot;orientation&quot;:&quot;0&quot;}\" data-image-title=\"IMG_20190807_115801273\" data-image-description=\"\" data-image-caption=\"\" data-medium-file=\"https:\/\/wp.ufpel.edu.br\/ppgbiotec\/files\/2019\/08\/IMG_20190807_115801273-400x300.jpg\" data-large-file=\"https:\/\/wp.ufpel.edu.br\/ppgbiotec\/files\/2019\/08\/IMG_20190807_115801273-1024x768.jpg\" class=\" wp-image-4390 alignleft\" src=\"https:\/\/wp.ufpel.edu.br\/ppgbiotec\/files\/2019\/08\/IMG_20190807_115801273-200x200.jpg\" alt=\"\" width=\"193\" height=\"193\" \/><\/p>\n<p><span style=\"color: #000000;\"><strong><img class=\"alignleft\" src=\"https:\/\/wp.ufpel.edu.br\/nulab\/files\/2016\/12\/P1010915-212x159.jpg\" alt=\"p1010915\" width=\"259\" height=\"194\" \/><\/strong><\/span><\/p>\n<p><img data-attachment-id=\"4392\" data-permalink=\"https:\/\/wp.ufpel.edu.br\/ppgbiotec\/infraestrutura\/pesquisa\/laboratorio-de-bioinformatica-e-proteomica\/img_20190807_120000793\/\" data-orig-file=\"https:\/\/wp.ufpel.edu.br\/ppgbiotec\/files\/2019\/08\/IMG_20190807_120000793.jpg\" data-orig-size=\"4160,3120\" data-comments-opened=\"0\" data-image-meta=\"{&quot;aperture&quot;:&quot;2&quot;,&quot;credit&quot;:&quot;&quot;,&quot;camera&quot;:&quot;Moto G (5)&quot;,&quot;caption&quot;:&quot;&quot;,&quot;created_timestamp&quot;:&quot;1565179200&quot;,&quot;copyright&quot;:&quot;&quot;,&quot;focal_length&quot;:&quot;3.59&quot;,&quot;iso&quot;:&quot;400&quot;,&quot;shutter_speed&quot;:&quot;0.033333333333333&quot;,&quot;title&quot;:&quot;&quot;,&quot;orientation&quot;:&quot;0&quot;}\" data-image-title=\"IMG_20190807_120000793\" data-image-description=\"\" data-image-caption=\"\" data-medium-file=\"https:\/\/wp.ufpel.edu.br\/ppgbiotec\/files\/2019\/08\/IMG_20190807_120000793-400x300.jpg\" data-large-file=\"https:\/\/wp.ufpel.edu.br\/ppgbiotec\/files\/2019\/08\/IMG_20190807_120000793-1024x768.jpg\" class=\" wp-image-4392 alignleft\" src=\"https:\/\/wp.ufpel.edu.br\/ppgbiotec\/files\/2019\/08\/IMG_20190807_120000793-200x200.jpg\" alt=\"\" width=\"196\" height=\"196\" \/><\/p>\n<p>&nbsp;<\/p>\n<p>&nbsp;<\/p>\n","protected":false},"excerpt":{"rendered":"<p>Laborat\u00f3rio de Bioinform\u00e1tica e Prote\u00f4mica &#8211; BIOPRO Unidade: Centro de Desenvolvimento Tecnol\u00f3gico (CDTec) Website: https:\/\/wp.ufpel.edu.br\/bioprolab\/ C\u00f3digo NULAB:\u00a090154 Descri\u00e7\u00e3o O grupo desenvolve pesquisas em diferentes \u00e1reas da biotecnologia, bioinform\u00e1tica, gen\u00f4mica e prote\u00f4mica, incluindo: produ\u00e7\u00e3o de prote\u00ednas recombinantes, isolamento e caracteriza\u00e7\u00e3o de lectinas de plantas, gen\u00f4mica microbiana e desenvolvimento de programas para bioinform\u00e1tica. Localiza\u00e7\u00e3o Campus:\u00a0Cap\u00e3o do Le\u00e3o [&hellip;]<\/p>\n","protected":false},"author":735,"featured_media":0,"parent":5706,"menu_order":9,"comment_status":"closed","ping_status":"closed","template":"","meta":{"jetpack_post_was_ever_published":false,"footnotes":""},"class_list":["post-3463","page","type-page","status-publish","hentry"],"jetpack_sharing_enabled":true,"_links":{"self":[{"href":"https:\/\/wp.ufpel.edu.br\/ppgbiotec\/wp-json\/wp\/v2\/pages\/3463","targetHints":{"allow":["GET"]}}],"collection":[{"href":"https:\/\/wp.ufpel.edu.br\/ppgbiotec\/wp-json\/wp\/v2\/pages"}],"about":[{"href":"https:\/\/wp.ufpel.edu.br\/ppgbiotec\/wp-json\/wp\/v2\/types\/page"}],"author":[{"embeddable":true,"href":"https:\/\/wp.ufpel.edu.br\/ppgbiotec\/wp-json\/wp\/v2\/users\/735"}],"replies":[{"embeddable":true,"href":"https:\/\/wp.ufpel.edu.br\/ppgbiotec\/wp-json\/wp\/v2\/comments?post=3463"}],"version-history":[{"count":4,"href":"https:\/\/wp.ufpel.edu.br\/ppgbiotec\/wp-json\/wp\/v2\/pages\/3463\/revisions"}],"predecessor-version":[{"id":11970,"href":"https:\/\/wp.ufpel.edu.br\/ppgbiotec\/wp-json\/wp\/v2\/pages\/3463\/revisions\/11970"}],"up":[{"embeddable":true,"href":"https:\/\/wp.ufpel.edu.br\/ppgbiotec\/wp-json\/wp\/v2\/pages\/5706"}],"wp:attachment":[{"href":"https:\/\/wp.ufpel.edu.br\/ppgbiotec\/wp-json\/wp\/v2\/media?parent=3463"}],"curies":[{"name":"wp","href":"https:\/\/api.w.org\/{rel}","templated":true}]}}