{"id":3458,"date":"2019-07-26T11:03:32","date_gmt":"2019-07-26T14:03:32","guid":{"rendered":"https:\/\/wp.ufpel.edu.br\/ppgbiotec\/?page_id=3458"},"modified":"2026-03-27T16:44:53","modified_gmt":"2026-03-27T19:44:53","slug":"laboratorio-de-genomica-estrutural","status":"publish","type":"page","link":"https:\/\/wp.ufpel.edu.br\/ppgbiotec\/infraestrutura\/pesquisa\/laboratorio-de-genomica-estrutural\/","title":{"rendered":"Laborat\u00f3rio de Gen\u00f4mica Estrutural"},"content":{"rendered":"<p style=\"text-align: justify;\"><span style=\"color: #000000;\"><strong>Laborat\u00f3rio de Gen\u00f4mica Estrutural<\/strong><\/span><\/p>\n<p style=\"text-align: justify;\"><span style=\"color: #000000;\"><strong>Unidade:<\/strong> Centro de Desenvolvimento Tecnol\u00f3gico (CDTec)<\/span><br \/>\n<span style=\"color: #000000;\"><strong>C\u00f3digo NULAB:<\/strong>\u00a090539<\/span><\/p>\n<p style=\"text-align: justify;\"><span style=\"color: #000000;\"><strong>Descri\u00e7\u00e3o<br \/>\n<\/strong><\/span><\/p>\n<p style=\"text-align: justify;\"><span style=\"color: #000000;\">O Laborat\u00f3rio de Gen\u00f4mica Estrutural est\u00e1 localizado pr\u00e9dio 20 no Campus Cap\u00e3o do Le\u00e3o, UFPel, junto ao n\u00facleo de Biotecnologia do Centro de Desenvolvimento Tecnol\u00f3gico (CDTec), sendo coordenado pelo professor Vin\u00edcius Farias Campos.\u00a0 O laborat\u00f3rio conta com estudantes de gradua\u00e7\u00e3o, mestrado e doutorado. Dentre as atividades realizadas, est\u00e3o o sequenciamento de DNA, sequenciamento de genomas, an\u00e1lise de diversidade gen\u00e9tica atrav\u00e9s de diversidade gen\u00f4mica, clonagem e sequenciamento de genes de esp\u00e9cies aqu\u00e1ticas, an\u00e1lise gen\u00f4mica forense e an\u00e1lise genot\u00edpica humana. Possui colabora\u00e7\u00e3o com os centros de pesquisa: Institut Pasteur de Montevideo e IIB-INTECH na Argentina. Infraestrutura e equipamentos: PCRs, sistema de nanoquantifica\u00e7\u00e3o de DNA, sistema de sequenciamento autom\u00e1tico capilar de DNA ABI 3500 e sistema completo de sequenciamento de nova gera\u00e7\u00e3o Ion Torrent para sequenciamento de genomas e transcriptomas de organismos eucari\u00f3ticos e procari\u00f3ticos, sistema de microarranjo iScan.<\/span><\/p>\n<p style=\"text-align: justify;\"><span style=\"color: #000000;\"><strong>Localiza\u00e7\u00e3o<\/strong><\/span><br \/>\n<span style=\"color: #000000;\"><strong>Campus:<\/strong>\u00a0Cap\u00e3o do Le\u00e3o<\/span><br \/>\n<span style=\"color: #000000;\"><strong>Pr\u00e9dio:<\/strong>\u00a020<\/span><br \/>\n<span style=\"color: #000000;\"><strong>Sala:<\/strong>\u00a013<\/span><\/p>\n<p style=\"text-align: justify;\"><span style=\"color: #000000;\"><strong>Docente: <\/strong>Prof. Dr. Vinicius Farias Campos <strong>E-mail<\/strong>: <a class=\"Yh1nIb asUmFb AL18ce\" style=\"color: #000000;\" href=\"mailto:fariascampos@gmail.com\" target=\"_blank\" rel=\"noopener noreferrer\" data-tooltip=\"Do perfil do usu\u00e1rio do Google\" data-tooltip-position=\"top\">fariascampos@gmail.com<\/a><\/span><\/p>\n<p style=\"text-align: justify;\"><span style=\"color: #000000;\"><strong><img data-attachment-id=\"5737\" data-permalink=\"https:\/\/wp.ufpel.edu.br\/ppgbiotec\/infraestrutura\/pesquisa\/laboratorio-de-genomica-estrutural\/imagem2-2\/\" data-orig-file=\"https:\/\/wp.ufpel.edu.br\/ppgbiotec\/files\/2021\/03\/Imagem2.jpg\" data-orig-size=\"1280,547\" data-comments-opened=\"0\" data-image-meta=\"{&quot;aperture&quot;:&quot;0&quot;,&quot;credit&quot;:&quot;&quot;,&quot;camera&quot;:&quot;&quot;,&quot;caption&quot;:&quot;&quot;,&quot;created_timestamp&quot;:&quot;0&quot;,&quot;copyright&quot;:&quot;&quot;,&quot;focal_length&quot;:&quot;0&quot;,&quot;iso&quot;:&quot;0&quot;,&quot;shutter_speed&quot;:&quot;0&quot;,&quot;title&quot;:&quot;&quot;,&quot;orientation&quot;:&quot;0&quot;}\" data-image-title=\"Imagem2\" data-image-description=\"\" data-image-caption=\"\" data-medium-file=\"https:\/\/wp.ufpel.edu.br\/ppgbiotec\/files\/2021\/03\/Imagem2-400x171.jpg\" data-large-file=\"https:\/\/wp.ufpel.edu.br\/ppgbiotec\/files\/2021\/03\/Imagem2-1024x438.jpg\" class=\" wp-image-5737 alignleft\" src=\"https:\/\/wp.ufpel.edu.br\/ppgbiotec\/files\/2021\/03\/Imagem2-400x171.jpg\" alt=\"\" width=\"330\" height=\"141\" srcset=\"https:\/\/wp.ufpel.edu.br\/ppgbiotec\/files\/2021\/03\/Imagem2-400x171.jpg 400w, https:\/\/wp.ufpel.edu.br\/ppgbiotec\/files\/2021\/03\/Imagem2-1024x438.jpg 1024w, https:\/\/wp.ufpel.edu.br\/ppgbiotec\/files\/2021\/03\/Imagem2-768x328.jpg 768w, https:\/\/wp.ufpel.edu.br\/ppgbiotec\/files\/2021\/03\/Imagem2.jpg 1280w\" sizes=\"(max-width: 330px) 100vw, 330px\" \/><\/strong><\/span><\/p>\n<p><span style=\"color: #000000;\"><strong><img data-attachment-id=\"5736\" data-permalink=\"https:\/\/wp.ufpel.edu.br\/ppgbiotec\/infraestrutura\/pesquisa\/laboratorio-de-genomica-estrutural\/imagem1-3\/\" data-orig-file=\"https:\/\/wp.ufpel.edu.br\/ppgbiotec\/files\/2021\/03\/Imagem1.png\" data-orig-size=\"1500,606\" data-comments-opened=\"0\" data-image-meta=\"{&quot;aperture&quot;:&quot;0&quot;,&quot;credit&quot;:&quot;&quot;,&quot;camera&quot;:&quot;&quot;,&quot;caption&quot;:&quot;&quot;,&quot;created_timestamp&quot;:&quot;0&quot;,&quot;copyright&quot;:&quot;&quot;,&quot;focal_length&quot;:&quot;0&quot;,&quot;iso&quot;:&quot;0&quot;,&quot;shutter_speed&quot;:&quot;0&quot;,&quot;title&quot;:&quot;&quot;,&quot;orientation&quot;:&quot;0&quot;}\" data-image-title=\"Imagem1\" data-image-description=\"\" data-image-caption=\"\" data-medium-file=\"https:\/\/wp.ufpel.edu.br\/ppgbiotec\/files\/2021\/03\/Imagem1-400x162.png\" data-large-file=\"https:\/\/wp.ufpel.edu.br\/ppgbiotec\/files\/2021\/03\/Imagem1-1024x414.png\" class=\" wp-image-5736 alignleft\" src=\"https:\/\/wp.ufpel.edu.br\/ppgbiotec\/files\/2021\/03\/Imagem1-400x162.png\" alt=\"\" width=\"356\" height=\"144\" srcset=\"https:\/\/wp.ufpel.edu.br\/ppgbiotec\/files\/2021\/03\/Imagem1-400x162.png 400w, https:\/\/wp.ufpel.edu.br\/ppgbiotec\/files\/2021\/03\/Imagem1-1024x414.png 1024w, https:\/\/wp.ufpel.edu.br\/ppgbiotec\/files\/2021\/03\/Imagem1-768x310.png 768w, https:\/\/wp.ufpel.edu.br\/ppgbiotec\/files\/2021\/03\/Imagem1.png 1500w\" sizes=\"(max-width: 356px) 100vw, 356px\" \/><\/strong><\/span><\/p>\n<p><span style=\"color: #000000;\">\u00a0<\/span><\/p>\n<p style=\"text-align: justify;\"><span style=\"color: #000000;\">\u00a0<\/span><\/p>\n<div style=\"width: 1280px;\" class=\"wp-video\"><video class=\"wp-video-shortcode\" id=\"video-3458-1\" width=\"1280\" height=\"720\" preload=\"metadata\" controls=\"controls\"><source type=\"video\/mp4\" src=\"https:\/\/wp.ufpel.edu.br\/ppgbiotec\/files\/2019\/07\/VIDEO-LAB.mp4?_=1\" \/><a href=\"https:\/\/wp.ufpel.edu.br\/ppgbiotec\/files\/2019\/07\/VIDEO-LAB.mp4\">https:\/\/wp.ufpel.edu.br\/ppgbiotec\/files\/2019\/07\/VIDEO-LAB.mp4<\/a><\/video><\/div>\n","protected":false},"excerpt":{"rendered":"<p>Laborat\u00f3rio de Gen\u00f4mica Estrutural Unidade: Centro de Desenvolvimento Tecnol\u00f3gico (CDTec) C\u00f3digo NULAB:\u00a090539 Descri\u00e7\u00e3o O Laborat\u00f3rio de Gen\u00f4mica Estrutural est\u00e1 localizado pr\u00e9dio 20 no Campus Cap\u00e3o do Le\u00e3o, UFPel, junto ao n\u00facleo de Biotecnologia do Centro de Desenvolvimento Tecnol\u00f3gico (CDTec), sendo coordenado pelo professor Vin\u00edcius Farias Campos.\u00a0 O laborat\u00f3rio conta com estudantes de gradua\u00e7\u00e3o, mestrado e [&hellip;]<\/p>\n","protected":false},"author":735,"featured_media":0,"parent":5706,"menu_order":7,"comment_status":"closed","ping_status":"closed","template":"","meta":{"jetpack_post_was_ever_published":false,"footnotes":""},"class_list":["post-3458","page","type-page","status-publish","hentry"],"jetpack_sharing_enabled":true,"_links":{"self":[{"href":"https:\/\/wp.ufpel.edu.br\/ppgbiotec\/wp-json\/wp\/v2\/pages\/3458","targetHints":{"allow":["GET"]}}],"collection":[{"href":"https:\/\/wp.ufpel.edu.br\/ppgbiotec\/wp-json\/wp\/v2\/pages"}],"about":[{"href":"https:\/\/wp.ufpel.edu.br\/ppgbiotec\/wp-json\/wp\/v2\/types\/page"}],"author":[{"embeddable":true,"href":"https:\/\/wp.ufpel.edu.br\/ppgbiotec\/wp-json\/wp\/v2\/users\/735"}],"replies":[{"embeddable":true,"href":"https:\/\/wp.ufpel.edu.br\/ppgbiotec\/wp-json\/wp\/v2\/comments?post=3458"}],"version-history":[{"count":4,"href":"https:\/\/wp.ufpel.edu.br\/ppgbiotec\/wp-json\/wp\/v2\/pages\/3458\/revisions"}],"predecessor-version":[{"id":11986,"href":"https:\/\/wp.ufpel.edu.br\/ppgbiotec\/wp-json\/wp\/v2\/pages\/3458\/revisions\/11986"}],"up":[{"embeddable":true,"href":"https:\/\/wp.ufpel.edu.br\/ppgbiotec\/wp-json\/wp\/v2\/pages\/5706"}],"wp:attachment":[{"href":"https:\/\/wp.ufpel.edu.br\/ppgbiotec\/wp-json\/wp\/v2\/media?parent=3458"}],"curies":[{"name":"wp","href":"https:\/\/api.w.org\/{rel}","templated":true}]}}