{"id":3455,"date":"2019-07-26T10:10:08","date_gmt":"2019-07-26T13:10:08","guid":{"rendered":"https:\/\/wp.ufpel.edu.br\/ppgbiotec\/?page_id=3455"},"modified":"2021-03-26T19:49:36","modified_gmt":"2021-03-26T22:49:36","slug":"laboratorio-de-sintese-organica-limpa","status":"publish","type":"page","link":"https:\/\/wp.ufpel.edu.br\/ppgbiotec\/infraestrutura\/pesquisa\/laboratorio-de-sintese-organica-limpa\/","title":{"rendered":"Laborat\u00f3rio de S\u00edntese Org\u00e2nica Limpa"},"content":{"rendered":"<p style=\"text-align: justify\"><span style=\"color: #000000\"><strong>Laborat\u00f3rio de S\u00edntese Org\u00e2nica Limpa- LASOL<\/strong><\/span><\/p>\n<p><img data-attachment-id=\"3686\" data-permalink=\"https:\/\/wp.ufpel.edu.br\/ppgbiotec\/infraestrutura\/pesquisa\/laboratorio-de-sintese-organica-limpa\/20190730_133329\/\" data-orig-file=\"https:\/\/wp.ufpel.edu.br\/ppgbiotec\/files\/2019\/07\/20190730_133329.jpg\" data-orig-size=\"4128,2322\" data-comments-opened=\"0\" data-image-meta=\"{&quot;aperture&quot;:&quot;1.9&quot;,&quot;credit&quot;:&quot;&quot;,&quot;camera&quot;:&quot;SM-G570M&quot;,&quot;caption&quot;:&quot;&quot;,&quot;created_timestamp&quot;:&quot;1564493609&quot;,&quot;copyright&quot;:&quot;&quot;,&quot;focal_length&quot;:&quot;3.6&quot;,&quot;iso&quot;:&quot;125&quot;,&quot;shutter_speed&quot;:&quot;0.033333333333333&quot;,&quot;title&quot;:&quot;&quot;,&quot;orientation&quot;:&quot;1&quot;}\" data-image-title=\"20190730_133329\" data-image-description=\"\" data-image-caption=\"\" data-medium-file=\"https:\/\/wp.ufpel.edu.br\/ppgbiotec\/files\/2019\/07\/20190730_133329-400x225.jpg\" data-large-file=\"https:\/\/wp.ufpel.edu.br\/ppgbiotec\/files\/2019\/07\/20190730_133329-1024x576.jpg\" class=\" wp-image-3686 alignleft\" src=\"https:\/\/wp.ufpel.edu.br\/ppgbiotec\/files\/2019\/07\/20190730_133329-200x200.jpg\" alt=\"\" width=\"235\" height=\"235\" \/><span style=\"font-family: georgia, palatino, serif;color: #000000\"><strong>Unidade:<\/strong>\u00a0Centro de Ci\u00eancias Qu\u00edmicas, Farmac\u00eauticas e de Alimentos (CCQFA)<br \/>\n<strong>Curso:<\/strong>\u00a0Qu\u00edmica Bacharelado, Qu\u00edmica Licenciatura, Qu\u00edmica Industrial.<br \/>\n<strong>Website: <\/strong>&#8211;<br \/>\n<strong>C\u00f3digo NULAB:<\/strong>\u00a090541<\/span><\/p>\n<p style=\"text-align: justify\"><span style=\"color: #000000\"><strong>Descri\u00e7\u00e3o<\/strong><\/span><\/p>\n<p style=\"text-align: justify\"><span style=\"font-family: georgia, palatino, serif;color: #000000\">O laborat\u00f3rio \u00e9 um dos pioneiros no pa\u00eds na aplica\u00e7\u00e3o dos\u00a0princ\u00edpios da qu\u00edmica verde\u00a0em s\u00edntese org\u00e2nica, especialmente no desenvolvimento de metodologias mais limpas para a prepara\u00e7\u00e3o de compostos organocalcog\u00eanios com diversas aplica\u00e7\u00f5es, como em novos materiais, solventes, agentes bactericidas, antioxidantes, antif\u00fangicos e novas mol\u00e9culas com propriedades farmacol\u00f3gicas. Os docentes e alunos do\u00a0Grupo de Pesquisa do LASOL\u00a0atuam em tr\u00eas linhas de pesquisa: 1) Estudos farmacol\u00f3gicos\/biotecnol\u00f3gicos de mol\u00e9culas bioativas; 2) Modifica\u00e7\u00e3o qu\u00edmica de \u00f3leos essenciais e vegetais; 3) S\u00edntese de compostos organocalcog\u00eanios e qu\u00edmica limpa. O grupo conta com 4 laborat\u00f3rios de pesquisa e estes est\u00e3o equipados com rota-evaporadores, m\u00e1quinas de gelo, bombas de v\u00e1cuo, cromat\u00f3grafos a g\u00e1s, espectr\u00f4metro de massas, reator de micro-ondas cient\u00edfico, equipamentos de ultrassom (sondas e banho), estufas, balan\u00e7as anal\u00edticas, linha de g\u00e1s inerte, geladeiras, freezers, polar\u00edmetro, determinadores de ponto de fus\u00e3o, sistema central de v\u00e1cuo e press\u00e3o para os laborat\u00f3rios, central de gases, almoxarifado setorial e ambiente climatizado. Ainda contam com o suporte da Central Anal\u00edtica e do Laborat\u00f3rio de RMN da UFPel.<\/span><\/p>\n<p><span style=\"color: #000000\"><strong><img data-attachment-id=\"3689\" data-permalink=\"https:\/\/wp.ufpel.edu.br\/ppgbiotec\/infraestrutura\/pesquisa\/laboratorio-de-sintese-organica-limpa\/20190730_14392111111\/\" data-orig-file=\"https:\/\/wp.ufpel.edu.br\/ppgbiotec\/files\/2019\/07\/20190730_14392111111.jpg\" data-orig-size=\"3493,2271\" data-comments-opened=\"0\" data-image-meta=\"{&quot;aperture&quot;:&quot;1.9&quot;,&quot;credit&quot;:&quot;&quot;,&quot;camera&quot;:&quot;SM-G570M&quot;,&quot;caption&quot;:&quot;&quot;,&quot;created_timestamp&quot;:&quot;1564497561&quot;,&quot;copyright&quot;:&quot;&quot;,&quot;focal_length&quot;:&quot;3.6&quot;,&quot;iso&quot;:&quot;80&quot;,&quot;shutter_speed&quot;:&quot;0.033333333333333&quot;,&quot;title&quot;:&quot;&quot;,&quot;orientation&quot;:&quot;1&quot;}\" data-image-title=\"20190730_14392111111\" data-image-description=\"\" data-image-caption=\"\" data-medium-file=\"https:\/\/wp.ufpel.edu.br\/ppgbiotec\/files\/2019\/07\/20190730_14392111111-400x260.jpg\" data-large-file=\"https:\/\/wp.ufpel.edu.br\/ppgbiotec\/files\/2019\/07\/20190730_14392111111-1024x666.jpg\" class=\"wp-image-3689 alignleft\" src=\"https:\/\/wp.ufpel.edu.br\/ppgbiotec\/files\/2019\/07\/20190730_14392111111-400x260.jpg\" alt=\"\" width=\"306\" height=\"199\" srcset=\"https:\/\/wp.ufpel.edu.br\/ppgbiotec\/files\/2019\/07\/20190730_14392111111-400x260.jpg 400w, https:\/\/wp.ufpel.edu.br\/ppgbiotec\/files\/2019\/07\/20190730_14392111111-768x499.jpg 768w, https:\/\/wp.ufpel.edu.br\/ppgbiotec\/files\/2019\/07\/20190730_14392111111-1024x666.jpg 1024w\" sizes=\"(max-width: 306px) 100vw, 306px\" \/><\/strong><\/span><\/p>\n<p><span style=\"font-family: georgia, palatino, serif;color: #000000\"><strong>Localiza\u00e7\u00e3o<\/strong><br \/>\n<strong>Campus:<\/strong>\u00a0Cap\u00e3o do Le\u00e3o<br \/>\n<strong>Pr\u00e9dio<\/strong><\/span><strong style=\"color: #000000;font-family: georgia, palatino, serif\">\/Bloco:<\/strong><span style=\"color: #000000;font-family: georgia, palatino, serif\">\u00a030<\/span><\/p>\n<p><span style=\"font-family: georgia, palatino, serif;color: #000000\"><strong>Sala:<\/strong>\u00a0210<\/span><\/p>\n<p style=\"text-align: justify\"><span style=\"font-family: georgia, palatino, serif;color: #000000\"><strong>Contato<\/strong><br \/>\n<strong>Nome:<\/strong> Prof. Dr. Diego da Silva Alves<br \/>\n<strong>E-mail<\/strong>:\u00a0dsalves@gmail.com<\/span><\/p>\n<p>&nbsp;<\/p>\n<p style=\"text-align: justify\"><span style=\"color: #000000\"><span style=\"font-family: georgia, palatino, serif\"><strong>\u00a0<\/strong><\/span><strong>Equipamentos<\/strong><\/span><\/p>\n<ul>\n<li><span style=\"color: #000000\">Resson\u00e2ncia Magn\u00e9tica Nuclear (RMN);<\/span><\/li>\n<li><span style=\"color: #000000\">Cromat\u00f3grafo Gasoso acoplado a Espectrometria de Massa (GC-MS);<\/span><\/li>\n<li><span style=\"color: #000000\">Sonda de Ultrassom;<\/span><\/li>\n<li><span style=\"color: #000000\">Microondas cient\u00edfico;<\/span><\/li>\n<li><span style=\"color: #000000\">Rotaevaporador.<\/span><\/li>\n<\/ul>\n<p style=\"text-align: justify\">\n","protected":false},"excerpt":{"rendered":"<p>Laborat\u00f3rio de S\u00edntese Org\u00e2nica Limpa- LASOL Unidade:\u00a0Centro de Ci\u00eancias Qu\u00edmicas, Farmac\u00eauticas e de Alimentos (CCQFA) Curso:\u00a0Qu\u00edmica Bacharelado, Qu\u00edmica Licenciatura, Qu\u00edmica Industrial. Website: &#8211; C\u00f3digo NULAB:\u00a090541 Descri\u00e7\u00e3o O laborat\u00f3rio \u00e9 um dos pioneiros no pa\u00eds na aplica\u00e7\u00e3o dos\u00a0princ\u00edpios da qu\u00edmica verde\u00a0em s\u00edntese org\u00e2nica, especialmente no desenvolvimento de metodologias mais limpas para a prepara\u00e7\u00e3o de compostos organocalcog\u00eanios [&hellip;]<\/p>\n","protected":false},"author":735,"featured_media":0,"parent":5706,"menu_order":15,"comment_status":"closed","ping_status":"closed","template":"","meta":{"jetpack_post_was_ever_published":false,"footnotes":""},"class_list":["post-3455","page","type-page","status-publish","hentry"],"jetpack_sharing_enabled":true,"_links":{"self":[{"href":"https:\/\/wp.ufpel.edu.br\/ppgbiotec\/wp-json\/wp\/v2\/pages\/3455","targetHints":{"allow":["GET"]}}],"collection":[{"href":"https:\/\/wp.ufpel.edu.br\/ppgbiotec\/wp-json\/wp\/v2\/pages"}],"about":[{"href":"https:\/\/wp.ufpel.edu.br\/ppgbiotec\/wp-json\/wp\/v2\/types\/page"}],"author":[{"embeddable":true,"href":"https:\/\/wp.ufpel.edu.br\/ppgbiotec\/wp-json\/wp\/v2\/users\/735"}],"replies":[{"embeddable":true,"href":"https:\/\/wp.ufpel.edu.br\/ppgbiotec\/wp-json\/wp\/v2\/comments?post=3455"}],"version-history":[{"count":14,"href":"https:\/\/wp.ufpel.edu.br\/ppgbiotec\/wp-json\/wp\/v2\/pages\/3455\/revisions"}],"predecessor-version":[{"id":5751,"href":"https:\/\/wp.ufpel.edu.br\/ppgbiotec\/wp-json\/wp\/v2\/pages\/3455\/revisions\/5751"}],"up":[{"embeddable":true,"href":"https:\/\/wp.ufpel.edu.br\/ppgbiotec\/wp-json\/wp\/v2\/pages\/5706"}],"wp:attachment":[{"href":"https:\/\/wp.ufpel.edu.br\/ppgbiotec\/wp-json\/wp\/v2\/media?parent=3455"}],"curies":[{"name":"wp","href":"https:\/\/api.w.org\/{rel}","templated":true}]}}