{"id":3451,"date":"2019-07-26T09:47:17","date_gmt":"2019-07-26T12:47:17","guid":{"rendered":"https:\/\/wp.ufpel.edu.br\/ppgbiotec\/?page_id=3451"},"modified":"2021-06-24T12:39:44","modified_gmt":"2021-06-24T15:39:44","slug":"laboratorio-biotecnologia-do-cancer","status":"publish","type":"page","link":"https:\/\/wp.ufpel.edu.br\/ppgbiotec\/infraestrutura\/pesquisa\/laboratorio-biotecnologia-do-cancer\/","title":{"rendered":"Laborat\u00f3rio Biotecnologia do C\u00e2ncer"},"content":{"rendered":"<p class=\"m_-7021162386456440649ydpec02ffd5yiv1256284928MsoNormal\" style=\"text-align: justify\"><span style=\"color: #000000\"><b>Laborat\u00f3rio de Biotecnologia do C\u00e2ncer\u00a0<\/b><\/span><\/p>\n<p style=\"text-align: justify\"><span style=\"color: #000000\"><strong><img data-attachment-id=\"5731\" data-permalink=\"https:\/\/wp.ufpel.edu.br\/ppgbiotec\/infraestrutura\/pesquisa\/laboratorio-biotecnologia-do-cancer\/whatsapp-image-2020-09-22-at-17-29-42-1\/\" data-orig-file=\"https:\/\/wp.ufpel.edu.br\/ppgbiotec\/files\/2021\/03\/WhatsApp-Image-2020-09-22-at-17.29.42-1.jpeg\" data-orig-size=\"1280,960\" data-comments-opened=\"0\" data-image-meta=\"{&quot;aperture&quot;:&quot;0&quot;,&quot;credit&quot;:&quot;&quot;,&quot;camera&quot;:&quot;&quot;,&quot;caption&quot;:&quot;&quot;,&quot;created_timestamp&quot;:&quot;0&quot;,&quot;copyright&quot;:&quot;&quot;,&quot;focal_length&quot;:&quot;0&quot;,&quot;iso&quot;:&quot;0&quot;,&quot;shutter_speed&quot;:&quot;0&quot;,&quot;title&quot;:&quot;&quot;,&quot;orientation&quot;:&quot;0&quot;}\" data-image-title=\"WhatsApp Image 2020-09-22 at 17.29.42 (1)\" data-image-description=\"\" data-image-caption=\"\" data-medium-file=\"https:\/\/wp.ufpel.edu.br\/ppgbiotec\/files\/2021\/03\/WhatsApp-Image-2020-09-22-at-17.29.42-1-400x300.jpeg\" data-large-file=\"https:\/\/wp.ufpel.edu.br\/ppgbiotec\/files\/2021\/03\/WhatsApp-Image-2020-09-22-at-17.29.42-1-1024x768.jpeg\" class=\" wp-image-5731 alignleft\" src=\"https:\/\/wp.ufpel.edu.br\/ppgbiotec\/files\/2021\/03\/WhatsApp-Image-2020-09-22-at-17.29.42-1-400x300.jpeg\" alt=\"\" width=\"341\" height=\"256\" srcset=\"https:\/\/wp.ufpel.edu.br\/ppgbiotec\/files\/2021\/03\/WhatsApp-Image-2020-09-22-at-17.29.42-1-400x300.jpeg 400w, https:\/\/wp.ufpel.edu.br\/ppgbiotec\/files\/2021\/03\/WhatsApp-Image-2020-09-22-at-17.29.42-1-1024x768.jpeg 1024w, https:\/\/wp.ufpel.edu.br\/ppgbiotec\/files\/2021\/03\/WhatsApp-Image-2020-09-22-at-17.29.42-1-768x576.jpeg 768w, https:\/\/wp.ufpel.edu.br\/ppgbiotec\/files\/2021\/03\/WhatsApp-Image-2020-09-22-at-17.29.42-1.jpeg 1280w\" sizes=\"(max-width: 341px) 100vw, 341px\" \/><\/strong><\/span><\/p>\n<p>&nbsp;<\/p>\n<p>&nbsp;<\/p>\n<p style=\"text-align: justify\"><span style=\"color: #000000\"><strong>Unidade:<\/strong> Centro de Desenvolvimento Tecnol\u00f3gico (CDTec)<\/span><br \/>\n<span style=\"color: #000000\"><strong>Curso:<\/strong>\u00a0Biotecnologia<\/span><br \/>\n<span style=\"color: #000000\"><strong>Website:<\/strong>\u00a0\u2013<\/span><br \/>\n<span style=\"color: #000000\"><strong>C\u00f3digo NULAB:<\/strong>\u00a090150<\/span><\/p>\n<p>&nbsp;<\/p>\n<p>&nbsp;<\/p>\n<p style=\"text-align: justify\"><span style=\"color: #000000\"><strong>Descri\u00e7\u00e3o<br \/>\n<\/strong><\/span><\/p>\n<p class=\"m_-7021162386456440649ydpec02ffd5yiv1256284928MsoNormal\" style=\"text-align: justify\"><span style=\"color: #000000\">O Laborat\u00f3rio de Biotecnologia do C\u00e2ncer, est\u00e1 localizado junto ao CDTec-Biotecnologia (Centro de<img data-attachment-id=\"5732\" data-permalink=\"https:\/\/wp.ufpel.edu.br\/ppgbiotec\/infraestrutura\/pesquisa\/laboratorio-biotecnologia-do-cancer\/whatsapp-image-2020-09-22-at-17-27-58-1\/\" data-orig-file=\"https:\/\/wp.ufpel.edu.br\/ppgbiotec\/files\/2021\/03\/WhatsApp-Image-2020-09-22-at-17.27.58-1.jpeg\" data-orig-size=\"1200,1600\" data-comments-opened=\"0\" data-image-meta=\"{&quot;aperture&quot;:&quot;0&quot;,&quot;credit&quot;:&quot;&quot;,&quot;camera&quot;:&quot;&quot;,&quot;caption&quot;:&quot;&quot;,&quot;created_timestamp&quot;:&quot;0&quot;,&quot;copyright&quot;:&quot;&quot;,&quot;focal_length&quot;:&quot;0&quot;,&quot;iso&quot;:&quot;0&quot;,&quot;shutter_speed&quot;:&quot;0&quot;,&quot;title&quot;:&quot;&quot;,&quot;orientation&quot;:&quot;0&quot;}\" data-image-title=\"WhatsApp Image 2020-09-22 at 17.27.58 (1)\" data-image-description=\"\" data-image-caption=\"\" data-medium-file=\"https:\/\/wp.ufpel.edu.br\/ppgbiotec\/files\/2021\/03\/WhatsApp-Image-2020-09-22-at-17.27.58-1-300x400.jpeg\" data-large-file=\"https:\/\/wp.ufpel.edu.br\/ppgbiotec\/files\/2021\/03\/WhatsApp-Image-2020-09-22-at-17.27.58-1-768x1024.jpeg\" class=\" wp-image-5732 alignright\" src=\"https:\/\/wp.ufpel.edu.br\/ppgbiotec\/files\/2021\/03\/WhatsApp-Image-2020-09-22-at-17.27.58-1-300x400.jpeg\" alt=\"\" width=\"230\" height=\"307\" srcset=\"https:\/\/wp.ufpel.edu.br\/ppgbiotec\/files\/2021\/03\/WhatsApp-Image-2020-09-22-at-17.27.58-1-300x400.jpeg 300w, https:\/\/wp.ufpel.edu.br\/ppgbiotec\/files\/2021\/03\/WhatsApp-Image-2020-09-22-at-17.27.58-1-768x1024.jpeg 768w, https:\/\/wp.ufpel.edu.br\/ppgbiotec\/files\/2021\/03\/WhatsApp-Image-2020-09-22-at-17.27.58-1-1152x1536.jpeg 1152w, https:\/\/wp.ufpel.edu.br\/ppgbiotec\/files\/2021\/03\/WhatsApp-Image-2020-09-22-at-17.27.58-1.jpeg 1200w\" sizes=\"(max-width: 230px) 100vw, 230px\" \/> Desenvolvimento Biotecnol\u00f3gico &#8211;\u00a0 N\u00facleo de Biotecnologia) junto ao pr\u00e9dio 19, Campus Cap\u00e3o do Le\u00e3o, UFPel.\u00a0 Coordenado pelos professores Tiago Collares e Fabiana Seixas. O laborat\u00f3rio resultou da fus\u00e3o, em 2016, da infraestrutura e gest\u00e3o dos Laborat\u00f3rios de Embriologia Molecular e Transg\u00eanese e do Laborat\u00f3rio de Gen\u00f4mica Funcional junto ao n\u00facleo de Biotecnologia do Centro de Desenvolvimento Tecnol\u00f3gico (CDTec) da UFPel. O laborat\u00f3rio conta com estudantes de gradua\u00e7\u00e3o, mestrado e doutorado e p\u00f3s-doutorado dos programas PPGBBio e PPGBiotecnologia. As pesquisas desenvolvidas nesse laborat\u00f3rio envolvem estudos em oncologia celular e molecular, screening e reposicionamento de f\u00e1rmacos, quimioter\u00e1picos e nanoparticulas em sistemas in vitro e atrav\u00e9s de bioensaios alternativos em embri\u00f5es de mam\u00edferos. Desenvolvimento de modelos biol\u00f3gicos robustos baseados em engenharia gen\u00e9tica. Neste sentido s\u00e3o realizadas pesquisas com v\u00e1rios tipos de nano-sistemas no carreamento de f\u00e1rmacos ou atuando como ativos na inibi\u00e7\u00e3o do crescimento tumoral.<\/span><\/p>\n<p class=\"m_-7021162386456440649ydpec02ffd5yiv1256284928MsoNormal\" style=\"text-align: justify\"><span style=\"color: #000000\">O laborat\u00f3rio esta distribu\u00eddo em cinco unidades anal\u00edticas: 1. Plataforma de Gen\u00f4mica Funcional; 2. Plataforma de Microarranjo; 3. Plataforma de Cultivo Celular e Citometria; 4. Plataforma de Embriologia Molecular e Transgenese; 5. Plataforma de Microscopia Confocal a Laser;<\/span><\/p>\n<p class=\"m_-7021162386456440649ydpec02ffd5yiv1256284928MsoNormal\" style=\"text-align: justify\"><span style=\"color: #000000\">Dentre os equipamentos que comp\u00f5e a estrutura destaca-se: Real time PCR, Sistema de Microarray, Sistema de Micromanipula\u00e7\u00e3o e Micro inje\u00e7\u00e3o Celular, Citometria de Fluxo, Multiporador Celular; Sistemas de microscopia de Fluoresc\u00eancia, Sistemas de captura de imagens refrigerado de alta resolu\u00e7\u00e3o, Microscopia Confocal a Laser e Sistema de Incuba\u00e7\u00e3o para c\u00e9lulas e embri\u00f5es.<\/span><\/p>\n<p style=\"text-align: justify\"><span style=\"color: #000000\"><strong><img data-attachment-id=\"5733\" data-permalink=\"https:\/\/wp.ufpel.edu.br\/ppgbiotec\/infraestrutura\/pesquisa\/laboratorio-biotecnologia-do-cancer\/whatsapp-image-2020-09-22-at-17-26-27-2\/\" data-orig-file=\"https:\/\/wp.ufpel.edu.br\/ppgbiotec\/files\/2021\/03\/WhatsApp-Image-2020-09-22-at-17.26.27-2.jpeg\" data-orig-size=\"960,1280\" data-comments-opened=\"0\" data-image-meta=\"{&quot;aperture&quot;:&quot;0&quot;,&quot;credit&quot;:&quot;&quot;,&quot;camera&quot;:&quot;&quot;,&quot;caption&quot;:&quot;&quot;,&quot;created_timestamp&quot;:&quot;0&quot;,&quot;copyright&quot;:&quot;&quot;,&quot;focal_length&quot;:&quot;0&quot;,&quot;iso&quot;:&quot;0&quot;,&quot;shutter_speed&quot;:&quot;0&quot;,&quot;title&quot;:&quot;&quot;,&quot;orientation&quot;:&quot;0&quot;}\" data-image-title=\"WhatsApp Image 2020-09-22 at 17.26.27 (2)\" data-image-description=\"\" data-image-caption=\"\" data-medium-file=\"https:\/\/wp.ufpel.edu.br\/ppgbiotec\/files\/2021\/03\/WhatsApp-Image-2020-09-22-at-17.26.27-2-300x400.jpeg\" data-large-file=\"https:\/\/wp.ufpel.edu.br\/ppgbiotec\/files\/2021\/03\/WhatsApp-Image-2020-09-22-at-17.26.27-2-768x1024.jpeg\" class=\" wp-image-5733 alignleft\" src=\"https:\/\/wp.ufpel.edu.br\/ppgbiotec\/files\/2021\/03\/WhatsApp-Image-2020-09-22-at-17.26.27-2-300x400.jpeg\" alt=\"\" width=\"244\" height=\"325\" srcset=\"https:\/\/wp.ufpel.edu.br\/ppgbiotec\/files\/2021\/03\/WhatsApp-Image-2020-09-22-at-17.26.27-2-300x400.jpeg 300w, https:\/\/wp.ufpel.edu.br\/ppgbiotec\/files\/2021\/03\/WhatsApp-Image-2020-09-22-at-17.26.27-2-768x1024.jpeg 768w, https:\/\/wp.ufpel.edu.br\/ppgbiotec\/files\/2021\/03\/WhatsApp-Image-2020-09-22-at-17.26.27-2.jpeg 960w\" sizes=\"(max-width: 244px) 100vw, 244px\" \/><\/strong><\/span><\/p>\n<p>&nbsp;<\/p>\n<p>&nbsp;<\/p>\n<p style=\"text-align: justify\"><span style=\"color: #000000\"><strong>Localiza\u00e7\u00e3o<\/strong><\/span><br \/>\n<span style=\"color: #000000\"><strong>Campus:<\/strong>\u00a0Cap\u00e3o do Le\u00e3o<\/span><br \/>\n<span style=\"color: #000000\"><strong>Pr\u00e9dio\/Bloco:<\/strong>\u00a019<\/span><br \/>\n<span style=\"color: #000000\"><strong>Sala:<\/strong>\u00a008 e 09<\/span><\/p>\n<p style=\"text-align: justify\"><span style=\"color: #000000\"><strong>Contato<\/strong><\/span><br \/>\n<span style=\"color: #000000\"><strong>Nome:<\/strong> Prof. Dr. Tiago Collares e Profa. Dra. Fabiana Seixas<\/span><br \/>\n<span style=\"color: #000000\"><strong>E-mail<\/strong>: collares.t@gmail.com e\u00a0 seixas.fx@gmail.com<\/span><\/p>\n<p>&nbsp;<\/p>\n<p>&nbsp;<\/p>\n<p><span style=\"color: #000000\"><strong>Equipamentos<br \/>\n<\/strong><\/span><\/p>\n<ul>\n<li><span style=\"color: #000000\">Cit\u00f4metro<\/span><\/li>\n<li><span style=\"color: #000000\">Real Time PCR<\/span><\/li>\n<li><span style=\"color: #000000\">PCR<\/span><\/li>\n<li><span style=\"color: #000000\">Micromanipuladores<\/span><\/li>\n<li><span style=\"color: #000000\">Incubadoras de CO2<\/span><\/li>\n<li><span style=\"color: #000000\">Eletroforese<\/span><\/li>\n<li><span style=\"color: #000000\">Microscopia de Fluoresc\u00eancia Invertida<\/span><\/li>\n<\/ul>\n<p><span style=\"color: #000000\">\u00a0<\/span><\/p>\n<p class=\"m_-7021162386456440649ydpec02ffd5yiv1256284928MsoNormal\" style=\"text-align: justify\">\n","protected":false},"excerpt":{"rendered":"<p>Laborat\u00f3rio de Biotecnologia do C\u00e2ncer\u00a0 &nbsp; &nbsp; Unidade: Centro de Desenvolvimento Tecnol\u00f3gico (CDTec) Curso:\u00a0Biotecnologia Website:\u00a0\u2013 C\u00f3digo NULAB:\u00a090150 &nbsp; &nbsp; Descri\u00e7\u00e3o O Laborat\u00f3rio de Biotecnologia do C\u00e2ncer, est\u00e1 localizado junto ao CDTec-Biotecnologia (Centro de Desenvolvimento Biotecnol\u00f3gico &#8211;\u00a0 N\u00facleo de Biotecnologia) junto ao pr\u00e9dio 19, Campus Cap\u00e3o do Le\u00e3o, UFPel.\u00a0 Coordenado pelos professores Tiago Collares e Fabiana [&hellip;]<\/p>\n","protected":false},"author":735,"featured_media":0,"parent":5706,"menu_order":6,"comment_status":"closed","ping_status":"closed","template":"","meta":{"jetpack_post_was_ever_published":false,"footnotes":""},"class_list":["post-3451","page","type-page","status-publish","hentry"],"jetpack_sharing_enabled":true,"_links":{"self":[{"href":"https:\/\/wp.ufpel.edu.br\/ppgbiotec\/wp-json\/wp\/v2\/pages\/3451","targetHints":{"allow":["GET"]}}],"collection":[{"href":"https:\/\/wp.ufpel.edu.br\/ppgbiotec\/wp-json\/wp\/v2\/pages"}],"about":[{"href":"https:\/\/wp.ufpel.edu.br\/ppgbiotec\/wp-json\/wp\/v2\/types\/page"}],"author":[{"embeddable":true,"href":"https:\/\/wp.ufpel.edu.br\/ppgbiotec\/wp-json\/wp\/v2\/users\/735"}],"replies":[{"embeddable":true,"href":"https:\/\/wp.ufpel.edu.br\/ppgbiotec\/wp-json\/wp\/v2\/comments?post=3451"}],"version-history":[{"count":7,"href":"https:\/\/wp.ufpel.edu.br\/ppgbiotec\/wp-json\/wp\/v2\/pages\/3451\/revisions"}],"predecessor-version":[{"id":6264,"href":"https:\/\/wp.ufpel.edu.br\/ppgbiotec\/wp-json\/wp\/v2\/pages\/3451\/revisions\/6264"}],"up":[{"embeddable":true,"href":"https:\/\/wp.ufpel.edu.br\/ppgbiotec\/wp-json\/wp\/v2\/pages\/5706"}],"wp:attachment":[{"href":"https:\/\/wp.ufpel.edu.br\/ppgbiotec\/wp-json\/wp\/v2\/media?parent=3451"}],"curies":[{"name":"wp","href":"https:\/\/api.w.org\/{rel}","templated":true}]}}