{"id":3437,"date":"2019-07-26T09:42:49","date_gmt":"2019-07-26T12:42:49","guid":{"rendered":"https:\/\/wp.ufpel.edu.br\/ppgbiotec\/?page_id=3437"},"modified":"2021-03-26T19:52:54","modified_gmt":"2021-03-26T22:52:54","slug":"laboratorios-nucleo-de-pesquisa-ensino-extensao-em-pecuaria","status":"publish","type":"page","link":"https:\/\/wp.ufpel.edu.br\/ppgbiotec\/infraestrutura\/pesquisa\/laboratorios-nucleo-de-pesquisa-ensino-extensao-em-pecuaria\/","title":{"rendered":"Laborat\u00f3rios N\u00facleo de Pesquisa, Ensino, Extens\u00e3o em Pecu\u00e1ria"},"content":{"rendered":"<p style=\"text-align: left\"><span style=\"color: #000000\"><strong>N\u00facleo de Pesquisa, Ensino, Extens\u00e3o em Pecu\u00e1ria- NUPEEC<\/strong><\/span><\/p>\n<p><span style=\"color: #000000\"><strong><img data-attachment-id=\"3440\" data-permalink=\"https:\/\/wp.ufpel.edu.br\/ppgbiotec\/infraestrutura\/pesquisa\/laboratorios-nucleo-de-pesquisa-ensino-extensao-em-pecuaria\/laboratorio-de-biologia-molecular-2\/\" data-orig-file=\"https:\/\/wp.ufpel.edu.br\/ppgbiotec\/files\/2019\/07\/Laborat\u00f3rio-de-Biologia-Molecular-2.jpg\" data-orig-size=\"3264,2448\" data-comments-opened=\"0\" data-image-meta=\"{&quot;aperture&quot;:&quot;2.2&quot;,&quot;credit&quot;:&quot;&quot;,&quot;camera&quot;:&quot;iPhone 5s&quot;,&quot;caption&quot;:&quot;&quot;,&quot;created_timestamp&quot;:&quot;1528799606&quot;,&quot;copyright&quot;:&quot;&quot;,&quot;focal_length&quot;:&quot;4.15&quot;,&quot;iso&quot;:&quot;160&quot;,&quot;shutter_speed&quot;:&quot;0.033333333333333&quot;,&quot;title&quot;:&quot;&quot;,&quot;orientation&quot;:&quot;1&quot;}\" data-image-title=\"Laborat\u00f3rio de Biologia Molecular 2\" data-image-description=\"\" data-image-caption=\"\" data-medium-file=\"https:\/\/wp.ufpel.edu.br\/ppgbiotec\/files\/2019\/07\/Laborat\u00f3rio-de-Biologia-Molecular-2-400x300.jpg\" data-large-file=\"https:\/\/wp.ufpel.edu.br\/ppgbiotec\/files\/2019\/07\/Laborat\u00f3rio-de-Biologia-Molecular-2-1024x768.jpg\" class=\"wp-image-3440 alignleft\" src=\"https:\/\/wp.ufpel.edu.br\/ppgbiotec\/files\/2019\/07\/Laborat\u00f3rio-de-Biologia-Molecular-2-200x200.jpg\" alt=\"\" width=\"210\" height=\"210\" \/><\/strong><\/span><\/p>\n<p>&nbsp;<\/p>\n<p><span style=\"color: #000000\"><strong>Unidade:<\/strong> Faculdade de Veterin\u00e1ria<\/span><br \/>\n<span style=\"color: #000000\"><strong>Curso:<\/strong> Veterin\u00e1ria<\/span><br \/>\n<span style=\"color: #000000\"><strong>Website: <\/strong><a style=\"color: #000000\" href=\"https:\/\/wp.ufpel.edu.br\/nupeec\/\" target=\"_blank\" rel=\"noopener noreferrer\">https:\/\/wp.ufpel.edu.br\/nupeec\/<\/a><\/span><br \/>\n<span style=\"color: #000000\"><strong>C\u00f3digo NULAB: <\/strong>&#8211;<\/span><\/p>\n<p>&nbsp;<\/p>\n<p>&nbsp;<\/p>\n<p>&nbsp;<\/p>\n<p style=\"text-align: justify\"><span style=\"color: #000000\"><strong>A) Laborat\u00f3rio de Biologia Molecular<\/strong><\/span><\/p>\n<p><img data-attachment-id=\"3439\" data-permalink=\"https:\/\/wp.ufpel.edu.br\/ppgbiotec\/infraestrutura\/pesquisa\/laboratorios-nucleo-de-pesquisa-ensino-extensao-em-pecuaria\/laboratorio-biologia-molecular\/\" data-orig-file=\"https:\/\/wp.ufpel.edu.br\/ppgbiotec\/files\/2019\/07\/Laborat\u00f3rio-Biologia-Molecular.jpeg\" data-orig-size=\"1280,960\" data-comments-opened=\"0\" data-image-meta=\"{&quot;aperture&quot;:&quot;0&quot;,&quot;credit&quot;:&quot;&quot;,&quot;camera&quot;:&quot;&quot;,&quot;caption&quot;:&quot;&quot;,&quot;created_timestamp&quot;:&quot;0&quot;,&quot;copyright&quot;:&quot;&quot;,&quot;focal_length&quot;:&quot;0&quot;,&quot;iso&quot;:&quot;0&quot;,&quot;shutter_speed&quot;:&quot;0&quot;,&quot;title&quot;:&quot;&quot;,&quot;orientation&quot;:&quot;0&quot;}\" data-image-title=\"Laborat\u00f3rio Biologia Molecular\" data-image-description=\"\" data-image-caption=\"\" data-medium-file=\"https:\/\/wp.ufpel.edu.br\/ppgbiotec\/files\/2019\/07\/Laborat\u00f3rio-Biologia-Molecular-400x300.jpeg\" data-large-file=\"https:\/\/wp.ufpel.edu.br\/ppgbiotec\/files\/2019\/07\/Laborat\u00f3rio-Biologia-Molecular-1024x768.jpeg\" class=\" wp-image-3439 alignleft\" src=\"https:\/\/wp.ufpel.edu.br\/ppgbiotec\/files\/2019\/07\/Laborat\u00f3rio-Biologia-Molecular-200x200.jpeg\" alt=\"\" width=\"187\" height=\"187\" \/><\/p>\n<p style=\"text-align: justify\"><span style=\"color: #000000\"><strong>Descri\u00e7\u00e3o<\/strong><\/span><\/p>\n<p style=\"text-align: justify\"><span style=\"color: #000000\">O laborat\u00f3rio de biologia molecular conta com equipamentos para o processamento e an\u00e1lises de amostras destinadas ao diagn\u00f3stico molecular, incluindo o processamento de materiais para a extra\u00e7\u00e3o de mRNA, DNA e Prote\u00ednas com posterior an\u00e1lise de acordo com as metodologias propostas. Contamos com a estrutura para a elabora\u00e7\u00e3o da t\u00e9cnica de PCR (<em>Polymerase Chain Reaction<\/em>) e um equipamento de qRT-PCR (<em>Real-Time Polymerase Chain Reaction)\u00a0<\/em>com foco em an\u00e1lises de express\u00e3o g\u00eanica para poss\u00edveis genes de interesse em estudos envolvendo a tem\u00e1tica gen\u00f4mica. A detec\u00e7\u00e3o e isolamento de prote\u00ednas\u00a0<\/span><span style=\"color: #000000;text-align: justify\">espec\u00edficas tamb\u00e9m s\u00e3o avaliadas em nosso laborat\u00f3rio atrav\u00e9s da t\u00e9cnica de <\/span><em style=\"color: #000000;text-align: justify\">Western Blot.<\/em><\/p>\n<p><span style=\"color: #000000\"><strong>B) Labor<\/strong><\/span><strong style=\"color: #000000;text-align: justify\">at\u00f3rio de Metabolismo Animal<\/strong><span style=\"color: #000000\"><strong>\u00a0 \u00a0 \u00a0 \u00a0 \u00a0 \u00a0 \u00a0 \u00a0 \u00a0 \u00a0 \u00a0 \u00a0 \u00a0 \u00a0 \u00a0 \u00a0 \u00a0 \u00a0 \u00a0 \u00a0 \u00a0 \u00a0 \u00a0 \u00a0 \u00a0 \u00a0 \u00a0 \u00a0 \u00a0 \u00a0 \u00a0 \u00a0 \u00a0 \u00a0 \u00a0 \u00a0 \u00a0 \u00a0 \u00a0 \u00a0\u00a0<\/strong><\/span><\/p>\n<p><img data-attachment-id=\"3441\" data-permalink=\"https:\/\/wp.ufpel.edu.br\/ppgbiotec\/infraestrutura\/pesquisa\/laboratorios-nucleo-de-pesquisa-ensino-extensao-em-pecuaria\/laboratorio-de-metabolismo-animal-1\/\" data-orig-file=\"https:\/\/wp.ufpel.edu.br\/ppgbiotec\/files\/2019\/07\/Laborat\u00f3rio-de-Metabolismo-Animal-1.jpg\" data-orig-size=\"3648,2736\" data-comments-opened=\"0\" data-image-meta=\"{&quot;aperture&quot;:&quot;2.8&quot;,&quot;credit&quot;:&quot;&quot;,&quot;camera&quot;:&quot;EK-GC110&quot;,&quot;caption&quot;:&quot;&quot;,&quot;created_timestamp&quot;:&quot;1325641505&quot;,&quot;copyright&quot;:&quot;&quot;,&quot;focal_length&quot;:&quot;4.1&quot;,&quot;iso&quot;:&quot;200&quot;,&quot;shutter_speed&quot;:&quot;0.025&quot;,&quot;title&quot;:&quot;&quot;,&quot;orientation&quot;:&quot;1&quot;}\" data-image-title=\"Laborat\u00f3rio de Metabolismo Animal (1)\" data-image-description=\"\" data-image-caption=\"\" data-medium-file=\"https:\/\/wp.ufpel.edu.br\/ppgbiotec\/files\/2019\/07\/Laborat\u00f3rio-de-Metabolismo-Animal-1-400x300.jpg\" data-large-file=\"https:\/\/wp.ufpel.edu.br\/ppgbiotec\/files\/2019\/07\/Laborat\u00f3rio-de-Metabolismo-Animal-1-1024x768.jpg\" class=\"wp-image-3441 alignleft\" src=\"https:\/\/wp.ufpel.edu.br\/ppgbiotec\/files\/2019\/07\/Laborat\u00f3rio-de-Metabolismo-Animal-1-200x200.jpg\" alt=\"\" width=\"204\" height=\"204\" \/><\/p>\n<p style=\"text-align: justify\"><span style=\"color: #000000\"><strong>Descri\u00e7\u00e3o<\/strong><\/span><\/p>\n<p style=\"text-align: justify\"><span style=\"color: #000000\">O laborat\u00f3rio de metabolismo animal conta com um equipamento bioqu\u00edmico autom\u00e1tico, capaz de analisar minerais, prote\u00ednas, enzimas e componentes energ\u00e9ticos atrav\u00e9s de m\u00e9todos colorim\u00e9tricos e cin\u00e9ticos.\u00a0 O laborat\u00f3rio tamb\u00e9m \u00e9 equipado com um analisador imunol\u00f3gico autom\u00e1tico que mensura, por quimiluminesc\u00eancia, horm\u00f4nios e imunoglobulinas. Al\u00e9m destes, contamos com um analisador de hemogasometria port\u00e1til, para uma completa gama de analise<\/span><span style=\"color: #000000\">s hematol\u00f3gicas. Utilizando estes equipamentos, \u00e9 poss\u00edvel tra\u00e7ar um perfil bioqu\u00edmico, energ\u00e9tico, hematol\u00f3gico e hormonal, dando consist\u00eancia a experimentos conduzidos pelo grupo.<\/span><\/p>\n<p style=\"text-align: justify\"><span style=\"color: #000000\"><strong>C) Laborat\u00f3rio de Inova\u00e7\u00e3o Farmac\u00eautica<\/strong><\/span><\/p>\n<p><img data-attachment-id=\"3445\" data-permalink=\"https:\/\/wp.ufpel.edu.br\/ppgbiotec\/infraestrutura\/pesquisa\/laboratorios-nucleo-de-pesquisa-ensino-extensao-em-pecuaria\/laboratorio-de-inovacao-farmaceutica-2\/\" data-orig-file=\"https:\/\/wp.ufpel.edu.br\/ppgbiotec\/files\/2019\/07\/Laborat\u00f3rio-de-Inova\u00e7\u00e3o-Farmac\u00eautica-2.jpg\" data-orig-size=\"3648,2736\" data-comments-opened=\"0\" data-image-meta=\"{&quot;aperture&quot;:&quot;4&quot;,&quot;credit&quot;:&quot;&quot;,&quot;camera&quot;:&quot;EK-GC110&quot;,&quot;caption&quot;:&quot;&quot;,&quot;created_timestamp&quot;:&quot;1325552132&quot;,&quot;copyright&quot;:&quot;&quot;,&quot;focal_length&quot;:&quot;4.1&quot;,&quot;iso&quot;:&quot;100&quot;,&quot;shutter_speed&quot;:&quot;0.02&quot;,&quot;title&quot;:&quot;&quot;,&quot;orientation&quot;:&quot;1&quot;}\" data-image-title=\"Laborat\u00f3rio de Inova\u00e7\u00e3o Farmac\u00eautica 2\" data-image-description=\"\" data-image-caption=\"\" data-medium-file=\"https:\/\/wp.ufpel.edu.br\/ppgbiotec\/files\/2019\/07\/Laborat\u00f3rio-de-Inova\u00e7\u00e3o-Farmac\u00eautica-2-400x300.jpg\" data-large-file=\"https:\/\/wp.ufpel.edu.br\/ppgbiotec\/files\/2019\/07\/Laborat\u00f3rio-de-Inova\u00e7\u00e3o-Farmac\u00eautica-2-1024x768.jpg\" class=\"wp-image-3445 alignleft\" style=\"color: #000000\" src=\"https:\/\/wp.ufpel.edu.br\/ppgbiotec\/files\/2019\/07\/Laborat\u00f3rio-de-Inova\u00e7\u00e3o-Farmac\u00eautica-2-200x200.jpg\" alt=\"\" width=\"208\" height=\"208\" \/><\/p>\n<p><span style=\"color: #000000\"><strong>Desc<\/strong><\/span><span style=\"color: #000000\"><strong>ri\u00e7\u00e3o<\/strong><\/span><\/p>\n<p style=\"text-align: justify\"><span style=\"color: #000000\">O\u00a0<\/span><span style=\"color: #000000\">laborat\u00f3rio de inova\u00e7\u00e3o farmac\u00eautica fornece a estrutura adequada para o desenvolvimento e preparo de solu\u00e7\u00f5es posteriormente testadas em experimentos envolve<\/span><span style=\"color: #000000\">ndo as linhas de pesquisa do grupo. As formula\u00e7\u00f5es s\u00e3o padronizadas e seus constituintes ajustados de acordo com a resposta dos animais at\u00e9 a obten\u00e7\u00e3o do resultado desejado, atrav\u00e9s de balan\u00e7as digitais altamente precisas, al\u00e9m de uma s\u00e9rie de solu\u00e7\u00f5es e materiais necess\u00e1rios para a prepara\u00e7\u00e3o dos compostos. O laborat\u00f3rio conta tamb\u00e9m com um analisador hematol\u00f3gico autom\u00e1tico, possibilitando a realiza\u00e7\u00e3o de hemograma completo dos animais de forma r\u00e1pida e eficaz.<\/span><\/p>\n<p style=\"text-align: justify\"><span style=\"color: #000000\"><strong>D) Laborat\u00f3rio de Nutri\u00e7\u00e3o Animal<\/strong><\/span><\/p>\n<p><img data-attachment-id=\"3447\" data-permalink=\"https:\/\/wp.ufpel.edu.br\/ppgbiotec\/infraestrutura\/pesquisa\/laboratorios-nucleo-de-pesquisa-ensino-extensao-em-pecuaria\/laboratorio-de-nutricao-animal-2-1\/\" data-orig-file=\"https:\/\/wp.ufpel.edu.br\/ppgbiotec\/files\/2019\/07\/Laborat\u00f3rio-de-Nutri\u00e7\u00e3o-Animal-2-1.jpg\" data-orig-size=\"3648,2736\" data-comments-opened=\"0\" data-image-meta=\"{&quot;aperture&quot;:&quot;3.2&quot;,&quot;credit&quot;:&quot;&quot;,&quot;camera&quot;:&quot;EK-GC110&quot;,&quot;caption&quot;:&quot;&quot;,&quot;created_timestamp&quot;:&quot;1325380062&quot;,&quot;copyright&quot;:&quot;&quot;,&quot;focal_length&quot;:&quot;4.1&quot;,&quot;iso&quot;:&quot;100&quot;,&quot;shutter_speed&quot;:&quot;0.033333333333333&quot;,&quot;title&quot;:&quot;&quot;,&quot;orientation&quot;:&quot;1&quot;}\" data-image-title=\"Laborat\u00f3rio de Nutri\u00e7\u00e3o Animal 2 (1)\" data-image-description=\"\" data-image-caption=\"\" data-medium-file=\"https:\/\/wp.ufpel.edu.br\/ppgbiotec\/files\/2019\/07\/Laborat\u00f3rio-de-Nutri\u00e7\u00e3o-Animal-2-1-400x300.jpg\" data-large-file=\"https:\/\/wp.ufpel.edu.br\/ppgbiotec\/files\/2019\/07\/Laborat\u00f3rio-de-Nutri\u00e7\u00e3o-Animal-2-1-1024x768.jpg\" class=\"wp-image-3447 alignleft\" src=\"https:\/\/wp.ufpel.edu.br\/ppgbiotec\/files\/2019\/07\/Laborat\u00f3rio-de-Nutri\u00e7\u00e3o-Animal-2-1-200x200.jpg\" alt=\"\" width=\"217\" height=\"217\" \/><\/p>\n<p><span style=\"color: #000000\"><strong>Descri\u00e7\u00e3o<\/strong><\/span><\/p>\n<p style=\"font-weight: 400;text-align: justify\"><span style=\"color: #000000\">O laborat\u00f3rio de nutri\u00e7\u00e3o animal tem como finalidade o controle da qualidade e integridade, bem como a efic\u00e1cia nutricional de ingredientes, de um processo ou de um produto final.\u00a0 O laborat\u00f3rio auxilia na forma\u00e7\u00e3o acad\u00eamica dos estudantes a da pr\u00e1tica de t\u00e9cnicas e como suporte para as pesquisas atrav\u00e9s das an\u00e1lises bromatol\u00f3gicas realizadas. Os equipamentos utilizados para as an\u00e1lises bromatol\u00f3gicas incluem estufa de ar for\u00e7ado, extrator de gordura Soxhlet, autoclave, bloco digestor e destilador de nitrog\u00eanio, possibilitando a mensura\u00e7\u00e3o de fibra, prote\u00edna bruta e extrato et\u00e9reo dos alimentos. O laborat\u00f3rio conta tamb\u00e9m com o equipamento\u00a0<em>Near-Infrared Spectroscopy\u00a0<\/em>(NIRS) que permite efetuar an\u00e1lises qu\u00edmicas de rotina de forma r\u00e1pida e segura.\u00a0<\/span><\/p>\n<p>&nbsp;<\/p>\n<p><span style=\"color: #000000\"><strong>Localiza\u00e7\u00e3o<\/strong><\/span><br \/>\n<span style=\"color: #000000\"><strong>Campus:<\/strong>\u00a0Cap\u00e3o do Le\u00e3o<\/span><br \/>\n<span style=\"color: #000000\"><strong>Pr\u00e9dio\/Bloco:<\/strong> &#8211;<\/span><br \/>\n<span style=\"color: #000000\"><strong>Sala:<\/strong> &#8211;<\/span><\/p>\n<p><span style=\"color: #000000\"><strong>Contato<\/strong><\/span><br \/>\n<span style=\"color: #000000\"><strong>Nome:<\/strong> Prof. Dr. Marcio Nunes Corr\u00eaa<\/span><br \/>\n<span style=\"color: #000000\"><strong>E-mail<\/strong>: marcio.nunescorrea@gmail.com<\/span><\/p>\n<p>&nbsp;<\/p>\n","protected":false},"excerpt":{"rendered":"<p>N\u00facleo de Pesquisa, Ensino, Extens\u00e3o em Pecu\u00e1ria- NUPEEC &nbsp; Unidade: Faculdade de Veterin\u00e1ria Curso: Veterin\u00e1ria Website: https:\/\/wp.ufpel.edu.br\/nupeec\/ C\u00f3digo NULAB: &#8211; &nbsp; &nbsp; &nbsp; A) Laborat\u00f3rio de Biologia Molecular Descri\u00e7\u00e3o O laborat\u00f3rio de biologia molecular conta com equipamentos para o processamento e an\u00e1lises de amostras destinadas ao diagn\u00f3stico molecular, incluindo o processamento de materiais para a [&hellip;]<\/p>\n","protected":false},"author":735,"featured_media":0,"parent":5706,"menu_order":16,"comment_status":"closed","ping_status":"closed","template":"","meta":{"jetpack_post_was_ever_published":false,"footnotes":""},"class_list":["post-3437","page","type-page","status-publish","hentry"],"jetpack_sharing_enabled":true,"_links":{"self":[{"href":"https:\/\/wp.ufpel.edu.br\/ppgbiotec\/wp-json\/wp\/v2\/pages\/3437","targetHints":{"allow":["GET"]}}],"collection":[{"href":"https:\/\/wp.ufpel.edu.br\/ppgbiotec\/wp-json\/wp\/v2\/pages"}],"about":[{"href":"https:\/\/wp.ufpel.edu.br\/ppgbiotec\/wp-json\/wp\/v2\/types\/page"}],"author":[{"embeddable":true,"href":"https:\/\/wp.ufpel.edu.br\/ppgbiotec\/wp-json\/wp\/v2\/users\/735"}],"replies":[{"embeddable":true,"href":"https:\/\/wp.ufpel.edu.br\/ppgbiotec\/wp-json\/wp\/v2\/comments?post=3437"}],"version-history":[{"count":14,"href":"https:\/\/wp.ufpel.edu.br\/ppgbiotec\/wp-json\/wp\/v2\/pages\/3437\/revisions"}],"predecessor-version":[{"id":5752,"href":"https:\/\/wp.ufpel.edu.br\/ppgbiotec\/wp-json\/wp\/v2\/pages\/3437\/revisions\/5752"}],"up":[{"embeddable":true,"href":"https:\/\/wp.ufpel.edu.br\/ppgbiotec\/wp-json\/wp\/v2\/pages\/5706"}],"wp:attachment":[{"href":"https:\/\/wp.ufpel.edu.br\/ppgbiotec\/wp-json\/wp\/v2\/media?parent=3437"}],"curies":[{"name":"wp","href":"https:\/\/api.w.org\/{rel}","templated":true}]}}