{"id":3331,"date":"2019-07-10T16:37:40","date_gmt":"2019-07-10T19:37:40","guid":{"rendered":"https:\/\/wp.ufpel.edu.br\/ppgbiotec\/?page_id=3331"},"modified":"2026-03-27T11:13:52","modified_gmt":"2026-03-27T14:13:52","slug":"alunos-estrangeiros-egresso-mestrado-doutorado","status":"publish","type":"page","link":"https:\/\/wp.ufpel.edu.br\/ppgbiotec\/internacionalizacao\/alunos-estrangeiros\/alunos-estrangeiros-egresso-mestrado-doutorado\/","title":{"rendered":"Alunos estrangeiros &#8211; Egresso Mestrado\/Doutorado"},"content":{"rendered":"<p style=\"text-align: left;\"><span style=\"color: #000000; font-family: georgia, palatino, serif; font-size: 12pt;\"><strong>Egresso<\/strong> &#8211; Mestrado<\/span><\/p>\n<table style=\"height: 97px; width: 743px; border-style: double;\" width=\"743\">\n<tbody>\n<tr style=\"height: 52px;\">\n<td style=\"text-align: center; width: 294px; height: 52px;\"><span style=\"color: #000000; font-family: georgia, palatino, serif; font-size: 10pt;\"><strong>Discente<\/strong><\/span><\/td>\n<td style=\"text-align: center; width: 312px; height: 52px;\"><span style=\"color: #000000; font-family: georgia, palatino, serif; font-size: 10pt;\"><strong>Orientador(a)<\/strong><\/span><\/td>\n<td style=\"text-align: center; width: 31px; height: 52px;\"><span style=\"color: #000000; font-family: georgia, palatino, serif; font-size: 10pt;\"><strong>Pa\u00eds<\/strong><\/span><\/td>\n<td style=\"text-align: center; width: 81px; height: 52px;\"><span style=\"color: #000000; font-family: georgia, palatino, serif; font-size: 10pt;\"><strong>Ano de conclus\u00e3o<\/strong><\/span><\/td>\n<\/tr>\n<tr style=\"height: 26px;\">\n<td style=\"width: 294px; height: 26px; text-align: left;\"><span style=\"color: #000000; font-family: georgia, palatino, serif; font-size: 12pt;\">Frederico Pedro Madabula<\/span><\/td>\n<td style=\"width: 312px; height: 26px; text-align: left;\"><span style=\"color: #000000; font-family: georgia, palatino, serif; font-size: 12pt;\">Prof. Ph.D. Antonio Costa de Oliveira<\/span><\/td>\n<td style=\"width: 31px; height: 26px; text-align: left;\"><span style=\"color: #000000; font-family: georgia, palatino, serif; font-size: 12pt;\">Mo\u00e7ambique<\/span><\/td>\n<td style=\"width: 81px; height: 26px; text-align: left;\"><span style=\"color: #000000; font-family: georgia, palatino, serif; font-size: 12pt;\">2013<\/span><\/td>\n<\/tr>\n<tr style=\"height: 26px;\">\n<td style=\"width: 294px; height: 26px; text-align: left;\"><span style=\"color: #000000; font-family: georgia, palatino, serif; font-size: 12pt;\">Fabian Manuel Guerrero Paredes<\/span><\/td>\n<td style=\"width: 312px; height: 26px; text-align: left;\"><span style=\"color: #000000; font-family: georgia, palatino, serif; font-size: 12pt;\">Prof. Dr. Marcio Nunes Corr\u00eaa<\/span><\/td>\n<td style=\"width: 31px; height: 26px; text-align: left;\"><span style=\"color: #000000; font-family: georgia, palatino, serif; font-size: 12pt;\">Equador<\/span><\/td>\n<td style=\"width: 81px; height: 26px; text-align: left;\"><span style=\"color: #000000; font-family: georgia, palatino, serif; font-size: 12pt;\">2018<\/span><\/td>\n<\/tr>\n<tr style=\"height: 26px;\">\n<td style=\"width: 294px; height: 26px; text-align: left;\"><span style=\"color: #000000; font-family: georgia, palatino, serif; font-size: 12pt;\">Lisseth Pamela Peralta Canchis<\/span><\/td>\n<td style=\"width: 312px; height: 26px; text-align: left;\"><span style=\"color: #000000; font-family: georgia, palatino, serif; font-size: 12pt;\">Prof. Dr. Wladimir Padilha da Silva<\/span><\/td>\n<td style=\"width: 31px; height: 26px; text-align: left;\"><span style=\"color: #000000; font-family: georgia, palatino, serif; font-size: 12pt;\">Peru<\/span><\/td>\n<td style=\"width: 81px; height: 26px; text-align: left;\"><span style=\"color: #000000; font-family: georgia, palatino, serif; font-size: 12pt;\">2021<\/span><\/td>\n<\/tr>\n<tr>\n<td style=\"width: 294px; text-align: left;\"><span style=\"color: #000000; font-family: georgia, palatino, serif; font-size: 12pt;\">Dionet Keny Bellindo Quispe<\/span><\/td>\n<td style=\"width: 312px; text-align: left;\"><span style=\"color: #000000; font-family: georgia, palatino, serif; font-size: 12pt;\">Prof. Dr. Vinicius Farias Campos<\/span><\/td>\n<td style=\"width: 31px; text-align: left;\"><span style=\"color: #000000; font-family: georgia, palatino, serif; font-size: 12pt;\">Peru<\/span><\/td>\n<td style=\"width: 81px; text-align: left;\"><span style=\"color: #000000; font-family: georgia, palatino, serif; font-size: 12pt;\">2025<\/span><\/td>\n<\/tr>\n<\/tbody>\n<\/table>\n<p>&nbsp;<\/p>\n<hr \/>\n<p style=\"text-align: left;\"><span style=\"color: #000000; font-family: georgia, palatino, serif; font-size: 12pt;\"><strong>Egresso <\/strong>&#8211; Doutorado<\/span><\/p>\n<table style=\"height: 97px; width: 743px; border-style: double;\" width=\"743\">\n<tbody>\n<tr>\n<td style=\"text-align: center; width: 250px;\"><span style=\"color: #000000; font-family: georgia, palatino, serif; font-size: 10pt;\"><strong>Discente<\/strong><\/span><\/td>\n<td style=\"text-align: center; width: 284px;\"><span style=\"color: #000000; font-family: georgia, palatino, serif; font-size: 10pt;\"><strong>Orientador(a)<\/strong><\/span><\/td>\n<td style=\"text-align: center; width: 85px;\"><span style=\"color: #000000; font-family: georgia, palatino, serif; font-size: 10pt;\"><strong>Pa\u00eds<\/strong><\/span><\/td>\n<td style=\"text-align: center; width: 86px;\"><span style=\"color: #000000; font-family: georgia, palatino, serif; font-size: 10pt;\"><strong>Ano de conclus\u00e3o<\/strong><\/span><\/td>\n<\/tr>\n<tr>\n<td style=\"text-align: center; width: 250px;\"><span style=\"color: #000000; font-family: georgia, palatino, serif; font-size: 12pt;\">Ver\u00f3nica Hoyos Marulanda<\/span><\/td>\n<td style=\"text-align: center; width: 284px;\"><span style=\"color: #000000; font-family: georgia, palatino, serif; font-size: 12pt;\">Prof. Ph.D. Thomaz Lucia J\u00fanior<\/span><\/td>\n<td style=\"text-align: center; width: 85px;\"><span style=\"color: #000000; font-family: georgia, palatino, serif; font-size: 12pt;\">\u00a0Col\u00f4mbia<\/span><\/td>\n<td style=\"text-align: center; width: 86px;\"><span style=\"color: #000000; font-family: georgia, palatino, serif; font-size: 12pt;\">2019<\/span><\/td>\n<\/tr>\n<tr style=\"height: 24px;\">\n<td style=\"text-align: center; width: 250px; height: 24px;\"><span style=\"color: #000000; font-family: georgia, palatino, serif; font-size: 12pt;\">Martha Lucia Ruiz Benitez<\/span><\/td>\n<td style=\"text-align: center; width: 284px; height: 24px;\"><span style=\"color: #000000; font-family: georgia, palatino, serif; font-size: 12pt;\">Prof.\u00aa Dr.\u00aa Fabiana K\u00f6mmling Seixas<\/span><\/td>\n<td style=\"text-align: center; width: 85px; height: 24px;\"><span style=\"color: #000000; font-family: georgia, palatino, serif; font-size: 12pt;\">Col\u00f4mbia<\/span><\/td>\n<td style=\"text-align: center; width: 86px; height: 24px;\"><span style=\"color: #000000; font-family: georgia, palatino, serif; font-size: 12pt;\">2020<\/span><\/td>\n<\/tr>\n<tr>\n<td style=\"text-align: center; width: 250px;\"><span style=\"color: #000000; font-family: georgia, palatino, serif; font-size: 12pt;\">Elsa Giovanna Avila Martinez<\/span><\/td>\n<td style=\"text-align: center; width: 284px;\"><span style=\"color: #000000; font-family: georgia, palatino, serif; font-size: 12pt;\">Prof.\u00aa Dr.\u00aa Daiane Drawanz Hartwig<\/span><\/td>\n<td style=\"text-align: center; width: 85px;\"><span style=\"color: #000000; font-family: georgia, palatino, serif; font-size: 12pt;\">Col\u00f4mbia<\/span><\/td>\n<td style=\"text-align: center; width: 86px;\"><span style=\"color: #000000; font-family: georgia, palatino, serif; font-size: 12pt;\">2023<\/span><\/td>\n<\/tr>\n<tr>\n<td style=\"text-align: center; width: 250px;\"><span style=\"color: #000000; font-family: georgia, palatino, serif; font-size: 12pt;\">Jennifer Villavicencio Huamani<\/span><\/td>\n<td style=\"text-align: center; width: 284px;\"><span style=\"color: #000000; font-family: georgia, palatino, serif; font-size: 12pt;\">Prof. Ph.D Antonio Costa de Oliveira<\/span><\/td>\n<td style=\"text-align: center; width: 85px;\"><span style=\"color: #000000; font-family: georgia, palatino, serif; font-size: 12pt;\">Peru<\/span><\/td>\n<td style=\"text-align: center; width: 86px;\"><span style=\"color: #000000; font-family: georgia, palatino, serif; font-size: 12pt;\">2025<\/span><\/td>\n<\/tr>\n<tr>\n<td style=\"text-align: center; width: 250px;\"><span style=\"color: #000000; font-family: georgia, palatino, serif; font-size: 12pt;\">P\u00e1mela Scaraffuni Caballero<\/span><\/td>\n<td style=\"text-align: center; width: 284px;\"><span style=\"color: #000000; font-family: georgia, palatino, serif; font-size: 12pt;\">Prof.\u00aa Dr.\u00aa Daiane Drawanz Hartwig<\/span><\/td>\n<td style=\"text-align: center; width: 85px;\"><span style=\"color: #000000; font-family: georgia, palatino, serif; font-size: 12pt;\">Uruguai<\/span><\/td>\n<td style=\"text-align: center; width: 86px;\"><span style=\"color: #000000; font-family: georgia, palatino, serif; font-size: 12pt;\">2026<\/span><\/td>\n<\/tr>\n<\/tbody>\n<\/table>\n<p><\/p>\n","protected":false},"excerpt":{"rendered":"<p>Egresso &#8211; Mestrado Discente Orientador(a) Pa\u00eds Ano de conclus\u00e3o Frederico Pedro Madabula Prof. Ph.D. Antonio Costa de Oliveira Mo\u00e7ambique 2013 Fabian Manuel Guerrero Paredes Prof. Dr. Marcio Nunes Corr\u00eaa Equador 2018 Lisseth Pamela Peralta Canchis Prof. Dr. Wladimir Padilha da Silva Peru 2021 Dionet Keny Bellindo Quispe Prof. Dr. Vinicius Farias Campos Peru 2025 &nbsp; [&hellip;]<\/p>\n","protected":false},"author":735,"featured_media":0,"parent":830,"menu_order":1,"comment_status":"closed","ping_status":"closed","template":"","meta":{"jetpack_post_was_ever_published":false,"footnotes":""},"class_list":["post-3331","page","type-page","status-publish","hentry"],"jetpack_sharing_enabled":true,"_links":{"self":[{"href":"https:\/\/wp.ufpel.edu.br\/ppgbiotec\/wp-json\/wp\/v2\/pages\/3331","targetHints":{"allow":["GET"]}}],"collection":[{"href":"https:\/\/wp.ufpel.edu.br\/ppgbiotec\/wp-json\/wp\/v2\/pages"}],"about":[{"href":"https:\/\/wp.ufpel.edu.br\/ppgbiotec\/wp-json\/wp\/v2\/types\/page"}],"author":[{"embeddable":true,"href":"https:\/\/wp.ufpel.edu.br\/ppgbiotec\/wp-json\/wp\/v2\/users\/735"}],"replies":[{"embeddable":true,"href":"https:\/\/wp.ufpel.edu.br\/ppgbiotec\/wp-json\/wp\/v2\/comments?post=3331"}],"version-history":[{"count":4,"href":"https:\/\/wp.ufpel.edu.br\/ppgbiotec\/wp-json\/wp\/v2\/pages\/3331\/revisions"}],"predecessor-version":[{"id":11937,"href":"https:\/\/wp.ufpel.edu.br\/ppgbiotec\/wp-json\/wp\/v2\/pages\/3331\/revisions\/11937"}],"up":[{"embeddable":true,"href":"https:\/\/wp.ufpel.edu.br\/ppgbiotec\/wp-json\/wp\/v2\/pages\/830"}],"wp:attachment":[{"href":"https:\/\/wp.ufpel.edu.br\/ppgbiotec\/wp-json\/wp\/v2\/media?parent=3331"}],"curies":[{"name":"wp","href":"https:\/\/api.w.org\/{rel}","templated":true}]}}