{"id":3164,"date":"2019-03-01T09:24:46","date_gmt":"2019-03-01T12:24:46","guid":{"rendered":"https:\/\/wp.ufpel.edu.br\/ppgbiotec\/?page_id=3164"},"modified":"2019-07-25T14:59:47","modified_gmt":"2019-07-25T17:59:47","slug":"processo-seletivo-2017-2018","status":"publish","type":"page","link":"https:\/\/wp.ufpel.edu.br\/ppgbiotec\/processo-seletivo-2\/aluno-regular\/processo-seletivo-2017-2018\/","title":{"rendered":"Processo seletivo 2017\/2018"},"content":{"rendered":"<p><span style=\"color: #000000\"><a style=\"color: #000000\" href=\"https:\/\/wp.ufpel.edu.br\/ppgbiotec\/files\/2016\/12\/Checklist-2018.pdf\" target=\"_blank\" rel=\"noopener noreferrer\">Checklist 2018<\/a><\/span><\/p>\n<p><span style=\"color: #000000\"><a style=\"color: #000000\" href=\"https:\/\/wp.ufpel.edu.br\/ppgbiotec\/files\/2016\/12\/Edital-de-sele\u00e7\u00e3o-114-2017-PPG-em-Biotecnologia-Aluno-Regular.pdf\" target=\"_blank\" rel=\"noopener noreferrer\">Edital de sele\u00e7\u00e3o 114\/2017 PPG em Biotecnologia<\/a><\/span><\/p>\n<p><span style=\"color: #000000\"><a style=\"color: #000000\" href=\"https:\/\/wp.ufpel.edu.br\/ppgbiotec\/files\/2016\/12\/Edital-de-Retifica\u00e7\u00e3o-21-2017-PPG-em-Biotecnologia-Aluno-Regular.pdf\" target=\"_blank\" rel=\"noopener noreferrer\">Edital de Retifica\u00e7\u00e3o 21\/2017 PPG em Biotecnologia<\/a><\/span><\/p>\n<p><span style=\"color: #000000\"><a style=\"color: #000000\" href=\"https:\/\/wp.ufpel.edu.br\/ppgbiotec\/files\/2016\/12\/Manual-2018-2.pdf\" target=\"_blank\" rel=\"noopener noreferrer\">Manual 2018<\/a><\/span><\/p>\n<p><span style=\"color: #000000\"><a style=\"color: #000000\" href=\"https:\/\/wp.ufpel.edu.br\/ppgbiotec\/files\/2017\/05\/2ba76b35a598912a3f6596ed7256cac1-1.xls\" target=\"_blank\" rel=\"noopener noreferrer\">Planilha CV<\/a><\/span><\/p>\n<p><span style=\"color: #000000\"><a style=\"color: #000000\" href=\"https:\/\/wp.ufpel.edu.br\/ppgbiotec\/files\/2017\/05\/Formul\u00e1rio-de-inscri\u00e7\u00e3o.doc\" target=\"_blank\" rel=\"noopener noreferrer\">Formul\u00e1rio de inscri\u00e7\u00e3o<\/a><\/span><\/p>\n<p><span style=\"color: #000000\"><a style=\"color: #000000\" href=\"https:\/\/wp.ufpel.edu.br\/ppgbiotec\/files\/2017\/05\/Formul\u00e1rio-1A.doc\" target=\"_blank\" rel=\"noopener noreferrer\">Formul\u00e1rio 1A<\/a><\/span><\/p>\n<p><span style=\"color: #000000\"><a style=\"color: #000000\" href=\"https:\/\/wp.ufpel.edu.br\/ppgbiotec\/files\/2016\/12\/Declara\u00e7\u00e3o-de-Etnia.docx\" target=\"_blank\" rel=\"noopener noreferrer\">Declara\u00e7\u00e3o de Etnia<\/a><\/span><\/p>\n<p><span style=\"color: #000000\"><a style=\"color: #000000\" href=\"https:\/\/wp.ufpel.edu.br\/ppgbiotec\/files\/2017\/11\/Inscri\u00e7\u00f5es-homologadas.pdf\" target=\"_blank\" rel=\"noopener noreferrer\">Homologa\u00e7\u00e3o das Inscri\u00e7\u00f5es Mestrado e Doutorado<\/a><\/span><\/p>\n<p><span style=\"color: #000000\"><a style=\"color: #000000\" href=\"https:\/\/wp.ufpel.edu.br\/ppgbiotec\/files\/2017\/12\/Segunda-fase.pdf\" target=\"_blank\" rel=\"noopener noreferrer\">Resultado da 1\u00aa fase Mestrado e Doutorado<\/a><\/span><\/p>\n<p><span style=\"color: #000000\"><a style=\"color: #000000\" href=\"https:\/\/wp.ufpel.edu.br\/ppgbiotec\/files\/2017\/12\/Mestrado.pdf\" target=\"_blank\" rel=\"noopener noreferrer\">Resultado final Mestrado<\/a><\/span><\/p>\n<p><span style=\"color: #000000\"><a style=\"color: #000000\" href=\"https:\/\/wp.ufpel.edu.br\/ppgbiotec\/files\/2017\/12\/Doutorado.pdf\" target=\"_blank\" rel=\"noopener noreferrer\">Resultado final Doutorado<\/a><\/span><\/p>\n","protected":false},"excerpt":{"rendered":"<p>Checklist 2018 Edital de sele\u00e7\u00e3o 114\/2017 PPG em Biotecnologia Edital de Retifica\u00e7\u00e3o 21\/2017 PPG em Biotecnologia Manual 2018 Planilha CV Formul\u00e1rio de inscri\u00e7\u00e3o Formul\u00e1rio 1A Declara\u00e7\u00e3o de Etnia Homologa\u00e7\u00e3o das Inscri\u00e7\u00f5es Mestrado e Doutorado Resultado da 1\u00aa fase Mestrado e Doutorado Resultado final Mestrado Resultado final Doutorado<\/p>\n","protected":false},"author":735,"featured_media":0,"parent":3154,"menu_order":2,"comment_status":"closed","ping_status":"closed","template":"","meta":{"jetpack_post_was_ever_published":false,"footnotes":""},"class_list":["post-3164","page","type-page","status-publish","hentry"],"jetpack_sharing_enabled":true,"_links":{"self":[{"href":"https:\/\/wp.ufpel.edu.br\/ppgbiotec\/wp-json\/wp\/v2\/pages\/3164","targetHints":{"allow":["GET"]}}],"collection":[{"href":"https:\/\/wp.ufpel.edu.br\/ppgbiotec\/wp-json\/wp\/v2\/pages"}],"about":[{"href":"https:\/\/wp.ufpel.edu.br\/ppgbiotec\/wp-json\/wp\/v2\/types\/page"}],"author":[{"embeddable":true,"href":"https:\/\/wp.ufpel.edu.br\/ppgbiotec\/wp-json\/wp\/v2\/users\/735"}],"replies":[{"embeddable":true,"href":"https:\/\/wp.ufpel.edu.br\/ppgbiotec\/wp-json\/wp\/v2\/comments?post=3164"}],"version-history":[{"count":4,"href":"https:\/\/wp.ufpel.edu.br\/ppgbiotec\/wp-json\/wp\/v2\/pages\/3164\/revisions"}],"predecessor-version":[{"id":3183,"href":"https:\/\/wp.ufpel.edu.br\/ppgbiotec\/wp-json\/wp\/v2\/pages\/3164\/revisions\/3183"}],"up":[{"embeddable":true,"href":"https:\/\/wp.ufpel.edu.br\/ppgbiotec\/wp-json\/wp\/v2\/pages\/3154"}],"wp:attachment":[{"href":"https:\/\/wp.ufpel.edu.br\/ppgbiotec\/wp-json\/wp\/v2\/media?parent=3164"}],"curies":[{"name":"wp","href":"https:\/\/api.w.org\/{rel}","templated":true}]}}