{"id":28,"date":"2018-10-10T11:20:51","date_gmt":"2018-10-10T14:20:51","guid":{"rendered":"https:\/\/wp.ufpel.edu.br\/ppgbiotec\/?page_id=28"},"modified":"2019-07-25T14:58:58","modified_gmt":"2019-07-25T17:58:58","slug":"processo-seletivo","status":"publish","type":"page","link":"https:\/\/wp.ufpel.edu.br\/ppgbiotec\/processo-seletivo-2\/aluno-regular\/processo-seletivo\/","title":{"rendered":"Processo Seletivo 2018\/2019"},"content":{"rendered":"<ul>\n<li><span style=\"color: #000000\"><a style=\"color: #000000\" href=\"https:\/\/wp.ufpel.edu.br\/ppgbiotec\/files\/2018\/10\/Checklist-2019-1.pdf\" target=\"_blank\" rel=\"noopener noreferrer\">Checklist 2019<\/a><\/span><\/li>\n<li><span style=\"color: #000000\"><a style=\"color: #000000\" href=\"https:\/\/wp.ufpel.edu.br\/ppgbiotec\/files\/2018\/10\/SEI_UFPel-0307542-Edital-de-sele\u00e7\u00e3o-PRPPGI-assinado.pdf\" target=\"_blank\" rel=\"noopener noreferrer\">Edital de sele\u00e7\u00e3o114\/2018 PPG emBiotecnologia<\/a><\/span><\/li>\n<li><span style=\"color: #000000\"><a style=\"color: #000000\" href=\"https:\/\/wp.ufpel.edu.br\/ppgbiotec\/files\/2018\/10\/Manual-2018.pdf\" target=\"_blank\" rel=\"noopener noreferrer\">Manual CV 2019<\/a><\/span><\/li>\n<li><span style=\"color: #000000\"><a style=\"color: #000000\" href=\"https:\/\/wp.ufpel.edu.br\/ppgbiotec\/files\/2018\/11\/C\u00f3pia-de-Planilha-bloqueada-2018-em-edi\u00e7\u00e3o-6.xls\" target=\"_blank\" rel=\"noopener noreferrer\">Planilha CV<\/a><\/span><\/li>\n<li><span style=\"color: #000000\"><a style=\"color: #000000\" href=\"https:\/\/wp.ufpel.edu.br\/ppgbiotec\/files\/2018\/10\/Formul\u00e1rio-de-inscri\u00e7\u00e3o.doc\" target=\"_blank\" rel=\"noopener noreferrer\">Formul\u00e1rio de inscri\u00e7\u00e3o<\/a><\/span><\/li>\n<li><span style=\"color: #000000\"><a style=\"color: #000000\" href=\"https:\/\/wp.ufpel.edu.br\/ppgbiotec\/files\/2016\/12\/f04df1db1e61f62fbf292768ccf65287.doc\" target=\"_blank\" rel=\"noopener noreferrer\">Formul\u00e1rio 1A (plano de trabalho)<\/a><\/span><\/li>\n<li><span style=\"color: #000000\"><a style=\"color: #000000\" href=\"https:\/\/wp.ufpel.edu.br\/ppgbiotec\/files\/2016\/12\/Declara\u00e7\u00e3o-de-Etnia.docx\" target=\"_blank\" rel=\"noopener noreferrer\">Declara\u00e7\u00e3o de Etnia<\/a><\/span><\/li>\n<li><span style=\"color: #000000\"><a style=\"color: #000000\" href=\"https:\/\/wp.ufpel.edu.br\/ppgbiotec\/files\/2018\/11\/Homologa\u00e7\u00e3o-das-inscri\u00e7\u00f5es.pdf\" target=\"_blank\" rel=\"noopener noreferrer\">Homologa\u00e7\u00e3o das inscri\u00e7\u00f5es Mestrado e Doutorado<\/a><\/span><\/li>\n<li><span style=\"color: #000000\"><a style=\"color: #000000\" href=\"https:\/\/wp.ufpel.edu.br\/ppgbiotec\/files\/2018\/11\/Homologa\u00e7\u00e3o-das-inscri\u00e7\u00f5es-ap\u00f3s-recurso-MESTRADO.pdf\" target=\"_blank\" rel=\"noopener noreferrer\">Homologa\u00e7\u00e3o das inscri\u00e7\u00f5es ap\u00f3s recurso MESTRADO<\/a> <\/span><\/li>\n<li><span style=\"color: #000000\"><a style=\"color: #000000\" href=\"https:\/\/wp.ufpel.edu.br\/ppgbiotec\/files\/2018\/11\/Homologa\u00e7\u00e3o-das-inscri\u00e7\u00f5es-ap\u00f3s-recurso-DOUTORADO.pdf\" target=\"_blank\" rel=\"noopener noreferrer\">Homologa\u00e7\u00e3o das inscri\u00e7\u00f5es ap\u00f3s recurso DOUTORADO<\/a> <\/span><\/li>\n<li><span style=\"color: #000000\"><a style=\"color: #000000\" href=\"https:\/\/wp.ufpel.edu.br\/ppgbiotec\/files\/2018\/12\/Resultado-da-1\u00aa-fase.pdf\" target=\"_blank\" rel=\"noopener noreferrer\">Resultado da 1\u00aa fase Mestrado e Doutorado<\/a> <\/span><\/li>\n<li><span style=\"color: #000000\"><a style=\"color: #000000\" href=\"https:\/\/wp.ufpel.edu.br\/ppgbiotec\/files\/2018\/12\/Resultado-Mestrado.pdf\" target=\"_blank\" rel=\"noopener noreferrer\">Resultado final Mestrado<\/a><\/span><\/li>\n<li><span style=\"color: #000000\"><a style=\"color: #000000\" href=\"https:\/\/wp.ufpel.edu.br\/ppgbiotec\/files\/2019\/03\/Resultado-final-Doutorado.pdf\" target=\"_blank\" rel=\"noopener noreferrer\">Resultado final Doutorado<\/a><\/span><\/li>\n<li><span style=\"color: #000000\"><a style=\"color: #000000\" href=\"https:\/\/wp.ufpel.edu.br\/ppgbiotec\/files\/2018\/12\/Resultado-final-ap\u00f3s-recurso.pdf\" target=\"_blank\" rel=\"noopener noreferrer\">Resultado final ap\u00f3s recurso Mestrado e Doutorado<\/a><\/span><\/li>\n<\/ul>\n<p>&nbsp;<\/p>\n","protected":false},"excerpt":{"rendered":"<p>Checklist 2019 Edital de sele\u00e7\u00e3o114\/2018 PPG emBiotecnologia Manual CV 2019 Planilha CV Formul\u00e1rio de inscri\u00e7\u00e3o Formul\u00e1rio 1A (plano de trabalho) Declara\u00e7\u00e3o de Etnia Homologa\u00e7\u00e3o das inscri\u00e7\u00f5es Mestrado e Doutorado Homologa\u00e7\u00e3o das inscri\u00e7\u00f5es ap\u00f3s recurso MESTRADO Homologa\u00e7\u00e3o das inscri\u00e7\u00f5es ap\u00f3s recurso DOUTORADO Resultado da 1\u00aa fase Mestrado e Doutorado Resultado final Mestrado Resultado final Doutorado Resultado [&hellip;]<\/p>\n","protected":false},"author":296,"featured_media":0,"parent":3154,"menu_order":1,"comment_status":"closed","ping_status":"closed","template":"","meta":{"jetpack_post_was_ever_published":false,"footnotes":""},"class_list":["post-28","page","type-page","status-publish","hentry"],"jetpack_sharing_enabled":true,"_links":{"self":[{"href":"https:\/\/wp.ufpel.edu.br\/ppgbiotec\/wp-json\/wp\/v2\/pages\/28","targetHints":{"allow":["GET"]}}],"collection":[{"href":"https:\/\/wp.ufpel.edu.br\/ppgbiotec\/wp-json\/wp\/v2\/pages"}],"about":[{"href":"https:\/\/wp.ufpel.edu.br\/ppgbiotec\/wp-json\/wp\/v2\/types\/page"}],"author":[{"embeddable":true,"href":"https:\/\/wp.ufpel.edu.br\/ppgbiotec\/wp-json\/wp\/v2\/users\/296"}],"replies":[{"embeddable":true,"href":"https:\/\/wp.ufpel.edu.br\/ppgbiotec\/wp-json\/wp\/v2\/comments?post=28"}],"version-history":[{"count":39,"href":"https:\/\/wp.ufpel.edu.br\/ppgbiotec\/wp-json\/wp\/v2\/pages\/28\/revisions"}],"predecessor-version":[{"id":3184,"href":"https:\/\/wp.ufpel.edu.br\/ppgbiotec\/wp-json\/wp\/v2\/pages\/28\/revisions\/3184"}],"up":[{"embeddable":true,"href":"https:\/\/wp.ufpel.edu.br\/ppgbiotec\/wp-json\/wp\/v2\/pages\/3154"}],"wp:attachment":[{"href":"https:\/\/wp.ufpel.edu.br\/ppgbiotec\/wp-json\/wp\/v2\/media?parent=28"}],"curies":[{"name":"wp","href":"https:\/\/api.w.org\/{rel}","templated":true}]}}