{"id":18,"date":"2016-12-28T12:20:12","date_gmt":"2016-12-28T14:20:12","guid":{"rendered":"https:\/\/wp.ufpel.edu.br\/ppgbiotec\/?page_id=18"},"modified":"2023-11-27T15:21:56","modified_gmt":"2023-11-27T18:21:56","slug":"matriz-curricular","status":"publish","type":"page","link":"https:\/\/wp.ufpel.edu.br\/ppgbiotec\/programa\/matriz-curricular\/","title":{"rendered":"Matriz Curricular"},"content":{"rendered":"<p><span style=\"color: #000000;\">O Programa de P\u00f3s-gradua\u00e7\u00e3o em Biotecnologia vem atualizando constantemente sua matriz curricular para que possa assim seguir as tend\u00eancias de ensino e de novas tecnologias.<\/span><\/p>\n<p><span style=\"color: #000000;\"><a style=\"color: #000000;\" href=\"https:\/\/wp.ufpel.edu.br\/ppgbiotec\/files\/2022\/02\/Matriz-curricular-do-PPGBiotec_Site_atualizada-1_2_2022.pdf\" target=\"_blank\" rel=\"noopener\">Matriz curricular &#8211; Programa de P\u00f3s-Gradua\u00e7\u00e3o em Biotecnologia (Mestrado e Doutorado)<\/a><\/span><\/p>\n<p>&nbsp;<\/p>\n<p>&nbsp;<\/p>\n","protected":false},"excerpt":{"rendered":"<p>O Programa de P\u00f3s-gradua\u00e7\u00e3o em Biotecnologia vem atualizando constantemente sua matriz curricular para que possa assim seguir as tend\u00eancias de ensino e de novas tecnologias. Matriz curricular &#8211; Programa de P\u00f3s-Gradua\u00e7\u00e3o em Biotecnologia (Mestrado e Doutorado) &nbsp; &nbsp;<\/p>\n","protected":false},"author":296,"featured_media":0,"parent":955,"menu_order":0,"comment_status":"closed","ping_status":"closed","template":"","meta":{"jetpack_post_was_ever_published":false,"footnotes":""},"class_list":["post-18","page","type-page","status-publish","hentry"],"jetpack_sharing_enabled":true,"_links":{"self":[{"href":"https:\/\/wp.ufpel.edu.br\/ppgbiotec\/wp-json\/wp\/v2\/pages\/18","targetHints":{"allow":["GET"]}}],"collection":[{"href":"https:\/\/wp.ufpel.edu.br\/ppgbiotec\/wp-json\/wp\/v2\/pages"}],"about":[{"href":"https:\/\/wp.ufpel.edu.br\/ppgbiotec\/wp-json\/wp\/v2\/types\/page"}],"author":[{"embeddable":true,"href":"https:\/\/wp.ufpel.edu.br\/ppgbiotec\/wp-json\/wp\/v2\/users\/296"}],"replies":[{"embeddable":true,"href":"https:\/\/wp.ufpel.edu.br\/ppgbiotec\/wp-json\/wp\/v2\/comments?post=18"}],"version-history":[{"count":30,"href":"https:\/\/wp.ufpel.edu.br\/ppgbiotec\/wp-json\/wp\/v2\/pages\/18\/revisions"}],"predecessor-version":[{"id":9604,"href":"https:\/\/wp.ufpel.edu.br\/ppgbiotec\/wp-json\/wp\/v2\/pages\/18\/revisions\/9604"}],"up":[{"embeddable":true,"href":"https:\/\/wp.ufpel.edu.br\/ppgbiotec\/wp-json\/wp\/v2\/pages\/955"}],"wp:attachment":[{"href":"https:\/\/wp.ufpel.edu.br\/ppgbiotec\/wp-json\/wp\/v2\/media?parent=18"}],"curies":[{"name":"wp","href":"https:\/\/api.w.org\/{rel}","templated":true}]}}