{"id":15,"date":"2016-12-28T12:19:57","date_gmt":"2016-12-28T14:19:57","guid":{"rendered":"https:\/\/wp.ufpel.edu.br\/ppgbiotec\/?page_id=15"},"modified":"2026-03-27T16:03:32","modified_gmt":"2026-03-27T19:03:32","slug":"o-curso-historico","status":"publish","type":"page","link":"https:\/\/wp.ufpel.edu.br\/ppgbiotec\/programa\/o-curso-historico\/","title":{"rendered":"O Curso\/Hist\u00f3rico"},"content":{"rendered":"<p><span style=\"color: #000000;\"><strong>O Curso<\/strong><\/span><\/p>\n<p><span style=\"color: #000000;\">O Programa de P\u00f3s-Gradua\u00e7\u00e3o em Biotecnologia da Universidade Federal de Pelotas, em n\u00edveis de Mestrado e Doutorado, homologado pelo Conselho Nacional de Educa\u00e7\u00e3o (port. MEC 1077 de 31\/08\/2012, DOU 13\/09\/2012, se\u00e7\u00e3o 1, p\u00e1g. 25), tem por finalidade a forma\u00e7\u00e3o de recursos humanos para o ensino e pesquisa, capazes de realizar projetos de investiga\u00e7\u00e3o cient\u00edfica, incluindo aspectos de planejamento, delineamento, execu\u00e7\u00e3o, an\u00e1lise e publica\u00e7\u00e3o, contribuindo com o avan\u00e7o do conhecimento cient\u00edfico e tecnol\u00f3gico em Biotecnologia\u00a0no Brasil e no Mundo.<\/span><\/p>\n<p><span style=\"color: #000000;\">\u00a0 \u00a0 \u00a0 \u00a0 \u00a0 \u00a0 \u00a0 \u00a0<a style=\"color: #000000;\" href=\"http:\/\/www.capes.gov.br\/images\/stories\/download\/legislacao\/Portaria-1077-31ago12-CursosReconhecidos.pdf\">Portaria 1.077 de 31 de agosto de 2012<\/a><\/span><\/p>\n<p>&nbsp;<\/p>\n<p><span style=\"color: #000000;\"><strong>Hist\u00f3rico<\/strong><\/span><\/p>\n<p><span style=\"color: #000000;\">O programa de P\u00f3s-gradua\u00e7\u00e3o em Biotecnologia (PPGBiotec) da Universidade Federal de Pelotas teve sua origem no Centro de Biotecnologia da UFPel, inaugurado em novembro de 1988 em um pr\u00e9dio de aproximadamente 800 m2 por pesquisadores rec\u00e9m retornados de Universidades Americanas e renomados centro brasileiros de pesquisa.<\/span><\/p>\n<p><span style=\"color: #000000;\">A moderniza\u00e7\u00e3o da estrutura f\u00edsica foi possibilitada pelo apoio do governo do Estado do Rio Grande do Sul em duas ocasi\u00f5es, em 1990 e 1998. O Centro recebeu esse apoio por ser considerado um centro de excel\u00eancia em Biotecnologia no Estado. No ano de 2001 a UFPel investiu recursos pr\u00f3prios para a moderniza\u00e7\u00e3o do Laborat\u00f3rio de Biologia Molecular do Centro, permitindo a sua adequa\u00e7\u00e3o \u00e0s normas de biosseguran\u00e7a para desenvolver trabalhos com organismos geneticamente modificados.<\/span><\/p>\n<p><span style=\"color: #000000;\">Al\u00e9m dos esfor\u00e7os para consolidar a \u00e1rea f\u00edsica do Centro de Biotecnologia, a UFPel procurou fortalecer tamb\u00e9m sua equipe de pesquisadores em biotecnologia. A partir de 1990, atrav\u00e9s de um projeto de forma\u00e7\u00e3o de recursos humanos do programa RHAE do CNPq, foram enviados estudantes para programas de doutorado em biologia molecular, biologia molecular de plantas, fisiologia vegetal e biologia celular, em universidades de primeira linha dos Estados Unidos, Fran\u00e7a, Inglaterra e Canad\u00e1.<\/span><\/p>\n<p><span style=\"color: #000000;\">A partir de 1994, os bolsistas come\u00e7aram a retornar e se incorporar aos grupos de pesquisas. Desde sua cria\u00e7\u00e3o o Centro tem crescido constantemente, transformando-se em um p\u00f3lo de dissemina\u00e7\u00e3o de conhecimentos da moderna biotecnologia, de gera\u00e7\u00e3o de tecnologia e de forma\u00e7\u00e3o de novos pesquisadores na UFPel para o Brasil e para o mundo. A reuni\u00e3o no Cenbiot de professores de diferentes departamentos, todos bem treinados e dispondo de uma infraestrutura f\u00edsica e de equipamentos adequados, levou a uma n\u00edtida melhora na qualidade da pesquisa e do ensino de p\u00f3s-gradua\u00e7\u00e3o e gradua\u00e7\u00e3o na UFPel.<\/span><\/p>\n<p><span style=\"color: #000000;\">Na pesquisa, onde desde o in\u00edcio dos anos 80 se desenvolviam trabalhos nas \u00e1reas de cultura de tecidos vegetais e de produ\u00e7\u00e3o de vacinas v\u00edricas e bacterianas, passou-se a desenvolver tamb\u00e9m trabalhos sobre controle da matura\u00e7\u00e3o de frutas com a tecnologia do RNA anti-senso, uso de marcadores moleculares no melhoramento vegetal e animal, desenvolvimento de vacinas de DNA, desenvolvimento de vacinas recombinantes que usam BCG como vetor de ant\u00edgenos, testes de diagn\u00f3stico para doen\u00e7as infecciosas animais baseados em PCR e anticorpos monoclonais, desenvolvimento de probi\u00f3ticos para suplementa\u00e7\u00e3o animal, e desenvolvimento de biopol\u00edmeros para uso como aditivos em alimentos.<\/span><\/p>\n<p><span style=\"color: #000000;\">A experi\u00eancia acumulada pelos pesquisadores reunidos no Centro, atrav\u00e9s dos diversos projetos de pesquisa desenvolvidos e de sua atua\u00e7\u00e3o nos diferentes cursos de p\u00f3s-gradua\u00e7\u00e3o da \u00e1rea de Ci\u00eancias Agr\u00e1rias da UFPel, ensejou a cria\u00e7\u00e3o em 1994 do Programa de P\u00f3s-Gradua\u00e7\u00e3o em Biotecnologia (PPGBiotec), que passou inicialmente a oferecer um curso de Doutorado em Biotecnologia. O programa era voltado principalmente, para o aproveitamento dos estudantes oriundos dos cursos de mestrado das Ci\u00eancias Agr\u00e1rias da UFPel, e visava capacit\u00e1-los na aplica\u00e7\u00e3o das t\u00e9cnicas da moderna biotecnologia em seus campos de estudos. Depois de uma reestrutura\u00e7\u00e3o, com linhas de pesquisa voltadas apenas a \u00e1rea de ci\u00eancias agr\u00e1rias passou a denominar-se Programa de Biotecnologia Agr\u00edcola e a oferecer o Curso de Mestrado e Doutorado em Biotecnologia Agr\u00edcola.<\/span><\/p>\n<p><span style=\"color: #000000;\">Em 2008, com a cria\u00e7\u00e3o do comit\u00ea de Biotecnologia na Capes, o programa retoma seu nome, BIOTECNOLOGIA, e passa a fazer parte do pequeno grupo mais conceituados do Pa\u00eds. O programa coordenado pelo professor Odir Dellagostin foi impulsionado \u00e0 busca da qualidade e da excel\u00eancia na forma\u00e7\u00e3o de recursos humanos em uma severa e crescente qualifica\u00e7\u00e3o na divulga\u00e7\u00e3o cient\u00edfica internacional. Mais tarde continuada pelos sucessores coordenadores, professores Fabio Leivas Leite, Fabiana Seixas, Fabricio Concei\u00e7\u00e3o e Tiago Collares. Cabe destacar que todos os coordenadores do programa s\u00e3o bolsistas de produtividade n\u00edvel 1 do CNPq, colocando-se sempre a disposi\u00e7\u00e3o para colaborar no crescimento e gest\u00e3o do programa.<\/span><\/p>\n<p><span style=\"color: #000000;\">Neste mesmo ano de 2008, o Centro d\u00e1 in\u00edcio ao curso de Gradua\u00e7\u00e3o em Biotecnologia, sendo o primeiro do Estado do Rio Grande do Sul e o sexto do Pa\u00eds. O curso de gradua\u00e7\u00e3o foi coordenado pelo professor Tiago Collares, buscando uma forte conex\u00e3o com a gest\u00e3o do PPGB coordenada pelo professor Odir Dellagostin. Esta interface entre gradua\u00e7\u00e3o e p\u00f3s-gradua\u00e7\u00e3o em biotecnologia permitiu incorporar \u00e1reas inovadoras ao Centro e em 2009, resultou na cria\u00e7\u00e3o do Centro de Desenvolvimento Tecnol\u00f3gico (CDTec) da UFPel. O CDTec passou a ser dirigido pelo professor Odir Dellagostin, e abrigar o curso de gradua\u00e7\u00e3o em Biotecnologia, o programa de p\u00f3s-gradua\u00e7\u00e3o em Biotecnologia (PPGBiotec) e gradua\u00e7\u00f5es em engenharias de fronteira (Ex: Eng. da Computa\u00e7\u00e3o, Eng. de Materiais e Eng. H\u00eddrica).<\/span><\/p>\n<p><span style=\"color: #000000;\">Cabe destacar que a experi\u00eancia acumulada pelo corpo docente do PPGBiotec permitiu o crescimento e a consolida\u00e7\u00e3o do CDTec atrav\u00e9s de uma pol\u00edtica de gest\u00e3o que valoriza a p\u00f3s-gradua\u00e7\u00e3o, a aproxima da gradua\u00e7\u00e3o e olha para os problemas da sociedade moderna. O PPGBiotec foi o grande motivador da cria\u00e7\u00e3o de mais tr\u00eas programas de p\u00f3s-gradua\u00e7\u00e3o do CDTec nos n\u00edveis de mestrado e doutorado em engenharias de fronteira (computa\u00e7\u00e3o, materiais e h\u00eddrica). A aproxima\u00e7\u00e3o dos cursos de gradua\u00e7\u00e3o e programas de p\u00f3s-gradua\u00e7\u00e3o, nos n\u00edveis de mestrado e doutorado, permitiu a forma\u00e7\u00e3o de recursos humanos altamente qualificados.<\/span><\/p>\n<p><span style=\"color: #000000;\">A hist\u00f3ria da \u00e1rea de biotecnologia na UFPel resultou de uma vertente inversa que culminou em uma base s\u00f3lida de trabalho e gest\u00e3o de recursos humanos. Nesta ordem inversa, o inicio se d\u00e1 por um curso de doutorado em biotecnologia que se remodela para abertura de um programa nos n\u00edveis de mestrado e doutorado em biotecnologia. Mais tarde promove a cria\u00e7\u00e3o, estrutura\u00e7\u00e3o e interface do curso de gradua\u00e7\u00e3o em biotecnologia, bem como ancora e motiva a cria\u00e7\u00e3o de novos cursos de gradua\u00e7\u00e3o e p\u00f3s-gradua\u00e7\u00e3o em ci\u00eancias aplicadas de fronteira junto ao CDTec.<\/span><\/p>\n<p><span style=\"color: #000000;\">O professor Odir Dellagostin ao final de 2016 finalizou seu mandato \u00e0 frente da dire\u00e7\u00e3o do CDTec para assumir a presid\u00eancia da FAPERGS (Funda\u00e7\u00e3o de Amparo a Pesquisa do Estado do Rio Grande do Sul). O professor Tiago Collares, coordenador do PPGBiotec na \u00e9poca, foi eleito diretor do CDTec (Gest\u00e3o 2017-2020) e atualmente \u00e9 coordenador Adjunto da \u00e1rea de Biotecnologia da CAPES (2018-2022). Desta forma o PPGBiotec procedeu a elei\u00e7\u00e3o da nova coordena\u00e7\u00e3o para gest\u00e3o do pr\u00f3ximo quadri\u00eanio (2017-2020), com fortes perspectivas de crescimento e consolida\u00e7\u00e3o da excel\u00eancia atrav\u00e9s de processos de internacionaliza\u00e7\u00e3o, interdisciplinaridade, inova\u00e7\u00e3o e transfer\u00eancia de tecnologias. Assim, dando continuidade as a\u00e7\u00f5es iniciadas em gest\u00f5es anteriores, o Programa de P\u00f3s-Gradua\u00e7\u00e3o em Biotecnologia foi coordenado pela profa. Lucielli Savegnago, no per\u00edodo de 2017 ate janeiro de 2020. Visando ampliar o n\u00famero de docentes do PPGBiotec com experi\u00eancia internacional, a professora Lucielli foi selecionada atrav\u00e9s do programa CAPES- PRINT a realizar um est\u00e1gio de P\u00f3s-Doc S\u00eanior nos Estados Unidos. Neste contexto, foram realizadas elei\u00e7\u00f5es para nova coordena\u00e7\u00e3o junto ao PPGBiotec, sendo a Coordenadora Adjunta, a professora Fabiana K. Seixas eleita para coordena\u00e7\u00e3o 2020-2022. A experi\u00eancia administrativa previa frente a coordena\u00e7\u00e3o do PPGBiotec, como Coordenadora Adjunta (2010-2012), como Coordenadora (2012-2013) e recentemente como Coordenadora Adjunta (2019) qualificou o nome da pesquisadora Fabiana Seixas \u00e0 frente da coordena\u00e7\u00e3o de um programa de excel\u00eancia nota 7 junto a CAPES. Conforme destacado anteriormente, a frente da gest\u00e3o do PPGBiotec, tivemos o mais qualificado quadro de docentes junto a coordena\u00e7\u00e3o.\u00a0<\/span><\/p>\n<hr \/>\n<p>&nbsp;<\/p>\n<p>&nbsp;<\/p>\n","protected":false},"excerpt":{"rendered":"<p>O Curso O Programa de P\u00f3s-Gradua\u00e7\u00e3o em Biotecnologia da Universidade Federal de Pelotas, em n\u00edveis de Mestrado e Doutorado, homologado pelo Conselho Nacional de Educa\u00e7\u00e3o (port. MEC 1077 de 31\/08\/2012, DOU 13\/09\/2012, se\u00e7\u00e3o 1, p\u00e1g. 25), tem por finalidade a forma\u00e7\u00e3o de recursos humanos para o ensino e pesquisa, capazes de realizar projetos de investiga\u00e7\u00e3o [&hellip;]<\/p>\n","protected":false},"author":296,"featured_media":0,"parent":955,"menu_order":1,"comment_status":"closed","ping_status":"closed","template":"","meta":{"jetpack_post_was_ever_published":false,"footnotes":""},"class_list":["post-15","page","type-page","status-publish","hentry"],"jetpack_sharing_enabled":true,"_links":{"self":[{"href":"https:\/\/wp.ufpel.edu.br\/ppgbiotec\/wp-json\/wp\/v2\/pages\/15","targetHints":{"allow":["GET"]}}],"collection":[{"href":"https:\/\/wp.ufpel.edu.br\/ppgbiotec\/wp-json\/wp\/v2\/pages"}],"about":[{"href":"https:\/\/wp.ufpel.edu.br\/ppgbiotec\/wp-json\/wp\/v2\/types\/page"}],"author":[{"embeddable":true,"href":"https:\/\/wp.ufpel.edu.br\/ppgbiotec\/wp-json\/wp\/v2\/users\/296"}],"replies":[{"embeddable":true,"href":"https:\/\/wp.ufpel.edu.br\/ppgbiotec\/wp-json\/wp\/v2\/comments?post=15"}],"version-history":[{"count":4,"href":"https:\/\/wp.ufpel.edu.br\/ppgbiotec\/wp-json\/wp\/v2\/pages\/15\/revisions"}],"predecessor-version":[{"id":11959,"href":"https:\/\/wp.ufpel.edu.br\/ppgbiotec\/wp-json\/wp\/v2\/pages\/15\/revisions\/11959"}],"up":[{"embeddable":true,"href":"https:\/\/wp.ufpel.edu.br\/ppgbiotec\/wp-json\/wp\/v2\/pages\/955"}],"wp:attachment":[{"href":"https:\/\/wp.ufpel.edu.br\/ppgbiotec\/wp-json\/wp\/v2\/media?parent=15"}],"curies":[{"name":"wp","href":"https:\/\/api.w.org\/{rel}","templated":true}]}}