{"id":1291,"date":"2017-05-10T23:58:36","date_gmt":"2017-05-11T02:58:36","guid":{"rendered":"https:\/\/wp.ufpel.edu.br\/ppgbiotec\/?page_id=1291"},"modified":"2017-07-05T14:29:23","modified_gmt":"2017-07-05T17:29:23","slug":"1291-2","status":"publish","type":"page","link":"https:\/\/wp.ufpel.edu.br\/ppgbiotec\/1291-2\/","title":{"rendered":"2015"},"content":{"rendered":"<p style=\"text-align: center\"><span style=\"color: #000000\"><em><strong>Ticket on March 3, 2015<\/strong><\/em><\/span><\/p>\n<p><span style=\"color: #000000\"><strong><em>Augusto Nobre Kabke<\/em><\/strong><\/span><\/p>\n<p><span style=\"color: #000000\">Advisor: Dr.\u00a0Tiago Veiras Collares<\/span><\/p>\n<p><span style=\"color: #000000\"><strong><em>Bruna Silveira Pacheco<\/em><\/strong><\/span><\/p>\n<p><span style=\"color: #000000\">Advisor: Dr. Claudio Martin Pereira de\u00a0Pereira<\/span><\/p>\n<p><span style=\"color: #000000\"><strong><em>Evelise Sampaio da Silva<\/em><\/strong><\/span><\/p>\n<p><span style=\"color: #000000\">Advisor: Dr. Carlos Castilho Barros<\/span><\/p>\n<p><span style=\"color: #000000\"><strong><em>Giana Carla Gaboardi<\/em><\/strong><\/span><\/p>\n<p><span style=\"color: #000000\">Advisor: Dr. Fabricio\u00a0Rochedo Concei\u00e7\u00e3o<\/span><\/p>\n<p><span style=\"color: #000000\"><strong><em>Iuri Vladimir Pioly Marmitt<\/em><\/strong><\/span><\/p>\n<p><span style=\"color: #000000\">Advisor: Dr. F\u00e1bio Pereira\u00a0Leivas Leite<\/span><\/p>\n<p><span style=\"color: #000000\"><strong><em>Juliana Lima Marques<\/em><\/strong><\/span><\/p>\n<p><span style=\"color: #000000\">Advisor: Dr. Wladimir Padilha da Silva<\/span><\/p>\n<p><span style=\"color: #000000\"><strong><em>Karine Laste Macagnan<\/em><\/strong><\/span><\/p>\n<p><span style=\"color: #000000\">Supervisor: Dr. Claire Tondo Vendruscolo<\/span><\/p>\n<p><span style=\"color: #000000\"><strong><em>Louise Haubert<\/em><\/strong><\/span><\/p>\n<p><span style=\"color: #000000\">Advisor: Dr. Wladimir Padilha da Silva<\/span><\/p>\n<p><span style=\"color: #000000\"><strong><em>Marian Harter Remi\u00e3o<\/em><\/strong><\/span><\/p>\n<p><span style=\"color: #000000\">Advisor: Dr.\u00a0Tiago Veiras Collares<\/span><\/p>\n<p><span style=\"color: #000000\"><strong><em>Matheus\u00a0Costa da Rosa<\/em><\/strong><\/span><\/p>\n<p><span style=\"color: #000000\">Advisor: Dr. Odir\u00a0Antonio Dellagostin<\/span><\/p>\n<p><span style=\"color: #000000\"><strong><em>Mozer Manetti de \u00c1vila<\/em><\/strong><\/span><\/p>\n<p><span style=\"color: #000000\">Advisor: Dr. M\u00e1rcio Nunes Corr\u00eaa<\/span><\/p>\n<p><span style=\"color: #000000\"><strong><em>Sara Lorandi<\/em><\/strong><\/span><\/p>\n<p><span style=\"color: #000000\">Advisor: Dr. Thomaz Lucia Jr.<\/span><\/p>\n<p><span style=\"color: #000000\"><strong><em>Suelen Cavalheiro\u00a0Amaral<\/em><\/strong><\/span><\/p>\n<p><span style=\"color: #000000\">Advisor: Dra. \u00a0Daiane Drawanz Hartwig<\/span><\/p>\n<p><span style=\"color: #000000\"><strong><em>Suely Ribeiro Bampi<\/em><\/strong><\/span><\/p>\n<p><span style=\"color: #000000\">Advisor: Dra. Lucielli Savegnago<\/span><\/p>\n<p><span style=\"color: #000000\"><strong><em>Thais Marten<\/em><\/strong><\/span><\/p>\n<p><span style=\"color: #000000\">Advisor: Dr. Carlos Castilho Barros<\/span><\/p>\n<p><span style=\"color: #000000\"><strong><em>Veronica Hoyos Marulanda<\/em><\/strong><\/span><\/p>\n<p><span style=\"color: #000000\"><span class=\"goog-text-highlight\">Advisor: Dr. Thomaz Lucia Jr.<\/span><\/span><\/p>\n","protected":false},"excerpt":{"rendered":"<p>Ticket on March 3, 2015 Augusto Nobre Kabke Advisor: Dr.\u00a0Tiago Veiras Collares Bruna Silveira Pacheco Advisor: Dr. Claudio Martin Pereira de\u00a0Pereira Evelise Sampaio da Silva Advisor: Dr. Carlos Castilho Barros Giana Carla Gaboardi Advisor: Dr. Fabricio\u00a0Rochedo Concei\u00e7\u00e3o Iuri Vladimir Pioly Marmitt Advisor: Dr. F\u00e1bio Pereira\u00a0Leivas Leite Juliana Lima Marques Advisor: Dr. Wladimir Padilha da Silva [&hellip;]<\/p>\n","protected":false},"author":735,"featured_media":0,"parent":0,"menu_order":0,"comment_status":"closed","ping_status":"closed","template":"","meta":{"jetpack_post_was_ever_published":false,"footnotes":""},"class_list":["post-1291","page","type-page","status-publish","hentry"],"jetpack_sharing_enabled":true,"_links":{"self":[{"href":"https:\/\/wp.ufpel.edu.br\/ppgbiotec\/wp-json\/wp\/v2\/pages\/1291","targetHints":{"allow":["GET"]}}],"collection":[{"href":"https:\/\/wp.ufpel.edu.br\/ppgbiotec\/wp-json\/wp\/v2\/pages"}],"about":[{"href":"https:\/\/wp.ufpel.edu.br\/ppgbiotec\/wp-json\/wp\/v2\/types\/page"}],"author":[{"embeddable":true,"href":"https:\/\/wp.ufpel.edu.br\/ppgbiotec\/wp-json\/wp\/v2\/users\/735"}],"replies":[{"embeddable":true,"href":"https:\/\/wp.ufpel.edu.br\/ppgbiotec\/wp-json\/wp\/v2\/comments?post=1291"}],"version-history":[{"count":6,"href":"https:\/\/wp.ufpel.edu.br\/ppgbiotec\/wp-json\/wp\/v2\/pages\/1291\/revisions"}],"predecessor-version":[{"id":1875,"href":"https:\/\/wp.ufpel.edu.br\/ppgbiotec\/wp-json\/wp\/v2\/pages\/1291\/revisions\/1875"}],"wp:attachment":[{"href":"https:\/\/wp.ufpel.edu.br\/ppgbiotec\/wp-json\/wp\/v2\/media?parent=1291"}],"curies":[{"name":"wp","href":"https:\/\/api.w.org\/{rel}","templated":true}]}}