{"id":1288,"date":"2017-05-10T23:57:16","date_gmt":"2017-05-11T02:57:16","guid":{"rendered":"https:\/\/wp.ufpel.edu.br\/ppgbiotec\/?page_id=1288"},"modified":"2017-05-23T11:42:08","modified_gmt":"2017-05-23T14:42:08","slug":"2015-6","status":"publish","type":"page","link":"https:\/\/wp.ufpel.edu.br\/ppgbiotec\/2015-6\/","title":{"rendered":"2015"},"content":{"rendered":"<p style=\"text-align: center\"><em><strong>Ticket on March 3, 2015<\/strong><\/em><\/p>\n<p><strong><em>Arthur de Castro Jorge Silva<\/em><\/strong><\/p>\n<p>Advisor: Dr.\u00a0Tiago Veiras Collares<\/p>\n<p><strong><em>Carolina Georg\u00a0Magalh\u00e3es<\/em><\/strong><\/p>\n<p>Advisor: Dr. Fabricio Rochedo Concei\u00e7\u00e3o<\/p>\n<p><strong><em>Caroline da Silva Gon\u00e7alves Amurim<\/em><\/strong><\/p>\n<p>Advisor: Dr. Alan John Alexander McBride<\/p>\n<p><strong><em>Francine Vargas Ribeiro<\/em><\/strong><\/p>\n<p>Advisor: Dr. F\u00e1bio Pereira\u00a0Leivas Leite<\/p>\n<p><strong><em>Jessica \u00a0Dias Souza<\/em><\/strong><\/p>\n<p>Advisor: Dr. Alan John Alexander McBride<\/p>\n<p><strong><em>Josiane Weber Tessmann<\/em><\/strong><\/p>\n<p>Supervisor: Dra. Fabiana K\u00f6mmling Seixas<\/p>\n<p><strong><em>Mara Andrade Collares\u00a0Maia<\/em><\/strong><\/p>\n<p>Advisor: Dr. Luciano da Silva Pinto<\/p>\n<p><strong><em>Mara Thais de Oliveira Silva<\/em><\/strong><\/p>\n<p>Advisor: Dra. Sibele Borsuk<\/p>\n<p><strong><em>Natasha Rodrigues de Oliveira<\/em><\/strong><\/p>\n<p><em>Advisor: Dr. Odir\u00a0Antonio Dellagostin<\/em><\/p>\n<p><strong><em>Patricia Mattei<\/em><\/strong><\/p>\n<p>Advisor: Dr. Marcio Nunes Corr\u00eaa<\/p>\n<p><strong><em>Renan Eugenio Araujo Piraine<\/em><\/strong><\/p>\n<p>Advisor: Dr. F\u00e1bio Pereira\u00a0Leivas Leite<\/p>\n<p><strong><em>Rodrigo Andrade Schuch<\/em><\/strong><\/p>\n<p>Advisor: Dra. Daiane Drawanz\u00a0Hartwig<\/p>\n<p><strong><em>Uriel Secco Londero<\/em><\/strong><\/p>\n<p>Advisor: Dr. Marcio Nunes Corr\u00eaa<\/p>\n<p><strong><em>William Borges Domingues<\/em><\/strong><\/p>\n<p><span class=\"goog-text-highlight\">Advisor: Dr. Vinicius Farias Campos<\/span><\/p>\n","protected":false},"excerpt":{"rendered":"<p>Ticket on March 3, 2015 Arthur de Castro Jorge Silva Advisor: Dr.\u00a0Tiago Veiras Collares Carolina Georg\u00a0Magalh\u00e3es Advisor: Dr. Fabricio Rochedo Concei\u00e7\u00e3o Caroline da Silva Gon\u00e7alves Amurim Advisor: Dr. Alan John Alexander McBride Francine Vargas Ribeiro Advisor: Dr. F\u00e1bio Pereira\u00a0Leivas Leite Jessica \u00a0Dias Souza Advisor: Dr. Alan John Alexander McBride Josiane Weber Tessmann Supervisor: Dra. Fabiana [&hellip;]<\/p>\n","protected":false},"author":735,"featured_media":0,"parent":0,"menu_order":0,"comment_status":"closed","ping_status":"closed","template":"","meta":{"jetpack_post_was_ever_published":false,"footnotes":""},"class_list":["post-1288","page","type-page","status-publish","hentry"],"jetpack_sharing_enabled":true,"_links":{"self":[{"href":"https:\/\/wp.ufpel.edu.br\/ppgbiotec\/wp-json\/wp\/v2\/pages\/1288","targetHints":{"allow":["GET"]}}],"collection":[{"href":"https:\/\/wp.ufpel.edu.br\/ppgbiotec\/wp-json\/wp\/v2\/pages"}],"about":[{"href":"https:\/\/wp.ufpel.edu.br\/ppgbiotec\/wp-json\/wp\/v2\/types\/page"}],"author":[{"embeddable":true,"href":"https:\/\/wp.ufpel.edu.br\/ppgbiotec\/wp-json\/wp\/v2\/users\/735"}],"replies":[{"embeddable":true,"href":"https:\/\/wp.ufpel.edu.br\/ppgbiotec\/wp-json\/wp\/v2\/comments?post=1288"}],"version-history":[{"count":3,"href":"https:\/\/wp.ufpel.edu.br\/ppgbiotec\/wp-json\/wp\/v2\/pages\/1288\/revisions"}],"predecessor-version":[{"id":1766,"href":"https:\/\/wp.ufpel.edu.br\/ppgbiotec\/wp-json\/wp\/v2\/pages\/1288\/revisions\/1766"}],"wp:attachment":[{"href":"https:\/\/wp.ufpel.edu.br\/ppgbiotec\/wp-json\/wp\/v2\/media?parent=1288"}],"curies":[{"name":"wp","href":"https:\/\/api.w.org\/{rel}","templated":true}]}}