{"id":10893,"date":"2025-02-25T09:29:34","date_gmt":"2025-02-25T12:29:34","guid":{"rendered":"https:\/\/wp.ufpel.edu.br\/ppgbiotec\/?page_id=10893"},"modified":"2025-02-25T10:50:11","modified_gmt":"2025-02-25T13:50:11","slug":"salt-biotech","status":"publish","type":"page","link":"https:\/\/wp.ufpel.edu.br\/ppgbiotec\/salt-biotech\/","title":{"rendered":"Salt Biotech"},"content":{"rendered":"<p><img class=\"aligncenter\" src=\"https:\/\/static.wixstatic.com\/media\/7b0cd6_8b0d1bed65654fa1a6e5da53895362b0~mv2.png\/v1\/fill\/w_774,h_402,al_c,q_85,usm_0.66_1.00_0.01,enc_avif,quality_auto\/Logotipo%20Horizontal%20para%20Fundo%20Claro.png\" alt=\"Logotipo Horizontal para Fundo Claro.png\" width=\"321\" height=\"167\" \/><\/p>\n<p><span style=\"font-family: georgia, palatino, serif; color: #000000;\">A empresa <strong>Salt Biotech<\/strong> (CNPJ: 40.105.762\/0001-77), empresa com sede em S\u00e3o Paulo, desde de 14\/12\/2020, tendo como integrantes uma p\u00f3s-doc volunt\u00e1ria junto ao PPGBiotec (Dra. Andrea Basso), e duas egressas do doutorado do programa e atualmente p\u00f3s-doc do PPGBiotec (Julia Dam\u00e9 Paschoal e Isadora Andr\u00e9 Lopes). A empresa \u00e9 voltada para o treinamento em desenvolvimento profissional e gerencial, para consultoria personalizada para a produ\u00e7\u00e3o in vitro de embri\u00f5es bovinos, assim como para pesquisa de ponta direcionada ao desenvolvimento de novos biomodelos para o estudo de doen\u00e7as humanas, no estudo de toxicologia empregando ferramentas alternativas como os gametas e embri\u00f5es e na busca de novas terapias oncol\u00f3gicas.<\/span><\/p>\n<p><span style=\"font-family: georgia, palatino, serif; color: #000000;\">Acesse aqui a p\u00e1gina da startup: <span style=\"color: #0000ff;\"><a style=\"color: #0000ff;\" href=\"https:\/\/www.saltbiotech.com\/\">https:\/\/www.saltbiotech.com\/<\/a><\/span><\/span><\/p>\n","protected":false},"excerpt":{"rendered":"<p>A empresa Salt Biotech (CNPJ: 40.105.762\/0001-77), empresa com sede em S\u00e3o Paulo, desde de 14\/12\/2020, tendo como integrantes uma p\u00f3s-doc volunt\u00e1ria junto ao PPGBiotec (Dra. Andrea Basso), e duas egressas do doutorado do programa e atualmente p\u00f3s-doc do PPGBiotec (Julia Dam\u00e9 Paschoal e Isadora Andr\u00e9 Lopes). A empresa \u00e9 voltada para o treinamento em desenvolvimento [&hellip;]<\/p>\n","protected":false},"author":735,"featured_media":0,"parent":0,"menu_order":0,"comment_status":"closed","ping_status":"closed","template":"","meta":{"jetpack_post_was_ever_published":false,"footnotes":""},"class_list":["post-10893","page","type-page","status-publish","hentry"],"jetpack_sharing_enabled":true,"_links":{"self":[{"href":"https:\/\/wp.ufpel.edu.br\/ppgbiotec\/wp-json\/wp\/v2\/pages\/10893","targetHints":{"allow":["GET"]}}],"collection":[{"href":"https:\/\/wp.ufpel.edu.br\/ppgbiotec\/wp-json\/wp\/v2\/pages"}],"about":[{"href":"https:\/\/wp.ufpel.edu.br\/ppgbiotec\/wp-json\/wp\/v2\/types\/page"}],"author":[{"embeddable":true,"href":"https:\/\/wp.ufpel.edu.br\/ppgbiotec\/wp-json\/wp\/v2\/users\/735"}],"replies":[{"embeddable":true,"href":"https:\/\/wp.ufpel.edu.br\/ppgbiotec\/wp-json\/wp\/v2\/comments?post=10893"}],"version-history":[{"count":2,"href":"https:\/\/wp.ufpel.edu.br\/ppgbiotec\/wp-json\/wp\/v2\/pages\/10893\/revisions"}],"predecessor-version":[{"id":10915,"href":"https:\/\/wp.ufpel.edu.br\/ppgbiotec\/wp-json\/wp\/v2\/pages\/10893\/revisions\/10915"}],"wp:attachment":[{"href":"https:\/\/wp.ufpel.edu.br\/ppgbiotec\/wp-json\/wp\/v2\/media?parent=10893"}],"curies":[{"name":"wp","href":"https:\/\/api.w.org\/{rel}","templated":true}]}}