{"id":10890,"date":"2025-02-25T09:26:35","date_gmt":"2025-02-25T12:26:35","guid":{"rendered":"https:\/\/wp.ufpel.edu.br\/ppgbiotec\/?page_id=10890"},"modified":"2025-02-25T09:26:35","modified_gmt":"2025-02-25T12:26:35","slug":"helper","status":"publish","type":"page","link":"https:\/\/wp.ufpel.edu.br\/ppgbiotec\/helper\/","title":{"rendered":"Helper"},"content":{"rendered":"<p><img class=\"aligncenter\" src=\"https:\/\/www.helper.bio.br\/assets\/img\/logo-img.png\" width=\"252\" height=\"142\" \/><\/p>\n<p style=\"text-align: justify;\"><span style=\"font-family: georgia, palatino, serif; color: #000000;\">A startup <strong>Helper Pesquisa e Desenvolvimento em Imunobiologicos<\/strong> Ltda (CNPJ: 37.418.064\/0001-17), incubada no Pelotas Parque Tecnol\u00f3gico, desde de 15\/06\/2020, tendo como s\u00f3cio o egresso do Doutorado Marcos Roberto Alves Ferreira. A startup que surgiu de um projeto de pesquisa, \u00e9 voltada para o desenvolvimento de insumos imunobiol\u00f3gicos, bem como o desenvolvimento de insumos para testes do diagn\u00f3stico da COVID-19. \u00a0\u00a0No ano de 2021, A Helper deu um passo crucial ao consolidar suas opera\u00e7\u00f5es, ampliando sua infraestrutura de pesquisa no Pelotas Parque Tecnol\u00f3gico. E em 2023, diversificou seu portf\u00f3lio para oferecer consultoria\/servi\u00e7os de s\u00edntese e an\u00e1lise de prote\u00ednas.<\/span><\/p>\n<p style=\"text-align: justify;\"><span style=\"font-family: georgia, palatino, serif; color: #000000;\">Acesse aqui a p\u00e1gina da startup:\u00a0<span style=\"color: #0000ff;\"><a style=\"color: #0000ff;\" href=\"https:\/\/www.helper.bio.br\/\">https:\/\/www.helper.bio.br\/<\/a><\/span><\/span><\/p>\n","protected":false},"excerpt":{"rendered":"<p>A startup Helper Pesquisa e Desenvolvimento em Imunobiologicos Ltda (CNPJ: 37.418.064\/0001-17), incubada no Pelotas Parque Tecnol\u00f3gico, desde de 15\/06\/2020, tendo como s\u00f3cio o egresso do Doutorado Marcos Roberto Alves Ferreira. A startup que surgiu de um projeto de pesquisa, \u00e9 voltada para o desenvolvimento de insumos imunobiol\u00f3gicos, bem como o desenvolvimento de insumos para testes [&hellip;]<\/p>\n","protected":false},"author":735,"featured_media":0,"parent":0,"menu_order":0,"comment_status":"closed","ping_status":"closed","template":"","meta":{"jetpack_post_was_ever_published":false,"footnotes":""},"class_list":["post-10890","page","type-page","status-publish","hentry"],"jetpack_sharing_enabled":true,"_links":{"self":[{"href":"https:\/\/wp.ufpel.edu.br\/ppgbiotec\/wp-json\/wp\/v2\/pages\/10890","targetHints":{"allow":["GET"]}}],"collection":[{"href":"https:\/\/wp.ufpel.edu.br\/ppgbiotec\/wp-json\/wp\/v2\/pages"}],"about":[{"href":"https:\/\/wp.ufpel.edu.br\/ppgbiotec\/wp-json\/wp\/v2\/types\/page"}],"author":[{"embeddable":true,"href":"https:\/\/wp.ufpel.edu.br\/ppgbiotec\/wp-json\/wp\/v2\/users\/735"}],"replies":[{"embeddable":true,"href":"https:\/\/wp.ufpel.edu.br\/ppgbiotec\/wp-json\/wp\/v2\/comments?post=10890"}],"version-history":[{"count":1,"href":"https:\/\/wp.ufpel.edu.br\/ppgbiotec\/wp-json\/wp\/v2\/pages\/10890\/revisions"}],"predecessor-version":[{"id":10892,"href":"https:\/\/wp.ufpel.edu.br\/ppgbiotec\/wp-json\/wp\/v2\/pages\/10890\/revisions\/10892"}],"wp:attachment":[{"href":"https:\/\/wp.ufpel.edu.br\/ppgbiotec\/wp-json\/wp\/v2\/media?parent=10890"}],"curies":[{"name":"wp","href":"https:\/\/api.w.org\/{rel}","templated":true}]}}