{"id":10140,"date":"2024-07-18T11:49:04","date_gmt":"2024-07-18T14:49:04","guid":{"rendered":"https:\/\/wp.ufpel.edu.br\/ppgbiotec\/?page_id=10140"},"modified":"2024-07-18T14:26:17","modified_gmt":"2024-07-18T17:26:17","slug":"livros-e-capitulos-ano-de-2022","status":"publish","type":"page","link":"https:\/\/wp.ufpel.edu.br\/ppgbiotec\/livros-e-capitulos-ano-de-2022\/","title":{"rendered":"Livros e cap\u00edtulos &#8211; ano de 2022"},"content":{"rendered":"<p><span style=\"font-size: 10pt; color: #000000;\">DELLAGOSTIN, O. A. ; SANTOS, F. D. S. ; MAIA, M. A. C. ; DE OLIVEIRA, NATASHA RODRIGUES . <strong>Tecnologia de vacinas.<\/strong> In: Fernando Santos; Ana L\u00facia Kern; Jane Marlei Boeira; Odir Dellagostin. (Org.). Bioprocesso e Biotecnologia. 1ed.: Freita Bastos, 2022, v. 1, p. 279-299.<\/span><\/p>\n<hr \/>\n<p><span style=\"font-size: 10pt; color: #000000;\">SEGATTO, NAT\u00c1LIA ; REMIAO, M. H. ; SEIXAS, FABIANA ; COLLARES, TIAGO ; COLLARES, TIAGO . <strong>Edi\u00e7\u00e3o Gen\u00f4mica na Engenharia Gen\u00e9tica Animal e suas aplica\u00e7\u00f5es<\/strong>. In: Fernando Santos, Ana Lucia Kern, Jane Marlei Boeira e Odir Dellagostin. (Org.). Bioprocessos e Biotecnologia. 1ed.Rio de Janeiro: Freitas Bastos, 2022, v. , p. 301-330.<\/span><\/p>\n<hr \/>\n<p><span style=\"font-size: 10pt; color: #000000;\">GALLI, VANESSA; DOMINGUES, W ; CRIZEL, R. L. ; CAMPOS, V. F.C . <strong>Tecnologias inovadoras de melhoramento de precis\u00e3o<\/strong>. In: Fernando Santos; Ana L\u00facia Kern; Jane Marlei Boeira; Odir dellagostin. (Org.). Bioprocessos e Biotecnologia. 1ed.: Freitas Bastos Editora, 2022, v. 1, p. 362-391.<\/span><\/p>\n<hr \/>\n<p><span style=\"font-size: 10pt; color: #000000;\">DE OLIVEIRA, NATASHA R ; OLIVEIRA T.L. ; JORGE, S ; DELLAGOSTIN, O.A. . <strong>Developmento of Human Recombinant Leptospirosis Vaccines.<\/strong> In: Tomas S.. (Org.). Vaccine Design. Methods in Molecular Biology. 1ed.New York: Humana, 2022, v. 2410, p. 325-344.<\/span><\/p>\n<hr \/>\n<p><span style=\"font-size: 10pt; color: #000000;\">SOARES, L. K. ; BL\u00d6DORN, GUSTAVO ; REIS, J. S. ; DIEGO ALVES . <strong>Selenium-containing higly functionalized 1,2,3-triazoles<\/strong>. In: Orazio A. Attanasi; Bartolo Gabriele; Domenico Spinelli. (Org.). Targets in Heterocyclic Systems &#8211; Chemistry and Properties. 1ed.Roma: Societ\u00e0 Chimica Italiana, 2022, v. 26, p. 399-421.<\/span><\/p>\n<hr \/>\n<p><span style=\"font-size: 10pt; color: #000000;\">BARCELLOS, A. M. ; PENTEADO, F. ; PERIN, GELSON ; ALVES, D. ; SILVA, M. S. .<strong> Alternative energy source: synthesis of selenium compounds<\/strong>. In: Eder Jo\u00e3o Lenard\u00e3o; Claudio Santi; Gelson Perin; Diego Alves. (Org.). Organochalcogen Compounds: Synthesis, Catalysis, and New Protocols with Greener Perspectives. 1ed.: , 2022, v. 1, p. 31-82.<\/span><\/p>\n<hr \/>\n<p><span style=\"font-size: 10pt; color: #000000;\">RODRIGUES, R. ; ALVES FERREIRA, MARCOS ROBERTO ; KREMER, F. S. ; DONASSOLO, RAFAEL ; MOREIRA JUNIOR, C. ; ALVES, M. L. F. ; CONCEI\u00c7\u00c3O, F. R. . <strong>Recombinant Vaccine Design Against Clostridium spp. Toxins Using Immunoinformatics Tools.<\/strong> Vaccine Design. 1ed.Nova York: Springer Nature, 2022, v. 2412, p. 457-470.<\/span><\/p>\n<hr \/>\n<p><span style=\"font-size: 10pt; color: #000000;\">MOREIRA JUNIOR, C. ; MOREIRA, GUSTAVO MAR\u00c7AL SCHMIDT GARCIA ; DONASSOLO, RAFAEL ; FERREIRA, MARCOS ; ALVES, M. L. F. ; RODRIGUES, R. ; CONCEICAO, F. R. . <strong>Recombinant Escherichia coli Cell Lysates as a Low-Cost Alternative for Vaccines Against Veterinary Clostridial Diseases<\/strong>. In: Thomas Sunil. (Org.). Vaccine Design. 1ed.New York: Springer Nature, 2022, v. 2411, p. 105-115.<\/span><\/p>\n<hr \/>\n<p><span style=\"font-size: 10pt; color: #000000;\">ALVES, MARILIANA LUIZA FERREIRA ; MOREIRA, GUSTAVO MAR\u00c7AL SCHMIDT GARCIA ; ALVES FERREIRA, MARCOS ROBERTO ; DONASSOLO, RAFAEL ; RODRIGUES, R. ; MOREIRA JUNIOR, C. ; CONCEI\u00c7\u00c3O, FABR\u00cdCIO ROCHEDO . <strong>Clostridium spp. Toxins: A Practical Guide for Expression and Characterization in Escherichia coli<\/strong>. In: Thomas Sunil. (Org.). Vaccine Design. 1ed.New York: Springer Nature, 2022, v. 2411, p. 117-125.<\/span><\/p>\n<hr \/>\n<p><span style=\"font-size: 10pt; color: #000000;\">LENARDAO, E. J. ; PERIN, G. ; JACOB, R. G. ; DIEGO ALVES ; SILVA, M. S. ; OLIVEIRA, DANIELA H. . <strong>Dezesseis Anos do Grupo de S\u00edntese Org\u00e2nica Limpa da UFPel: A Qu\u00edmica Org\u00e2nica Sint\u00e9tica no Extremo Sul do Brasil.<\/strong> In: Fernanda A. Rosa; Fernando C. da Silva; Giovanni W. Amarante; Kleber T. de Oliveira; Mauricio M. Victor; Silvio D. Cunha. (Org.). Qu\u00edmica Org\u00e2nica Sint\u00e9tica &#8211; Brasil 2022. 1ed.Rio de Janeiro: Editora E-papers, 2022, v. 3, p. 247-258.<\/span><\/p>\n<hr \/>\n<p><span style=\"font-size: 10pt; color: #000000;\">SANTOS, F. ; KERN, A. L. ; BOEIRA, J. M. ; DELLAGOSTIN, O. . <strong>Bioprocessos e Biotecnologia.<\/strong> 1. ed. Rio de Janeiro: Freitas Bastos Editora, 2022. v. 1. 420p .<\/span><\/p>\n<hr \/>\n<p><span style=\"font-size: 10pt; color: #000000;\">LENARDAO, E. J. (Org.) ; SANTI, CLAUDIO (Org.) ; Perin, Gelson (Org.) ; Alves, D. (Org.) . <strong>Organochalcogen Compounds: Synthesis, Catalysis, and New Protocols with Greener Perspectives<\/strong>. 1. ed. , 2022. 340p .<\/span><\/p>\n<hr \/>\n<p><span style=\"font-size: 10pt; color: #000000;\">MATOS, A. L. ; MARTINS, K. R. ; FERRAZ, A. ; SCHUCH, L. F. D. ; Silva F.E ; LEITE, F. P. LEIVAS ; CUNHA, R. C . <strong>Tecnologia, fiscaliza\u00e7\u00e3o e inspe\u00e7\u00e3o de abate de aves e derivados em estabelecimento registrado no servi\u00e7o de inspe\u00e7\u00e3o federal (sif)<\/strong>. 1. ed. Pelotas: Santa Cruz, 2022. v. 1. 72p .<\/span><\/p>\n<p>&nbsp;<\/p>\n<p>&nbsp;<\/p>\n<p>&nbsp;<\/p>\n","protected":false},"excerpt":{"rendered":"<p>DELLAGOSTIN, O. A. ; SANTOS, F. D. S. ; MAIA, M. A. C. ; DE OLIVEIRA, NATASHA RODRIGUES . Tecnologia de vacinas. In: Fernando Santos; Ana L\u00facia Kern; Jane Marlei Boeira; Odir Dellagostin. (Org.). Bioprocesso e Biotecnologia. 1ed.: Freita Bastos, 2022, v. 1, p. 279-299. SEGATTO, NAT\u00c1LIA ; REMIAO, M. H. ; SEIXAS, FABIANA ; [&hellip;]<\/p>\n","protected":false},"author":735,"featured_media":0,"parent":0,"menu_order":0,"comment_status":"closed","ping_status":"closed","template":"","meta":{"jetpack_post_was_ever_published":false,"footnotes":""},"class_list":["post-10140","page","type-page","status-publish","hentry"],"jetpack_sharing_enabled":true,"_links":{"self":[{"href":"https:\/\/wp.ufpel.edu.br\/ppgbiotec\/wp-json\/wp\/v2\/pages\/10140","targetHints":{"allow":["GET"]}}],"collection":[{"href":"https:\/\/wp.ufpel.edu.br\/ppgbiotec\/wp-json\/wp\/v2\/pages"}],"about":[{"href":"https:\/\/wp.ufpel.edu.br\/ppgbiotec\/wp-json\/wp\/v2\/types\/page"}],"author":[{"embeddable":true,"href":"https:\/\/wp.ufpel.edu.br\/ppgbiotec\/wp-json\/wp\/v2\/users\/735"}],"replies":[{"embeddable":true,"href":"https:\/\/wp.ufpel.edu.br\/ppgbiotec\/wp-json\/wp\/v2\/comments?post=10140"}],"version-history":[{"count":3,"href":"https:\/\/wp.ufpel.edu.br\/ppgbiotec\/wp-json\/wp\/v2\/pages\/10140\/revisions"}],"predecessor-version":[{"id":10173,"href":"https:\/\/wp.ufpel.edu.br\/ppgbiotec\/wp-json\/wp\/v2\/pages\/10140\/revisions\/10173"}],"wp:attachment":[{"href":"https:\/\/wp.ufpel.edu.br\/ppgbiotec\/wp-json\/wp\/v2\/media?parent=10140"}],"curies":[{"name":"wp","href":"https:\/\/api.w.org\/{rel}","templated":true}]}}